{"id":82168,"date":"2025-07-08T05:00:26","date_gmt":"2025-07-08T04:00:26","guid":{"rendered":"https:\/\/truusk.store\/product\/smyckeslada-smyckeskrin-4-niva-layout-inbyggd-spegel-tra-brun\/"},"modified":"2026-03-12T08:45:15","modified_gmt":"2026-03-12T07:45:15","slug":"truusk-smyckeskrin-med-4-niva-layout-inbyggd-spegel-tra-brun","status":"publish","type":"product","link":"https:\/\/truusk.store\/sv\/produkt\/truusk-smyckeskrin-med-4-niva-layout-inbyggd-spegel-tra-brun\/","title":{"rendered":"TRUUSK Smyckeskrin med 4-niv\u00e5 Layout &#8211; Inbyggd Spegel &#8211; Tr\u00e4 &#8211; Brun"},"content":{"rendered":"<p>Varje morgon letar du i en trasslig h\u00f6g av smycken, f\u00f6rlorar dyrbar tid. TRUUSK smyckesorganisat\u00f6ren med flera niv\u00e5er hj\u00e4lper dig att snabbt hitta ringar, \u00f6rh\u00e4ngen och armband. Inga mer trassliga kedjor tack vare roterande sidod\u00f6rrar och speciellt avsedda krokar. Tillverkad av \u00e4delt Paulownia-tr\u00e4, berikar denna stora smyckesl\u00e5da ditt utrymme med v\u00e4rme och elegans, vilket f\u00f6rsk\u00f6nar din vardag.<\/p>\n<p>Beskrivning:<\/p>\n<ul>\n<li> Smyckesl\u00e5dans fyrstegs layout h\u00e5ller smycken organiserade och l\u00e4tt att hitta<\/li>\n<li> Roterande sidod\u00f6rrar med krokar f\u00f6rhindrar att halsband trasslar sig<\/li>\n<li> En inbyggd spegel i smyckesf\u00f6rvaringen underl\u00e4ttar din dagliga sminkrutin<\/li>\n<li> Paulownia-tr\u00e4 ger inredningen v\u00e4rme och elegans<\/li>\n<li> Kompakt design passar s\u00f6ml\u00f6st p\u00e5 byr\u00e5er eller skrivbord<\/li>\n<li> Ingen montering kr\u00e4vs f\u00f6r omedelbar anv\u00e4ndning<\/li>\n<\/ul>\n<p> Tekniska data:<\/p>\n<ul>\n<li> F\u00e4rg: Brun<\/li>\n<li> Material: Paulownia-tr\u00e4<\/li>\n<li> Totala dimensioner: 26,5B x 16T x 33,5H cm<\/li>\n<li> Inre storlek p\u00e5 l\u00e5dan: 14B x 14T x 6,5H cm<\/li>\n<li> Spegelstorlek: 21,5B x 11T cm<\/li>\n<\/ul>\n<p>Leveransinneh\u00e5ll:<\/p>\n<ul>\n<li> 1 x Smyckesl\u00e5da;<\/li>\n<\/ul>\n","protected":false},"excerpt":{"rendered":"<p>Varje morgon letar du i en trasslig h\u00f6g av smycken, f\u00f6rlorar dyrbar tid. TRUUSK smyckesorganisat\u00f6ren med flera niv\u00e5er hj\u00e4lper dig&#8230;<\/p>\n","protected":false},"featured_media":82159,"template":"","meta":[],"product_brand":[],"product_cat":[871,504,897],"product_tag":[],"class_list":{"0":"post-82168","1":"product","2":"type-product","3":"status-publish","4":"has-post-thumbnail","6":"product_cat-hus-hem","7":"product_cat-sminkbord-speglar","8":"product_cat-sovrum","10":"first","11":"instock","12":"sale","13":"taxable","14":"shipping-taxable","15":"purchasable","16":"product-type-simple"},"yoast_head":"<!-- This site is optimized with the Yoast SEO plugin v25.4 - https:\/\/yoast.com\/wordpress\/plugins\/seo\/ -->\n<title>TRUUSK Smyckeskrin med 4-niv\u00e5 Layout - Inbyggd Spegel - Tr\u00e4 - Brun - TRUUSK - Hem, Tr\u00e4dg\u00e5rd &amp; Fritid<\/title>\n<meta name=\"robots\" content=\"index, follow, max-snippet:-1, max-image-preview:large, max-video-preview:-1\" \/>\n<link rel=\"canonical\" href=\"https:\/\/truusk.store\/sv\/produkt\/truusk-smyckeskrin-med-4-niva-layout-inbyggd-spegel-tra-brun\/\" \/>\n<meta property=\"og:locale\" content=\"sv_SE\" \/>\n<meta property=\"og:type\" content=\"article\" \/>\n<meta property=\"og:title\" content=\"TRUUSK Smyckeskrin med 4-niv\u00e5 Layout - Inbyggd Spegel - Tr\u00e4 - Brun - TRUUSK - Hem, Tr\u00e4dg\u00e5rd &amp; Fritid\" \/>\n<meta property=\"og:description\" content=\"Varje morgon letar du i en trasslig h\u00f6g av smycken, f\u00f6rlorar dyrbar tid. TRUUSK smyckesorganisat\u00f6ren med flera niv\u00e5er hj\u00e4lper dig...\" \/>\n<meta property=\"og:url\" content=\"https:\/\/truusk.store\/sv\/produkt\/truusk-smyckeskrin-med-4-niva-layout-inbyggd-spegel-tra-brun\/\" \/>\n<meta property=\"og:site_name\" content=\"TRUUSK - Hem, Tr\u00e4dg\u00e5rd &amp; Fritid\" \/>\n<meta property=\"article:modified_time\" content=\"2026-03-12T07:45:15+00:00\" \/>\n<meta property=\"og:image\" content=\"https:\/\/i0.wp.com\/truusk.se\/wp-content\/uploads\/2025\/07\/smyckeslada-smyckeskrin-4-niva-layout-inbyggd-spegel-tra-brun-1.webp?fit=2000%2C2000&ssl=1\" \/>\n\t<meta property=\"og:image:width\" content=\"2000\" \/>\n\t<meta property=\"og:image:height\" content=\"2000\" \/>\n\t<meta property=\"og:image:type\" content=\"image\/webp\" \/>\n<meta name=\"twitter:card\" content=\"summary_large_image\" \/>\n<meta name=\"twitter:label1\" content=\"Ber\u00e4knad l\u00e4stid\" \/>\n\t<meta name=\"twitter:data1\" content=\"1 minut\" \/>\n<!-- \/ Yoast SEO plugin. -->","yoast_head_json":{"title":"TRUUSK Smyckeskrin med 4-niv\u00e5 Layout - Inbyggd Spegel - Tr\u00e4 - Brun - TRUUSK - Hem, Tr\u00e4dg\u00e5rd &amp; Fritid","robots":{"index":"index","follow":"follow","max-snippet":"max-snippet:-1","max-image-preview":"max-image-preview:large","max-video-preview":"max-video-preview:-1"},"canonical":"https:\/\/truusk.store\/sv\/produkt\/truusk-smyckeskrin-med-4-niva-layout-inbyggd-spegel-tra-brun\/","og_locale":"sv_SE","og_type":"article","og_title":"TRUUSK Smyckeskrin med 4-niv\u00e5 Layout - Inbyggd Spegel - Tr\u00e4 - Brun - TRUUSK - Hem, Tr\u00e4dg\u00e5rd &amp; Fritid","og_description":"Varje morgon letar du i en trasslig h\u00f6g av smycken, f\u00f6rlorar dyrbar tid. TRUUSK smyckesorganisat\u00f6ren med flera niv\u00e5er hj\u00e4lper dig...","og_url":"https:\/\/truusk.store\/sv\/produkt\/truusk-smyckeskrin-med-4-niva-layout-inbyggd-spegel-tra-brun\/","og_site_name":"TRUUSK - Hem, Tr\u00e4dg\u00e5rd &amp; Fritid","article_modified_time":"2026-03-12T07:45:15+00:00","og_image":[{"width":2000,"height":2000,"url":"https:\/\/i0.wp.com\/truusk.se\/wp-content\/uploads\/2025\/07\/smyckeslada-smyckeskrin-4-niva-layout-inbyggd-spegel-tra-brun-1.webp?fit=2000%2C2000&ssl=1","type":"image\/webp"}],"twitter_card":"summary_large_image","twitter_misc":{"Ber\u00e4knad l\u00e4stid":"1 minut"},"schema":{"@context":"https:\/\/schema.org","@graph":[{"@type":"WebPage","@id":"https:\/\/truusk.store\/sv\/produkt\/truusk-smyckeskrin-med-4-niva-layout-inbyggd-spegel-tra-brun\/","url":"https:\/\/truusk.store\/sv\/produkt\/truusk-smyckeskrin-med-4-niva-layout-inbyggd-spegel-tra-brun\/","name":"TRUUSK Smyckeskrin med 4-niv\u00e5 Layout - Inbyggd Spegel - Tr\u00e4 - Brun - TRUUSK - Hem, Tr\u00e4dg\u00e5rd &amp; Fritid","isPartOf":{"@id":"https:\/\/truusk.store\/sv\/#website"},"primaryImageOfPage":{"@id":"https:\/\/truusk.store\/sv\/produkt\/truusk-smyckeskrin-med-4-niva-layout-inbyggd-spegel-tra-brun\/#primaryimage"},"image":{"@id":"https:\/\/truusk.store\/sv\/produkt\/truusk-smyckeskrin-med-4-niva-layout-inbyggd-spegel-tra-brun\/#primaryimage"},"thumbnailUrl":"https:\/\/i0.wp.com\/truusk.store\/wp-content\/uploads\/2025\/07\/smyckeslada-smyckeskrin-4-niva-layout-inbyggd-spegel-tra-brun-1.webp?fit=2000%2C2000&ssl=1","datePublished":"2025-07-08T04:00:26+00:00","dateModified":"2026-03-12T07:45:15+00:00","breadcrumb":{"@id":"https:\/\/truusk.store\/sv\/produkt\/truusk-smyckeskrin-med-4-niva-layout-inbyggd-spegel-tra-brun\/#breadcrumb"},"inLanguage":"sv-SE","potentialAction":[{"@type":"ReadAction","target":["https:\/\/truusk.store\/sv\/produkt\/truusk-smyckeskrin-med-4-niva-layout-inbyggd-spegel-tra-brun\/"]}]},{"@type":"ImageObject","inLanguage":"sv-SE","@id":"https:\/\/truusk.store\/sv\/produkt\/truusk-smyckeskrin-med-4-niva-layout-inbyggd-spegel-tra-brun\/#primaryimage","url":"https:\/\/i0.wp.com\/truusk.store\/wp-content\/uploads\/2025\/07\/smyckeslada-smyckeskrin-4-niva-layout-inbyggd-spegel-tra-brun-1.webp?fit=2000%2C2000&ssl=1","contentUrl":"https:\/\/i0.wp.com\/truusk.store\/wp-content\/uploads\/2025\/07\/smyckeslada-smyckeskrin-4-niva-layout-inbyggd-spegel-tra-brun-1.webp?fit=2000%2C2000&ssl=1","width":2000,"height":2000},{"@type":"BreadcrumbList","@id":"https:\/\/truusk.store\/sv\/produkt\/truusk-smyckeskrin-med-4-niva-layout-inbyggd-spegel-tra-brun\/#breadcrumb","itemListElement":[{"@type":"ListItem","position":1,"name":"Home","item":"https:\/\/truusk.store\/sv\/"},{"@type":"ListItem","position":2,"name":"Shop","item":"https:\/\/truusk.store\/shop\/"},{"@type":"ListItem","position":3,"name":"TRUUSK Smyckeskrin med 4-niv\u00e5 Layout &#8211; Inbyggd Spegel &#8211; Tr\u00e4 &#8211; Brun"}]},{"@type":"WebSite","@id":"https:\/\/truusk.store\/sv\/#website","url":"https:\/\/truusk.store\/sv\/","name":"TRUUSK - Hem, Tr\u00e4dg\u00e5rd & Fritid","description":"","publisher":{"@id":"https:\/\/truusk.store\/sv\/#organization"},"potentialAction":[{"@type":"SearchAction","target":{"@type":"EntryPoint","urlTemplate":"https:\/\/truusk.store\/sv\/?s={search_term_string}"},"query-input":{"@type":"PropertyValueSpecification","valueRequired":true,"valueName":"search_term_string"}}],"inLanguage":"sv-SE"},{"@type":"Organization","@id":"https:\/\/truusk.store\/sv\/#organization","name":"TRUUSK - Hem, Tr\u00e4dg\u00e5rd & Fritid","url":"https:\/\/truusk.store\/sv\/","logo":{"@type":"ImageObject","inLanguage":"sv-SE","@id":"https:\/\/truusk.store\/sv\/#\/schema\/logo\/image\/","url":"https:\/\/i0.wp.com\/truusk.store\/wp-content\/uploads\/2026\/03\/cropped-TRUUSK.png?fit=2032%2C917&ssl=1","contentUrl":"https:\/\/i0.wp.com\/truusk.store\/wp-content\/uploads\/2026\/03\/cropped-TRUUSK.png?fit=2032%2C917&ssl=1","width":2032,"height":917,"caption":"TRUUSK - Hem, Tr\u00e4dg\u00e5rd & Fritid"},"image":{"@id":"https:\/\/truusk.store\/sv\/#\/schema\/logo\/image\/"}}]}},"jetpack_sharing_enabled":true,"_links":{"self":[{"href":"https:\/\/truusk.store\/sv\/wp-json\/wp\/v2\/product\/82168","targetHints":{"allow":["GET"]}}],"collection":[{"href":"https:\/\/truusk.store\/sv\/wp-json\/wp\/v2\/product"}],"about":[{"href":"https:\/\/truusk.store\/sv\/wp-json\/wp\/v2\/types\/product"}],"wp:featuredmedia":[{"embeddable":true,"href":"https:\/\/truusk.store\/sv\/wp-json\/wp\/v2\/media\/82159"}],"wp:attachment":[{"href":"https:\/\/truusk.store\/sv\/wp-json\/wp\/v2\/media?parent=82168"}],"wp:term":[{"taxonomy":"product_brand","embeddable":true,"href":"https:\/\/truusk.store\/sv\/wp-json\/wp\/v2\/product_brand?post=82168"},{"taxonomy":"product_cat","embeddable":true,"href":"https:\/\/truusk.store\/sv\/wp-json\/wp\/v2\/product_cat?post=82168"},{"taxonomy":"product_tag","embeddable":true,"href":"https:\/\/truusk.store\/sv\/wp-json\/wp\/v2\/product_tag?post=82168"}],"curies":[{"name":"wp","href":"https:\/\/api.w.org\/{rel}","templated":true}]}}