{"id":82218,"date":"2025-07-08T05:05:40","date_gmt":"2025-07-08T04:05:40","guid":{"rendered":"https:\/\/truusk.store\/product\/avslappningsstol-justerbar-liggstol-med-anpassbar-fotstod-modern-vardagsrumsstol-med-tygoverdrag-gra\/"},"modified":"2026-03-12T08:45:22","modified_gmt":"2026-03-12T07:45:22","slug":"truusk-avslappningsstol-justerbar-liggstol-modern-vardagsrumsstol-gra","status":"publish","type":"product","link":"https:\/\/truusk.store\/sv\/produkt\/truusk-avslappningsstol-justerbar-liggstol-modern-vardagsrumsstol-gra\/","title":{"rendered":"TRUUSK Avslappningsstol &#8211; Justerbar Liggstol &#8211; Modern Vardagsrumsstol &#8211; Gr\u00e5"},"content":{"rendered":"<p>TRUUSK relaxstolen, utrustad med mjukt tyg\u00f6verdrag, inbjuder dig att koppla av efter en l\u00e5ng dag. Njut av den h\u00f6gkvalitativa stoppningen p\u00e5 liggstolen med frist\u00e5ende fj\u00e4drar och t\u00e4t skum, som avlastar din kropp. Anpassa den manuella justerbarheten till din f\u00f6redragna position och g\u00f6r ditt vardagsrum till en fridfull tillflyktsort.<\/p>\n<p>Beskrivning:<\/p>\n<ul>\n<li> Den manuella lutningsmekanismen p\u00e5 vilostolen kan justeras upp till 145\u00b0 f\u00f6r individuell komfort<\/li>\n<li> Mjukt tyg erbjuder andningsbar komfort f\u00f6r avkoppling eller l\u00e4sning<\/li>\n<li> Fickfj\u00e4drar, S-fj\u00e4drar och elastiska band arbetar tillsammans f\u00f6r att erbjuda \u00f6verl\u00e4gsen st\u00f6d<\/li>\n<li> Robust ram p\u00e5 liggstolen av st\u00e5l och flerskiktsplatta b\u00e4r s\u00e4kert upp till 120 kg<\/li>\n<li> Snabb montering m\u00f6jlig p\u00e5 8 minuter<\/li>\n<\/ul>\n<p> Tekniska data:<\/p>\n<ul>\n<li> F\u00e4rg: Gr\u00e5<\/li>\n<li> Material: Chenille-tyg (100 % polyester), skum, st\u00e5l, flerskiktsplatta<\/li>\n<li> Totala dimensioner (uppr\u00e4tt): 63B x 91T x 98H cm<\/li>\n<li> Totala dimensioner (lutad): 63B x 157T x 78H cm<\/li>\n<li> Sitsstorlek: 47B x 56T x 44H cm<\/li>\n<li> Sitsens tjocklek: 12 cm<\/li>\n<li> Storlek p\u00e5 ryggst\u00f6d: 64L x 47B x 59H cm<\/li>\n<li> Tjocklek p\u00e5 ryggst\u00f6d: 17 cm<\/li>\n<li> Armst\u00f6dsstorlek: 8B x 72L cm<\/li>\n<li> H\u00f6jd p\u00e5 armst\u00f6d till sits: 14 cm<\/li>\n<li> Maximal belastning: 120 kg<\/li>\n<\/ul>\n<p>Leveransinneh\u00e5ll:<\/p>\n<ul>\n<li> 1 x Liggstol<\/li>\n<li> 1 x Handbok<\/li>\n<\/ul>\n","protected":false},"excerpt":{"rendered":"<p>TRUUSK relaxstolen, utrustad med mjukt tyg\u00f6verdrag, inbjuder dig att koppla av efter en l\u00e5ng dag. Njut av den h\u00f6gkvalitativa stoppningen&#8230;<\/p>\n","protected":false},"featured_media":82209,"template":"","meta":[],"product_brand":[],"product_cat":[521,946,871,910],"product_tag":[],"class_list":{"0":"post-82218","1":"product","2":"type-product","3":"status-publish","4":"has-post-thumbnail","6":"product_cat-fatolj","7":"product_cat-fernsehsessel","8":"product_cat-hus-hem","9":"product_cat-vardagsrum","11":"first","12":"instock","13":"sale","14":"taxable","15":"shipping-taxable","16":"purchasable","17":"product-type-simple"},"yoast_head":"<!-- This site is optimized with the Yoast SEO plugin v25.4 - https:\/\/yoast.com\/wordpress\/plugins\/seo\/ -->\n<title>TRUUSK Avslappningsstol - Justerbar Liggstol - Modern Vardagsrumsstol - Gr\u00e5 - TRUUSK - Hem, Tr\u00e4dg\u00e5rd &amp; Fritid<\/title>\n<meta name=\"robots\" content=\"index, follow, max-snippet:-1, max-image-preview:large, max-video-preview:-1\" \/>\n<link rel=\"canonical\" href=\"https:\/\/truusk.store\/sv\/produkt\/truusk-avslappningsstol-justerbar-liggstol-modern-vardagsrumsstol-gra\/\" \/>\n<meta property=\"og:locale\" content=\"sv_SE\" \/>\n<meta property=\"og:type\" content=\"article\" \/>\n<meta property=\"og:title\" content=\"TRUUSK Avslappningsstol - Justerbar Liggstol - Modern Vardagsrumsstol - Gr\u00e5 - TRUUSK - Hem, Tr\u00e4dg\u00e5rd &amp; Fritid\" \/>\n<meta property=\"og:description\" content=\"TRUUSK relaxstolen, utrustad med mjukt tyg\u00f6verdrag, inbjuder dig att koppla av efter en l\u00e5ng dag. Njut av den h\u00f6gkvalitativa stoppningen...\" \/>\n<meta property=\"og:url\" content=\"https:\/\/truusk.store\/sv\/produkt\/truusk-avslappningsstol-justerbar-liggstol-modern-vardagsrumsstol-gra\/\" \/>\n<meta property=\"og:site_name\" content=\"TRUUSK - Hem, Tr\u00e4dg\u00e5rd &amp; Fritid\" \/>\n<meta property=\"article:modified_time\" content=\"2026-03-12T07:45:22+00:00\" \/>\n<meta property=\"og:image\" content=\"https:\/\/i0.wp.com\/truusk.se\/wp-content\/uploads\/2025\/07\/avslappningsstol-justerbar-liggstol-med-anpassbar-fotstod-modern-vardagsrumsstol-med-tygoverdrag-gra-1.webp?fit=2000%2C2000&ssl=1\" \/>\n\t<meta property=\"og:image:width\" content=\"2000\" \/>\n\t<meta property=\"og:image:height\" content=\"2000\" \/>\n\t<meta property=\"og:image:type\" content=\"image\/webp\" \/>\n<meta name=\"twitter:card\" content=\"summary_large_image\" \/>\n<meta name=\"twitter:label1\" content=\"Ber\u00e4knad l\u00e4stid\" \/>\n\t<meta name=\"twitter:data1\" content=\"1 minut\" \/>\n<!-- \/ Yoast SEO plugin. -->","yoast_head_json":{"title":"TRUUSK Avslappningsstol - Justerbar Liggstol - Modern Vardagsrumsstol - Gr\u00e5 - TRUUSK - Hem, Tr\u00e4dg\u00e5rd &amp; Fritid","robots":{"index":"index","follow":"follow","max-snippet":"max-snippet:-1","max-image-preview":"max-image-preview:large","max-video-preview":"max-video-preview:-1"},"canonical":"https:\/\/truusk.store\/sv\/produkt\/truusk-avslappningsstol-justerbar-liggstol-modern-vardagsrumsstol-gra\/","og_locale":"sv_SE","og_type":"article","og_title":"TRUUSK Avslappningsstol - Justerbar Liggstol - Modern Vardagsrumsstol - Gr\u00e5 - TRUUSK - Hem, Tr\u00e4dg\u00e5rd &amp; Fritid","og_description":"TRUUSK relaxstolen, utrustad med mjukt tyg\u00f6verdrag, inbjuder dig att koppla av efter en l\u00e5ng dag. Njut av den h\u00f6gkvalitativa stoppningen...","og_url":"https:\/\/truusk.store\/sv\/produkt\/truusk-avslappningsstol-justerbar-liggstol-modern-vardagsrumsstol-gra\/","og_site_name":"TRUUSK - Hem, Tr\u00e4dg\u00e5rd &amp; Fritid","article_modified_time":"2026-03-12T07:45:22+00:00","og_image":[{"width":2000,"height":2000,"url":"https:\/\/i0.wp.com\/truusk.se\/wp-content\/uploads\/2025\/07\/avslappningsstol-justerbar-liggstol-med-anpassbar-fotstod-modern-vardagsrumsstol-med-tygoverdrag-gra-1.webp?fit=2000%2C2000&ssl=1","type":"image\/webp"}],"twitter_card":"summary_large_image","twitter_misc":{"Ber\u00e4knad l\u00e4stid":"1 minut"},"schema":{"@context":"https:\/\/schema.org","@graph":[{"@type":"WebPage","@id":"https:\/\/truusk.store\/sv\/produkt\/truusk-avslappningsstol-justerbar-liggstol-modern-vardagsrumsstol-gra\/","url":"https:\/\/truusk.store\/sv\/produkt\/truusk-avslappningsstol-justerbar-liggstol-modern-vardagsrumsstol-gra\/","name":"TRUUSK Avslappningsstol - Justerbar Liggstol - Modern Vardagsrumsstol - Gr\u00e5 - TRUUSK - Hem, Tr\u00e4dg\u00e5rd &amp; Fritid","isPartOf":{"@id":"https:\/\/truusk.store\/sv\/#website"},"primaryImageOfPage":{"@id":"https:\/\/truusk.store\/sv\/produkt\/truusk-avslappningsstol-justerbar-liggstol-modern-vardagsrumsstol-gra\/#primaryimage"},"image":{"@id":"https:\/\/truusk.store\/sv\/produkt\/truusk-avslappningsstol-justerbar-liggstol-modern-vardagsrumsstol-gra\/#primaryimage"},"thumbnailUrl":"https:\/\/i0.wp.com\/truusk.store\/wp-content\/uploads\/2025\/07\/avslappningsstol-justerbar-liggstol-med-anpassbar-fotstod-modern-vardagsrumsstol-med-tygoverdrag-gra-1.webp?fit=2000%2C2000&ssl=1","datePublished":"2025-07-08T04:05:40+00:00","dateModified":"2026-03-12T07:45:22+00:00","breadcrumb":{"@id":"https:\/\/truusk.store\/sv\/produkt\/truusk-avslappningsstol-justerbar-liggstol-modern-vardagsrumsstol-gra\/#breadcrumb"},"inLanguage":"sv-SE","potentialAction":[{"@type":"ReadAction","target":["https:\/\/truusk.store\/sv\/produkt\/truusk-avslappningsstol-justerbar-liggstol-modern-vardagsrumsstol-gra\/"]}]},{"@type":"ImageObject","inLanguage":"sv-SE","@id":"https:\/\/truusk.store\/sv\/produkt\/truusk-avslappningsstol-justerbar-liggstol-modern-vardagsrumsstol-gra\/#primaryimage","url":"https:\/\/i0.wp.com\/truusk.store\/wp-content\/uploads\/2025\/07\/avslappningsstol-justerbar-liggstol-med-anpassbar-fotstod-modern-vardagsrumsstol-med-tygoverdrag-gra-1.webp?fit=2000%2C2000&ssl=1","contentUrl":"https:\/\/i0.wp.com\/truusk.store\/wp-content\/uploads\/2025\/07\/avslappningsstol-justerbar-liggstol-med-anpassbar-fotstod-modern-vardagsrumsstol-med-tygoverdrag-gra-1.webp?fit=2000%2C2000&ssl=1","width":2000,"height":2000},{"@type":"BreadcrumbList","@id":"https:\/\/truusk.store\/sv\/produkt\/truusk-avslappningsstol-justerbar-liggstol-modern-vardagsrumsstol-gra\/#breadcrumb","itemListElement":[{"@type":"ListItem","position":1,"name":"Home","item":"https:\/\/truusk.store\/sv\/"},{"@type":"ListItem","position":2,"name":"Shop","item":"https:\/\/truusk.store\/shop\/"},{"@type":"ListItem","position":3,"name":"TRUUSK Avslappningsstol &#8211; Justerbar Liggstol &#8211; Modern Vardagsrumsstol &#8211; Gr\u00e5"}]},{"@type":"WebSite","@id":"https:\/\/truusk.store\/sv\/#website","url":"https:\/\/truusk.store\/sv\/","name":"TRUUSK - Hem, Tr\u00e4dg\u00e5rd & Fritid","description":"","publisher":{"@id":"https:\/\/truusk.store\/sv\/#organization"},"potentialAction":[{"@type":"SearchAction","target":{"@type":"EntryPoint","urlTemplate":"https:\/\/truusk.store\/sv\/?s={search_term_string}"},"query-input":{"@type":"PropertyValueSpecification","valueRequired":true,"valueName":"search_term_string"}}],"inLanguage":"sv-SE"},{"@type":"Organization","@id":"https:\/\/truusk.store\/sv\/#organization","name":"TRUUSK - Hem, Tr\u00e4dg\u00e5rd & Fritid","url":"https:\/\/truusk.store\/sv\/","logo":{"@type":"ImageObject","inLanguage":"sv-SE","@id":"https:\/\/truusk.store\/sv\/#\/schema\/logo\/image\/","url":"https:\/\/i0.wp.com\/truusk.store\/wp-content\/uploads\/2026\/03\/cropped-TRUUSK.png?fit=2032%2C917&ssl=1","contentUrl":"https:\/\/i0.wp.com\/truusk.store\/wp-content\/uploads\/2026\/03\/cropped-TRUUSK.png?fit=2032%2C917&ssl=1","width":2032,"height":917,"caption":"TRUUSK - Hem, Tr\u00e4dg\u00e5rd & Fritid"},"image":{"@id":"https:\/\/truusk.store\/sv\/#\/schema\/logo\/image\/"}}]}},"jetpack_sharing_enabled":true,"_links":{"self":[{"href":"https:\/\/truusk.store\/sv\/wp-json\/wp\/v2\/product\/82218","targetHints":{"allow":["GET"]}}],"collection":[{"href":"https:\/\/truusk.store\/sv\/wp-json\/wp\/v2\/product"}],"about":[{"href":"https:\/\/truusk.store\/sv\/wp-json\/wp\/v2\/types\/product"}],"wp:featuredmedia":[{"embeddable":true,"href":"https:\/\/truusk.store\/sv\/wp-json\/wp\/v2\/media\/82209"}],"wp:attachment":[{"href":"https:\/\/truusk.store\/sv\/wp-json\/wp\/v2\/media?parent=82218"}],"wp:term":[{"taxonomy":"product_brand","embeddable":true,"href":"https:\/\/truusk.store\/sv\/wp-json\/wp\/v2\/product_brand?post=82218"},{"taxonomy":"product_cat","embeddable":true,"href":"https:\/\/truusk.store\/sv\/wp-json\/wp\/v2\/product_cat?post=82218"},{"taxonomy":"product_tag","embeddable":true,"href":"https:\/\/truusk.store\/sv\/wp-json\/wp\/v2\/product_tag?post=82218"}],"curies":[{"name":"wp","href":"https:\/\/api.w.org\/{rel}","templated":true}]}}