{"id":82228,"date":"2025-07-08T05:06:27","date_gmt":"2025-07-08T04:06:27","guid":{"rendered":"https:\/\/truusk.store\/product\/led-golvlampa-med-4-stegs-hylla-ljushylla-med-4-glashyllor-fotstrombrytare-mdf-svart\/"},"modified":"2026-03-12T08:45:23","modified_gmt":"2026-03-12T07:45:23","slug":"truusk-led-golvlampa-med-hylla-4-glashyllor-fotstrombrytare-mdf-svart","status":"publish","type":"product","link":"https:\/\/truusk.store\/sv\/produkt\/truusk-led-golvlampa-med-hylla-4-glashyllor-fotstrombrytare-mdf-svart\/","title":{"rendered":"TRUUSK LED-golvlampa Med Hylla &#8211; 4 Glashyllor &#8211; Fotstr\u00f6mbrytare &#8211; MDF &#8211; Svart"},"content":{"rendered":"<p>Upplysa ditt hem med denna TRUUSK golvlampa, perfekt f\u00f6r varje h\u00f6rn, och njut av varmvitt LED-ljus (3000K) med tre ljusstyrkor. Den inbyggda hyllanheten i vardagsrumslampan med fyra fack presenterar dina favoritobjekt stilfullt p\u00e5 h\u00e4rdat glashyllor som optimalt sl\u00e4pper igenom ljuset. Anslut bara till str\u00f6mmen och aktivera via fotbrytaren.<\/p>\n<p>Beskrivning:<\/p>\n<ul>\n<li> LED-golvlampan fungerar samtidigt som en fyrlagers utst\u00e4llningshylla, f\u00f6r mer m\u00e5ngsidighet<\/li>\n<li> Fyra 3000K varmvita LED-lampor skapar en mysig atmosf\u00e4r<\/li>\n<li> Fotbrytare f\u00f6r att justera ljusstyrkan p\u00e5 tre niv\u00e5er, utan att beh\u00f6va b\u00f6ja sig<\/li>\n<li> Eleganta hyllor av h\u00e4rdat glas f\u00f6rb\u00e4ttrar ljus\u00f6verf\u00f6ringen<\/li>\n<li> Fanerad MDF-ram i tr\u00e4look och bred bas f\u00f6r robust stabilitet<\/li>\n<li> Den enkla och moderna designen p\u00e5 golvlampan passar underbart med olika inredningar<\/li>\n<li> Maximal belastning 9 kg, enkel montering av en person p\u00e5 30 minuter<\/li>\n<\/ul>\n<p> Tekniska data:<\/p>\n<ul>\n<li> F\u00e4rg: Svart<\/li>\n<li> Material: MDF, H\u00e4rdat glas<\/li>\n<li> Totala dimensioner: 45L x 29B x 157H cm<\/li>\n<li> Glasbottenm\u00e5tt: 41,5L x 25B x 36H cm<\/li>\n<li> LED-effekt: 35 W<\/li>\n<li> F\u00e4rgtemperatur: 3000 K (Varmvit)<\/li>\n<li> Ing\u00e5ng: AC 220-240 V, 50 Hz<\/li>\n<li> Utg\u00e5ng: 24 V, 1,5 A<\/li>\n<li> Kabell\u00e4ngd: 2 m<\/li>\n<li> Belastningskapacitet: 9 kg (totalt), 2 kg (per glashylla), 3 kg (nedersta facket)<\/li>\n<\/ul>\n<p>Leveransinneh\u00e5ll:<\/p>\n<ul>\n<li> 1 x Golvlampa med hylla<\/li>\n<li> 1 x Bruksanvisning<\/li>\n<\/ul>\n","protected":false},"excerpt":{"rendered":"<p>Upplysa ditt hem med denna TRUUSK golvlampa, perfekt f\u00f6r varje h\u00f6rn, och njut av varmvitt LED-ljus (3000K) med tre ljusstyrkor&#8230;.<\/p>\n","protected":false},"featured_media":82219,"template":"","meta":[],"product_brand":[],"product_cat":[486,907,871],"product_tag":[],"class_list":{"0":"post-82228","1":"product","2":"type-product","3":"status-publish","4":"has-post-thumbnail","6":"product_cat-belysning","7":"product_cat-golvlampor","8":"product_cat-hus-hem","10":"first","11":"instock","12":"sale","13":"taxable","14":"shipping-taxable","15":"purchasable","16":"product-type-simple"},"yoast_head":"<!-- This site is optimized with the Yoast SEO plugin v25.4 - https:\/\/yoast.com\/wordpress\/plugins\/seo\/ -->\n<title>TRUUSK LED-golvlampa Med Hylla - 4 Glashyllor - Fotstr\u00f6mbrytare - MDF - Svart - TRUUSK - Hem, Tr\u00e4dg\u00e5rd &amp; Fritid<\/title>\n<meta name=\"robots\" content=\"index, follow, max-snippet:-1, max-image-preview:large, max-video-preview:-1\" \/>\n<link rel=\"canonical\" href=\"https:\/\/truusk.store\/sv\/produkt\/truusk-led-golvlampa-med-hylla-4-glashyllor-fotstrombrytare-mdf-svart\/\" \/>\n<meta property=\"og:locale\" content=\"sv_SE\" \/>\n<meta property=\"og:type\" content=\"article\" \/>\n<meta property=\"og:title\" content=\"TRUUSK LED-golvlampa Med Hylla - 4 Glashyllor - Fotstr\u00f6mbrytare - MDF - Svart - TRUUSK - Hem, Tr\u00e4dg\u00e5rd &amp; Fritid\" \/>\n<meta property=\"og:description\" content=\"Upplysa ditt hem med denna TRUUSK golvlampa, perfekt f\u00f6r varje h\u00f6rn, och njut av varmvitt LED-ljus (3000K) med tre ljusstyrkor....\" \/>\n<meta property=\"og:url\" content=\"https:\/\/truusk.store\/sv\/produkt\/truusk-led-golvlampa-med-hylla-4-glashyllor-fotstrombrytare-mdf-svart\/\" \/>\n<meta property=\"og:site_name\" content=\"TRUUSK - Hem, Tr\u00e4dg\u00e5rd &amp; Fritid\" \/>\n<meta property=\"article:modified_time\" content=\"2026-03-12T07:45:23+00:00\" \/>\n<meta property=\"og:image\" content=\"https:\/\/i0.wp.com\/truusk.se\/wp-content\/uploads\/2025\/07\/led-golvlampa-med-4-stegs-hylla-ljushylla-med-4-glashyllor-fotstrombrytare-mdf-svart-1.webp?fit=2000%2C2000&ssl=1\" \/>\n\t<meta property=\"og:image:width\" content=\"2000\" \/>\n\t<meta property=\"og:image:height\" content=\"2000\" \/>\n\t<meta property=\"og:image:type\" content=\"image\/webp\" \/>\n<meta name=\"twitter:card\" content=\"summary_large_image\" \/>\n<meta name=\"twitter:label1\" content=\"Ber\u00e4knad l\u00e4stid\" \/>\n\t<meta name=\"twitter:data1\" content=\"1 minut\" \/>\n<!-- \/ Yoast SEO plugin. -->","yoast_head_json":{"title":"TRUUSK LED-golvlampa Med Hylla - 4 Glashyllor - Fotstr\u00f6mbrytare - MDF - Svart - TRUUSK - Hem, Tr\u00e4dg\u00e5rd &amp; Fritid","robots":{"index":"index","follow":"follow","max-snippet":"max-snippet:-1","max-image-preview":"max-image-preview:large","max-video-preview":"max-video-preview:-1"},"canonical":"https:\/\/truusk.store\/sv\/produkt\/truusk-led-golvlampa-med-hylla-4-glashyllor-fotstrombrytare-mdf-svart\/","og_locale":"sv_SE","og_type":"article","og_title":"TRUUSK LED-golvlampa Med Hylla - 4 Glashyllor - Fotstr\u00f6mbrytare - MDF - Svart - TRUUSK - Hem, Tr\u00e4dg\u00e5rd &amp; Fritid","og_description":"Upplysa ditt hem med denna TRUUSK golvlampa, perfekt f\u00f6r varje h\u00f6rn, och njut av varmvitt LED-ljus (3000K) med tre ljusstyrkor....","og_url":"https:\/\/truusk.store\/sv\/produkt\/truusk-led-golvlampa-med-hylla-4-glashyllor-fotstrombrytare-mdf-svart\/","og_site_name":"TRUUSK - Hem, Tr\u00e4dg\u00e5rd &amp; Fritid","article_modified_time":"2026-03-12T07:45:23+00:00","og_image":[{"width":2000,"height":2000,"url":"https:\/\/i0.wp.com\/truusk.se\/wp-content\/uploads\/2025\/07\/led-golvlampa-med-4-stegs-hylla-ljushylla-med-4-glashyllor-fotstrombrytare-mdf-svart-1.webp?fit=2000%2C2000&ssl=1","type":"image\/webp"}],"twitter_card":"summary_large_image","twitter_misc":{"Ber\u00e4knad l\u00e4stid":"1 minut"},"schema":{"@context":"https:\/\/schema.org","@graph":[{"@type":"WebPage","@id":"https:\/\/truusk.store\/sv\/produkt\/truusk-led-golvlampa-med-hylla-4-glashyllor-fotstrombrytare-mdf-svart\/","url":"https:\/\/truusk.store\/sv\/produkt\/truusk-led-golvlampa-med-hylla-4-glashyllor-fotstrombrytare-mdf-svart\/","name":"TRUUSK LED-golvlampa Med Hylla - 4 Glashyllor - Fotstr\u00f6mbrytare - MDF - Svart - TRUUSK - Hem, Tr\u00e4dg\u00e5rd &amp; Fritid","isPartOf":{"@id":"https:\/\/truusk.store\/sv\/#website"},"primaryImageOfPage":{"@id":"https:\/\/truusk.store\/sv\/produkt\/truusk-led-golvlampa-med-hylla-4-glashyllor-fotstrombrytare-mdf-svart\/#primaryimage"},"image":{"@id":"https:\/\/truusk.store\/sv\/produkt\/truusk-led-golvlampa-med-hylla-4-glashyllor-fotstrombrytare-mdf-svart\/#primaryimage"},"thumbnailUrl":"https:\/\/i0.wp.com\/truusk.store\/wp-content\/uploads\/2025\/07\/led-golvlampa-med-4-stegs-hylla-ljushylla-med-4-glashyllor-fotstrombrytare-mdf-svart-1.webp?fit=2000%2C2000&ssl=1","datePublished":"2025-07-08T04:06:27+00:00","dateModified":"2026-03-12T07:45:23+00:00","breadcrumb":{"@id":"https:\/\/truusk.store\/sv\/produkt\/truusk-led-golvlampa-med-hylla-4-glashyllor-fotstrombrytare-mdf-svart\/#breadcrumb"},"inLanguage":"sv-SE","potentialAction":[{"@type":"ReadAction","target":["https:\/\/truusk.store\/sv\/produkt\/truusk-led-golvlampa-med-hylla-4-glashyllor-fotstrombrytare-mdf-svart\/"]}]},{"@type":"ImageObject","inLanguage":"sv-SE","@id":"https:\/\/truusk.store\/sv\/produkt\/truusk-led-golvlampa-med-hylla-4-glashyllor-fotstrombrytare-mdf-svart\/#primaryimage","url":"https:\/\/i0.wp.com\/truusk.store\/wp-content\/uploads\/2025\/07\/led-golvlampa-med-4-stegs-hylla-ljushylla-med-4-glashyllor-fotstrombrytare-mdf-svart-1.webp?fit=2000%2C2000&ssl=1","contentUrl":"https:\/\/i0.wp.com\/truusk.store\/wp-content\/uploads\/2025\/07\/led-golvlampa-med-4-stegs-hylla-ljushylla-med-4-glashyllor-fotstrombrytare-mdf-svart-1.webp?fit=2000%2C2000&ssl=1","width":2000,"height":2000},{"@type":"BreadcrumbList","@id":"https:\/\/truusk.store\/sv\/produkt\/truusk-led-golvlampa-med-hylla-4-glashyllor-fotstrombrytare-mdf-svart\/#breadcrumb","itemListElement":[{"@type":"ListItem","position":1,"name":"Home","item":"https:\/\/truusk.store\/sv\/"},{"@type":"ListItem","position":2,"name":"Shop","item":"https:\/\/truusk.store\/shop\/"},{"@type":"ListItem","position":3,"name":"TRUUSK LED-golvlampa Med Hylla &#8211; 4 Glashyllor &#8211; Fotstr\u00f6mbrytare &#8211; MDF &#8211; Svart"}]},{"@type":"WebSite","@id":"https:\/\/truusk.store\/sv\/#website","url":"https:\/\/truusk.store\/sv\/","name":"TRUUSK - Hem, Tr\u00e4dg\u00e5rd & Fritid","description":"","publisher":{"@id":"https:\/\/truusk.store\/sv\/#organization"},"potentialAction":[{"@type":"SearchAction","target":{"@type":"EntryPoint","urlTemplate":"https:\/\/truusk.store\/sv\/?s={search_term_string}"},"query-input":{"@type":"PropertyValueSpecification","valueRequired":true,"valueName":"search_term_string"}}],"inLanguage":"sv-SE"},{"@type":"Organization","@id":"https:\/\/truusk.store\/sv\/#organization","name":"TRUUSK - Hem, Tr\u00e4dg\u00e5rd & Fritid","url":"https:\/\/truusk.store\/sv\/","logo":{"@type":"ImageObject","inLanguage":"sv-SE","@id":"https:\/\/truusk.store\/sv\/#\/schema\/logo\/image\/","url":"https:\/\/i0.wp.com\/truusk.store\/wp-content\/uploads\/2026\/03\/cropped-TRUUSK.png?fit=2032%2C917&ssl=1","contentUrl":"https:\/\/i0.wp.com\/truusk.store\/wp-content\/uploads\/2026\/03\/cropped-TRUUSK.png?fit=2032%2C917&ssl=1","width":2032,"height":917,"caption":"TRUUSK - Hem, Tr\u00e4dg\u00e5rd & Fritid"},"image":{"@id":"https:\/\/truusk.store\/sv\/#\/schema\/logo\/image\/"}}]}},"jetpack_sharing_enabled":true,"_links":{"self":[{"href":"https:\/\/truusk.store\/sv\/wp-json\/wp\/v2\/product\/82228","targetHints":{"allow":["GET"]}}],"collection":[{"href":"https:\/\/truusk.store\/sv\/wp-json\/wp\/v2\/product"}],"about":[{"href":"https:\/\/truusk.store\/sv\/wp-json\/wp\/v2\/types\/product"}],"wp:featuredmedia":[{"embeddable":true,"href":"https:\/\/truusk.store\/sv\/wp-json\/wp\/v2\/media\/82219"}],"wp:attachment":[{"href":"https:\/\/truusk.store\/sv\/wp-json\/wp\/v2\/media?parent=82228"}],"wp:term":[{"taxonomy":"product_brand","embeddable":true,"href":"https:\/\/truusk.store\/sv\/wp-json\/wp\/v2\/product_brand?post=82228"},{"taxonomy":"product_cat","embeddable":true,"href":"https:\/\/truusk.store\/sv\/wp-json\/wp\/v2\/product_cat?post=82228"},{"taxonomy":"product_tag","embeddable":true,"href":"https:\/\/truusk.store\/sv\/wp-json\/wp\/v2\/product_tag?post=82228"}],"curies":[{"name":"wp","href":"https:\/\/api.w.org\/{rel}","templated":true}]}}