{"id":82248,"date":"2025-07-08T05:08:22","date_gmt":"2025-07-08T04:08:22","guid":{"rendered":"https:\/\/truusk.store\/product\/sportnow-hantelset-6-delars-set-med-vikter-kort-hantelset-i-stal-1kg-2kg-3kg\/"},"modified":"2026-03-12T08:45:25","modified_gmt":"2026-03-12T07:45:25","slug":"truusk-hundvagn-och-kattvagn-lattvikt-hopfallbar-regnskydd-mesh-fonster-kudde-for-husdjur-upp-till-10-kg-svart","status":"publish","type":"product","link":"https:\/\/truusk.store\/sv\/produkt\/truusk-hundvagn-och-kattvagn-lattvikt-hopfallbar-regnskydd-mesh-fonster-kudde-for-husdjur-upp-till-10-kg-svart\/","title":{"rendered":"TRUUSK Hundvagn och Kattvagn &#8211; L\u00e4ttvikt &#8211; Hopf\u00e4llbar &#8211; Regnskydd &#8211; Mesh-f\u00f6nster &#8211; Kudde &#8211; F\u00f6r Husdjur upp till 10 kg &#8211; Svart"},"content":{"rendered":"<p>F\u00f6rb\u00e4ttra din kondition hemma med SPORTNOW hantelset i en praktisk v\u00e4ska. Detta f\u00e4rgglada hantelset erbjuder sex f\u00e4rgkodade hantlar (1 kg, 2 kg, 3 kg par) gjorda av robust st\u00e5l med en sl\u00e4t konstl\u00e4der\u00f6verdrag. Tack vare den hexagonala formen ligger de s\u00e4kert och skyddar golvet &#8211; perfekt f\u00f6r dynamisk tr\u00e4ning!<\/p>\n<p>Beskrivning:<\/p>\n<ul>\n<li> Sex f\u00e4rgkodade hexagonala hantlar ut\u00f6kar tr\u00e4ningsvariationen<\/li>\n<li> Hexagonal form f\u00f6rhindrar rullning p\u00e5 golvet<\/li>\n<li> Halkfria handtag p\u00e5 hantlarna ger ett s\u00e4kert grepp och garanterar en s\u00e4ker tr\u00e4ning<\/li>\n<li> Hantlarnas st\u00e5lkonstruktion garanterar h\u00e5llbarhet<\/li>\n<li> Sl\u00e4t konstl\u00e4derh\u00f6lje skyddar h\u00e4nder och golv<\/li>\n<li> B\u00e4rkoffert underl\u00e4ttar transport och lagring<\/li>\n<\/ul>\n<p> Tekniska data:<\/p>\n<ul>\n<li> F\u00e4rg: Rosa+Lila+Kaffe<\/li>\n<li> Material: St\u00e5l, konstl\u00e4der<\/li>\n<li> Hantelm\u00e5tt: 13L x 6B x 6H cm (1kg), 16L x 7,5B x 7,5H cm (2kg), 18L x 8B x 8H cm (3kg)<\/li>\n<li> M\u00e5tt p\u00e5 b\u00e4rkoffert: 41L x 30B x 8H cm<\/li>\n<li> Vikt: 2 x 1 kg, 2 x 2 kg och 2 x 3 kg<\/li>\n<\/ul>\n<p>Leveransinneh\u00e5ll:<\/p>\n<ul>\n<li> 2 x 1 kg hantel<\/li>\n<li> 2 x 2 kg hantel<\/li>\n<li> 2 x 3 kg hantel<\/li>\n<li> 1 x b\u00e4rkoffert<\/li>\n<\/ul>\n","protected":false},"excerpt":{"rendered":"<p>F\u00f6rb\u00e4ttra din kondition hemma med SPORTNOW hantelset i en praktisk v\u00e4ska. Detta f\u00e4rgglada hantelset erbjuder sex f\u00e4rgkodade hantlar (1 kg,&#8230;<\/p>\n","protected":false},"featured_media":82239,"template":"","meta":[],"product_brand":[],"product_cat":[873,668,647],"product_tag":[],"class_list":{"0":"post-82248","1":"product","2":"type-product","3":"status-publish","4":"has-post-thumbnail","6":"product_cat-fitness-styrketraning","7":"product_cat-hantlar","8":"product_cat-sport-fritid","10":"first","11":"instock","12":"sale","13":"taxable","14":"shipping-taxable","15":"purchasable","16":"product-type-simple"},"yoast_head":"<!-- This site is optimized with the Yoast SEO plugin v25.4 - https:\/\/yoast.com\/wordpress\/plugins\/seo\/ -->\n<title>TRUUSK Hundvagn och Kattvagn - L\u00e4ttvikt - Hopf\u00e4llbar - Regnskydd - Mesh-f\u00f6nster - Kudde - F\u00f6r Husdjur upp till 10 kg - Svart - TRUUSK - Hem, Tr\u00e4dg\u00e5rd &amp; Fritid<\/title>\n<meta name=\"robots\" content=\"index, follow, max-snippet:-1, max-image-preview:large, max-video-preview:-1\" \/>\n<link rel=\"canonical\" href=\"https:\/\/truusk.store\/sv\/produkt\/truusk-hundvagn-och-kattvagn-lattvikt-hopfallbar-regnskydd-mesh-fonster-kudde-for-husdjur-upp-till-10-kg-svart\/\" \/>\n<meta property=\"og:locale\" content=\"sv_SE\" \/>\n<meta property=\"og:type\" content=\"article\" \/>\n<meta property=\"og:title\" content=\"TRUUSK Hundvagn och Kattvagn - L\u00e4ttvikt - Hopf\u00e4llbar - Regnskydd - Mesh-f\u00f6nster - Kudde - F\u00f6r Husdjur upp till 10 kg - Svart - TRUUSK - Hem, Tr\u00e4dg\u00e5rd &amp; Fritid\" \/>\n<meta property=\"og:description\" content=\"F\u00f6rb\u00e4ttra din kondition hemma med SPORTNOW hantelset i en praktisk v\u00e4ska. Detta f\u00e4rgglada hantelset erbjuder sex f\u00e4rgkodade hantlar (1 kg,...\" \/>\n<meta property=\"og:url\" content=\"https:\/\/truusk.store\/sv\/produkt\/truusk-hundvagn-och-kattvagn-lattvikt-hopfallbar-regnskydd-mesh-fonster-kudde-for-husdjur-upp-till-10-kg-svart\/\" \/>\n<meta property=\"og:site_name\" content=\"TRUUSK - Hem, Tr\u00e4dg\u00e5rd &amp; Fritid\" \/>\n<meta property=\"article:modified_time\" content=\"2026-03-12T07:45:25+00:00\" \/>\n<meta property=\"og:image\" content=\"https:\/\/i0.wp.com\/truusk.se\/wp-content\/uploads\/2025\/07\/sportnow-hantelset-6-delars-set-med-vikter-kort-hantelset-i-stal-1kg-2kg-3kg-1.webp?fit=2000%2C2000&ssl=1\" \/>\n\t<meta property=\"og:image:width\" content=\"2000\" \/>\n\t<meta property=\"og:image:height\" content=\"2000\" \/>\n\t<meta property=\"og:image:type\" content=\"image\/webp\" \/>\n<meta name=\"twitter:card\" content=\"summary_large_image\" \/>\n<meta name=\"twitter:label1\" content=\"Ber\u00e4knad l\u00e4stid\" \/>\n\t<meta name=\"twitter:data1\" content=\"1 minut\" \/>\n<!-- \/ Yoast SEO plugin. -->","yoast_head_json":{"title":"TRUUSK Hundvagn och Kattvagn - L\u00e4ttvikt - Hopf\u00e4llbar - Regnskydd - Mesh-f\u00f6nster - Kudde - F\u00f6r Husdjur upp till 10 kg - Svart - TRUUSK - Hem, Tr\u00e4dg\u00e5rd &amp; Fritid","robots":{"index":"index","follow":"follow","max-snippet":"max-snippet:-1","max-image-preview":"max-image-preview:large","max-video-preview":"max-video-preview:-1"},"canonical":"https:\/\/truusk.store\/sv\/produkt\/truusk-hundvagn-och-kattvagn-lattvikt-hopfallbar-regnskydd-mesh-fonster-kudde-for-husdjur-upp-till-10-kg-svart\/","og_locale":"sv_SE","og_type":"article","og_title":"TRUUSK Hundvagn och Kattvagn - L\u00e4ttvikt - Hopf\u00e4llbar - Regnskydd - Mesh-f\u00f6nster - Kudde - F\u00f6r Husdjur upp till 10 kg - Svart - TRUUSK - Hem, Tr\u00e4dg\u00e5rd &amp; Fritid","og_description":"F\u00f6rb\u00e4ttra din kondition hemma med SPORTNOW hantelset i en praktisk v\u00e4ska. Detta f\u00e4rgglada hantelset erbjuder sex f\u00e4rgkodade hantlar (1 kg,...","og_url":"https:\/\/truusk.store\/sv\/produkt\/truusk-hundvagn-och-kattvagn-lattvikt-hopfallbar-regnskydd-mesh-fonster-kudde-for-husdjur-upp-till-10-kg-svart\/","og_site_name":"TRUUSK - Hem, Tr\u00e4dg\u00e5rd &amp; Fritid","article_modified_time":"2026-03-12T07:45:25+00:00","og_image":[{"width":2000,"height":2000,"url":"https:\/\/i0.wp.com\/truusk.se\/wp-content\/uploads\/2025\/07\/sportnow-hantelset-6-delars-set-med-vikter-kort-hantelset-i-stal-1kg-2kg-3kg-1.webp?fit=2000%2C2000&ssl=1","type":"image\/webp"}],"twitter_card":"summary_large_image","twitter_misc":{"Ber\u00e4knad l\u00e4stid":"1 minut"},"schema":{"@context":"https:\/\/schema.org","@graph":[{"@type":"WebPage","@id":"https:\/\/truusk.store\/sv\/produkt\/truusk-hundvagn-och-kattvagn-lattvikt-hopfallbar-regnskydd-mesh-fonster-kudde-for-husdjur-upp-till-10-kg-svart\/","url":"https:\/\/truusk.store\/sv\/produkt\/truusk-hundvagn-och-kattvagn-lattvikt-hopfallbar-regnskydd-mesh-fonster-kudde-for-husdjur-upp-till-10-kg-svart\/","name":"TRUUSK Hundvagn och Kattvagn - L\u00e4ttvikt - Hopf\u00e4llbar - Regnskydd - Mesh-f\u00f6nster - Kudde - F\u00f6r Husdjur upp till 10 kg - Svart - TRUUSK - Hem, Tr\u00e4dg\u00e5rd &amp; Fritid","isPartOf":{"@id":"https:\/\/truusk.store\/sv\/#website"},"primaryImageOfPage":{"@id":"https:\/\/truusk.store\/sv\/produkt\/truusk-hundvagn-och-kattvagn-lattvikt-hopfallbar-regnskydd-mesh-fonster-kudde-for-husdjur-upp-till-10-kg-svart\/#primaryimage"},"image":{"@id":"https:\/\/truusk.store\/sv\/produkt\/truusk-hundvagn-och-kattvagn-lattvikt-hopfallbar-regnskydd-mesh-fonster-kudde-for-husdjur-upp-till-10-kg-svart\/#primaryimage"},"thumbnailUrl":"https:\/\/i0.wp.com\/truusk.store\/wp-content\/uploads\/2025\/07\/sportnow-hantelset-6-delars-set-med-vikter-kort-hantelset-i-stal-1kg-2kg-3kg-1.webp?fit=2000%2C2000&ssl=1","datePublished":"2025-07-08T04:08:22+00:00","dateModified":"2026-03-12T07:45:25+00:00","breadcrumb":{"@id":"https:\/\/truusk.store\/sv\/produkt\/truusk-hundvagn-och-kattvagn-lattvikt-hopfallbar-regnskydd-mesh-fonster-kudde-for-husdjur-upp-till-10-kg-svart\/#breadcrumb"},"inLanguage":"sv-SE","potentialAction":[{"@type":"ReadAction","target":["https:\/\/truusk.store\/sv\/produkt\/truusk-hundvagn-och-kattvagn-lattvikt-hopfallbar-regnskydd-mesh-fonster-kudde-for-husdjur-upp-till-10-kg-svart\/"]}]},{"@type":"ImageObject","inLanguage":"sv-SE","@id":"https:\/\/truusk.store\/sv\/produkt\/truusk-hundvagn-och-kattvagn-lattvikt-hopfallbar-regnskydd-mesh-fonster-kudde-for-husdjur-upp-till-10-kg-svart\/#primaryimage","url":"https:\/\/i0.wp.com\/truusk.store\/wp-content\/uploads\/2025\/07\/sportnow-hantelset-6-delars-set-med-vikter-kort-hantelset-i-stal-1kg-2kg-3kg-1.webp?fit=2000%2C2000&ssl=1","contentUrl":"https:\/\/i0.wp.com\/truusk.store\/wp-content\/uploads\/2025\/07\/sportnow-hantelset-6-delars-set-med-vikter-kort-hantelset-i-stal-1kg-2kg-3kg-1.webp?fit=2000%2C2000&ssl=1","width":2000,"height":2000},{"@type":"BreadcrumbList","@id":"https:\/\/truusk.store\/sv\/produkt\/truusk-hundvagn-och-kattvagn-lattvikt-hopfallbar-regnskydd-mesh-fonster-kudde-for-husdjur-upp-till-10-kg-svart\/#breadcrumb","itemListElement":[{"@type":"ListItem","position":1,"name":"Home","item":"https:\/\/truusk.store\/sv\/"},{"@type":"ListItem","position":2,"name":"Shop","item":"https:\/\/truusk.store\/shop\/"},{"@type":"ListItem","position":3,"name":"TRUUSK Hundvagn och Kattvagn &#8211; L\u00e4ttvikt &#8211; Hopf\u00e4llbar &#8211; Regnskydd &#8211; Mesh-f\u00f6nster &#8211; Kudde &#8211; F\u00f6r Husdjur upp till 10 kg &#8211; Svart"}]},{"@type":"WebSite","@id":"https:\/\/truusk.store\/sv\/#website","url":"https:\/\/truusk.store\/sv\/","name":"TRUUSK - Hem, Tr\u00e4dg\u00e5rd & Fritid","description":"","publisher":{"@id":"https:\/\/truusk.store\/sv\/#organization"},"potentialAction":[{"@type":"SearchAction","target":{"@type":"EntryPoint","urlTemplate":"https:\/\/truusk.store\/sv\/?s={search_term_string}"},"query-input":{"@type":"PropertyValueSpecification","valueRequired":true,"valueName":"search_term_string"}}],"inLanguage":"sv-SE"},{"@type":"Organization","@id":"https:\/\/truusk.store\/sv\/#organization","name":"TRUUSK - Hem, Tr\u00e4dg\u00e5rd & Fritid","url":"https:\/\/truusk.store\/sv\/","logo":{"@type":"ImageObject","inLanguage":"sv-SE","@id":"https:\/\/truusk.store\/sv\/#\/schema\/logo\/image\/","url":"https:\/\/i0.wp.com\/truusk.store\/wp-content\/uploads\/2026\/03\/cropped-TRUUSK.png?fit=2032%2C917&ssl=1","contentUrl":"https:\/\/i0.wp.com\/truusk.store\/wp-content\/uploads\/2026\/03\/cropped-TRUUSK.png?fit=2032%2C917&ssl=1","width":2032,"height":917,"caption":"TRUUSK - Hem, Tr\u00e4dg\u00e5rd & Fritid"},"image":{"@id":"https:\/\/truusk.store\/sv\/#\/schema\/logo\/image\/"}}]}},"jetpack_sharing_enabled":true,"_links":{"self":[{"href":"https:\/\/truusk.store\/sv\/wp-json\/wp\/v2\/product\/82248","targetHints":{"allow":["GET"]}}],"collection":[{"href":"https:\/\/truusk.store\/sv\/wp-json\/wp\/v2\/product"}],"about":[{"href":"https:\/\/truusk.store\/sv\/wp-json\/wp\/v2\/types\/product"}],"wp:featuredmedia":[{"embeddable":true,"href":"https:\/\/truusk.store\/sv\/wp-json\/wp\/v2\/media\/82239"}],"wp:attachment":[{"href":"https:\/\/truusk.store\/sv\/wp-json\/wp\/v2\/media?parent=82248"}],"wp:term":[{"taxonomy":"product_brand","embeddable":true,"href":"https:\/\/truusk.store\/sv\/wp-json\/wp\/v2\/product_brand?post=82248"},{"taxonomy":"product_cat","embeddable":true,"href":"https:\/\/truusk.store\/sv\/wp-json\/wp\/v2\/product_cat?post=82248"},{"taxonomy":"product_tag","embeddable":true,"href":"https:\/\/truusk.store\/sv\/wp-json\/wp\/v2\/product_tag?post=82248"}],"curies":[{"name":"wp","href":"https:\/\/api.w.org\/{rel}","templated":true}]}}