{"id":82258,"date":"2025-07-08T05:09:24","date_gmt":"2025-07-08T04:09:24","guid":{"rendered":"https:\/\/truusk.store\/product\/hopfallbar-sittpall-med-forvaringsutrymme-forvaringslada-skum-mdf-gra\/"},"modified":"2026-03-12T08:46:08","modified_gmt":"2026-03-12T07:46:08","slug":"truusk-hopfallbar-sittpall-forvaringsutrymme-forvaringslada-skum-mdf-gra","status":"publish","type":"product","link":"https:\/\/truusk.store\/sv\/produkt\/truusk-hopfallbar-sittpall-forvaringsutrymme-forvaringslada-skum-mdf-gra\/","title":{"rendered":"TRUUSK Hopf\u00e4llbar Sittpall &#8211; F\u00f6rvaringsutrymme &#8211; F\u00f6rvaringsl\u00e5da &#8211; Skum &#8211; MDF &#8211; Gr\u00e5"},"content":{"rendered":"<p>Forma om ditt vardagsrum med TRUUSK f\u00f6rvaringsottoman. Har du problem med oordning i din lilla l\u00e4genhet? Denna hopf\u00e4llbara ottoman \u00e4r en elegant l\u00f6sning, sparar utrymme och s\u00e4tter stilfulla accenter. L\u00e5t dig sjunka in i det h\u00f6gdensitets skummet och det sammetsmjuka tyget f\u00f6r att omvandla stress till avkoppling. Skapa ett ordnat utrymme och \u00f6ka enkelt komfort och stil i ditt hem.<\/p>\n<p>Beskrivning:<\/p>\n<ul>\n<li> Rymligt innerfack med 37,6 L f\u00f6r smart f\u00f6rvaring<\/li>\n<li> H\u00f6gdensitetsskum och sammetliknande tyg ger stresslindrande komfort<\/li>\n<li> Hopf\u00e4llbar design skapar en ordnad milj\u00f6, idealisk f\u00f6r sm\u00e5 utrymmen<\/li>\n<li> Ottomanens f\u00f6rvaringsl\u00e5da fungerar ocks\u00e5 som fotst\u00f6d eller extra sittplats<\/li>\n<li> Modern stil kompletterar sovrum, vardagsrum och entr\u00e9omr\u00e5den<\/li>\n<li> Enkel montering p\u00e5 fem minuter<\/li>\n<\/ul>\n<p> Tekniska data:<\/p>\n<ul>\n<li> F\u00e4rg: Gr\u00e5<\/li>\n<li> Material: Sammet (100% polyester), non-woven tyg, MDF, skum<\/li>\n<li> Totala dimensioner: 38B x 38D x 38H cm<\/li>\n<li> F\u00f6rvaringsstorlek: 33,5B x 33,5D x 33,5H cm<\/li>\n<li> Hopf\u00e4llbar storlek: 38L x 38B x 6H cm<\/li>\n<li> Belastningskapacitet: 120 kg<\/li>\n<li> Volym: 37,6 L<\/li>\n<\/ul>\n<p>Leveransinneh\u00e5ll:<\/p>\n<ul>\n<li> 1 x Ottoman<\/li>\n<li> 1 x Bruksanvisning<\/li>\n<\/ul>\n","protected":false},"excerpt":{"rendered":"<p>Forma om ditt vardagsrum med TRUUSK f\u00f6rvaringsottoman. Har du problem med oordning i din lilla l\u00e4genhet? Denna hopf\u00e4llbara ottoman \u00e4r&#8230;<\/p>\n","protected":false},"featured_media":82249,"template":"","meta":[],"product_brand":[],"product_cat":[871,944,910],"product_tag":[],"class_list":{"0":"post-82258","1":"product","2":"type-product","3":"status-publish","4":"has-post-thumbnail","6":"product_cat-hus-hem","7":"product_cat-pallar-fotpallar","8":"product_cat-vardagsrum","10":"first","11":"instock","12":"sale","13":"taxable","14":"shipping-taxable","15":"purchasable","16":"product-type-simple"},"yoast_head":"<!-- This site is optimized with the Yoast SEO plugin v25.4 - https:\/\/yoast.com\/wordpress\/plugins\/seo\/ -->\n<title>TRUUSK Hopf\u00e4llbar Sittpall - F\u00f6rvaringsutrymme - F\u00f6rvaringsl\u00e5da - Skum - MDF - Gr\u00e5 - TRUUSK - Hem, Tr\u00e4dg\u00e5rd &amp; Fritid<\/title>\n<meta name=\"robots\" content=\"index, follow, max-snippet:-1, max-image-preview:large, max-video-preview:-1\" \/>\n<link rel=\"canonical\" href=\"https:\/\/truusk.store\/sv\/produkt\/truusk-hopfallbar-sittpall-forvaringsutrymme-forvaringslada-skum-mdf-gra\/\" \/>\n<meta property=\"og:locale\" content=\"sv_SE\" \/>\n<meta property=\"og:type\" content=\"article\" \/>\n<meta property=\"og:title\" content=\"TRUUSK Hopf\u00e4llbar Sittpall - F\u00f6rvaringsutrymme - F\u00f6rvaringsl\u00e5da - Skum - MDF - Gr\u00e5 - TRUUSK - Hem, Tr\u00e4dg\u00e5rd &amp; Fritid\" \/>\n<meta property=\"og:description\" content=\"Forma om ditt vardagsrum med TRUUSK f\u00f6rvaringsottoman. Har du problem med oordning i din lilla l\u00e4genhet? Denna hopf\u00e4llbara ottoman \u00e4r...\" \/>\n<meta property=\"og:url\" content=\"https:\/\/truusk.store\/sv\/produkt\/truusk-hopfallbar-sittpall-forvaringsutrymme-forvaringslada-skum-mdf-gra\/\" \/>\n<meta property=\"og:site_name\" content=\"TRUUSK - Hem, Tr\u00e4dg\u00e5rd &amp; Fritid\" \/>\n<meta property=\"article:modified_time\" content=\"2026-03-12T07:46:08+00:00\" \/>\n<meta property=\"og:image\" content=\"https:\/\/i0.wp.com\/truusk.se\/wp-content\/uploads\/2025\/07\/hopfallbar-sittpall-med-forvaringsutrymme-forvaringslada-skum-mdf-gra-1.webp?fit=2000%2C2000&ssl=1\" \/>\n\t<meta property=\"og:image:width\" content=\"2000\" \/>\n\t<meta property=\"og:image:height\" content=\"2000\" \/>\n\t<meta property=\"og:image:type\" content=\"image\/webp\" \/>\n<meta name=\"twitter:card\" content=\"summary_large_image\" \/>\n<meta name=\"twitter:label1\" content=\"Ber\u00e4knad l\u00e4stid\" \/>\n\t<meta name=\"twitter:data1\" content=\"1 minut\" \/>\n<!-- \/ Yoast SEO plugin. -->","yoast_head_json":{"title":"TRUUSK Hopf\u00e4llbar Sittpall - F\u00f6rvaringsutrymme - F\u00f6rvaringsl\u00e5da - Skum - MDF - Gr\u00e5 - TRUUSK - Hem, Tr\u00e4dg\u00e5rd &amp; Fritid","robots":{"index":"index","follow":"follow","max-snippet":"max-snippet:-1","max-image-preview":"max-image-preview:large","max-video-preview":"max-video-preview:-1"},"canonical":"https:\/\/truusk.store\/sv\/produkt\/truusk-hopfallbar-sittpall-forvaringsutrymme-forvaringslada-skum-mdf-gra\/","og_locale":"sv_SE","og_type":"article","og_title":"TRUUSK Hopf\u00e4llbar Sittpall - F\u00f6rvaringsutrymme - F\u00f6rvaringsl\u00e5da - Skum - MDF - Gr\u00e5 - TRUUSK - Hem, Tr\u00e4dg\u00e5rd &amp; Fritid","og_description":"Forma om ditt vardagsrum med TRUUSK f\u00f6rvaringsottoman. Har du problem med oordning i din lilla l\u00e4genhet? Denna hopf\u00e4llbara ottoman \u00e4r...","og_url":"https:\/\/truusk.store\/sv\/produkt\/truusk-hopfallbar-sittpall-forvaringsutrymme-forvaringslada-skum-mdf-gra\/","og_site_name":"TRUUSK - Hem, Tr\u00e4dg\u00e5rd &amp; Fritid","article_modified_time":"2026-03-12T07:46:08+00:00","og_image":[{"width":2000,"height":2000,"url":"https:\/\/i0.wp.com\/truusk.se\/wp-content\/uploads\/2025\/07\/hopfallbar-sittpall-med-forvaringsutrymme-forvaringslada-skum-mdf-gra-1.webp?fit=2000%2C2000&ssl=1","type":"image\/webp"}],"twitter_card":"summary_large_image","twitter_misc":{"Ber\u00e4knad l\u00e4stid":"1 minut"},"schema":{"@context":"https:\/\/schema.org","@graph":[{"@type":"WebPage","@id":"https:\/\/truusk.store\/sv\/produkt\/truusk-hopfallbar-sittpall-forvaringsutrymme-forvaringslada-skum-mdf-gra\/","url":"https:\/\/truusk.store\/sv\/produkt\/truusk-hopfallbar-sittpall-forvaringsutrymme-forvaringslada-skum-mdf-gra\/","name":"TRUUSK Hopf\u00e4llbar Sittpall - F\u00f6rvaringsutrymme - F\u00f6rvaringsl\u00e5da - Skum - MDF - Gr\u00e5 - TRUUSK - Hem, Tr\u00e4dg\u00e5rd &amp; Fritid","isPartOf":{"@id":"https:\/\/truusk.store\/sv\/#website"},"primaryImageOfPage":{"@id":"https:\/\/truusk.store\/sv\/produkt\/truusk-hopfallbar-sittpall-forvaringsutrymme-forvaringslada-skum-mdf-gra\/#primaryimage"},"image":{"@id":"https:\/\/truusk.store\/sv\/produkt\/truusk-hopfallbar-sittpall-forvaringsutrymme-forvaringslada-skum-mdf-gra\/#primaryimage"},"thumbnailUrl":"https:\/\/i0.wp.com\/truusk.store\/wp-content\/uploads\/2025\/07\/hopfallbar-sittpall-med-forvaringsutrymme-forvaringslada-skum-mdf-gra-1.webp?fit=2000%2C2000&ssl=1","datePublished":"2025-07-08T04:09:24+00:00","dateModified":"2026-03-12T07:46:08+00:00","breadcrumb":{"@id":"https:\/\/truusk.store\/sv\/produkt\/truusk-hopfallbar-sittpall-forvaringsutrymme-forvaringslada-skum-mdf-gra\/#breadcrumb"},"inLanguage":"sv-SE","potentialAction":[{"@type":"ReadAction","target":["https:\/\/truusk.store\/sv\/produkt\/truusk-hopfallbar-sittpall-forvaringsutrymme-forvaringslada-skum-mdf-gra\/"]}]},{"@type":"ImageObject","inLanguage":"sv-SE","@id":"https:\/\/truusk.store\/sv\/produkt\/truusk-hopfallbar-sittpall-forvaringsutrymme-forvaringslada-skum-mdf-gra\/#primaryimage","url":"https:\/\/i0.wp.com\/truusk.store\/wp-content\/uploads\/2025\/07\/hopfallbar-sittpall-med-forvaringsutrymme-forvaringslada-skum-mdf-gra-1.webp?fit=2000%2C2000&ssl=1","contentUrl":"https:\/\/i0.wp.com\/truusk.store\/wp-content\/uploads\/2025\/07\/hopfallbar-sittpall-med-forvaringsutrymme-forvaringslada-skum-mdf-gra-1.webp?fit=2000%2C2000&ssl=1","width":2000,"height":2000},{"@type":"BreadcrumbList","@id":"https:\/\/truusk.store\/sv\/produkt\/truusk-hopfallbar-sittpall-forvaringsutrymme-forvaringslada-skum-mdf-gra\/#breadcrumb","itemListElement":[{"@type":"ListItem","position":1,"name":"Home","item":"https:\/\/truusk.store\/sv\/"},{"@type":"ListItem","position":2,"name":"Shop","item":"https:\/\/truusk.store\/shop\/"},{"@type":"ListItem","position":3,"name":"TRUUSK Hopf\u00e4llbar Sittpall &#8211; F\u00f6rvaringsutrymme &#8211; F\u00f6rvaringsl\u00e5da &#8211; Skum &#8211; MDF &#8211; Gr\u00e5"}]},{"@type":"WebSite","@id":"https:\/\/truusk.store\/sv\/#website","url":"https:\/\/truusk.store\/sv\/","name":"TRUUSK - Hem, Tr\u00e4dg\u00e5rd & Fritid","description":"","publisher":{"@id":"https:\/\/truusk.store\/sv\/#organization"},"potentialAction":[{"@type":"SearchAction","target":{"@type":"EntryPoint","urlTemplate":"https:\/\/truusk.store\/sv\/?s={search_term_string}"},"query-input":{"@type":"PropertyValueSpecification","valueRequired":true,"valueName":"search_term_string"}}],"inLanguage":"sv-SE"},{"@type":"Organization","@id":"https:\/\/truusk.store\/sv\/#organization","name":"TRUUSK - Hem, Tr\u00e4dg\u00e5rd & Fritid","url":"https:\/\/truusk.store\/sv\/","logo":{"@type":"ImageObject","inLanguage":"sv-SE","@id":"https:\/\/truusk.store\/sv\/#\/schema\/logo\/image\/","url":"https:\/\/i0.wp.com\/truusk.store\/wp-content\/uploads\/2026\/03\/cropped-TRUUSK.png?fit=2032%2C917&ssl=1","contentUrl":"https:\/\/i0.wp.com\/truusk.store\/wp-content\/uploads\/2026\/03\/cropped-TRUUSK.png?fit=2032%2C917&ssl=1","width":2032,"height":917,"caption":"TRUUSK - Hem, Tr\u00e4dg\u00e5rd & Fritid"},"image":{"@id":"https:\/\/truusk.store\/sv\/#\/schema\/logo\/image\/"}}]}},"jetpack_sharing_enabled":true,"_links":{"self":[{"href":"https:\/\/truusk.store\/sv\/wp-json\/wp\/v2\/product\/82258","targetHints":{"allow":["GET"]}}],"collection":[{"href":"https:\/\/truusk.store\/sv\/wp-json\/wp\/v2\/product"}],"about":[{"href":"https:\/\/truusk.store\/sv\/wp-json\/wp\/v2\/types\/product"}],"wp:featuredmedia":[{"embeddable":true,"href":"https:\/\/truusk.store\/sv\/wp-json\/wp\/v2\/media\/82249"}],"wp:attachment":[{"href":"https:\/\/truusk.store\/sv\/wp-json\/wp\/v2\/media?parent=82258"}],"wp:term":[{"taxonomy":"product_brand","embeddable":true,"href":"https:\/\/truusk.store\/sv\/wp-json\/wp\/v2\/product_brand?post=82258"},{"taxonomy":"product_cat","embeddable":true,"href":"https:\/\/truusk.store\/sv\/wp-json\/wp\/v2\/product_cat?post=82258"},{"taxonomy":"product_tag","embeddable":true,"href":"https:\/\/truusk.store\/sv\/wp-json\/wp\/v2\/product_tag?post=82258"}],"curies":[{"name":"wp","href":"https:\/\/api.w.org\/{rel}","templated":true}]}}