{"id":82268,"date":"2025-07-08T05:10:31","date_gmt":"2025-07-08T04:10:31","guid":{"rendered":"https:\/\/truusk.store\/product\/bordlampsset-i-planetdesign-3-fargad-usb-plast-vit\/"},"modified":"2026-03-12T08:46:08","modified_gmt":"2026-03-12T07:46:08","slug":"truusk-bordlampsset-i-planetdesign-3-fargad-usb-plast-vit","status":"publish","type":"product","link":"https:\/\/truusk.store\/sv\/produkt\/truusk-bordlampsset-i-planetdesign-3-fargad-usb-plast-vit\/","title":{"rendered":"TRUUSK Bordlampsset i Planetdesign &#8211; 3-f\u00e4rgad &#8211; USB &#8211; Plast &#8211; Vit"},"content":{"rendered":"<p> Belys din omgivning med detta imponerande planetslampset fr\u00e5n TRUUSK. Innovativ 3D-teknik skapar autentiska texturer av Saturnus och m\u00e5nen. N\u00e4r ljuset \u00e4r p\u00e5, k\u00e4nns det som om man befinner sig i stj\u00e4rnhimlen. Det finns tre ljusalternativ: varmgul, varmvit och vit, alla med 10 justerbara ljusstyrkeniv\u00e5er som framh\u00e4ver varje st\u00e4mning. Tack vare USB-driften kan bordslampan anv\u00e4ndas \u00f6verallt, perfekt fr\u00e5n l\u00e4genheten till camping.<\/p>\n<p>Beskrivning:<\/p>\n<ul>\n<li> Tv\u00e5delat bordslampset med Saturnus- och m\u00e5nutseende<\/li>\n<li> 3D-teknik lampsk\u00e4rm visar planetariska texturer n\u00e4r den \u00e4r p\u00e5<\/li>\n<li> Tref\u00e4rgad ljusk\u00e4lla, justerbar beroende p\u00e5 hum\u00f6r och anv\u00e4ndning<\/li>\n<li> Tio ljusstyrkeinst\u00e4llningar f\u00f6r l\u00e4mplig ljuskontroll<\/li>\n<li> USB-str\u00f6mkompatibilitet f\u00f6r nattduksbordslampan ger bekv\u00e4mlighet<\/li>\n<li> L\u00e4tt ABS-material, inte l\u00e4tt att deformera<\/li>\n<li> Fungerar som dekoration i hemmet eller som en fin present<\/li>\n<\/ul>\n<p> Tekniska data:<\/p>\n<ul>\n<li> F\u00e4rg: Gr\u00f6n+Rosa+Vit<\/li>\n<li> Material: ABS<\/li>\n<li> Totala dimensioner: \u00d815 x 27,5H cm\uff1b\u00d815 x 23,5H cm<\/li>\n<li> Lampsk\u00e4rmdiameter: 15 cm<\/li>\n<li> Lampfotsdimensioner: \u00d88 x 13H cm, \u00d810 x 9H cm<\/li>\n<li> F\u00e4rgtemperatur: 3000K, 4500K, 6500K<\/li>\n<li> Ljusutg\u00e5ng: (Max.) 240 lm<\/li>\n<li> Ljusutg\u00e5ng: 3,5 W<\/li>\n<li> USB-kabell\u00e4ngd: 1,5 m (1,35 m exponerad)<\/li>\n<li> Ing\u00e5ng: DC 5 V, 2 A<\/li>\n<\/ul>\n<p>Leveransinneh\u00e5ll:<\/p>\n<ul>\n<li> 2 x Bordslampa<\/li>\n<li> 1 x Bruksanvisning<\/li>\n<\/ul>\n","protected":false},"excerpt":{"rendered":"<p>Belys din omgivning med detta imponerande planetslampset fr\u00e5n TRUUSK. Innovativ 3D-teknik skapar autentiska texturer av Saturnus och m\u00e5nen. N\u00e4r ljuset&#8230;<\/p>\n","protected":false},"featured_media":82259,"template":"","meta":[],"product_brand":[],"product_cat":[486,960,871],"product_tag":[],"class_list":{"0":"post-82268","1":"product","2":"type-product","3":"status-publish","4":"has-post-thumbnail","6":"product_cat-belysning","7":"product_cat-bordlampor","8":"product_cat-hus-hem","10":"first","11":"instock","12":"sale","13":"taxable","14":"shipping-taxable","15":"purchasable","16":"product-type-simple"},"yoast_head":"<!-- This site is optimized with the Yoast SEO plugin v25.4 - https:\/\/yoast.com\/wordpress\/plugins\/seo\/ -->\n<title>TRUUSK Bordlampsset i Planetdesign - 3-f\u00e4rgad - USB - Plast - Vit - TRUUSK - Hem, Tr\u00e4dg\u00e5rd &amp; Fritid<\/title>\n<meta name=\"robots\" content=\"index, follow, max-snippet:-1, max-image-preview:large, max-video-preview:-1\" \/>\n<link rel=\"canonical\" href=\"https:\/\/truusk.store\/sv\/produkt\/truusk-bordlampsset-i-planetdesign-3-fargad-usb-plast-vit\/\" \/>\n<meta property=\"og:locale\" content=\"sv_SE\" \/>\n<meta property=\"og:type\" content=\"article\" \/>\n<meta property=\"og:title\" content=\"TRUUSK Bordlampsset i Planetdesign - 3-f\u00e4rgad - USB - Plast - Vit - TRUUSK - Hem, Tr\u00e4dg\u00e5rd &amp; Fritid\" \/>\n<meta property=\"og:description\" content=\"Belys din omgivning med detta imponerande planetslampset fr\u00e5n TRUUSK. Innovativ 3D-teknik skapar autentiska texturer av Saturnus och m\u00e5nen. N\u00e4r ljuset...\" \/>\n<meta property=\"og:url\" content=\"https:\/\/truusk.store\/sv\/produkt\/truusk-bordlampsset-i-planetdesign-3-fargad-usb-plast-vit\/\" \/>\n<meta property=\"og:site_name\" content=\"TRUUSK - Hem, Tr\u00e4dg\u00e5rd &amp; Fritid\" \/>\n<meta property=\"article:modified_time\" content=\"2026-03-12T07:46:08+00:00\" \/>\n<meta property=\"og:image\" content=\"https:\/\/i0.wp.com\/truusk.se\/wp-content\/uploads\/2025\/07\/bordlampsset-i-planetdesign-3-fargad-usb-plast-vit-1.webp?fit=2000%2C2000&ssl=1\" \/>\n\t<meta property=\"og:image:width\" content=\"2000\" \/>\n\t<meta property=\"og:image:height\" content=\"2000\" \/>\n\t<meta property=\"og:image:type\" content=\"image\/webp\" \/>\n<meta name=\"twitter:card\" content=\"summary_large_image\" \/>\n<meta name=\"twitter:label1\" content=\"Ber\u00e4knad l\u00e4stid\" \/>\n\t<meta name=\"twitter:data1\" content=\"1 minut\" \/>\n<!-- \/ Yoast SEO plugin. -->","yoast_head_json":{"title":"TRUUSK Bordlampsset i Planetdesign - 3-f\u00e4rgad - USB - Plast - Vit - TRUUSK - Hem, Tr\u00e4dg\u00e5rd &amp; Fritid","robots":{"index":"index","follow":"follow","max-snippet":"max-snippet:-1","max-image-preview":"max-image-preview:large","max-video-preview":"max-video-preview:-1"},"canonical":"https:\/\/truusk.store\/sv\/produkt\/truusk-bordlampsset-i-planetdesign-3-fargad-usb-plast-vit\/","og_locale":"sv_SE","og_type":"article","og_title":"TRUUSK Bordlampsset i Planetdesign - 3-f\u00e4rgad - USB - Plast - Vit - TRUUSK - Hem, Tr\u00e4dg\u00e5rd &amp; Fritid","og_description":"Belys din omgivning med detta imponerande planetslampset fr\u00e5n TRUUSK. Innovativ 3D-teknik skapar autentiska texturer av Saturnus och m\u00e5nen. N\u00e4r ljuset...","og_url":"https:\/\/truusk.store\/sv\/produkt\/truusk-bordlampsset-i-planetdesign-3-fargad-usb-plast-vit\/","og_site_name":"TRUUSK - Hem, Tr\u00e4dg\u00e5rd &amp; Fritid","article_modified_time":"2026-03-12T07:46:08+00:00","og_image":[{"width":2000,"height":2000,"url":"https:\/\/i0.wp.com\/truusk.se\/wp-content\/uploads\/2025\/07\/bordlampsset-i-planetdesign-3-fargad-usb-plast-vit-1.webp?fit=2000%2C2000&ssl=1","type":"image\/webp"}],"twitter_card":"summary_large_image","twitter_misc":{"Ber\u00e4knad l\u00e4stid":"1 minut"},"schema":{"@context":"https:\/\/schema.org","@graph":[{"@type":"WebPage","@id":"https:\/\/truusk.store\/sv\/produkt\/truusk-bordlampsset-i-planetdesign-3-fargad-usb-plast-vit\/","url":"https:\/\/truusk.store\/sv\/produkt\/truusk-bordlampsset-i-planetdesign-3-fargad-usb-plast-vit\/","name":"TRUUSK Bordlampsset i Planetdesign - 3-f\u00e4rgad - USB - Plast - Vit - TRUUSK - Hem, Tr\u00e4dg\u00e5rd &amp; Fritid","isPartOf":{"@id":"https:\/\/truusk.store\/sv\/#website"},"primaryImageOfPage":{"@id":"https:\/\/truusk.store\/sv\/produkt\/truusk-bordlampsset-i-planetdesign-3-fargad-usb-plast-vit\/#primaryimage"},"image":{"@id":"https:\/\/truusk.store\/sv\/produkt\/truusk-bordlampsset-i-planetdesign-3-fargad-usb-plast-vit\/#primaryimage"},"thumbnailUrl":"https:\/\/i0.wp.com\/truusk.store\/wp-content\/uploads\/2025\/07\/bordlampsset-i-planetdesign-3-fargad-usb-plast-vit-1.webp?fit=2000%2C2000&ssl=1","datePublished":"2025-07-08T04:10:31+00:00","dateModified":"2026-03-12T07:46:08+00:00","breadcrumb":{"@id":"https:\/\/truusk.store\/sv\/produkt\/truusk-bordlampsset-i-planetdesign-3-fargad-usb-plast-vit\/#breadcrumb"},"inLanguage":"sv-SE","potentialAction":[{"@type":"ReadAction","target":["https:\/\/truusk.store\/sv\/produkt\/truusk-bordlampsset-i-planetdesign-3-fargad-usb-plast-vit\/"]}]},{"@type":"ImageObject","inLanguage":"sv-SE","@id":"https:\/\/truusk.store\/sv\/produkt\/truusk-bordlampsset-i-planetdesign-3-fargad-usb-plast-vit\/#primaryimage","url":"https:\/\/i0.wp.com\/truusk.store\/wp-content\/uploads\/2025\/07\/bordlampsset-i-planetdesign-3-fargad-usb-plast-vit-1.webp?fit=2000%2C2000&ssl=1","contentUrl":"https:\/\/i0.wp.com\/truusk.store\/wp-content\/uploads\/2025\/07\/bordlampsset-i-planetdesign-3-fargad-usb-plast-vit-1.webp?fit=2000%2C2000&ssl=1","width":2000,"height":2000},{"@type":"BreadcrumbList","@id":"https:\/\/truusk.store\/sv\/produkt\/truusk-bordlampsset-i-planetdesign-3-fargad-usb-plast-vit\/#breadcrumb","itemListElement":[{"@type":"ListItem","position":1,"name":"Home","item":"https:\/\/truusk.store\/sv\/"},{"@type":"ListItem","position":2,"name":"Shop","item":"https:\/\/truusk.store\/shop\/"},{"@type":"ListItem","position":3,"name":"TRUUSK Bordlampsset i Planetdesign &#8211; 3-f\u00e4rgad &#8211; USB &#8211; Plast &#8211; Vit"}]},{"@type":"WebSite","@id":"https:\/\/truusk.store\/sv\/#website","url":"https:\/\/truusk.store\/sv\/","name":"TRUUSK - Hem, Tr\u00e4dg\u00e5rd & Fritid","description":"","publisher":{"@id":"https:\/\/truusk.store\/sv\/#organization"},"potentialAction":[{"@type":"SearchAction","target":{"@type":"EntryPoint","urlTemplate":"https:\/\/truusk.store\/sv\/?s={search_term_string}"},"query-input":{"@type":"PropertyValueSpecification","valueRequired":true,"valueName":"search_term_string"}}],"inLanguage":"sv-SE"},{"@type":"Organization","@id":"https:\/\/truusk.store\/sv\/#organization","name":"TRUUSK - Hem, Tr\u00e4dg\u00e5rd & Fritid","url":"https:\/\/truusk.store\/sv\/","logo":{"@type":"ImageObject","inLanguage":"sv-SE","@id":"https:\/\/truusk.store\/sv\/#\/schema\/logo\/image\/","url":"https:\/\/i0.wp.com\/truusk.store\/wp-content\/uploads\/2026\/03\/cropped-TRUUSK.png?fit=2032%2C917&ssl=1","contentUrl":"https:\/\/i0.wp.com\/truusk.store\/wp-content\/uploads\/2026\/03\/cropped-TRUUSK.png?fit=2032%2C917&ssl=1","width":2032,"height":917,"caption":"TRUUSK - Hem, Tr\u00e4dg\u00e5rd & Fritid"},"image":{"@id":"https:\/\/truusk.store\/sv\/#\/schema\/logo\/image\/"}}]}},"jetpack_sharing_enabled":true,"_links":{"self":[{"href":"https:\/\/truusk.store\/sv\/wp-json\/wp\/v2\/product\/82268","targetHints":{"allow":["GET"]}}],"collection":[{"href":"https:\/\/truusk.store\/sv\/wp-json\/wp\/v2\/product"}],"about":[{"href":"https:\/\/truusk.store\/sv\/wp-json\/wp\/v2\/types\/product"}],"wp:featuredmedia":[{"embeddable":true,"href":"https:\/\/truusk.store\/sv\/wp-json\/wp\/v2\/media\/82259"}],"wp:attachment":[{"href":"https:\/\/truusk.store\/sv\/wp-json\/wp\/v2\/media?parent=82268"}],"wp:term":[{"taxonomy":"product_brand","embeddable":true,"href":"https:\/\/truusk.store\/sv\/wp-json\/wp\/v2\/product_brand?post=82268"},{"taxonomy":"product_cat","embeddable":true,"href":"https:\/\/truusk.store\/sv\/wp-json\/wp\/v2\/product_cat?post=82268"},{"taxonomy":"product_tag","embeddable":true,"href":"https:\/\/truusk.store\/sv\/wp-json\/wp\/v2\/product_tag?post=82268"}],"curies":[{"name":"wp","href":"https:\/\/api.w.org\/{rel}","templated":true}]}}