{"id":82278,"date":"2025-07-08T05:11:28","date_gmt":"2025-07-08T04:11:28","guid":{"rendered":"https:\/\/truusk.store\/product\/golvlampa-med-skarm-i-mandesign-fotstrombrytare-3-fargtemperaturer-metall-svart\/"},"modified":"2026-03-12T08:46:09","modified_gmt":"2026-03-12T07:46:09","slug":"truusk-golvlampa-med-mandesign-skarm-i-metall-fotstrombrytare-3-fargtemperaturer-svart","status":"publish","type":"product","link":"https:\/\/truusk.store\/sv\/produkt\/truusk-golvlampa-med-mandesign-skarm-i-metall-fotstrombrytare-3-fargtemperaturer-svart\/","title":{"rendered":"TRUUSK Golvlampa med M\u00e5ndesign &#8211; Sk\u00e4rm i Metall &#8211; Fotstr\u00f6mbrytare &#8211; 3 F\u00e4rgtemperaturer &#8211; Svart"},"content":{"rendered":"<p>Upplev magin med m\u00e5nen direkt i ditt vardagsrum med TRUUSK:s 3D-utskrivna golvlampa. Sk\u00e4rmen p\u00e5 golvlampan visar en detaljerad m\u00e5ntextur, baserad p\u00e5 verkliga astronomiska data, och skapar en stj\u00e4rnhimmel varje g\u00e5ng du sl\u00e5r p\u00e5 den. Med tre valbara f\u00e4rgtemperaturer (3000K\/4000K\/6000K) kan du anpassa ljuset efter ditt hum\u00f6r. Bekv\u00e4m anv\u00e4ndning genom fotomkopplaren. Modern design med m\u00e5lad metallst\u00e5ng och ABS-lampsk\u00e4rm. Inkluderar E27 LED-majskolvsbulb.<\/p>\n<p>Beskrivning:<\/p>\n<ul>\n<li> Golvlampans 3D-teknologim\u00e5nsk\u00e4rm visar vackra texturer n\u00e4r den \u00e4r upplyst<\/li>\n<li> Tre f\u00e4rgtemperaturer (3000K, 4000K, 6000K) f\u00f6r fritt byte<\/li>\n<li> Fotomkopplare f\u00f6r att enkelt sl\u00e5 p\u00e5 och st\u00e4nga av lampan<\/li>\n<li> Stark metallram f\u00f6r vardagsrumslampan med rund bas, stark k\u00e4rna och viktad<\/li>\n<li> E27 lampsockel (1 x LED-majskolvsbulb ing\u00e5r)<\/li>\n<li> Enkel montering<\/li>\n<\/ul>\n<p> Tekniska data:<\/p>\n<ul>\n<li> F\u00e4rg: Vit+Svart<\/li>\n<li> Material: ABS, Metall<\/li>\n<li> Totala dimensioner: \u00d818 x 140H cm<\/li>\n<li> Lampsk\u00e4rmens diameter: 18 cm<\/li>\n<li> Lampfotens dimensioner: \u00d818 x 2H cm<\/li>\n<li> Majskolvsbulb effekt: 5 W<\/li>\n<li> F\u00e4rgtemperatur: 3000K, 4000K, 6000K<\/li>\n<li> Bulbsockel: E27<\/li>\n<li> Max. bulbstorlek: A60<\/li>\n<li> Max. bulbeffekt: 25 W<\/li>\n<li> L\u00e4ngd p\u00e5 str\u00f6mkabel: 2 m<\/li>\n<li> Ing\u00e5ng: AC 220 V, 50\/60 Hz<\/li>\n<\/ul>\n<p>Leveransinneh\u00e5ll:<\/p>\n<ul>\n<li> 1 x Golvlampa<\/li>\n<li> 1 x Bruksanvisning<\/li>\n<\/ul>\n","protected":false},"excerpt":{"rendered":"<p>Upplev magin med m\u00e5nen direkt i ditt vardagsrum med TRUUSK:s 3D-utskrivna golvlampa. Sk\u00e4rmen p\u00e5 golvlampan visar en detaljerad m\u00e5ntextur, baserad&#8230;<\/p>\n","protected":false},"featured_media":82269,"template":"","meta":[],"product_brand":[],"product_cat":[486,907,871],"product_tag":[],"class_list":{"0":"post-82278","1":"product","2":"type-product","3":"status-publish","4":"has-post-thumbnail","6":"product_cat-belysning","7":"product_cat-golvlampor","8":"product_cat-hus-hem","10":"first","11":"instock","12":"sale","13":"taxable","14":"shipping-taxable","15":"purchasable","16":"product-type-simple"},"yoast_head":"<!-- This site is optimized with the Yoast SEO plugin v25.4 - https:\/\/yoast.com\/wordpress\/plugins\/seo\/ -->\n<title>TRUUSK Golvlampa med M\u00e5ndesign - Sk\u00e4rm i Metall - Fotstr\u00f6mbrytare - 3 F\u00e4rgtemperaturer - Svart - TRUUSK - Hem, Tr\u00e4dg\u00e5rd &amp; Fritid<\/title>\n<meta name=\"robots\" content=\"index, follow, max-snippet:-1, max-image-preview:large, max-video-preview:-1\" \/>\n<link rel=\"canonical\" href=\"https:\/\/truusk.store\/sv\/produkt\/truusk-golvlampa-med-mandesign-skarm-i-metall-fotstrombrytare-3-fargtemperaturer-svart\/\" \/>\n<meta property=\"og:locale\" content=\"sv_SE\" \/>\n<meta property=\"og:type\" content=\"article\" \/>\n<meta property=\"og:title\" content=\"TRUUSK Golvlampa med M\u00e5ndesign - Sk\u00e4rm i Metall - Fotstr\u00f6mbrytare - 3 F\u00e4rgtemperaturer - Svart - TRUUSK - Hem, Tr\u00e4dg\u00e5rd &amp; Fritid\" \/>\n<meta property=\"og:description\" content=\"Upplev magin med m\u00e5nen direkt i ditt vardagsrum med TRUUSK:s 3D-utskrivna golvlampa. Sk\u00e4rmen p\u00e5 golvlampan visar en detaljerad m\u00e5ntextur, baserad...\" \/>\n<meta property=\"og:url\" content=\"https:\/\/truusk.store\/sv\/produkt\/truusk-golvlampa-med-mandesign-skarm-i-metall-fotstrombrytare-3-fargtemperaturer-svart\/\" \/>\n<meta property=\"og:site_name\" content=\"TRUUSK - Hem, Tr\u00e4dg\u00e5rd &amp; Fritid\" \/>\n<meta property=\"article:modified_time\" content=\"2026-03-12T07:46:09+00:00\" \/>\n<meta property=\"og:image\" content=\"https:\/\/i0.wp.com\/truusk.se\/wp-content\/uploads\/2025\/07\/golvlampa-med-skarm-i-mandesign-fotstrombrytare-3-fargtemperaturer-metall-svart-1.webp?fit=2000%2C2000&ssl=1\" \/>\n\t<meta property=\"og:image:width\" content=\"2000\" \/>\n\t<meta property=\"og:image:height\" content=\"2000\" \/>\n\t<meta property=\"og:image:type\" content=\"image\/webp\" \/>\n<meta name=\"twitter:card\" content=\"summary_large_image\" \/>\n<meta name=\"twitter:label1\" content=\"Ber\u00e4knad l\u00e4stid\" \/>\n\t<meta name=\"twitter:data1\" content=\"1 minut\" \/>\n<!-- \/ Yoast SEO plugin. -->","yoast_head_json":{"title":"TRUUSK Golvlampa med M\u00e5ndesign - Sk\u00e4rm i Metall - Fotstr\u00f6mbrytare - 3 F\u00e4rgtemperaturer - Svart - TRUUSK - Hem, Tr\u00e4dg\u00e5rd &amp; Fritid","robots":{"index":"index","follow":"follow","max-snippet":"max-snippet:-1","max-image-preview":"max-image-preview:large","max-video-preview":"max-video-preview:-1"},"canonical":"https:\/\/truusk.store\/sv\/produkt\/truusk-golvlampa-med-mandesign-skarm-i-metall-fotstrombrytare-3-fargtemperaturer-svart\/","og_locale":"sv_SE","og_type":"article","og_title":"TRUUSK Golvlampa med M\u00e5ndesign - Sk\u00e4rm i Metall - Fotstr\u00f6mbrytare - 3 F\u00e4rgtemperaturer - Svart - TRUUSK - Hem, Tr\u00e4dg\u00e5rd &amp; Fritid","og_description":"Upplev magin med m\u00e5nen direkt i ditt vardagsrum med TRUUSK:s 3D-utskrivna golvlampa. Sk\u00e4rmen p\u00e5 golvlampan visar en detaljerad m\u00e5ntextur, baserad...","og_url":"https:\/\/truusk.store\/sv\/produkt\/truusk-golvlampa-med-mandesign-skarm-i-metall-fotstrombrytare-3-fargtemperaturer-svart\/","og_site_name":"TRUUSK - Hem, Tr\u00e4dg\u00e5rd &amp; Fritid","article_modified_time":"2026-03-12T07:46:09+00:00","og_image":[{"width":2000,"height":2000,"url":"https:\/\/i0.wp.com\/truusk.se\/wp-content\/uploads\/2025\/07\/golvlampa-med-skarm-i-mandesign-fotstrombrytare-3-fargtemperaturer-metall-svart-1.webp?fit=2000%2C2000&ssl=1","type":"image\/webp"}],"twitter_card":"summary_large_image","twitter_misc":{"Ber\u00e4knad l\u00e4stid":"1 minut"},"schema":{"@context":"https:\/\/schema.org","@graph":[{"@type":"WebPage","@id":"https:\/\/truusk.store\/sv\/produkt\/truusk-golvlampa-med-mandesign-skarm-i-metall-fotstrombrytare-3-fargtemperaturer-svart\/","url":"https:\/\/truusk.store\/sv\/produkt\/truusk-golvlampa-med-mandesign-skarm-i-metall-fotstrombrytare-3-fargtemperaturer-svart\/","name":"TRUUSK Golvlampa med M\u00e5ndesign - Sk\u00e4rm i Metall - Fotstr\u00f6mbrytare - 3 F\u00e4rgtemperaturer - Svart - TRUUSK - Hem, Tr\u00e4dg\u00e5rd &amp; Fritid","isPartOf":{"@id":"https:\/\/truusk.store\/sv\/#website"},"primaryImageOfPage":{"@id":"https:\/\/truusk.store\/sv\/produkt\/truusk-golvlampa-med-mandesign-skarm-i-metall-fotstrombrytare-3-fargtemperaturer-svart\/#primaryimage"},"image":{"@id":"https:\/\/truusk.store\/sv\/produkt\/truusk-golvlampa-med-mandesign-skarm-i-metall-fotstrombrytare-3-fargtemperaturer-svart\/#primaryimage"},"thumbnailUrl":"https:\/\/i0.wp.com\/truusk.store\/wp-content\/uploads\/2025\/07\/golvlampa-med-skarm-i-mandesign-fotstrombrytare-3-fargtemperaturer-metall-svart-1.webp?fit=2000%2C2000&ssl=1","datePublished":"2025-07-08T04:11:28+00:00","dateModified":"2026-03-12T07:46:09+00:00","breadcrumb":{"@id":"https:\/\/truusk.store\/sv\/produkt\/truusk-golvlampa-med-mandesign-skarm-i-metall-fotstrombrytare-3-fargtemperaturer-svart\/#breadcrumb"},"inLanguage":"sv-SE","potentialAction":[{"@type":"ReadAction","target":["https:\/\/truusk.store\/sv\/produkt\/truusk-golvlampa-med-mandesign-skarm-i-metall-fotstrombrytare-3-fargtemperaturer-svart\/"]}]},{"@type":"ImageObject","inLanguage":"sv-SE","@id":"https:\/\/truusk.store\/sv\/produkt\/truusk-golvlampa-med-mandesign-skarm-i-metall-fotstrombrytare-3-fargtemperaturer-svart\/#primaryimage","url":"https:\/\/i0.wp.com\/truusk.store\/wp-content\/uploads\/2025\/07\/golvlampa-med-skarm-i-mandesign-fotstrombrytare-3-fargtemperaturer-metall-svart-1.webp?fit=2000%2C2000&ssl=1","contentUrl":"https:\/\/i0.wp.com\/truusk.store\/wp-content\/uploads\/2025\/07\/golvlampa-med-skarm-i-mandesign-fotstrombrytare-3-fargtemperaturer-metall-svart-1.webp?fit=2000%2C2000&ssl=1","width":2000,"height":2000},{"@type":"BreadcrumbList","@id":"https:\/\/truusk.store\/sv\/produkt\/truusk-golvlampa-med-mandesign-skarm-i-metall-fotstrombrytare-3-fargtemperaturer-svart\/#breadcrumb","itemListElement":[{"@type":"ListItem","position":1,"name":"Home","item":"https:\/\/truusk.store\/sv\/"},{"@type":"ListItem","position":2,"name":"Shop","item":"https:\/\/truusk.store\/shop\/"},{"@type":"ListItem","position":3,"name":"TRUUSK Golvlampa med M\u00e5ndesign &#8211; Sk\u00e4rm i Metall &#8211; Fotstr\u00f6mbrytare &#8211; 3 F\u00e4rgtemperaturer &#8211; Svart"}]},{"@type":"WebSite","@id":"https:\/\/truusk.store\/sv\/#website","url":"https:\/\/truusk.store\/sv\/","name":"TRUUSK - Hem, Tr\u00e4dg\u00e5rd & Fritid","description":"","publisher":{"@id":"https:\/\/truusk.store\/sv\/#organization"},"potentialAction":[{"@type":"SearchAction","target":{"@type":"EntryPoint","urlTemplate":"https:\/\/truusk.store\/sv\/?s={search_term_string}"},"query-input":{"@type":"PropertyValueSpecification","valueRequired":true,"valueName":"search_term_string"}}],"inLanguage":"sv-SE"},{"@type":"Organization","@id":"https:\/\/truusk.store\/sv\/#organization","name":"TRUUSK - Hem, Tr\u00e4dg\u00e5rd & Fritid","url":"https:\/\/truusk.store\/sv\/","logo":{"@type":"ImageObject","inLanguage":"sv-SE","@id":"https:\/\/truusk.store\/sv\/#\/schema\/logo\/image\/","url":"https:\/\/i0.wp.com\/truusk.store\/wp-content\/uploads\/2026\/03\/cropped-TRUUSK.png?fit=2032%2C917&ssl=1","contentUrl":"https:\/\/i0.wp.com\/truusk.store\/wp-content\/uploads\/2026\/03\/cropped-TRUUSK.png?fit=2032%2C917&ssl=1","width":2032,"height":917,"caption":"TRUUSK - Hem, Tr\u00e4dg\u00e5rd & Fritid"},"image":{"@id":"https:\/\/truusk.store\/sv\/#\/schema\/logo\/image\/"}}]}},"jetpack_sharing_enabled":true,"_links":{"self":[{"href":"https:\/\/truusk.store\/sv\/wp-json\/wp\/v2\/product\/82278","targetHints":{"allow":["GET"]}}],"collection":[{"href":"https:\/\/truusk.store\/sv\/wp-json\/wp\/v2\/product"}],"about":[{"href":"https:\/\/truusk.store\/sv\/wp-json\/wp\/v2\/types\/product"}],"wp:featuredmedia":[{"embeddable":true,"href":"https:\/\/truusk.store\/sv\/wp-json\/wp\/v2\/media\/82269"}],"wp:attachment":[{"href":"https:\/\/truusk.store\/sv\/wp-json\/wp\/v2\/media?parent=82278"}],"wp:term":[{"taxonomy":"product_brand","embeddable":true,"href":"https:\/\/truusk.store\/sv\/wp-json\/wp\/v2\/product_brand?post=82278"},{"taxonomy":"product_cat","embeddable":true,"href":"https:\/\/truusk.store\/sv\/wp-json\/wp\/v2\/product_cat?post=82278"},{"taxonomy":"product_tag","embeddable":true,"href":"https:\/\/truusk.store\/sv\/wp-json\/wp\/v2\/product_tag?post=82278"}],"curies":[{"name":"wp","href":"https:\/\/api.w.org\/{rel}","templated":true}]}}