{"id":8230,"date":"2024-02-13T09:12:36","date_gmt":"2024-02-13T08:12:36","guid":{"rendered":"https:\/\/truusk.store\/product\/motionscykel-med-magnetiskt-motstand-8-nivaer-justerbar-i-hojdled-lcd-display-rod-vit\/"},"modified":"2026-03-12T08:55:45","modified_gmt":"2026-03-12T07:55:45","slug":"truusk-motionscykel-med-magnetiskt-motstand-8-nivaer-justerbar-i-hojdled-lcd-display-rod-vit","status":"publish","type":"product","link":"https:\/\/truusk.store\/sv\/produkt\/truusk-motionscykel-med-magnetiskt-motstand-8-nivaer-justerbar-i-hojdled-lcd-display-rod-vit\/","title":{"rendered":"TRUUSK Motionscykel Med Magnetiskt Motst\u00e5nd &#8211; 8 Niv\u00e5er &#8211; Justerbar I H\u00f6jdled &#8211; LCD Display &#8211; R\u00f6d + Vit"},"content":{"rendered":"<p>Denna motionscykel X-Bike best\u00e5r av en solid st\u00e5lram och \u00e4r utrustad med en LCD-display f\u00f6r att visa aktuell status. St\u00e4rk din uth\u00e5llighet, br\u00e4nn kalorier och tr\u00e4na muskler i armar, ben, midja och h\u00f6fter. N\u00e4r den inte anv\u00e4nds kan den h\u00e4r motionscykeln bekv\u00e4mt f\u00e4llas ihop och f\u00f6rvaras f\u00f6r att spara utrymme. St\u00e4rk din kropp och sj\u00e4l n\u00e4r som helst p\u00e5 dagen med denna m\u00e5ngsidiga tr\u00e4ningsenhet!<\/p>\n<h3>Beskrivning:<\/h3>\n<ul>\n<li>H\u00f6gkvalitativ st\u00e5lram med h\u00f6g lastkapacitet<\/li>\n<li>Dubbel X-frame st\u00f6dstruktur f\u00f6r h\u00f6g stabilitet<\/li>\n<li>Justerbart ryggst\u00f6d s\u00e5 att den \u00e4ven kan anv\u00e4ndas som liggcykel vid behov<\/li>\n<li>Sitth\u00f6jden kan justeras i 5 niv\u00e5er<\/li>\n<li>8-niv\u00e5s magnetiskt pedalmotst\u00e5nd<\/li>\n<li>Bekv\u00e4m och tydlig LCD-display<\/li>\n<li>2 AAA-batterier kr\u00e4vs (ING\u00c5R INTE)<\/li>\n<li>Halkfri fotkudde f\u00f6r stabilitet<\/li>\n<li>Transporthjul p\u00e5 botten f\u00f6r enkel f\u00f6rflyttning<\/li>\n<li>Kan f\u00e4llas ihop n\u00e4r den inte anv\u00e4nds<\/li>\n<\/ul>\n<h3>Teknisk data:<\/h3>\n<ul>\n<li>F\u00e4rg: R\u00f6d+Vit<\/li>\n<li>Material: st\u00e5l, ABS, PVC<\/li>\n<li>\u00d6vergripande m\u00e5tt: 43W x 97D x 109H cm<\/li>\n<li>Vikt m\u00e5tt: 43W x 56D x 129H cm<\/li>\n<li>Ryggst\u00f6dsstorlek: 24L x 20W cm<\/li>\n<li>Sitth\u00f6jd: 73-83 cm<\/li>\n<li>TPR fotbr\u00e4da storlek: 12L x 10W cm<\/li>\n<li>Lastkapacitet: 110 kg<\/li>\n<\/ul>\n<h3>Leveransens omfattning:<\/h3>\n<ul>\n<li>1 x motionscykel;<\/li>\n<\/ul>\n","protected":false},"excerpt":{"rendered":"<p>Denna motionscykel X-Bike best\u00e5r av en solid st\u00e5lram och \u00e4r utrustad med en LCD-display f\u00f6r att visa aktuell status. St\u00e4rk&#8230;<\/p>\n","protected":false},"featured_media":8231,"template":"","meta":[],"product_brand":[],"product_cat":[664,661,647],"product_tag":[],"class_list":{"0":"post-8230","1":"product","2":"type-product","3":"status-publish","4":"has-post-thumbnail","6":"product_cat-ergometrar-motionscyklar","7":"product_cat-kondition-styrketraning","8":"product_cat-sport-fritid","10":"first","11":"instock","12":"sale","13":"taxable","14":"shipping-taxable","15":"purchasable","16":"product-type-simple"},"yoast_head":"<!-- This site is optimized with the Yoast SEO plugin v25.4 - https:\/\/yoast.com\/wordpress\/plugins\/seo\/ -->\n<title>TRUUSK Motionscykel Med Magnetiskt Motst\u00e5nd - 8 Niv\u00e5er - Justerbar I H\u00f6jdled - LCD Display - R\u00f6d + Vit - TRUUSK - Hem, Tr\u00e4dg\u00e5rd &amp; Fritid<\/title>\n<meta name=\"robots\" content=\"index, follow, max-snippet:-1, max-image-preview:large, max-video-preview:-1\" \/>\n<link rel=\"canonical\" href=\"https:\/\/truusk.store\/sv\/produkt\/truusk-motionscykel-med-magnetiskt-motstand-8-nivaer-justerbar-i-hojdled-lcd-display-rod-vit\/\" \/>\n<meta property=\"og:locale\" content=\"sv_SE\" \/>\n<meta property=\"og:type\" content=\"article\" \/>\n<meta property=\"og:title\" content=\"TRUUSK Motionscykel Med Magnetiskt Motst\u00e5nd - 8 Niv\u00e5er - Justerbar I H\u00f6jdled - LCD Display - R\u00f6d + Vit - TRUUSK - Hem, Tr\u00e4dg\u00e5rd &amp; Fritid\" \/>\n<meta property=\"og:description\" content=\"Denna motionscykel X-Bike best\u00e5r av en solid st\u00e5lram och \u00e4r utrustad med en LCD-display f\u00f6r att visa aktuell status. St\u00e4rk...\" \/>\n<meta property=\"og:url\" content=\"https:\/\/truusk.store\/sv\/produkt\/truusk-motionscykel-med-magnetiskt-motstand-8-nivaer-justerbar-i-hojdled-lcd-display-rod-vit\/\" \/>\n<meta property=\"og:site_name\" content=\"TRUUSK - Hem, Tr\u00e4dg\u00e5rd &amp; Fritid\" \/>\n<meta property=\"article:modified_time\" content=\"2026-03-12T07:55:45+00:00\" \/>\n<meta property=\"og:image\" content=\"https:\/\/i0.wp.com\/truusk.se\/wp-content\/uploads\/2024\/02\/motionscykel-med-magnetiskt-motstand-8-nivaer-justerbar-i-hojdled-lcd-display-rod-vit.webp?fit=800%2C800&ssl=1\" \/>\n\t<meta property=\"og:image:width\" content=\"800\" \/>\n\t<meta property=\"og:image:height\" content=\"800\" \/>\n\t<meta property=\"og:image:type\" content=\"image\/webp\" \/>\n<meta name=\"twitter:card\" content=\"summary_large_image\" \/>\n<meta name=\"twitter:label1\" content=\"Ber\u00e4knad l\u00e4stid\" \/>\n\t<meta name=\"twitter:data1\" content=\"1 minut\" \/>\n<!-- \/ Yoast SEO plugin. -->","yoast_head_json":{"title":"TRUUSK Motionscykel Med Magnetiskt Motst\u00e5nd - 8 Niv\u00e5er - Justerbar I H\u00f6jdled - LCD Display - R\u00f6d + Vit - TRUUSK - Hem, Tr\u00e4dg\u00e5rd &amp; Fritid","robots":{"index":"index","follow":"follow","max-snippet":"max-snippet:-1","max-image-preview":"max-image-preview:large","max-video-preview":"max-video-preview:-1"},"canonical":"https:\/\/truusk.store\/sv\/produkt\/truusk-motionscykel-med-magnetiskt-motstand-8-nivaer-justerbar-i-hojdled-lcd-display-rod-vit\/","og_locale":"sv_SE","og_type":"article","og_title":"TRUUSK Motionscykel Med Magnetiskt Motst\u00e5nd - 8 Niv\u00e5er - Justerbar I H\u00f6jdled - LCD Display - R\u00f6d + Vit - TRUUSK - Hem, Tr\u00e4dg\u00e5rd &amp; Fritid","og_description":"Denna motionscykel X-Bike best\u00e5r av en solid st\u00e5lram och \u00e4r utrustad med en LCD-display f\u00f6r att visa aktuell status. St\u00e4rk...","og_url":"https:\/\/truusk.store\/sv\/produkt\/truusk-motionscykel-med-magnetiskt-motstand-8-nivaer-justerbar-i-hojdled-lcd-display-rod-vit\/","og_site_name":"TRUUSK - Hem, Tr\u00e4dg\u00e5rd &amp; Fritid","article_modified_time":"2026-03-12T07:55:45+00:00","og_image":[{"width":800,"height":800,"url":"https:\/\/i0.wp.com\/truusk.se\/wp-content\/uploads\/2024\/02\/motionscykel-med-magnetiskt-motstand-8-nivaer-justerbar-i-hojdled-lcd-display-rod-vit.webp?fit=800%2C800&ssl=1","type":"image\/webp"}],"twitter_card":"summary_large_image","twitter_misc":{"Ber\u00e4knad l\u00e4stid":"1 minut"},"schema":{"@context":"https:\/\/schema.org","@graph":[{"@type":"WebPage","@id":"https:\/\/truusk.store\/sv\/produkt\/truusk-motionscykel-med-magnetiskt-motstand-8-nivaer-justerbar-i-hojdled-lcd-display-rod-vit\/","url":"https:\/\/truusk.store\/sv\/produkt\/truusk-motionscykel-med-magnetiskt-motstand-8-nivaer-justerbar-i-hojdled-lcd-display-rod-vit\/","name":"TRUUSK Motionscykel Med Magnetiskt Motst\u00e5nd - 8 Niv\u00e5er - Justerbar I H\u00f6jdled - LCD Display - R\u00f6d + Vit - TRUUSK - Hem, Tr\u00e4dg\u00e5rd &amp; Fritid","isPartOf":{"@id":"https:\/\/truusk.store\/sv\/#website"},"primaryImageOfPage":{"@id":"https:\/\/truusk.store\/sv\/produkt\/truusk-motionscykel-med-magnetiskt-motstand-8-nivaer-justerbar-i-hojdled-lcd-display-rod-vit\/#primaryimage"},"image":{"@id":"https:\/\/truusk.store\/sv\/produkt\/truusk-motionscykel-med-magnetiskt-motstand-8-nivaer-justerbar-i-hojdled-lcd-display-rod-vit\/#primaryimage"},"thumbnailUrl":"https:\/\/i0.wp.com\/truusk.store\/wp-content\/uploads\/2024\/02\/motionscykel-med-magnetiskt-motstand-8-nivaer-justerbar-i-hojdled-lcd-display-rod-vit.webp?fit=800%2C800&ssl=1","datePublished":"2024-02-13T08:12:36+00:00","dateModified":"2026-03-12T07:55:45+00:00","breadcrumb":{"@id":"https:\/\/truusk.store\/sv\/produkt\/truusk-motionscykel-med-magnetiskt-motstand-8-nivaer-justerbar-i-hojdled-lcd-display-rod-vit\/#breadcrumb"},"inLanguage":"sv-SE","potentialAction":[{"@type":"ReadAction","target":["https:\/\/truusk.store\/sv\/produkt\/truusk-motionscykel-med-magnetiskt-motstand-8-nivaer-justerbar-i-hojdled-lcd-display-rod-vit\/"]}]},{"@type":"ImageObject","inLanguage":"sv-SE","@id":"https:\/\/truusk.store\/sv\/produkt\/truusk-motionscykel-med-magnetiskt-motstand-8-nivaer-justerbar-i-hojdled-lcd-display-rod-vit\/#primaryimage","url":"https:\/\/i0.wp.com\/truusk.store\/wp-content\/uploads\/2024\/02\/motionscykel-med-magnetiskt-motstand-8-nivaer-justerbar-i-hojdled-lcd-display-rod-vit.webp?fit=800%2C800&ssl=1","contentUrl":"https:\/\/i0.wp.com\/truusk.store\/wp-content\/uploads\/2024\/02\/motionscykel-med-magnetiskt-motstand-8-nivaer-justerbar-i-hojdled-lcd-display-rod-vit.webp?fit=800%2C800&ssl=1","width":800,"height":800,"caption":"Motionscykel Med Magnetiskt Motst\u00e5nd, 8 Niv\u00e5er, Justerbar I H\u00f6jdled, LCD Display, R\u00f6d + Vit 1"},{"@type":"BreadcrumbList","@id":"https:\/\/truusk.store\/sv\/produkt\/truusk-motionscykel-med-magnetiskt-motstand-8-nivaer-justerbar-i-hojdled-lcd-display-rod-vit\/#breadcrumb","itemListElement":[{"@type":"ListItem","position":1,"name":"Home","item":"https:\/\/truusk.store\/sv\/"},{"@type":"ListItem","position":2,"name":"Shop","item":"https:\/\/truusk.store\/shop\/"},{"@type":"ListItem","position":3,"name":"TRUUSK Motionscykel Med Magnetiskt Motst\u00e5nd &#8211; 8 Niv\u00e5er &#8211; Justerbar I H\u00f6jdled &#8211; LCD Display &#8211; R\u00f6d + Vit"}]},{"@type":"WebSite","@id":"https:\/\/truusk.store\/sv\/#website","url":"https:\/\/truusk.store\/sv\/","name":"TRUUSK - Hem, Tr\u00e4dg\u00e5rd & Fritid","description":"","publisher":{"@id":"https:\/\/truusk.store\/sv\/#organization"},"potentialAction":[{"@type":"SearchAction","target":{"@type":"EntryPoint","urlTemplate":"https:\/\/truusk.store\/sv\/?s={search_term_string}"},"query-input":{"@type":"PropertyValueSpecification","valueRequired":true,"valueName":"search_term_string"}}],"inLanguage":"sv-SE"},{"@type":"Organization","@id":"https:\/\/truusk.store\/sv\/#organization","name":"TRUUSK - Hem, Tr\u00e4dg\u00e5rd & Fritid","url":"https:\/\/truusk.store\/sv\/","logo":{"@type":"ImageObject","inLanguage":"sv-SE","@id":"https:\/\/truusk.store\/sv\/#\/schema\/logo\/image\/","url":"https:\/\/i0.wp.com\/truusk.store\/wp-content\/uploads\/2026\/03\/cropped-TRUUSK.png?fit=2032%2C917&ssl=1","contentUrl":"https:\/\/i0.wp.com\/truusk.store\/wp-content\/uploads\/2026\/03\/cropped-TRUUSK.png?fit=2032%2C917&ssl=1","width":2032,"height":917,"caption":"TRUUSK - Hem, Tr\u00e4dg\u00e5rd & Fritid"},"image":{"@id":"https:\/\/truusk.store\/sv\/#\/schema\/logo\/image\/"}}]}},"jetpack_sharing_enabled":true,"_links":{"self":[{"href":"https:\/\/truusk.store\/sv\/wp-json\/wp\/v2\/product\/8230","targetHints":{"allow":["GET"]}}],"collection":[{"href":"https:\/\/truusk.store\/sv\/wp-json\/wp\/v2\/product"}],"about":[{"href":"https:\/\/truusk.store\/sv\/wp-json\/wp\/v2\/types\/product"}],"wp:featuredmedia":[{"embeddable":true,"href":"https:\/\/truusk.store\/sv\/wp-json\/wp\/v2\/media\/8231"}],"wp:attachment":[{"href":"https:\/\/truusk.store\/sv\/wp-json\/wp\/v2\/media?parent=8230"}],"wp:term":[{"taxonomy":"product_brand","embeddable":true,"href":"https:\/\/truusk.store\/sv\/wp-json\/wp\/v2\/product_brand?post=8230"},{"taxonomy":"product_cat","embeddable":true,"href":"https:\/\/truusk.store\/sv\/wp-json\/wp\/v2\/product_cat?post=8230"},{"taxonomy":"product_tag","embeddable":true,"href":"https:\/\/truusk.store\/sv\/wp-json\/wp\/v2\/product_tag?post=8230"}],"curies":[{"name":"wp","href":"https:\/\/api.w.org\/{rel}","templated":true}]}}