{"id":82348,"date":"2025-07-08T05:18:27","date_gmt":"2025-07-08T04:18:27","guid":{"rendered":"https:\/\/truusk.store\/product\/klostrad-med-juteklosmatta-liggplattform-lekboll-kattstuga-beige-40-x-40-x-57-cm-2\/"},"modified":"2026-03-12T08:46:26","modified_gmt":"2026-03-12T07:46:26","slug":"truusk-kattklostrad-med-juteklosmatta-liggplattform-lekboll-kattstuga-beige-40-x-40-x-57-cm","status":"publish","type":"product","link":"https:\/\/truusk.store\/sv\/produkt\/truusk-kattklostrad-med-juteklosmatta-liggplattform-lekboll-kattstuga-beige-40-x-40-x-57-cm\/","title":{"rendered":"TRUUSK Kattkl\u00f6str\u00e4d med Jutekl\u00f6smatta &#8211; Liggplattform &#8211; Lekboll &#8211; Kattstuga &#8211; Beige &#8211; 40 x 40 x 57 cm"},"content":{"rendered":"<p>Detta katt hus fr\u00e5n TRUUSK \u00e4r ett kl\u00f6str\u00e4d, lek- och sovplats i ett. En kl\u00f6smatta av jute, en sovplats, ett litet hus och en lekboll ger mycket variation. Tack vare de tre niv\u00e5erna kan din innekatt kl\u00e4ttra, hoppa och leka efter hj\u00e4rtats lust. Och n\u00e4r det \u00e4r dags f\u00f6r en tupplur, fungerar den mjuka liggytan p\u00e5 taket som en utm\u00e4rkt s\u00e4ng. Ge din katt ett sp\u00e4nnande och mysigt nytt hem med detta m\u00e5ngsidiga kl\u00f6str\u00e4d fr\u00e5n TRUUSK.<\/p>\n<p>Beskrivning:<\/p>\n<ul>\n<li> Den perfekta platsen f\u00f6r din katt att leka och koppla av<\/li>\n<li> Kl\u00f6smattan av jute \u00e4r bra f\u00f6r att v\u00e4ssa klorna<\/li>\n<li> Tillverkad av h\u00f6gkvalitativ sp\u00e5nskiva av klass E1<\/li>\n<li> Sov- och lekplats i ett<\/li>\n<li> Den klassiska designen passar till m\u00e5nga inredningsstilar<\/li>\n<li> M\u00e5nga niv\u00e5er att kl\u00e4ttra, hoppa och f\u00f6r den perfekta utsikten<\/li>\n<li> L\u00e4mplig f\u00f6r katter upp till 5 kg<\/li>\n<li> Montering kr\u00e4vs<\/li>\n<\/ul>\n<p> Tekniska data:<\/p>\n<ul>\n<li> F\u00e4rg: Beige<\/li>\n<li> Material: Sp\u00e5nskiva, plysch, jute<\/li>\n<li> Totala m\u00e5tt: 40B x 40T x 57H cm<\/li>\n<li> Storlek p\u00e5 kattgrottan: 30B x 30T x 23H cm<\/li>\n<li> Storlek p\u00e5 d\u00f6rren: 15B x 15H cm<\/li>\n<li> Storlek p\u00e5 kl\u00f6smattan: 27B x 14H cm<\/li>\n<li> Storlek p\u00e5 den nedre plattan: 40B x 40T cm<\/li>\n<li> Storlek p\u00e5 den \u00f6versta katts\u00e4ngen: 48B x 30T x 6H cm<\/li>\n<li> Diameter p\u00e5 st\u00e5ngen: \u00d85,5 cm<\/li>\n<li> Rekommenderad husdjursvikt: upp till 5 kg<\/li>\n<\/ul>\n<p>Leverans inneh\u00e5ller:<\/p>\n<ul>\n<li>1 x Kl\u00f6str\u00e4d<\/li>\n<li>1 x Manual<\/li>\n<\/ul>\n","protected":false},"excerpt":{"rendered":"<p>Detta katt hus fr\u00e5n TRUUSK \u00e4r ett kl\u00f6str\u00e4d, lek- och sovplats i ett. En kl\u00f6smatta av jute, en sovplats, ett&#8230;<\/p>\n","protected":false},"featured_media":82339,"template":"","meta":[],"product_brand":[],"product_cat":[878,588,879],"product_tag":[],"class_list":{"0":"post-82348","1":"product","2":"type-product","3":"status-publish","4":"has-post-thumbnail","6":"product_cat-djurbehov","7":"product_cat-katttillbehor","8":"product_cat-klostrad","10":"first","11":"instock","12":"sale","13":"taxable","14":"shipping-taxable","15":"purchasable","16":"product-type-simple"},"yoast_head":"<!-- This site is optimized with the Yoast SEO plugin v25.4 - https:\/\/yoast.com\/wordpress\/plugins\/seo\/ -->\n<title>TRUUSK Kattkl\u00f6str\u00e4d med Jutekl\u00f6smatta - Liggplattform - Lekboll - Kattstuga - Beige - 40 x 40 x 57 cm - TRUUSK - Hem, Tr\u00e4dg\u00e5rd &amp; Fritid<\/title>\n<meta name=\"robots\" content=\"index, follow, max-snippet:-1, max-image-preview:large, max-video-preview:-1\" \/>\n<link rel=\"canonical\" href=\"https:\/\/truusk.store\/sv\/produkt\/truusk-kattklostrad-med-juteklosmatta-liggplattform-lekboll-kattstuga-beige-40-x-40-x-57-cm\/\" \/>\n<meta property=\"og:locale\" content=\"sv_SE\" \/>\n<meta property=\"og:type\" content=\"article\" \/>\n<meta property=\"og:title\" content=\"TRUUSK Kattkl\u00f6str\u00e4d med Jutekl\u00f6smatta - Liggplattform - Lekboll - Kattstuga - Beige - 40 x 40 x 57 cm - TRUUSK - Hem, Tr\u00e4dg\u00e5rd &amp; Fritid\" \/>\n<meta property=\"og:description\" content=\"Detta katt hus fr\u00e5n TRUUSK \u00e4r ett kl\u00f6str\u00e4d, lek- och sovplats i ett. En kl\u00f6smatta av jute, en sovplats, ett...\" \/>\n<meta property=\"og:url\" content=\"https:\/\/truusk.store\/sv\/produkt\/truusk-kattklostrad-med-juteklosmatta-liggplattform-lekboll-kattstuga-beige-40-x-40-x-57-cm\/\" \/>\n<meta property=\"og:site_name\" content=\"TRUUSK - Hem, Tr\u00e4dg\u00e5rd &amp; Fritid\" \/>\n<meta property=\"article:modified_time\" content=\"2026-03-12T07:46:26+00:00\" \/>\n<meta property=\"og:image\" content=\"https:\/\/i0.wp.com\/truusk.se\/wp-content\/uploads\/2025\/07\/klostrad-med-juteklosmatta-liggplattform-lekboll-kattstuga-beige-40-x-40-x-57-cm-1-1.webp?fit=2000%2C2000&ssl=1\" \/>\n\t<meta property=\"og:image:width\" content=\"2000\" \/>\n\t<meta property=\"og:image:height\" content=\"2000\" \/>\n\t<meta property=\"og:image:type\" content=\"image\/webp\" \/>\n<meta name=\"twitter:card\" content=\"summary_large_image\" \/>\n<meta name=\"twitter:label1\" content=\"Ber\u00e4knad l\u00e4stid\" \/>\n\t<meta name=\"twitter:data1\" content=\"1 minut\" \/>\n<!-- \/ Yoast SEO plugin. -->","yoast_head_json":{"title":"TRUUSK Kattkl\u00f6str\u00e4d med Jutekl\u00f6smatta - Liggplattform - Lekboll - Kattstuga - Beige - 40 x 40 x 57 cm - TRUUSK - Hem, Tr\u00e4dg\u00e5rd &amp; Fritid","robots":{"index":"index","follow":"follow","max-snippet":"max-snippet:-1","max-image-preview":"max-image-preview:large","max-video-preview":"max-video-preview:-1"},"canonical":"https:\/\/truusk.store\/sv\/produkt\/truusk-kattklostrad-med-juteklosmatta-liggplattform-lekboll-kattstuga-beige-40-x-40-x-57-cm\/","og_locale":"sv_SE","og_type":"article","og_title":"TRUUSK Kattkl\u00f6str\u00e4d med Jutekl\u00f6smatta - Liggplattform - Lekboll - Kattstuga - Beige - 40 x 40 x 57 cm - TRUUSK - Hem, Tr\u00e4dg\u00e5rd &amp; Fritid","og_description":"Detta katt hus fr\u00e5n TRUUSK \u00e4r ett kl\u00f6str\u00e4d, lek- och sovplats i ett. En kl\u00f6smatta av jute, en sovplats, ett...","og_url":"https:\/\/truusk.store\/sv\/produkt\/truusk-kattklostrad-med-juteklosmatta-liggplattform-lekboll-kattstuga-beige-40-x-40-x-57-cm\/","og_site_name":"TRUUSK - Hem, Tr\u00e4dg\u00e5rd &amp; Fritid","article_modified_time":"2026-03-12T07:46:26+00:00","og_image":[{"width":2000,"height":2000,"url":"https:\/\/i0.wp.com\/truusk.se\/wp-content\/uploads\/2025\/07\/klostrad-med-juteklosmatta-liggplattform-lekboll-kattstuga-beige-40-x-40-x-57-cm-1-1.webp?fit=2000%2C2000&ssl=1","type":"image\/webp"}],"twitter_card":"summary_large_image","twitter_misc":{"Ber\u00e4knad l\u00e4stid":"1 minut"},"schema":{"@context":"https:\/\/schema.org","@graph":[{"@type":"WebPage","@id":"https:\/\/truusk.store\/sv\/produkt\/truusk-kattklostrad-med-juteklosmatta-liggplattform-lekboll-kattstuga-beige-40-x-40-x-57-cm\/","url":"https:\/\/truusk.store\/sv\/produkt\/truusk-kattklostrad-med-juteklosmatta-liggplattform-lekboll-kattstuga-beige-40-x-40-x-57-cm\/","name":"TRUUSK Kattkl\u00f6str\u00e4d med Jutekl\u00f6smatta - Liggplattform - Lekboll - Kattstuga - Beige - 40 x 40 x 57 cm - TRUUSK - Hem, Tr\u00e4dg\u00e5rd &amp; Fritid","isPartOf":{"@id":"https:\/\/truusk.store\/sv\/#website"},"primaryImageOfPage":{"@id":"https:\/\/truusk.store\/sv\/produkt\/truusk-kattklostrad-med-juteklosmatta-liggplattform-lekboll-kattstuga-beige-40-x-40-x-57-cm\/#primaryimage"},"image":{"@id":"https:\/\/truusk.store\/sv\/produkt\/truusk-kattklostrad-med-juteklosmatta-liggplattform-lekboll-kattstuga-beige-40-x-40-x-57-cm\/#primaryimage"},"thumbnailUrl":"https:\/\/i0.wp.com\/truusk.store\/wp-content\/uploads\/2025\/07\/klostrad-med-juteklosmatta-liggplattform-lekboll-kattstuga-beige-40-x-40-x-57-cm-1-1.webp?fit=2000%2C2000&ssl=1","datePublished":"2025-07-08T04:18:27+00:00","dateModified":"2026-03-12T07:46:26+00:00","breadcrumb":{"@id":"https:\/\/truusk.store\/sv\/produkt\/truusk-kattklostrad-med-juteklosmatta-liggplattform-lekboll-kattstuga-beige-40-x-40-x-57-cm\/#breadcrumb"},"inLanguage":"sv-SE","potentialAction":[{"@type":"ReadAction","target":["https:\/\/truusk.store\/sv\/produkt\/truusk-kattklostrad-med-juteklosmatta-liggplattform-lekboll-kattstuga-beige-40-x-40-x-57-cm\/"]}]},{"@type":"ImageObject","inLanguage":"sv-SE","@id":"https:\/\/truusk.store\/sv\/produkt\/truusk-kattklostrad-med-juteklosmatta-liggplattform-lekboll-kattstuga-beige-40-x-40-x-57-cm\/#primaryimage","url":"https:\/\/i0.wp.com\/truusk.store\/wp-content\/uploads\/2025\/07\/klostrad-med-juteklosmatta-liggplattform-lekboll-kattstuga-beige-40-x-40-x-57-cm-1-1.webp?fit=2000%2C2000&ssl=1","contentUrl":"https:\/\/i0.wp.com\/truusk.store\/wp-content\/uploads\/2025\/07\/klostrad-med-juteklosmatta-liggplattform-lekboll-kattstuga-beige-40-x-40-x-57-cm-1-1.webp?fit=2000%2C2000&ssl=1","width":2000,"height":2000},{"@type":"BreadcrumbList","@id":"https:\/\/truusk.store\/sv\/produkt\/truusk-kattklostrad-med-juteklosmatta-liggplattform-lekboll-kattstuga-beige-40-x-40-x-57-cm\/#breadcrumb","itemListElement":[{"@type":"ListItem","position":1,"name":"Home","item":"https:\/\/truusk.store\/sv\/"},{"@type":"ListItem","position":2,"name":"Shop","item":"https:\/\/truusk.store\/shop\/"},{"@type":"ListItem","position":3,"name":"TRUUSK Kattkl\u00f6str\u00e4d med Jutekl\u00f6smatta &#8211; Liggplattform &#8211; Lekboll &#8211; Kattstuga &#8211; Beige &#8211; 40 x 40 x 57 cm"}]},{"@type":"WebSite","@id":"https:\/\/truusk.store\/sv\/#website","url":"https:\/\/truusk.store\/sv\/","name":"TRUUSK - Hem, Tr\u00e4dg\u00e5rd & Fritid","description":"","publisher":{"@id":"https:\/\/truusk.store\/sv\/#organization"},"potentialAction":[{"@type":"SearchAction","target":{"@type":"EntryPoint","urlTemplate":"https:\/\/truusk.store\/sv\/?s={search_term_string}"},"query-input":{"@type":"PropertyValueSpecification","valueRequired":true,"valueName":"search_term_string"}}],"inLanguage":"sv-SE"},{"@type":"Organization","@id":"https:\/\/truusk.store\/sv\/#organization","name":"TRUUSK - Hem, Tr\u00e4dg\u00e5rd & Fritid","url":"https:\/\/truusk.store\/sv\/","logo":{"@type":"ImageObject","inLanguage":"sv-SE","@id":"https:\/\/truusk.store\/sv\/#\/schema\/logo\/image\/","url":"https:\/\/i0.wp.com\/truusk.store\/wp-content\/uploads\/2026\/03\/cropped-TRUUSK.png?fit=2032%2C917&ssl=1","contentUrl":"https:\/\/i0.wp.com\/truusk.store\/wp-content\/uploads\/2026\/03\/cropped-TRUUSK.png?fit=2032%2C917&ssl=1","width":2032,"height":917,"caption":"TRUUSK - Hem, Tr\u00e4dg\u00e5rd & Fritid"},"image":{"@id":"https:\/\/truusk.store\/sv\/#\/schema\/logo\/image\/"}}]}},"jetpack_sharing_enabled":true,"_links":{"self":[{"href":"https:\/\/truusk.store\/sv\/wp-json\/wp\/v2\/product\/82348","targetHints":{"allow":["GET"]}}],"collection":[{"href":"https:\/\/truusk.store\/sv\/wp-json\/wp\/v2\/product"}],"about":[{"href":"https:\/\/truusk.store\/sv\/wp-json\/wp\/v2\/types\/product"}],"wp:featuredmedia":[{"embeddable":true,"href":"https:\/\/truusk.store\/sv\/wp-json\/wp\/v2\/media\/82339"}],"wp:attachment":[{"href":"https:\/\/truusk.store\/sv\/wp-json\/wp\/v2\/media?parent=82348"}],"wp:term":[{"taxonomy":"product_brand","embeddable":true,"href":"https:\/\/truusk.store\/sv\/wp-json\/wp\/v2\/product_brand?post=82348"},{"taxonomy":"product_cat","embeddable":true,"href":"https:\/\/truusk.store\/sv\/wp-json\/wp\/v2\/product_cat?post=82348"},{"taxonomy":"product_tag","embeddable":true,"href":"https:\/\/truusk.store\/sv\/wp-json\/wp\/v2\/product_tag?post=82348"}],"curies":[{"name":"wp","href":"https:\/\/api.w.org\/{rel}","templated":true}]}}