{"id":82368,"date":"2025-07-08T05:20:24","date_gmt":"2025-07-08T04:20:24","guid":{"rendered":"https:\/\/truusk.store\/product\/glas-terrarium-for-reptiler-hojd-vattentat-botten-knapplas\/"},"modified":"2026-03-12T08:46:28","modified_gmt":"2026-03-12T07:46:28","slug":"truusk-glas-terrarium-for-reptiler-justerbar-hojd-och-vattentat-botten-lasfunktion-perfekt-for-smadjur-transparent-130","status":"publish","type":"product","link":"https:\/\/truusk.store\/sv\/produkt\/truusk-glas-terrarium-for-reptiler-justerbar-hojd-och-vattentat-botten-lasfunktion-perfekt-for-smadjur-transparent-130\/","title":{"rendered":"TRUUSK Glas Terrarium f\u00f6r Reptiler &#8211; Justerbar H\u00f6jd och Vattent\u00e4t Botten &#8211; L\u00e5sfunktion &#8211; Perfekt f\u00f6r Sm\u00e5djur &#8211; Transparent &#8211; 130"},"content":{"rendered":"<p>Ett elegant glasterrarium g\u00f6r det m\u00f6jligt att betrakta ditt reptil fr\u00e5n alla vinklar. Tack vare 360\u00b0-rundsynen har du alltid ditt djur i sikte. Framd\u00f6rren med s\u00e4kert vridl\u00e5s f\u00f6rhindrar rymningar, medan n\u00e4tlocket garanterar kontinuerlig tillf\u00f6rsel av frisk luft. Perfekt f\u00f6r \u00f6dlor, ormar, grodor, sk\u00f6ldpaddor och mer.<\/p>\n<p>Beskrivning:<\/p>\n<ul>\n<li> Separat d\u00f6rr\u00f6ppning m\u00f6jligg\u00f6r enkel \u00e5tkomst<\/li>\n<li> Knappl\u00e5s f\u00f6rhindrar rymningar<\/li>\n<li> Glas terrarium f\u00f6rb\u00e4ttrar den visuella upplevelsen<\/li>\n<li> Djup vattent\u00e4t botten, 6,5 cm, l\u00e4mplig f\u00f6r fuktiga inredningar<\/li>\n<li> Kabel\u00f6ppningar f\u00f6renklar installationen av utrustning<\/li>\n<li> H\u00f6jd botten m\u00f6jligg\u00f6r effektiv anv\u00e4ndning av golvv\u00e4rme<\/li>\n<li> Ventilerad topp och extra ventilations\u00f6ppningar garanterar optimal luftcirkulation<\/li>\n<li> Ingen montering kr\u00e4vs<\/li>\n<\/ul>\n<p> Tekniska data:<\/p>\n<ul>\n<li> F\u00e4rg: Svart<\/li>\n<li> Material: H\u00e4rdat glas, st\u00e5ltr\u00e5d, ABS<\/li>\n<li> Totala dimensioner: 30L x 30B x 30H cm<\/li>\n<li> Volym: 24L<\/li>\n<li> Enkel d\u00f6rr fram: 14B x 19,5H cm<\/li>\n<li> Tr\u00e5dn\u00e4tslock: 27,5L x 26B cm<\/li>\n<li> Markfrig\u00e5ng: 1 cm<\/li>\n<li> Obs: Reptiler och andra dekorationer ing\u00e5r inte<\/li>\n<\/ul>\n<p>Leveransinneh\u00e5ll:<\/p>\n<ul>\n<li> 1 x Reptilbox<\/li>\n<li> 1 x Handbok<\/li>\n<\/ul>\n","protected":false},"excerpt":{"rendered":"<p>Ett elegant glasterrarium g\u00f6r det m\u00f6jligt att betrakta ditt reptil fr\u00e5n alla vinklar. Tack vare 360\u00b0-rundsynen har du alltid ditt&#8230;<\/p>\n","protected":false},"featured_media":82359,"template":"","meta":[],"product_brand":[],"product_cat":[878,928,597],"product_tag":[],"class_list":{"0":"post-82368","1":"product","2":"type-product","3":"status-publish","4":"has-post-thumbnail","6":"product_cat-djurbehov","7":"product_cat-frigangshagn","8":"product_cat-sma-djurtillbehor","10":"first","11":"instock","12":"sale","13":"taxable","14":"shipping-taxable","15":"purchasable","16":"product-type-simple"},"yoast_head":"<!-- This site is optimized with the Yoast SEO plugin v25.4 - https:\/\/yoast.com\/wordpress\/plugins\/seo\/ -->\n<title>TRUUSK Glas Terrarium f\u00f6r Reptiler - Justerbar H\u00f6jd och Vattent\u00e4t Botten - L\u00e5sfunktion - Perfekt f\u00f6r Sm\u00e5djur - Transparent - 130 - TRUUSK - Hem, Tr\u00e4dg\u00e5rd &amp; Fritid<\/title>\n<meta name=\"robots\" content=\"index, follow, max-snippet:-1, max-image-preview:large, max-video-preview:-1\" \/>\n<link rel=\"canonical\" href=\"https:\/\/truusk.store\/sv\/produkt\/truusk-glas-terrarium-for-reptiler-justerbar-hojd-och-vattentat-botten-lasfunktion-perfekt-for-smadjur-transparent-130\/\" \/>\n<meta property=\"og:locale\" content=\"sv_SE\" \/>\n<meta property=\"og:type\" content=\"article\" \/>\n<meta property=\"og:title\" content=\"TRUUSK Glas Terrarium f\u00f6r Reptiler - Justerbar H\u00f6jd och Vattent\u00e4t Botten - L\u00e5sfunktion - Perfekt f\u00f6r Sm\u00e5djur - Transparent - 130 - TRUUSK - Hem, Tr\u00e4dg\u00e5rd &amp; Fritid\" \/>\n<meta property=\"og:description\" content=\"Ett elegant glasterrarium g\u00f6r det m\u00f6jligt att betrakta ditt reptil fr\u00e5n alla vinklar. Tack vare 360\u00b0-rundsynen har du alltid ditt...\" \/>\n<meta property=\"og:url\" content=\"https:\/\/truusk.store\/sv\/produkt\/truusk-glas-terrarium-for-reptiler-justerbar-hojd-och-vattentat-botten-lasfunktion-perfekt-for-smadjur-transparent-130\/\" \/>\n<meta property=\"og:site_name\" content=\"TRUUSK - Hem, Tr\u00e4dg\u00e5rd &amp; Fritid\" \/>\n<meta property=\"article:modified_time\" content=\"2026-03-12T07:46:28+00:00\" \/>\n<meta property=\"og:image\" content=\"https:\/\/i0.wp.com\/truusk.se\/wp-content\/uploads\/2025\/07\/glas-terrarium-for-reptiler-hojd-vattentat-botten-knapplas-1.webp?fit=2000%2C2000&ssl=1\" \/>\n\t<meta property=\"og:image:width\" content=\"2000\" \/>\n\t<meta property=\"og:image:height\" content=\"2000\" \/>\n\t<meta property=\"og:image:type\" content=\"image\/webp\" \/>\n<meta name=\"twitter:card\" content=\"summary_large_image\" \/>\n<meta name=\"twitter:label1\" content=\"Ber\u00e4knad l\u00e4stid\" \/>\n\t<meta name=\"twitter:data1\" content=\"1 minut\" \/>\n<!-- \/ Yoast SEO plugin. -->","yoast_head_json":{"title":"TRUUSK Glas Terrarium f\u00f6r Reptiler - Justerbar H\u00f6jd och Vattent\u00e4t Botten - L\u00e5sfunktion - Perfekt f\u00f6r Sm\u00e5djur - Transparent - 130 - TRUUSK - Hem, Tr\u00e4dg\u00e5rd &amp; Fritid","robots":{"index":"index","follow":"follow","max-snippet":"max-snippet:-1","max-image-preview":"max-image-preview:large","max-video-preview":"max-video-preview:-1"},"canonical":"https:\/\/truusk.store\/sv\/produkt\/truusk-glas-terrarium-for-reptiler-justerbar-hojd-och-vattentat-botten-lasfunktion-perfekt-for-smadjur-transparent-130\/","og_locale":"sv_SE","og_type":"article","og_title":"TRUUSK Glas Terrarium f\u00f6r Reptiler - Justerbar H\u00f6jd och Vattent\u00e4t Botten - L\u00e5sfunktion - Perfekt f\u00f6r Sm\u00e5djur - Transparent - 130 - TRUUSK - Hem, Tr\u00e4dg\u00e5rd &amp; Fritid","og_description":"Ett elegant glasterrarium g\u00f6r det m\u00f6jligt att betrakta ditt reptil fr\u00e5n alla vinklar. Tack vare 360\u00b0-rundsynen har du alltid ditt...","og_url":"https:\/\/truusk.store\/sv\/produkt\/truusk-glas-terrarium-for-reptiler-justerbar-hojd-och-vattentat-botten-lasfunktion-perfekt-for-smadjur-transparent-130\/","og_site_name":"TRUUSK - Hem, Tr\u00e4dg\u00e5rd &amp; Fritid","article_modified_time":"2026-03-12T07:46:28+00:00","og_image":[{"width":2000,"height":2000,"url":"https:\/\/i0.wp.com\/truusk.se\/wp-content\/uploads\/2025\/07\/glas-terrarium-for-reptiler-hojd-vattentat-botten-knapplas-1.webp?fit=2000%2C2000&ssl=1","type":"image\/webp"}],"twitter_card":"summary_large_image","twitter_misc":{"Ber\u00e4knad l\u00e4stid":"1 minut"},"schema":{"@context":"https:\/\/schema.org","@graph":[{"@type":"WebPage","@id":"https:\/\/truusk.store\/sv\/produkt\/truusk-glas-terrarium-for-reptiler-justerbar-hojd-och-vattentat-botten-lasfunktion-perfekt-for-smadjur-transparent-130\/","url":"https:\/\/truusk.store\/sv\/produkt\/truusk-glas-terrarium-for-reptiler-justerbar-hojd-och-vattentat-botten-lasfunktion-perfekt-for-smadjur-transparent-130\/","name":"TRUUSK Glas Terrarium f\u00f6r Reptiler - Justerbar H\u00f6jd och Vattent\u00e4t Botten - L\u00e5sfunktion - Perfekt f\u00f6r Sm\u00e5djur - Transparent - 130 - TRUUSK - Hem, Tr\u00e4dg\u00e5rd &amp; Fritid","isPartOf":{"@id":"https:\/\/truusk.store\/sv\/#website"},"primaryImageOfPage":{"@id":"https:\/\/truusk.store\/sv\/produkt\/truusk-glas-terrarium-for-reptiler-justerbar-hojd-och-vattentat-botten-lasfunktion-perfekt-for-smadjur-transparent-130\/#primaryimage"},"image":{"@id":"https:\/\/truusk.store\/sv\/produkt\/truusk-glas-terrarium-for-reptiler-justerbar-hojd-och-vattentat-botten-lasfunktion-perfekt-for-smadjur-transparent-130\/#primaryimage"},"thumbnailUrl":"https:\/\/i0.wp.com\/truusk.store\/wp-content\/uploads\/2025\/07\/glas-terrarium-for-reptiler-hojd-vattentat-botten-knapplas-1.webp?fit=2000%2C2000&ssl=1","datePublished":"2025-07-08T04:20:24+00:00","dateModified":"2026-03-12T07:46:28+00:00","breadcrumb":{"@id":"https:\/\/truusk.store\/sv\/produkt\/truusk-glas-terrarium-for-reptiler-justerbar-hojd-och-vattentat-botten-lasfunktion-perfekt-for-smadjur-transparent-130\/#breadcrumb"},"inLanguage":"sv-SE","potentialAction":[{"@type":"ReadAction","target":["https:\/\/truusk.store\/sv\/produkt\/truusk-glas-terrarium-for-reptiler-justerbar-hojd-och-vattentat-botten-lasfunktion-perfekt-for-smadjur-transparent-130\/"]}]},{"@type":"ImageObject","inLanguage":"sv-SE","@id":"https:\/\/truusk.store\/sv\/produkt\/truusk-glas-terrarium-for-reptiler-justerbar-hojd-och-vattentat-botten-lasfunktion-perfekt-for-smadjur-transparent-130\/#primaryimage","url":"https:\/\/i0.wp.com\/truusk.store\/wp-content\/uploads\/2025\/07\/glas-terrarium-for-reptiler-hojd-vattentat-botten-knapplas-1.webp?fit=2000%2C2000&ssl=1","contentUrl":"https:\/\/i0.wp.com\/truusk.store\/wp-content\/uploads\/2025\/07\/glas-terrarium-for-reptiler-hojd-vattentat-botten-knapplas-1.webp?fit=2000%2C2000&ssl=1","width":2000,"height":2000},{"@type":"BreadcrumbList","@id":"https:\/\/truusk.store\/sv\/produkt\/truusk-glas-terrarium-for-reptiler-justerbar-hojd-och-vattentat-botten-lasfunktion-perfekt-for-smadjur-transparent-130\/#breadcrumb","itemListElement":[{"@type":"ListItem","position":1,"name":"Home","item":"https:\/\/truusk.store\/sv\/"},{"@type":"ListItem","position":2,"name":"Shop","item":"https:\/\/truusk.store\/shop\/"},{"@type":"ListItem","position":3,"name":"TRUUSK Glas Terrarium f\u00f6r Reptiler &#8211; Justerbar H\u00f6jd och Vattent\u00e4t Botten &#8211; L\u00e5sfunktion &#8211; Perfekt f\u00f6r Sm\u00e5djur &#8211; Transparent &#8211; 130"}]},{"@type":"WebSite","@id":"https:\/\/truusk.store\/sv\/#website","url":"https:\/\/truusk.store\/sv\/","name":"TRUUSK - Hem, Tr\u00e4dg\u00e5rd & Fritid","description":"","publisher":{"@id":"https:\/\/truusk.store\/sv\/#organization"},"potentialAction":[{"@type":"SearchAction","target":{"@type":"EntryPoint","urlTemplate":"https:\/\/truusk.store\/sv\/?s={search_term_string}"},"query-input":{"@type":"PropertyValueSpecification","valueRequired":true,"valueName":"search_term_string"}}],"inLanguage":"sv-SE"},{"@type":"Organization","@id":"https:\/\/truusk.store\/sv\/#organization","name":"TRUUSK - Hem, Tr\u00e4dg\u00e5rd & Fritid","url":"https:\/\/truusk.store\/sv\/","logo":{"@type":"ImageObject","inLanguage":"sv-SE","@id":"https:\/\/truusk.store\/sv\/#\/schema\/logo\/image\/","url":"https:\/\/i0.wp.com\/truusk.store\/wp-content\/uploads\/2026\/03\/cropped-TRUUSK.png?fit=2032%2C917&ssl=1","contentUrl":"https:\/\/i0.wp.com\/truusk.store\/wp-content\/uploads\/2026\/03\/cropped-TRUUSK.png?fit=2032%2C917&ssl=1","width":2032,"height":917,"caption":"TRUUSK - Hem, Tr\u00e4dg\u00e5rd & Fritid"},"image":{"@id":"https:\/\/truusk.store\/sv\/#\/schema\/logo\/image\/"}}]}},"jetpack_sharing_enabled":true,"_links":{"self":[{"href":"https:\/\/truusk.store\/sv\/wp-json\/wp\/v2\/product\/82368","targetHints":{"allow":["GET"]}}],"collection":[{"href":"https:\/\/truusk.store\/sv\/wp-json\/wp\/v2\/product"}],"about":[{"href":"https:\/\/truusk.store\/sv\/wp-json\/wp\/v2\/types\/product"}],"wp:featuredmedia":[{"embeddable":true,"href":"https:\/\/truusk.store\/sv\/wp-json\/wp\/v2\/media\/82359"}],"wp:attachment":[{"href":"https:\/\/truusk.store\/sv\/wp-json\/wp\/v2\/media?parent=82368"}],"wp:term":[{"taxonomy":"product_brand","embeddable":true,"href":"https:\/\/truusk.store\/sv\/wp-json\/wp\/v2\/product_brand?post=82368"},{"taxonomy":"product_cat","embeddable":true,"href":"https:\/\/truusk.store\/sv\/wp-json\/wp\/v2\/product_cat?post=82368"},{"taxonomy":"product_tag","embeddable":true,"href":"https:\/\/truusk.store\/sv\/wp-json\/wp\/v2\/product_tag?post=82368"}],"curies":[{"name":"wp","href":"https:\/\/api.w.org\/{rel}","templated":true}]}}