{"id":82428,"date":"2025-07-08T05:26:28","date_gmt":"2025-07-08T04:26:28","guid":{"rendered":"https:\/\/truusk.store\/product\/modern-stoppstol-hog-ryggstod-tjock-stoppning-metallben-gra\/"},"modified":"2026-03-12T08:46:44","modified_gmt":"2026-03-12T07:46:44","slug":"truusk-modern-stoppstol-hog-ryggstod-tjock-stoppning-metallben-gra","status":"publish","type":"product","link":"https:\/\/truusk.store\/sv\/produkt\/truusk-modern-stoppstol-hog-ryggstod-tjock-stoppning-metallben-gra\/","title":{"rendered":"TRUUSK Modern Stoppstol &#8211; H\u00f6g Ryggst\u00f6d &#8211; Tjock Stoppning &#8211; Metallben &#8211; Gr\u00e5"},"content":{"rendered":"<p>Optimera din rumsdesign med denna TRUUSK f\u00e5t\u00f6lj, en tilltalande blandning av klassisk och modern stil. Den erbjuder en h\u00f6g ryggst\u00f6d och en mjuk, luftgenomtr\u00e4nglig kl\u00e4dsel i linneutseende, som lovar varaktig komfort. De eleganta, avsmalnande benen ger den ocks\u00e5 en modern touch. Idealisk f\u00f6r alla rum, kombinerar denna l\u00e4sf\u00e5t\u00f6lj komfort och stil.<\/p>\n<p>Beskrivning:<\/p>\n<ul>\n<li> Designen av armstolen med vingrygg och koniska ben ger en modern touch<\/li>\n<li> H\u00f6g ryggst\u00f6d erbjuder extra sittkomfort<\/li>\n<li> Andningsbar, linne-liknande kl\u00e4dsel och h\u00f6gdensitetsskum<\/li>\n<li> 11 cm tjock sits garanterar bekv\u00e4mt sittande<\/li>\n<li> Pulverlackerad metallram f\u00f6r starkt st\u00f6d<\/li>\n<li> F\u00f6rst\u00e4rkt tv\u00e4rst\u00e5ng stabiliserar de bakre benen<\/li>\n<li> M\u00e5ngsidigt anv\u00e4ndbar i olika rumsarrangemang<\/li>\n<li> Montering kr\u00e4vs<\/li>\n<\/ul>\n<p> Tekniska data:<\/p>\n<ul>\n<li> F\u00e4rg: M\u00f6rkgr\u00e5<\/li>\n<li> Material: Linne-liknande tyg (100 % polyester), skum, metall<\/li>\n<li> Totala dimensioner: 70B x 74,5T x 103,5H cm<\/li>\n<li> Sitsstorlek: 49B x 49T x 45,5H cm<\/li>\n<li> Ryggst\u00f6dsstorlek: 58L x 64B cm<\/li>\n<li> Sitsens tjocklek: 11 cm<\/li>\n<li> Armst\u00f6dsstorlek: 42L x 7B cm<\/li>\n<li> Armst\u00f6dets h\u00f6jd till sits: 10 cm<\/li>\n<li> Belastningskapacitet: 120 kg<\/li>\n<\/ul>\n<p> Leveransinneh\u00e5ll:<\/p>\n<ul>\n<li> 1 x Accentstol<\/li>\n<li> 1 x Bruksanvisning<\/li>\n<\/ul>\n","protected":false},"excerpt":{"rendered":"<p>Optimera din rumsdesign med denna TRUUSK f\u00e5t\u00f6lj, en tilltalande blandning av klassisk och modern stil. Den erbjuder en h\u00f6g ryggst\u00f6d&#8230;<\/p>\n","protected":false},"featured_media":82419,"template":"","meta":[],"product_brand":[],"product_cat":[871,519,910],"product_tag":[],"class_list":{"0":"post-82428","1":"product","2":"type-product","3":"status-publish","4":"has-post-thumbnail","6":"product_cat-hus-hem","7":"product_cat-stoppade-stolar","8":"product_cat-vardagsrum","10":"first","11":"instock","12":"sale","13":"taxable","14":"shipping-taxable","15":"purchasable","16":"product-type-simple"},"yoast_head":"<!-- This site is optimized with the Yoast SEO plugin v25.4 - https:\/\/yoast.com\/wordpress\/plugins\/seo\/ -->\n<title>TRUUSK Modern Stoppstol - H\u00f6g Ryggst\u00f6d - Tjock Stoppning - Metallben - Gr\u00e5 - TRUUSK - Hem, Tr\u00e4dg\u00e5rd &amp; Fritid<\/title>\n<meta name=\"robots\" content=\"index, follow, max-snippet:-1, max-image-preview:large, max-video-preview:-1\" \/>\n<link rel=\"canonical\" href=\"https:\/\/truusk.store\/sv\/produkt\/truusk-modern-stoppstol-hog-ryggstod-tjock-stoppning-metallben-gra\/\" \/>\n<meta property=\"og:locale\" content=\"sv_SE\" \/>\n<meta property=\"og:type\" content=\"article\" \/>\n<meta property=\"og:title\" content=\"TRUUSK Modern Stoppstol - H\u00f6g Ryggst\u00f6d - Tjock Stoppning - Metallben - Gr\u00e5 - TRUUSK - Hem, Tr\u00e4dg\u00e5rd &amp; Fritid\" \/>\n<meta property=\"og:description\" content=\"Optimera din rumsdesign med denna TRUUSK f\u00e5t\u00f6lj, en tilltalande blandning av klassisk och modern stil. Den erbjuder en h\u00f6g ryggst\u00f6d...\" \/>\n<meta property=\"og:url\" content=\"https:\/\/truusk.store\/sv\/produkt\/truusk-modern-stoppstol-hog-ryggstod-tjock-stoppning-metallben-gra\/\" \/>\n<meta property=\"og:site_name\" content=\"TRUUSK - Hem, Tr\u00e4dg\u00e5rd &amp; Fritid\" \/>\n<meta property=\"article:modified_time\" content=\"2026-03-12T07:46:44+00:00\" \/>\n<meta property=\"og:image\" content=\"https:\/\/i0.wp.com\/truusk.se\/wp-content\/uploads\/2025\/07\/modern-stoppstol-hog-ryggstod-tjock-stoppning-metallben-gra-1.webp?fit=2000%2C2000&ssl=1\" \/>\n\t<meta property=\"og:image:width\" content=\"2000\" \/>\n\t<meta property=\"og:image:height\" content=\"2000\" \/>\n\t<meta property=\"og:image:type\" content=\"image\/webp\" \/>\n<meta name=\"twitter:card\" content=\"summary_large_image\" \/>\n<meta name=\"twitter:label1\" content=\"Ber\u00e4knad l\u00e4stid\" \/>\n\t<meta name=\"twitter:data1\" content=\"1 minut\" \/>\n<!-- \/ Yoast SEO plugin. -->","yoast_head_json":{"title":"TRUUSK Modern Stoppstol - H\u00f6g Ryggst\u00f6d - Tjock Stoppning - Metallben - Gr\u00e5 - TRUUSK - Hem, Tr\u00e4dg\u00e5rd &amp; Fritid","robots":{"index":"index","follow":"follow","max-snippet":"max-snippet:-1","max-image-preview":"max-image-preview:large","max-video-preview":"max-video-preview:-1"},"canonical":"https:\/\/truusk.store\/sv\/produkt\/truusk-modern-stoppstol-hog-ryggstod-tjock-stoppning-metallben-gra\/","og_locale":"sv_SE","og_type":"article","og_title":"TRUUSK Modern Stoppstol - H\u00f6g Ryggst\u00f6d - Tjock Stoppning - Metallben - Gr\u00e5 - TRUUSK - Hem, Tr\u00e4dg\u00e5rd &amp; Fritid","og_description":"Optimera din rumsdesign med denna TRUUSK f\u00e5t\u00f6lj, en tilltalande blandning av klassisk och modern stil. Den erbjuder en h\u00f6g ryggst\u00f6d...","og_url":"https:\/\/truusk.store\/sv\/produkt\/truusk-modern-stoppstol-hog-ryggstod-tjock-stoppning-metallben-gra\/","og_site_name":"TRUUSK - Hem, Tr\u00e4dg\u00e5rd &amp; Fritid","article_modified_time":"2026-03-12T07:46:44+00:00","og_image":[{"width":2000,"height":2000,"url":"https:\/\/i0.wp.com\/truusk.se\/wp-content\/uploads\/2025\/07\/modern-stoppstol-hog-ryggstod-tjock-stoppning-metallben-gra-1.webp?fit=2000%2C2000&ssl=1","type":"image\/webp"}],"twitter_card":"summary_large_image","twitter_misc":{"Ber\u00e4knad l\u00e4stid":"1 minut"},"schema":{"@context":"https:\/\/schema.org","@graph":[{"@type":"WebPage","@id":"https:\/\/truusk.store\/sv\/produkt\/truusk-modern-stoppstol-hog-ryggstod-tjock-stoppning-metallben-gra\/","url":"https:\/\/truusk.store\/sv\/produkt\/truusk-modern-stoppstol-hog-ryggstod-tjock-stoppning-metallben-gra\/","name":"TRUUSK Modern Stoppstol - H\u00f6g Ryggst\u00f6d - Tjock Stoppning - Metallben - Gr\u00e5 - TRUUSK - Hem, Tr\u00e4dg\u00e5rd &amp; Fritid","isPartOf":{"@id":"https:\/\/truusk.store\/sv\/#website"},"primaryImageOfPage":{"@id":"https:\/\/truusk.store\/sv\/produkt\/truusk-modern-stoppstol-hog-ryggstod-tjock-stoppning-metallben-gra\/#primaryimage"},"image":{"@id":"https:\/\/truusk.store\/sv\/produkt\/truusk-modern-stoppstol-hog-ryggstod-tjock-stoppning-metallben-gra\/#primaryimage"},"thumbnailUrl":"https:\/\/i0.wp.com\/truusk.store\/wp-content\/uploads\/2025\/07\/modern-stoppstol-hog-ryggstod-tjock-stoppning-metallben-gra-1.webp?fit=2000%2C2000&ssl=1","datePublished":"2025-07-08T04:26:28+00:00","dateModified":"2026-03-12T07:46:44+00:00","breadcrumb":{"@id":"https:\/\/truusk.store\/sv\/produkt\/truusk-modern-stoppstol-hog-ryggstod-tjock-stoppning-metallben-gra\/#breadcrumb"},"inLanguage":"sv-SE","potentialAction":[{"@type":"ReadAction","target":["https:\/\/truusk.store\/sv\/produkt\/truusk-modern-stoppstol-hog-ryggstod-tjock-stoppning-metallben-gra\/"]}]},{"@type":"ImageObject","inLanguage":"sv-SE","@id":"https:\/\/truusk.store\/sv\/produkt\/truusk-modern-stoppstol-hog-ryggstod-tjock-stoppning-metallben-gra\/#primaryimage","url":"https:\/\/i0.wp.com\/truusk.store\/wp-content\/uploads\/2025\/07\/modern-stoppstol-hog-ryggstod-tjock-stoppning-metallben-gra-1.webp?fit=2000%2C2000&ssl=1","contentUrl":"https:\/\/i0.wp.com\/truusk.store\/wp-content\/uploads\/2025\/07\/modern-stoppstol-hog-ryggstod-tjock-stoppning-metallben-gra-1.webp?fit=2000%2C2000&ssl=1","width":2000,"height":2000},{"@type":"BreadcrumbList","@id":"https:\/\/truusk.store\/sv\/produkt\/truusk-modern-stoppstol-hog-ryggstod-tjock-stoppning-metallben-gra\/#breadcrumb","itemListElement":[{"@type":"ListItem","position":1,"name":"Home","item":"https:\/\/truusk.store\/sv\/"},{"@type":"ListItem","position":2,"name":"Shop","item":"https:\/\/truusk.store\/shop\/"},{"@type":"ListItem","position":3,"name":"TRUUSK Modern Stoppstol &#8211; H\u00f6g Ryggst\u00f6d &#8211; Tjock Stoppning &#8211; Metallben &#8211; Gr\u00e5"}]},{"@type":"WebSite","@id":"https:\/\/truusk.store\/sv\/#website","url":"https:\/\/truusk.store\/sv\/","name":"TRUUSK - Hem, Tr\u00e4dg\u00e5rd & Fritid","description":"","publisher":{"@id":"https:\/\/truusk.store\/sv\/#organization"},"potentialAction":[{"@type":"SearchAction","target":{"@type":"EntryPoint","urlTemplate":"https:\/\/truusk.store\/sv\/?s={search_term_string}"},"query-input":{"@type":"PropertyValueSpecification","valueRequired":true,"valueName":"search_term_string"}}],"inLanguage":"sv-SE"},{"@type":"Organization","@id":"https:\/\/truusk.store\/sv\/#organization","name":"TRUUSK - Hem, Tr\u00e4dg\u00e5rd & Fritid","url":"https:\/\/truusk.store\/sv\/","logo":{"@type":"ImageObject","inLanguage":"sv-SE","@id":"https:\/\/truusk.store\/sv\/#\/schema\/logo\/image\/","url":"https:\/\/i0.wp.com\/truusk.store\/wp-content\/uploads\/2026\/03\/cropped-TRUUSK.png?fit=2032%2C917&ssl=1","contentUrl":"https:\/\/i0.wp.com\/truusk.store\/wp-content\/uploads\/2026\/03\/cropped-TRUUSK.png?fit=2032%2C917&ssl=1","width":2032,"height":917,"caption":"TRUUSK - Hem, Tr\u00e4dg\u00e5rd & Fritid"},"image":{"@id":"https:\/\/truusk.store\/sv\/#\/schema\/logo\/image\/"}}]}},"jetpack_sharing_enabled":true,"_links":{"self":[{"href":"https:\/\/truusk.store\/sv\/wp-json\/wp\/v2\/product\/82428","targetHints":{"allow":["GET"]}}],"collection":[{"href":"https:\/\/truusk.store\/sv\/wp-json\/wp\/v2\/product"}],"about":[{"href":"https:\/\/truusk.store\/sv\/wp-json\/wp\/v2\/types\/product"}],"wp:featuredmedia":[{"embeddable":true,"href":"https:\/\/truusk.store\/sv\/wp-json\/wp\/v2\/media\/82419"}],"wp:attachment":[{"href":"https:\/\/truusk.store\/sv\/wp-json\/wp\/v2\/media?parent=82428"}],"wp:term":[{"taxonomy":"product_brand","embeddable":true,"href":"https:\/\/truusk.store\/sv\/wp-json\/wp\/v2\/product_brand?post=82428"},{"taxonomy":"product_cat","embeddable":true,"href":"https:\/\/truusk.store\/sv\/wp-json\/wp\/v2\/product_cat?post=82428"},{"taxonomy":"product_tag","embeddable":true,"href":"https:\/\/truusk.store\/sv\/wp-json\/wp\/v2\/product_tag?post=82428"}],"curies":[{"name":"wp","href":"https:\/\/api.w.org\/{rel}","templated":true}]}}