{"id":82468,"date":"2025-07-08T12:09:13","date_gmt":"2025-07-08T11:09:13","guid":{"rendered":"https:\/\/truusk.store\/product\/elektrisk-markis-med-fjarrkontroll-inklusive-monteringskit-metallram-morkgra-3-x-25-m\/"},"modified":"2026-03-12T08:56:14","modified_gmt":"2026-03-12T07:56:14","slug":"truusk-elektrisk-markis-fjarrkontroll-monteringskit-inkluderad-metallram-morkgra-3-x-25-m","status":"publish","type":"product","link":"https:\/\/truusk.store\/sv\/produkt\/truusk-elektrisk-markis-fjarrkontroll-monteringskit-inkluderad-metallram-morkgra-3-x-25-m\/","title":{"rendered":"TRUUSK Elektrisk Markis &#8211; Fj\u00e4rrkontroll &#8211; Monteringskit Inkluderad &#8211; Metallram &#8211; M\u00f6rkgr\u00e5 &#8211; 3 x 2,5 M"},"content":{"rendered":"<p>Uppt\u00e4ck f\u00f6rdelarna med v\u00e5r h\u00f6gkvalitativa kassettmarkis fr\u00e5n TRUUSK! Tack vare den f\u00f6rst\u00e4rkta ramen och det belagda tyget erbjuder markisen utm\u00e4rkt skydd mot sol och v\u00e4derp\u00e5verkan. Rulla ut den elektriska markisen med ett knapptryck och njut av en behaglig skuggplats p\u00e5 din terrass, s\u00e4kert skyddad fr\u00e5n v\u00e4rme och UV-str\u00e5lar. F\u00f6rutom fj\u00e4rrkontrollen kan markisen ocks\u00e5 bekv\u00e4mt rullas in och ut manuellt.<\/p>\n<p>Beskrivning:<\/p>\n<ul>\n<li> Elektrisk markis, idealisk som solskydd \u00f6ver d\u00f6rrar eller f\u00f6nster<\/li>\n<li> Markisen kan styras manuellt eller med fj\u00e4rrkontroll<\/li>\n<li> Kassettmarkisen kan helt rullas in i l\u00e5dan n\u00e4r den inte anv\u00e4nds<\/li>\n<li> Ledarmarna \u00e4r kopplade med ett dubbelt st\u00e5lkabel<\/li>\n<li> Aluminiumramen \u00e4r l\u00e4tt och h\u00e5llbar<\/li>\n<li> Markisduk av andningsbart 280g\/\u33a1 polyester f\u00f6r frisk kyla<\/li>\n<li> Inklusive monteringsset med v\u00e4ggf\u00e4sten och pluggar<\/li>\n<\/ul>\n<p> Tekniska data:<\/p>\n<ul>\n<li> F\u00e4rg: M\u00f6rkgr\u00e5<\/li>\n<li> Material: Aluminium, st\u00e5l, polyester<\/li>\n<li> Totala m\u00e5tt: 300B x 0-250T cm<\/li>\n<li> L\u00e4ngd p\u00e5 handvev: 160 cm<\/li>\n<li> R\u00e4ckvidd f\u00f6r fj\u00e4rrkontroll: 40 m<\/li>\n<li> L\u00e4ngd p\u00e5 n\u00e4tkabel: 5 m<\/li>\n<li> Nominell sp\u00e4nning: 230V\/50 Hz<\/li>\n<li> Nominell effekt: 230 W<\/li>\n<\/ul>\n<p>Leveransinneh\u00e5ll:<\/p>\n<ul>\n<li> 1 x Markis<\/li>\n<li> 2 x V\u00e4ggf\u00e4sten<\/li>\n<li> 1 x Fj\u00e4rrkontroll<\/li>\n<li> Skruvar<\/li>\n<li> 1 x Instruktioner<\/li>\n<\/ul>\n","protected":false},"excerpt":{"rendered":"<p>Uppt\u00e4ck f\u00f6rdelarna med v\u00e5r h\u00f6gkvalitativa kassettmarkis fr\u00e5n TRUUSK! Tack vare den f\u00f6rst\u00e4rkta ramen och det belagda tyget erbjuder markisen utm\u00e4rkt&#8230;<\/p>\n","protected":false},"featured_media":82459,"template":"","meta":[],"product_brand":[],"product_cat":[473,862,858],"product_tag":[],"class_list":{"0":"post-82468","1":"product","2":"type-product","3":"status-publish","4":"has-post-thumbnail","6":"product_cat-markiser","7":"product_cat-sol-insynsskydd","8":"product_cat-tradgard-terrass","10":"first","11":"instock","12":"sale","13":"taxable","14":"shipping-taxable","15":"purchasable","16":"product-type-simple"},"yoast_head":"<!-- This site is optimized with the Yoast SEO plugin v25.4 - https:\/\/yoast.com\/wordpress\/plugins\/seo\/ -->\n<title>TRUUSK Elektrisk Markis - Fj\u00e4rrkontroll - Monteringskit Inkluderad - Metallram - M\u00f6rkgr\u00e5 - 3 x 2,5 M - TRUUSK - Hem, Tr\u00e4dg\u00e5rd &amp; Fritid<\/title>\n<meta name=\"robots\" content=\"index, follow, max-snippet:-1, max-image-preview:large, max-video-preview:-1\" \/>\n<link rel=\"canonical\" href=\"https:\/\/truusk.store\/sv\/produkt\/truusk-elektrisk-markis-fjarrkontroll-monteringskit-inkluderad-metallram-morkgra-3-x-25-m\/\" \/>\n<meta property=\"og:locale\" content=\"sv_SE\" \/>\n<meta property=\"og:type\" content=\"article\" \/>\n<meta property=\"og:title\" content=\"TRUUSK Elektrisk Markis - Fj\u00e4rrkontroll - Monteringskit Inkluderad - Metallram - M\u00f6rkgr\u00e5 - 3 x 2,5 M - TRUUSK - Hem, Tr\u00e4dg\u00e5rd &amp; Fritid\" \/>\n<meta property=\"og:description\" content=\"Uppt\u00e4ck f\u00f6rdelarna med v\u00e5r h\u00f6gkvalitativa kassettmarkis fr\u00e5n TRUUSK! Tack vare den f\u00f6rst\u00e4rkta ramen och det belagda tyget erbjuder markisen utm\u00e4rkt...\" \/>\n<meta property=\"og:url\" content=\"https:\/\/truusk.store\/sv\/produkt\/truusk-elektrisk-markis-fjarrkontroll-monteringskit-inkluderad-metallram-morkgra-3-x-25-m\/\" \/>\n<meta property=\"og:site_name\" content=\"TRUUSK - Hem, Tr\u00e4dg\u00e5rd &amp; Fritid\" \/>\n<meta property=\"article:modified_time\" content=\"2026-03-12T07:56:14+00:00\" \/>\n<meta property=\"og:image\" content=\"https:\/\/i0.wp.com\/truusk.se\/wp-content\/uploads\/2025\/07\/elektrisk-markis-med-fjarrkontroll-inklusive-monteringskit-metallram-morkgra-3-x-25-m-1.webp?fit=2000%2C2000&ssl=1\" \/>\n\t<meta property=\"og:image:width\" content=\"2000\" \/>\n\t<meta property=\"og:image:height\" content=\"2000\" \/>\n\t<meta property=\"og:image:type\" content=\"image\/webp\" \/>\n<meta name=\"twitter:card\" content=\"summary_large_image\" \/>\n<meta name=\"twitter:label1\" content=\"Ber\u00e4knad l\u00e4stid\" \/>\n\t<meta name=\"twitter:data1\" content=\"1 minut\" \/>\n<!-- \/ Yoast SEO plugin. -->","yoast_head_json":{"title":"TRUUSK Elektrisk Markis - Fj\u00e4rrkontroll - Monteringskit Inkluderad - Metallram - M\u00f6rkgr\u00e5 - 3 x 2,5 M - TRUUSK - Hem, Tr\u00e4dg\u00e5rd &amp; Fritid","robots":{"index":"index","follow":"follow","max-snippet":"max-snippet:-1","max-image-preview":"max-image-preview:large","max-video-preview":"max-video-preview:-1"},"canonical":"https:\/\/truusk.store\/sv\/produkt\/truusk-elektrisk-markis-fjarrkontroll-monteringskit-inkluderad-metallram-morkgra-3-x-25-m\/","og_locale":"sv_SE","og_type":"article","og_title":"TRUUSK Elektrisk Markis - Fj\u00e4rrkontroll - Monteringskit Inkluderad - Metallram - M\u00f6rkgr\u00e5 - 3 x 2,5 M - TRUUSK - Hem, Tr\u00e4dg\u00e5rd &amp; Fritid","og_description":"Uppt\u00e4ck f\u00f6rdelarna med v\u00e5r h\u00f6gkvalitativa kassettmarkis fr\u00e5n TRUUSK! Tack vare den f\u00f6rst\u00e4rkta ramen och det belagda tyget erbjuder markisen utm\u00e4rkt...","og_url":"https:\/\/truusk.store\/sv\/produkt\/truusk-elektrisk-markis-fjarrkontroll-monteringskit-inkluderad-metallram-morkgra-3-x-25-m\/","og_site_name":"TRUUSK - Hem, Tr\u00e4dg\u00e5rd &amp; Fritid","article_modified_time":"2026-03-12T07:56:14+00:00","og_image":[{"width":2000,"height":2000,"url":"https:\/\/i0.wp.com\/truusk.se\/wp-content\/uploads\/2025\/07\/elektrisk-markis-med-fjarrkontroll-inklusive-monteringskit-metallram-morkgra-3-x-25-m-1.webp?fit=2000%2C2000&ssl=1","type":"image\/webp"}],"twitter_card":"summary_large_image","twitter_misc":{"Ber\u00e4knad l\u00e4stid":"1 minut"},"schema":{"@context":"https:\/\/schema.org","@graph":[{"@type":"WebPage","@id":"https:\/\/truusk.store\/sv\/produkt\/truusk-elektrisk-markis-fjarrkontroll-monteringskit-inkluderad-metallram-morkgra-3-x-25-m\/","url":"https:\/\/truusk.store\/sv\/produkt\/truusk-elektrisk-markis-fjarrkontroll-monteringskit-inkluderad-metallram-morkgra-3-x-25-m\/","name":"TRUUSK Elektrisk Markis - Fj\u00e4rrkontroll - Monteringskit Inkluderad - Metallram - M\u00f6rkgr\u00e5 - 3 x 2,5 M - TRUUSK - Hem, Tr\u00e4dg\u00e5rd &amp; Fritid","isPartOf":{"@id":"https:\/\/truusk.store\/sv\/#website"},"primaryImageOfPage":{"@id":"https:\/\/truusk.store\/sv\/produkt\/truusk-elektrisk-markis-fjarrkontroll-monteringskit-inkluderad-metallram-morkgra-3-x-25-m\/#primaryimage"},"image":{"@id":"https:\/\/truusk.store\/sv\/produkt\/truusk-elektrisk-markis-fjarrkontroll-monteringskit-inkluderad-metallram-morkgra-3-x-25-m\/#primaryimage"},"thumbnailUrl":"https:\/\/i0.wp.com\/truusk.store\/wp-content\/uploads\/2025\/07\/elektrisk-markis-med-fjarrkontroll-inklusive-monteringskit-metallram-morkgra-3-x-25-m-1.webp?fit=2000%2C2000&ssl=1","datePublished":"2025-07-08T11:09:13+00:00","dateModified":"2026-03-12T07:56:14+00:00","breadcrumb":{"@id":"https:\/\/truusk.store\/sv\/produkt\/truusk-elektrisk-markis-fjarrkontroll-monteringskit-inkluderad-metallram-morkgra-3-x-25-m\/#breadcrumb"},"inLanguage":"sv-SE","potentialAction":[{"@type":"ReadAction","target":["https:\/\/truusk.store\/sv\/produkt\/truusk-elektrisk-markis-fjarrkontroll-monteringskit-inkluderad-metallram-morkgra-3-x-25-m\/"]}]},{"@type":"ImageObject","inLanguage":"sv-SE","@id":"https:\/\/truusk.store\/sv\/produkt\/truusk-elektrisk-markis-fjarrkontroll-monteringskit-inkluderad-metallram-morkgra-3-x-25-m\/#primaryimage","url":"https:\/\/i0.wp.com\/truusk.store\/wp-content\/uploads\/2025\/07\/elektrisk-markis-med-fjarrkontroll-inklusive-monteringskit-metallram-morkgra-3-x-25-m-1.webp?fit=2000%2C2000&ssl=1","contentUrl":"https:\/\/i0.wp.com\/truusk.store\/wp-content\/uploads\/2025\/07\/elektrisk-markis-med-fjarrkontroll-inklusive-monteringskit-metallram-morkgra-3-x-25-m-1.webp?fit=2000%2C2000&ssl=1","width":2000,"height":2000},{"@type":"BreadcrumbList","@id":"https:\/\/truusk.store\/sv\/produkt\/truusk-elektrisk-markis-fjarrkontroll-monteringskit-inkluderad-metallram-morkgra-3-x-25-m\/#breadcrumb","itemListElement":[{"@type":"ListItem","position":1,"name":"Home","item":"https:\/\/truusk.store\/sv\/"},{"@type":"ListItem","position":2,"name":"Shop","item":"https:\/\/truusk.store\/shop\/"},{"@type":"ListItem","position":3,"name":"TRUUSK Elektrisk Markis &#8211; Fj\u00e4rrkontroll &#8211; Monteringskit Inkluderad &#8211; Metallram &#8211; M\u00f6rkgr\u00e5 &#8211; 3 x 2,5 M"}]},{"@type":"WebSite","@id":"https:\/\/truusk.store\/sv\/#website","url":"https:\/\/truusk.store\/sv\/","name":"TRUUSK - Hem, Tr\u00e4dg\u00e5rd & Fritid","description":"","publisher":{"@id":"https:\/\/truusk.store\/sv\/#organization"},"potentialAction":[{"@type":"SearchAction","target":{"@type":"EntryPoint","urlTemplate":"https:\/\/truusk.store\/sv\/?s={search_term_string}"},"query-input":{"@type":"PropertyValueSpecification","valueRequired":true,"valueName":"search_term_string"}}],"inLanguage":"sv-SE"},{"@type":"Organization","@id":"https:\/\/truusk.store\/sv\/#organization","name":"TRUUSK - Hem, Tr\u00e4dg\u00e5rd & Fritid","url":"https:\/\/truusk.store\/sv\/","logo":{"@type":"ImageObject","inLanguage":"sv-SE","@id":"https:\/\/truusk.store\/sv\/#\/schema\/logo\/image\/","url":"https:\/\/i0.wp.com\/truusk.store\/wp-content\/uploads\/2026\/03\/cropped-TRUUSK.png?fit=2032%2C917&ssl=1","contentUrl":"https:\/\/i0.wp.com\/truusk.store\/wp-content\/uploads\/2026\/03\/cropped-TRUUSK.png?fit=2032%2C917&ssl=1","width":2032,"height":917,"caption":"TRUUSK - Hem, Tr\u00e4dg\u00e5rd & Fritid"},"image":{"@id":"https:\/\/truusk.store\/sv\/#\/schema\/logo\/image\/"}}]}},"jetpack_sharing_enabled":true,"_links":{"self":[{"href":"https:\/\/truusk.store\/sv\/wp-json\/wp\/v2\/product\/82468","targetHints":{"allow":["GET"]}}],"collection":[{"href":"https:\/\/truusk.store\/sv\/wp-json\/wp\/v2\/product"}],"about":[{"href":"https:\/\/truusk.store\/sv\/wp-json\/wp\/v2\/types\/product"}],"wp:featuredmedia":[{"embeddable":true,"href":"https:\/\/truusk.store\/sv\/wp-json\/wp\/v2\/media\/82459"}],"wp:attachment":[{"href":"https:\/\/truusk.store\/sv\/wp-json\/wp\/v2\/media?parent=82468"}],"wp:term":[{"taxonomy":"product_brand","embeddable":true,"href":"https:\/\/truusk.store\/sv\/wp-json\/wp\/v2\/product_brand?post=82468"},{"taxonomy":"product_cat","embeddable":true,"href":"https:\/\/truusk.store\/sv\/wp-json\/wp\/v2\/product_cat?post=82468"},{"taxonomy":"product_tag","embeddable":true,"href":"https:\/\/truusk.store\/sv\/wp-json\/wp\/v2\/product_tag?post=82468"}],"curies":[{"name":"wp","href":"https:\/\/api.w.org\/{rel}","templated":true}]}}