{"id":82518,"date":"2025-07-08T12:19:55","date_gmt":"2025-07-08T11:19:55","guid":{"rendered":"https:\/\/truusk.store\/product\/blomstall-vaxtstall-7-nivaer-for-inomhus-och-utomhus-stal-vit-65-x-23-x-945cm\/"},"modified":"2026-03-12T09:14:34","modified_gmt":"2026-03-12T08:14:34","slug":"truusk-blomstall-vaxtstall-7-nivaer-inomhus-och-utomhus-stal-vit-65-x-23-x-945cm","status":"publish","type":"product","link":"https:\/\/truusk.store\/sv\/produkt\/truusk-blomstall-vaxtstall-7-nivaer-inomhus-och-utomhus-stal-vit-65-x-23-x-945cm\/","title":{"rendered":"TRUUSK Blomst\u00e4ll &#8211; V\u00e4xtst\u00e4ll 7 Niv\u00e5er &#8211; Inomhus och Utomhus &#8211; St\u00e5l &#8211; Vit &#8211; 65 x 23 x 94,5cm"},"content":{"rendered":"<p>Den h\u00e4r blomst\u00e4llningen fr\u00e5n TRUUSK \u00e4r en riktig blickf\u00e5ngare och ger varje hem- och tr\u00e4dg\u00e5rdsmilj\u00f6 en karakt\u00e4ristisk glans. Blomhyllan \u00e4r inte bara utm\u00e4rkt f\u00f6r att h\u00e5lla dina favoritv\u00e4xter, utan kan ocks\u00e5 fungera som en sofistikerad presentationsyta f\u00f6r att placera b\u00f6cker, foton, ljus och andra inredningsdetaljer. Den h\u00f6gkvalitativa st\u00e5lkonstruktionen ger ett fast grepp och kommer att tj\u00e4na dig p\u00e5litligt och s\u00e4rskilt l\u00e4nge.<\/p>\n<p>Beskrivning:<\/p>\n<ul>\n<li> Dekorativ blomst\u00e4llning, kan ocks\u00e5 anv\u00e4ndas som dekorationsyta<\/li>\n<li> Stabil st\u00e5lram och robusta plattor f\u00f6r fast grepp<\/li>\n<li> S\u00e4ker tippskydd med v\u00e4ggmontering<\/li>\n<li> L\u00e4mplig f\u00f6r b\u00e5de inomhus och utomhus<\/li>\n<li> Montering kr\u00e4vs<\/li>\n<\/ul>\n<p> Tekniska data:<\/p>\n<ul>\n<li> F\u00e4rg: Vit<\/li>\n<li> Material: MDF, St\u00e5l<\/li>\n<li> Totala m\u00e5tt: 65L x 23B x 94,5H cm<\/li>\n<li> M\u00e5tt p\u00e5 niv\u00e5erna: 23L x 23B cm, 23L x 21B cm, 23L x 19B cm<\/li>\n<li> H\u00f6jd v\u00e4nstra hyllniv\u00e5erna (fr\u00e5n topp till botten): 94,5 cm, 49,5 cm, 6 cm<\/li>\n<li> H\u00f6jd mellersta hyllniv\u00e5erna (fr\u00e5n topp till botten): 71,5 cm, 27 cm<\/li>\n<li> H\u00f6jd h\u00f6gra hyllniv\u00e5erna (fr\u00e5n topp till botten): 49,5 cm, 6 cm<\/li>\n<li> Belastningskapacitet f\u00f6r varje niv\u00e5: 2 kg<\/li>\n<\/ul>\n<p>Leveransinneh\u00e5ll:<\/p>\n<ul>\n<li> 1 x Blomst\u00e4llning<\/li>\n<li> 1 x Instruktioner<\/li>\n<\/ul>\n","protected":false},"excerpt":{"rendered":"<p>Den h\u00e4r blomst\u00e4llningen fr\u00e5n TRUUSK \u00e4r en riktig blickf\u00e5ngare och ger varje hem- och tr\u00e4dg\u00e5rdsmilj\u00f6 en karakt\u00e4ristisk glans. Blomhyllan \u00e4r&#8230;<\/p>\n","protected":false},"featured_media":82509,"template":"","meta":[],"product_brand":[],"product_cat":[1022,858,443,883],"product_tag":[],"class_list":{"0":"post-82518","1":"product","2":"type-product","3":"status-publish","4":"has-post-thumbnail","6":"product_cat-pflanzenregale","7":"product_cat-tradgard-terrass","8":"product_cat-vaxthus-tradgardsskotsel","9":"product_cat-vaxttrappor-hyllor","11":"first","12":"instock","13":"sale","14":"taxable","15":"shipping-taxable","16":"purchasable","17":"product-type-simple"},"yoast_head":"<!-- This site is optimized with the Yoast SEO plugin v25.4 - https:\/\/yoast.com\/wordpress\/plugins\/seo\/ -->\n<title>TRUUSK Blomst\u00e4ll - V\u00e4xtst\u00e4ll 7 Niv\u00e5er - Inomhus och Utomhus - St\u00e5l - Vit - 65 x 23 x 94,5cm - TRUUSK - Hem, Tr\u00e4dg\u00e5rd &amp; Fritid<\/title>\n<meta name=\"robots\" content=\"index, follow, max-snippet:-1, max-image-preview:large, max-video-preview:-1\" \/>\n<link rel=\"canonical\" href=\"https:\/\/truusk.store\/sv\/produkt\/truusk-blomstall-vaxtstall-7-nivaer-inomhus-och-utomhus-stal-vit-65-x-23-x-945cm\/\" \/>\n<meta property=\"og:locale\" content=\"sv_SE\" \/>\n<meta property=\"og:type\" content=\"article\" \/>\n<meta property=\"og:title\" content=\"TRUUSK Blomst\u00e4ll - V\u00e4xtst\u00e4ll 7 Niv\u00e5er - Inomhus och Utomhus - St\u00e5l - Vit - 65 x 23 x 94,5cm - TRUUSK - Hem, Tr\u00e4dg\u00e5rd &amp; Fritid\" \/>\n<meta property=\"og:description\" content=\"Den h\u00e4r blomst\u00e4llningen fr\u00e5n TRUUSK \u00e4r en riktig blickf\u00e5ngare och ger varje hem- och tr\u00e4dg\u00e5rdsmilj\u00f6 en karakt\u00e4ristisk glans. Blomhyllan \u00e4r...\" \/>\n<meta property=\"og:url\" content=\"https:\/\/truusk.store\/sv\/produkt\/truusk-blomstall-vaxtstall-7-nivaer-inomhus-och-utomhus-stal-vit-65-x-23-x-945cm\/\" \/>\n<meta property=\"og:site_name\" content=\"TRUUSK - Hem, Tr\u00e4dg\u00e5rd &amp; Fritid\" \/>\n<meta property=\"article:modified_time\" content=\"2026-03-12T08:14:34+00:00\" \/>\n<meta property=\"og:image\" content=\"https:\/\/i0.wp.com\/truusk.se\/wp-content\/uploads\/2025\/07\/blomstall-vaxtstall-7-nivaer-for-inomhus-och-utomhus-stal-vit-65-x-23-x-945cm-1.webp?fit=2000%2C2000&ssl=1\" \/>\n\t<meta property=\"og:image:width\" content=\"2000\" \/>\n\t<meta property=\"og:image:height\" content=\"2000\" \/>\n\t<meta property=\"og:image:type\" content=\"image\/webp\" \/>\n<meta name=\"twitter:card\" content=\"summary_large_image\" \/>\n<meta name=\"twitter:label1\" content=\"Ber\u00e4knad l\u00e4stid\" \/>\n\t<meta name=\"twitter:data1\" content=\"1 minut\" \/>\n<!-- \/ Yoast SEO plugin. -->","yoast_head_json":{"title":"TRUUSK Blomst\u00e4ll - V\u00e4xtst\u00e4ll 7 Niv\u00e5er - Inomhus och Utomhus - St\u00e5l - Vit - 65 x 23 x 94,5cm - TRUUSK - Hem, Tr\u00e4dg\u00e5rd &amp; Fritid","robots":{"index":"index","follow":"follow","max-snippet":"max-snippet:-1","max-image-preview":"max-image-preview:large","max-video-preview":"max-video-preview:-1"},"canonical":"https:\/\/truusk.store\/sv\/produkt\/truusk-blomstall-vaxtstall-7-nivaer-inomhus-och-utomhus-stal-vit-65-x-23-x-945cm\/","og_locale":"sv_SE","og_type":"article","og_title":"TRUUSK Blomst\u00e4ll - V\u00e4xtst\u00e4ll 7 Niv\u00e5er - Inomhus och Utomhus - St\u00e5l - Vit - 65 x 23 x 94,5cm - TRUUSK - Hem, Tr\u00e4dg\u00e5rd &amp; Fritid","og_description":"Den h\u00e4r blomst\u00e4llningen fr\u00e5n TRUUSK \u00e4r en riktig blickf\u00e5ngare och ger varje hem- och tr\u00e4dg\u00e5rdsmilj\u00f6 en karakt\u00e4ristisk glans. Blomhyllan \u00e4r...","og_url":"https:\/\/truusk.store\/sv\/produkt\/truusk-blomstall-vaxtstall-7-nivaer-inomhus-och-utomhus-stal-vit-65-x-23-x-945cm\/","og_site_name":"TRUUSK - Hem, Tr\u00e4dg\u00e5rd &amp; Fritid","article_modified_time":"2026-03-12T08:14:34+00:00","og_image":[{"width":2000,"height":2000,"url":"https:\/\/i0.wp.com\/truusk.se\/wp-content\/uploads\/2025\/07\/blomstall-vaxtstall-7-nivaer-for-inomhus-och-utomhus-stal-vit-65-x-23-x-945cm-1.webp?fit=2000%2C2000&ssl=1","type":"image\/webp"}],"twitter_card":"summary_large_image","twitter_misc":{"Ber\u00e4knad l\u00e4stid":"1 minut"},"schema":{"@context":"https:\/\/schema.org","@graph":[{"@type":"WebPage","@id":"https:\/\/truusk.store\/sv\/produkt\/truusk-blomstall-vaxtstall-7-nivaer-inomhus-och-utomhus-stal-vit-65-x-23-x-945cm\/","url":"https:\/\/truusk.store\/sv\/produkt\/truusk-blomstall-vaxtstall-7-nivaer-inomhus-och-utomhus-stal-vit-65-x-23-x-945cm\/","name":"TRUUSK Blomst\u00e4ll - V\u00e4xtst\u00e4ll 7 Niv\u00e5er - Inomhus och Utomhus - St\u00e5l - Vit - 65 x 23 x 94,5cm - TRUUSK - Hem, Tr\u00e4dg\u00e5rd &amp; Fritid","isPartOf":{"@id":"https:\/\/truusk.store\/sv\/#website"},"primaryImageOfPage":{"@id":"https:\/\/truusk.store\/sv\/produkt\/truusk-blomstall-vaxtstall-7-nivaer-inomhus-och-utomhus-stal-vit-65-x-23-x-945cm\/#primaryimage"},"image":{"@id":"https:\/\/truusk.store\/sv\/produkt\/truusk-blomstall-vaxtstall-7-nivaer-inomhus-och-utomhus-stal-vit-65-x-23-x-945cm\/#primaryimage"},"thumbnailUrl":"https:\/\/i0.wp.com\/truusk.store\/wp-content\/uploads\/2025\/07\/blomstall-vaxtstall-7-nivaer-for-inomhus-och-utomhus-stal-vit-65-x-23-x-945cm-1.webp?fit=2000%2C2000&ssl=1","datePublished":"2025-07-08T11:19:55+00:00","dateModified":"2026-03-12T08:14:34+00:00","breadcrumb":{"@id":"https:\/\/truusk.store\/sv\/produkt\/truusk-blomstall-vaxtstall-7-nivaer-inomhus-och-utomhus-stal-vit-65-x-23-x-945cm\/#breadcrumb"},"inLanguage":"sv-SE","potentialAction":[{"@type":"ReadAction","target":["https:\/\/truusk.store\/sv\/produkt\/truusk-blomstall-vaxtstall-7-nivaer-inomhus-och-utomhus-stal-vit-65-x-23-x-945cm\/"]}]},{"@type":"ImageObject","inLanguage":"sv-SE","@id":"https:\/\/truusk.store\/sv\/produkt\/truusk-blomstall-vaxtstall-7-nivaer-inomhus-och-utomhus-stal-vit-65-x-23-x-945cm\/#primaryimage","url":"https:\/\/i0.wp.com\/truusk.store\/wp-content\/uploads\/2025\/07\/blomstall-vaxtstall-7-nivaer-for-inomhus-och-utomhus-stal-vit-65-x-23-x-945cm-1.webp?fit=2000%2C2000&ssl=1","contentUrl":"https:\/\/i0.wp.com\/truusk.store\/wp-content\/uploads\/2025\/07\/blomstall-vaxtstall-7-nivaer-for-inomhus-och-utomhus-stal-vit-65-x-23-x-945cm-1.webp?fit=2000%2C2000&ssl=1","width":2000,"height":2000},{"@type":"BreadcrumbList","@id":"https:\/\/truusk.store\/sv\/produkt\/truusk-blomstall-vaxtstall-7-nivaer-inomhus-och-utomhus-stal-vit-65-x-23-x-945cm\/#breadcrumb","itemListElement":[{"@type":"ListItem","position":1,"name":"Home","item":"https:\/\/truusk.store\/sv\/"},{"@type":"ListItem","position":2,"name":"Shop","item":"https:\/\/truusk.store\/shop\/"},{"@type":"ListItem","position":3,"name":"TRUUSK Blomst\u00e4ll &#8211; V\u00e4xtst\u00e4ll 7 Niv\u00e5er &#8211; Inomhus och Utomhus &#8211; St\u00e5l &#8211; Vit &#8211; 65 x 23 x 94,5cm"}]},{"@type":"WebSite","@id":"https:\/\/truusk.store\/sv\/#website","url":"https:\/\/truusk.store\/sv\/","name":"TRUUSK - Hem, Tr\u00e4dg\u00e5rd & Fritid","description":"","publisher":{"@id":"https:\/\/truusk.store\/sv\/#organization"},"potentialAction":[{"@type":"SearchAction","target":{"@type":"EntryPoint","urlTemplate":"https:\/\/truusk.store\/sv\/?s={search_term_string}"},"query-input":{"@type":"PropertyValueSpecification","valueRequired":true,"valueName":"search_term_string"}}],"inLanguage":"sv-SE"},{"@type":"Organization","@id":"https:\/\/truusk.store\/sv\/#organization","name":"TRUUSK - Hem, Tr\u00e4dg\u00e5rd & Fritid","url":"https:\/\/truusk.store\/sv\/","logo":{"@type":"ImageObject","inLanguage":"sv-SE","@id":"https:\/\/truusk.store\/sv\/#\/schema\/logo\/image\/","url":"https:\/\/i0.wp.com\/truusk.store\/wp-content\/uploads\/2026\/03\/cropped-TRUUSK.png?fit=2032%2C917&ssl=1","contentUrl":"https:\/\/i0.wp.com\/truusk.store\/wp-content\/uploads\/2026\/03\/cropped-TRUUSK.png?fit=2032%2C917&ssl=1","width":2032,"height":917,"caption":"TRUUSK - Hem, Tr\u00e4dg\u00e5rd & Fritid"},"image":{"@id":"https:\/\/truusk.store\/sv\/#\/schema\/logo\/image\/"}}]}},"jetpack_sharing_enabled":true,"_links":{"self":[{"href":"https:\/\/truusk.store\/sv\/wp-json\/wp\/v2\/product\/82518","targetHints":{"allow":["GET"]}}],"collection":[{"href":"https:\/\/truusk.store\/sv\/wp-json\/wp\/v2\/product"}],"about":[{"href":"https:\/\/truusk.store\/sv\/wp-json\/wp\/v2\/types\/product"}],"wp:featuredmedia":[{"embeddable":true,"href":"https:\/\/truusk.store\/sv\/wp-json\/wp\/v2\/media\/82509"}],"wp:attachment":[{"href":"https:\/\/truusk.store\/sv\/wp-json\/wp\/v2\/media?parent=82518"}],"wp:term":[{"taxonomy":"product_brand","embeddable":true,"href":"https:\/\/truusk.store\/sv\/wp-json\/wp\/v2\/product_brand?post=82518"},{"taxonomy":"product_cat","embeddable":true,"href":"https:\/\/truusk.store\/sv\/wp-json\/wp\/v2\/product_cat?post=82518"},{"taxonomy":"product_tag","embeddable":true,"href":"https:\/\/truusk.store\/sv\/wp-json\/wp\/v2\/product_tag?post=82518"}],"curies":[{"name":"wp","href":"https:\/\/api.w.org\/{rel}","templated":true}]}}