{"id":82558,"date":"2025-07-08T12:31:40","date_gmt":"2025-07-08T11:31:40","guid":{"rendered":"https:\/\/truusk.store\/product\/rullande-koksvagn-med-forvaringsutrymme-skap-justerbara-hyllor-for-kok-vardagsrum-matsal-vit\/"},"modified":"2026-03-12T09:44:38","modified_gmt":"2026-03-12T08:44:38","slug":"truusk-rullande-koksvagn-forvaringsutrymme-skap-justerbara-hyllor-vit","status":"publish","type":"product","link":"https:\/\/truusk.store\/sv\/produkt\/truusk-rullande-koksvagn-forvaringsutrymme-skap-justerbara-hyllor-vit\/","title":{"rendered":"TRUUSK Rullande K\u00f6ksvagn &#8211; F\u00f6rvaringsutrymme &#8211; Sk\u00e5p &#8211; Justerbara Hyllor &#8211; Vit"},"content":{"rendered":"<p>Optimera ditt hem med TRUUSK k\u00f6ksvagn! M\u00e5ngsidiga lagringsalternativ underl\u00e4ttar matlagning och servering. Den inneh\u00e5ller en gener\u00f6s arbetsyta f\u00f6r f\u00f6rberedelser och en utdragbar l\u00e5da f\u00f6r sk\u00e4rbr\u00e4dor, bakpapper och folier. P\u00e5 de sm\u00e5 sidohyllorna kan kryddor lagras \u00f6versk\u00e5dligt. K\u00f6ksvagnens sk\u00e5p med dubbla d\u00f6rrar och justerbar inre hylla erbjuder ocks\u00e5 flexibel f\u00f6rvaring f\u00f6r kastruller och stekpannor.<\/p>\n<p>Beskrivning:<\/p>\n<ul>\n<li> Minimalistiskt och klassiskt f\u00e4rgschema<\/li>\n<li> Flera f\u00f6rvaringsalternativ inklusive arbetsb\u00e4nk, \u00f6ppet fack, \u00f6ppna hyllor och sk\u00e5p<\/li>\n<li> Sk\u00e5pet p\u00e5 sidovagnen med hjul har en 3-stegs justerbar hylla som anpassar sig till olika f\u00f6rvaringsbehov<\/li>\n<li> L\u00e4ttrullade hjul p\u00e5 sidovagnen underl\u00e4ttar r\u00f6relse<\/li>\n<li> Tv\u00e5 hjul med bromsar s\u00e4kerst\u00e4ller stabilitet n\u00e4r den st\u00e5r stilla<\/li>\n<li> Utskurna handtag p\u00e5 f\u00f6rvaringsvagnens sk\u00e5pd\u00f6rr f\u00f6r s\u00e4krare, enklare \u00f6ppning<\/li>\n<li> Montering kr\u00e4vs<\/li>\n<\/ul>\n<p> Tekniska data:<\/p>\n<ul>\n<li> F\u00e4rg: Vit+Naturtr\u00e4<\/li>\n<li> Material: MDF<\/li>\n<li> Totala dimensioner: 80B x 40T x 82H cm<\/li>\n<li> Storlek p\u00e5 h\u00f6gra hyllan: 52,3B x 35T cm<\/li>\n<li> Storlek p\u00e5 v\u00e4nstra hyllan: 20,5B x 38T cm<\/li>\n<li> Inre m\u00e5tt p\u00e5 sk\u00e5pet: 54,5B x 36,5T cm<\/li>\n<li> Belastningskapacitet: 40 kg (totalt), 10 kg (ovanp\u00e5), 10 kg (nedre hylla), 5 kg (mellanhylla)<\/li>\n<\/ul>\n<p> Leveransinneh\u00e5ll:<\/p>\n<ul>\n<li> 1 x k\u00f6ksvagn<\/li>\n<li> 1 x bruksanvisning<\/li>\n<\/ul>\n","protected":false},"excerpt":{"rendered":"<p>Optimera ditt hem med TRUUSK k\u00f6ksvagn! M\u00e5ngsidiga lagringsalternativ underl\u00e4ttar matlagning och servering. Den inneh\u00e5ller en gener\u00f6s arbetsyta f\u00f6r f\u00f6rberedelser och&#8230;<\/p>\n","protected":false},"featured_media":82549,"template":"","meta":[],"product_brand":[],"product_cat":[871,889,1017],"product_tag":[],"class_list":{"0":"post-82558","1":"product","2":"type-product","3":"status-publish","4":"has-post-thumbnail","6":"product_cat-hus-hem","7":"product_cat-kok-matsal","8":"product_cat-koksoar","10":"first","11":"instock","12":"sale","13":"taxable","14":"shipping-taxable","15":"purchasable","16":"product-type-simple"},"yoast_head":"<!-- This site is optimized with the Yoast SEO plugin v25.4 - https:\/\/yoast.com\/wordpress\/plugins\/seo\/ -->\n<title>TRUUSK Rullande K\u00f6ksvagn - F\u00f6rvaringsutrymme - Sk\u00e5p - Justerbara Hyllor - Vit - TRUUSK - Hem, Tr\u00e4dg\u00e5rd &amp; Fritid<\/title>\n<meta name=\"robots\" content=\"index, follow, max-snippet:-1, max-image-preview:large, max-video-preview:-1\" \/>\n<link rel=\"canonical\" href=\"https:\/\/truusk.store\/sv\/produkt\/truusk-rullande-koksvagn-forvaringsutrymme-skap-justerbara-hyllor-vit\/\" \/>\n<meta property=\"og:locale\" content=\"sv_SE\" \/>\n<meta property=\"og:type\" content=\"article\" \/>\n<meta property=\"og:title\" content=\"TRUUSK Rullande K\u00f6ksvagn - F\u00f6rvaringsutrymme - Sk\u00e5p - Justerbara Hyllor - Vit - TRUUSK - Hem, Tr\u00e4dg\u00e5rd &amp; Fritid\" \/>\n<meta property=\"og:description\" content=\"Optimera ditt hem med TRUUSK k\u00f6ksvagn! M\u00e5ngsidiga lagringsalternativ underl\u00e4ttar matlagning och servering. Den inneh\u00e5ller en gener\u00f6s arbetsyta f\u00f6r f\u00f6rberedelser och...\" \/>\n<meta property=\"og:url\" content=\"https:\/\/truusk.store\/sv\/produkt\/truusk-rullande-koksvagn-forvaringsutrymme-skap-justerbara-hyllor-vit\/\" \/>\n<meta property=\"og:site_name\" content=\"TRUUSK - Hem, Tr\u00e4dg\u00e5rd &amp; Fritid\" \/>\n<meta property=\"article:modified_time\" content=\"2026-03-12T08:44:38+00:00\" \/>\n<meta property=\"og:image\" content=\"https:\/\/i0.wp.com\/truusk.se\/wp-content\/uploads\/2025\/07\/rullande-koksvagn-med-forvaringsutrymme-skap-justerbara-hyllor-for-kok-vardagsrum-matsal-vit-1.webp?fit=2000%2C2000&ssl=1\" \/>\n\t<meta property=\"og:image:width\" content=\"2000\" \/>\n\t<meta property=\"og:image:height\" content=\"2000\" \/>\n\t<meta property=\"og:image:type\" content=\"image\/webp\" \/>\n<meta name=\"twitter:card\" content=\"summary_large_image\" \/>\n<meta name=\"twitter:label1\" content=\"Ber\u00e4knad l\u00e4stid\" \/>\n\t<meta name=\"twitter:data1\" content=\"1 minut\" \/>\n<!-- \/ Yoast SEO plugin. -->","yoast_head_json":{"title":"TRUUSK Rullande K\u00f6ksvagn - F\u00f6rvaringsutrymme - Sk\u00e5p - Justerbara Hyllor - Vit - TRUUSK - Hem, Tr\u00e4dg\u00e5rd &amp; Fritid","robots":{"index":"index","follow":"follow","max-snippet":"max-snippet:-1","max-image-preview":"max-image-preview:large","max-video-preview":"max-video-preview:-1"},"canonical":"https:\/\/truusk.store\/sv\/produkt\/truusk-rullande-koksvagn-forvaringsutrymme-skap-justerbara-hyllor-vit\/","og_locale":"sv_SE","og_type":"article","og_title":"TRUUSK Rullande K\u00f6ksvagn - F\u00f6rvaringsutrymme - Sk\u00e5p - Justerbara Hyllor - Vit - TRUUSK - Hem, Tr\u00e4dg\u00e5rd &amp; Fritid","og_description":"Optimera ditt hem med TRUUSK k\u00f6ksvagn! M\u00e5ngsidiga lagringsalternativ underl\u00e4ttar matlagning och servering. Den inneh\u00e5ller en gener\u00f6s arbetsyta f\u00f6r f\u00f6rberedelser och...","og_url":"https:\/\/truusk.store\/sv\/produkt\/truusk-rullande-koksvagn-forvaringsutrymme-skap-justerbara-hyllor-vit\/","og_site_name":"TRUUSK - Hem, Tr\u00e4dg\u00e5rd &amp; Fritid","article_modified_time":"2026-03-12T08:44:38+00:00","og_image":[{"width":2000,"height":2000,"url":"https:\/\/i0.wp.com\/truusk.se\/wp-content\/uploads\/2025\/07\/rullande-koksvagn-med-forvaringsutrymme-skap-justerbara-hyllor-for-kok-vardagsrum-matsal-vit-1.webp?fit=2000%2C2000&ssl=1","type":"image\/webp"}],"twitter_card":"summary_large_image","twitter_misc":{"Ber\u00e4knad l\u00e4stid":"1 minut"},"schema":{"@context":"https:\/\/schema.org","@graph":[{"@type":"WebPage","@id":"https:\/\/truusk.store\/sv\/produkt\/truusk-rullande-koksvagn-forvaringsutrymme-skap-justerbara-hyllor-vit\/","url":"https:\/\/truusk.store\/sv\/produkt\/truusk-rullande-koksvagn-forvaringsutrymme-skap-justerbara-hyllor-vit\/","name":"TRUUSK Rullande K\u00f6ksvagn - F\u00f6rvaringsutrymme - Sk\u00e5p - Justerbara Hyllor - Vit - TRUUSK - Hem, Tr\u00e4dg\u00e5rd &amp; Fritid","isPartOf":{"@id":"https:\/\/truusk.store\/sv\/#website"},"primaryImageOfPage":{"@id":"https:\/\/truusk.store\/sv\/produkt\/truusk-rullande-koksvagn-forvaringsutrymme-skap-justerbara-hyllor-vit\/#primaryimage"},"image":{"@id":"https:\/\/truusk.store\/sv\/produkt\/truusk-rullande-koksvagn-forvaringsutrymme-skap-justerbara-hyllor-vit\/#primaryimage"},"thumbnailUrl":"https:\/\/i0.wp.com\/truusk.store\/wp-content\/uploads\/2025\/07\/rullande-koksvagn-med-forvaringsutrymme-skap-justerbara-hyllor-for-kok-vardagsrum-matsal-vit-1.webp?fit=2000%2C2000&ssl=1","datePublished":"2025-07-08T11:31:40+00:00","dateModified":"2026-03-12T08:44:38+00:00","breadcrumb":{"@id":"https:\/\/truusk.store\/sv\/produkt\/truusk-rullande-koksvagn-forvaringsutrymme-skap-justerbara-hyllor-vit\/#breadcrumb"},"inLanguage":"sv-SE","potentialAction":[{"@type":"ReadAction","target":["https:\/\/truusk.store\/sv\/produkt\/truusk-rullande-koksvagn-forvaringsutrymme-skap-justerbara-hyllor-vit\/"]}]},{"@type":"ImageObject","inLanguage":"sv-SE","@id":"https:\/\/truusk.store\/sv\/produkt\/truusk-rullande-koksvagn-forvaringsutrymme-skap-justerbara-hyllor-vit\/#primaryimage","url":"https:\/\/i0.wp.com\/truusk.store\/wp-content\/uploads\/2025\/07\/rullande-koksvagn-med-forvaringsutrymme-skap-justerbara-hyllor-for-kok-vardagsrum-matsal-vit-1.webp?fit=2000%2C2000&ssl=1","contentUrl":"https:\/\/i0.wp.com\/truusk.store\/wp-content\/uploads\/2025\/07\/rullande-koksvagn-med-forvaringsutrymme-skap-justerbara-hyllor-for-kok-vardagsrum-matsal-vit-1.webp?fit=2000%2C2000&ssl=1","width":2000,"height":2000},{"@type":"BreadcrumbList","@id":"https:\/\/truusk.store\/sv\/produkt\/truusk-rullande-koksvagn-forvaringsutrymme-skap-justerbara-hyllor-vit\/#breadcrumb","itemListElement":[{"@type":"ListItem","position":1,"name":"Home","item":"https:\/\/truusk.store\/sv\/"},{"@type":"ListItem","position":2,"name":"Shop","item":"https:\/\/truusk.store\/shop\/"},{"@type":"ListItem","position":3,"name":"TRUUSK Rullande K\u00f6ksvagn &#8211; F\u00f6rvaringsutrymme &#8211; Sk\u00e5p &#8211; Justerbara Hyllor &#8211; Vit"}]},{"@type":"WebSite","@id":"https:\/\/truusk.store\/sv\/#website","url":"https:\/\/truusk.store\/sv\/","name":"TRUUSK - Hem, Tr\u00e4dg\u00e5rd & Fritid","description":"","publisher":{"@id":"https:\/\/truusk.store\/sv\/#organization"},"potentialAction":[{"@type":"SearchAction","target":{"@type":"EntryPoint","urlTemplate":"https:\/\/truusk.store\/sv\/?s={search_term_string}"},"query-input":{"@type":"PropertyValueSpecification","valueRequired":true,"valueName":"search_term_string"}}],"inLanguage":"sv-SE"},{"@type":"Organization","@id":"https:\/\/truusk.store\/sv\/#organization","name":"TRUUSK - Hem, Tr\u00e4dg\u00e5rd & Fritid","url":"https:\/\/truusk.store\/sv\/","logo":{"@type":"ImageObject","inLanguage":"sv-SE","@id":"https:\/\/truusk.store\/sv\/#\/schema\/logo\/image\/","url":"https:\/\/i0.wp.com\/truusk.store\/wp-content\/uploads\/2026\/03\/cropped-TRUUSK.png?fit=2032%2C917&ssl=1","contentUrl":"https:\/\/i0.wp.com\/truusk.store\/wp-content\/uploads\/2026\/03\/cropped-TRUUSK.png?fit=2032%2C917&ssl=1","width":2032,"height":917,"caption":"TRUUSK - Hem, Tr\u00e4dg\u00e5rd & Fritid"},"image":{"@id":"https:\/\/truusk.store\/sv\/#\/schema\/logo\/image\/"}}]}},"jetpack_sharing_enabled":true,"_links":{"self":[{"href":"https:\/\/truusk.store\/sv\/wp-json\/wp\/v2\/product\/82558","targetHints":{"allow":["GET"]}}],"collection":[{"href":"https:\/\/truusk.store\/sv\/wp-json\/wp\/v2\/product"}],"about":[{"href":"https:\/\/truusk.store\/sv\/wp-json\/wp\/v2\/types\/product"}],"wp:featuredmedia":[{"embeddable":true,"href":"https:\/\/truusk.store\/sv\/wp-json\/wp\/v2\/media\/82549"}],"wp:attachment":[{"href":"https:\/\/truusk.store\/sv\/wp-json\/wp\/v2\/media?parent=82558"}],"wp:term":[{"taxonomy":"product_brand","embeddable":true,"href":"https:\/\/truusk.store\/sv\/wp-json\/wp\/v2\/product_brand?post=82558"},{"taxonomy":"product_cat","embeddable":true,"href":"https:\/\/truusk.store\/sv\/wp-json\/wp\/v2\/product_cat?post=82558"},{"taxonomy":"product_tag","embeddable":true,"href":"https:\/\/truusk.store\/sv\/wp-json\/wp\/v2\/product_tag?post=82558"}],"curies":[{"name":"wp","href":"https:\/\/api.w.org\/{rel}","templated":true}]}}