{"id":82568,"date":"2025-07-08T12:32:22","date_gmt":"2025-07-08T11:32:22","guid":{"rendered":"https:\/\/truusk.store\/product\/aiyaplay-balans-stenar-11-delars-set-stapelbara-latta-halkfria-for-inomhus-utomhus\/"},"modified":"2026-03-12T09:45:24","modified_gmt":"2026-03-12T08:45:24","slug":"truusk-balansstenar-set-11-delar-stapelbara-latta-halkfria-inomhus-utomhus","status":"publish","type":"product","link":"https:\/\/truusk.store\/sv\/produkt\/truusk-balansstenar-set-11-delar-stapelbara-latta-halkfria-inomhus-utomhus\/","title":{"rendered":"TRUUSK Balansstenar Set &#8211; 11 Delar &#8211; Stapelbara &amp; L\u00e4tta &#8211; Halkfria &#8211; Inomhus\/Utomhus"},"content":{"rendered":"<p>Detta f\u00e4rgglada 11-delade stegstensset fr\u00e5n AIYAPLAY fr\u00e4mjar p\u00e5 ett lekfullt s\u00e4tt balans och motorik f\u00f6r dina sm\u00e5 uppt\u00e4ckare i \u00e5ldern 3 till 8 \u00e5r. Varje hj\u00e4rtformad balanssten har en halkfri yta, perfekt f\u00f6r s\u00e4kert spel b\u00e5de inomhus och utomhus. Stapelbara och i livfulla f\u00e4rger, dessa spelstenar ger massor av f\u00e4rg och gl\u00e4dje till varje \u00e4ventyr. Ge ditt barn of\u00f6rgl\u00f6mliga spelstunder!<\/p>\n<p>Beskrivning:<\/p>\n<ul>\n<li> Fr\u00e4mjar balans och motorik med f\u00e4rgglad design<\/li>\n<li> Elva delars set, bekv\u00e4mt stapelbart f\u00f6r f\u00f6rvaring<\/li>\n<li> Halkfri kant och strukturerad yta f\u00f6r s\u00e4kerhet<\/li>\n<li> L\u00e4mplig f\u00f6r inomhus och utomhus, b\u00e4rbar<\/li>\n<li> Utvecklad f\u00f6r barn i \u00e5ldern 3 till 8 \u00e5r<\/li>\n<li> Enkel att montera<\/li>\n<\/ul>\n<p>Tekniska data:<\/p>\n<ul>\n<li> F\u00e4rg: Flerf\u00e4rgad<\/li>\n<li> Material: PP, TPE<\/li>\n<li> Sm\u00e5 stenar: 23L x 20,5B x 4H cm<\/li>\n<li> Medelstora stenar: 26,5L x 24B x 8H cm<\/li>\n<li> Stora stenar: 34L x 37,5B x 15H cm<\/li>\n<li> Extra stora stenar: 42L x 39B x 20H cm<\/li>\n<li> Certifierad \u00e5lder: 3+ \u00e5r<\/li>\n<li> Rekommenderad \u00e5lder: 3-8 \u00e5r<\/li>\n<li> Maximal belastning: 80 kg<\/li>\n<\/ul>\n<p>Leveransinneh\u00e5ll:<\/p>\n<ul>\n<li> 11 x stegstenar<\/li>\n<li> 1 x handbok<\/li>\n<\/ul>\n","protected":false},"excerpt":{"rendered":"<p>Detta f\u00e4rgglada 11-delade stegstensset fr\u00e5n AIYAPLAY fr\u00e4mjar p\u00e5 ett lekfullt s\u00e4tt balans och motorik f\u00f6r dina sm\u00e5 uppt\u00e4ckare i \u00e5ldern&#8230;<\/p>\n","protected":false},"featured_media":82559,"template":"","meta":[],"product_brand":[],"product_cat":[880,939,616],"product_tag":[],"class_list":{"0":"post-82568","1":"product","2":"type-product","3":"status-publish","4":"has-post-thumbnail","6":"product_cat-baby-barn-2","7":"product_cat-barnsport","8":"product_cat-utomhusleksaker","10":"first","11":"instock","12":"sale","13":"taxable","14":"shipping-taxable","15":"purchasable","16":"product-type-simple"},"yoast_head":"<!-- This site is optimized with the Yoast SEO plugin v25.4 - https:\/\/yoast.com\/wordpress\/plugins\/seo\/ -->\n<title>TRUUSK Balansstenar Set - 11 Delar - Stapelbara &amp; L\u00e4tta - Halkfria - Inomhus\/Utomhus - TRUUSK - Hem, Tr\u00e4dg\u00e5rd &amp; Fritid<\/title>\n<meta name=\"robots\" content=\"index, follow, max-snippet:-1, max-image-preview:large, max-video-preview:-1\" \/>\n<link rel=\"canonical\" href=\"https:\/\/truusk.store\/sv\/produkt\/truusk-balansstenar-set-11-delar-stapelbara-latta-halkfria-inomhus-utomhus\/\" \/>\n<meta property=\"og:locale\" content=\"sv_SE\" \/>\n<meta property=\"og:type\" content=\"article\" \/>\n<meta property=\"og:title\" content=\"TRUUSK Balansstenar Set - 11 Delar - Stapelbara &amp; L\u00e4tta - Halkfria - Inomhus\/Utomhus - TRUUSK - Hem, Tr\u00e4dg\u00e5rd &amp; Fritid\" \/>\n<meta property=\"og:description\" content=\"Detta f\u00e4rgglada 11-delade stegstensset fr\u00e5n AIYAPLAY fr\u00e4mjar p\u00e5 ett lekfullt s\u00e4tt balans och motorik f\u00f6r dina sm\u00e5 uppt\u00e4ckare i \u00e5ldern...\" \/>\n<meta property=\"og:url\" content=\"https:\/\/truusk.store\/sv\/produkt\/truusk-balansstenar-set-11-delar-stapelbara-latta-halkfria-inomhus-utomhus\/\" \/>\n<meta property=\"og:site_name\" content=\"TRUUSK - Hem, Tr\u00e4dg\u00e5rd &amp; Fritid\" \/>\n<meta property=\"article:modified_time\" content=\"2026-03-12T08:45:24+00:00\" \/>\n<meta property=\"og:image\" content=\"https:\/\/i0.wp.com\/truusk.se\/wp-content\/uploads\/2025\/07\/aiyaplay-balans-stenar-11-delars-set-stapelbara-latta-halkfria-for-inomhus-utomhus-1.webp?fit=2000%2C2000&ssl=1\" \/>\n\t<meta property=\"og:image:width\" content=\"2000\" \/>\n\t<meta property=\"og:image:height\" content=\"2000\" \/>\n\t<meta property=\"og:image:type\" content=\"image\/webp\" \/>\n<meta name=\"twitter:card\" content=\"summary_large_image\" \/>\n<meta name=\"twitter:label1\" content=\"Ber\u00e4knad l\u00e4stid\" \/>\n\t<meta name=\"twitter:data1\" content=\"1 minut\" \/>\n<!-- \/ Yoast SEO plugin. -->","yoast_head_json":{"title":"TRUUSK Balansstenar Set - 11 Delar - Stapelbara &amp; L\u00e4tta - Halkfria - Inomhus\/Utomhus - TRUUSK - Hem, Tr\u00e4dg\u00e5rd &amp; Fritid","robots":{"index":"index","follow":"follow","max-snippet":"max-snippet:-1","max-image-preview":"max-image-preview:large","max-video-preview":"max-video-preview:-1"},"canonical":"https:\/\/truusk.store\/sv\/produkt\/truusk-balansstenar-set-11-delar-stapelbara-latta-halkfria-inomhus-utomhus\/","og_locale":"sv_SE","og_type":"article","og_title":"TRUUSK Balansstenar Set - 11 Delar - Stapelbara &amp; L\u00e4tta - Halkfria - Inomhus\/Utomhus - TRUUSK - Hem, Tr\u00e4dg\u00e5rd &amp; Fritid","og_description":"Detta f\u00e4rgglada 11-delade stegstensset fr\u00e5n AIYAPLAY fr\u00e4mjar p\u00e5 ett lekfullt s\u00e4tt balans och motorik f\u00f6r dina sm\u00e5 uppt\u00e4ckare i \u00e5ldern...","og_url":"https:\/\/truusk.store\/sv\/produkt\/truusk-balansstenar-set-11-delar-stapelbara-latta-halkfria-inomhus-utomhus\/","og_site_name":"TRUUSK - Hem, Tr\u00e4dg\u00e5rd &amp; Fritid","article_modified_time":"2026-03-12T08:45:24+00:00","og_image":[{"width":2000,"height":2000,"url":"https:\/\/i0.wp.com\/truusk.se\/wp-content\/uploads\/2025\/07\/aiyaplay-balans-stenar-11-delars-set-stapelbara-latta-halkfria-for-inomhus-utomhus-1.webp?fit=2000%2C2000&ssl=1","type":"image\/webp"}],"twitter_card":"summary_large_image","twitter_misc":{"Ber\u00e4knad l\u00e4stid":"1 minut"},"schema":{"@context":"https:\/\/schema.org","@graph":[{"@type":"WebPage","@id":"https:\/\/truusk.store\/sv\/produkt\/truusk-balansstenar-set-11-delar-stapelbara-latta-halkfria-inomhus-utomhus\/","url":"https:\/\/truusk.store\/sv\/produkt\/truusk-balansstenar-set-11-delar-stapelbara-latta-halkfria-inomhus-utomhus\/","name":"TRUUSK Balansstenar Set - 11 Delar - Stapelbara &amp; L\u00e4tta - Halkfria - Inomhus\/Utomhus - TRUUSK - Hem, Tr\u00e4dg\u00e5rd &amp; Fritid","isPartOf":{"@id":"https:\/\/truusk.store\/sv\/#website"},"primaryImageOfPage":{"@id":"https:\/\/truusk.store\/sv\/produkt\/truusk-balansstenar-set-11-delar-stapelbara-latta-halkfria-inomhus-utomhus\/#primaryimage"},"image":{"@id":"https:\/\/truusk.store\/sv\/produkt\/truusk-balansstenar-set-11-delar-stapelbara-latta-halkfria-inomhus-utomhus\/#primaryimage"},"thumbnailUrl":"https:\/\/i0.wp.com\/truusk.store\/wp-content\/uploads\/2025\/07\/aiyaplay-balans-stenar-11-delars-set-stapelbara-latta-halkfria-for-inomhus-utomhus-1.webp?fit=2000%2C2000&ssl=1","datePublished":"2025-07-08T11:32:22+00:00","dateModified":"2026-03-12T08:45:24+00:00","breadcrumb":{"@id":"https:\/\/truusk.store\/sv\/produkt\/truusk-balansstenar-set-11-delar-stapelbara-latta-halkfria-inomhus-utomhus\/#breadcrumb"},"inLanguage":"sv-SE","potentialAction":[{"@type":"ReadAction","target":["https:\/\/truusk.store\/sv\/produkt\/truusk-balansstenar-set-11-delar-stapelbara-latta-halkfria-inomhus-utomhus\/"]}]},{"@type":"ImageObject","inLanguage":"sv-SE","@id":"https:\/\/truusk.store\/sv\/produkt\/truusk-balansstenar-set-11-delar-stapelbara-latta-halkfria-inomhus-utomhus\/#primaryimage","url":"https:\/\/i0.wp.com\/truusk.store\/wp-content\/uploads\/2025\/07\/aiyaplay-balans-stenar-11-delars-set-stapelbara-latta-halkfria-for-inomhus-utomhus-1.webp?fit=2000%2C2000&ssl=1","contentUrl":"https:\/\/i0.wp.com\/truusk.store\/wp-content\/uploads\/2025\/07\/aiyaplay-balans-stenar-11-delars-set-stapelbara-latta-halkfria-for-inomhus-utomhus-1.webp?fit=2000%2C2000&ssl=1","width":2000,"height":2000},{"@type":"BreadcrumbList","@id":"https:\/\/truusk.store\/sv\/produkt\/truusk-balansstenar-set-11-delar-stapelbara-latta-halkfria-inomhus-utomhus\/#breadcrumb","itemListElement":[{"@type":"ListItem","position":1,"name":"Home","item":"https:\/\/truusk.store\/sv\/"},{"@type":"ListItem","position":2,"name":"Shop","item":"https:\/\/truusk.store\/shop\/"},{"@type":"ListItem","position":3,"name":"TRUUSK Balansstenar Set &#8211; 11 Delar &#8211; Stapelbara &amp; L\u00e4tta &#8211; Halkfria &#8211; Inomhus\/Utomhus"}]},{"@type":"WebSite","@id":"https:\/\/truusk.store\/sv\/#website","url":"https:\/\/truusk.store\/sv\/","name":"TRUUSK - Hem, Tr\u00e4dg\u00e5rd & Fritid","description":"","publisher":{"@id":"https:\/\/truusk.store\/sv\/#organization"},"potentialAction":[{"@type":"SearchAction","target":{"@type":"EntryPoint","urlTemplate":"https:\/\/truusk.store\/sv\/?s={search_term_string}"},"query-input":{"@type":"PropertyValueSpecification","valueRequired":true,"valueName":"search_term_string"}}],"inLanguage":"sv-SE"},{"@type":"Organization","@id":"https:\/\/truusk.store\/sv\/#organization","name":"TRUUSK - Hem, Tr\u00e4dg\u00e5rd & Fritid","url":"https:\/\/truusk.store\/sv\/","logo":{"@type":"ImageObject","inLanguage":"sv-SE","@id":"https:\/\/truusk.store\/sv\/#\/schema\/logo\/image\/","url":"https:\/\/i0.wp.com\/truusk.store\/wp-content\/uploads\/2026\/03\/cropped-TRUUSK.png?fit=2032%2C917&ssl=1","contentUrl":"https:\/\/i0.wp.com\/truusk.store\/wp-content\/uploads\/2026\/03\/cropped-TRUUSK.png?fit=2032%2C917&ssl=1","width":2032,"height":917,"caption":"TRUUSK - Hem, Tr\u00e4dg\u00e5rd & Fritid"},"image":{"@id":"https:\/\/truusk.store\/sv\/#\/schema\/logo\/image\/"}}]}},"jetpack_sharing_enabled":true,"_links":{"self":[{"href":"https:\/\/truusk.store\/sv\/wp-json\/wp\/v2\/product\/82568","targetHints":{"allow":["GET"]}}],"collection":[{"href":"https:\/\/truusk.store\/sv\/wp-json\/wp\/v2\/product"}],"about":[{"href":"https:\/\/truusk.store\/sv\/wp-json\/wp\/v2\/types\/product"}],"wp:featuredmedia":[{"embeddable":true,"href":"https:\/\/truusk.store\/sv\/wp-json\/wp\/v2\/media\/82559"}],"wp:attachment":[{"href":"https:\/\/truusk.store\/sv\/wp-json\/wp\/v2\/media?parent=82568"}],"wp:term":[{"taxonomy":"product_brand","embeddable":true,"href":"https:\/\/truusk.store\/sv\/wp-json\/wp\/v2\/product_brand?post=82568"},{"taxonomy":"product_cat","embeddable":true,"href":"https:\/\/truusk.store\/sv\/wp-json\/wp\/v2\/product_cat?post=82568"},{"taxonomy":"product_tag","embeddable":true,"href":"https:\/\/truusk.store\/sv\/wp-json\/wp\/v2\/product_tag?post=82568"}],"curies":[{"name":"wp","href":"https:\/\/api.w.org\/{rel}","templated":true}]}}