{"id":82588,"date":"2025-07-08T20:19:31","date_gmt":"2025-07-08T19:19:31","guid":{"rendered":"https:\/\/truusk.store\/product\/sportnow-basketstallning-hojdjusterbar-182-213-cm-korgshojd-vaderbestandig-med-hjul-metallram\/"},"modified":"2026-03-12T09:36:36","modified_gmt":"2026-03-12T08:36:36","slug":"truusk-cykelkorg-for-barn-justerbar-hojd-60-80-cm-vaderbestandig-med-reflexer-enkel-att-montera-svart","status":"publish","type":"product","link":"https:\/\/truusk.store\/sv\/produkt\/truusk-cykelkorg-for-barn-justerbar-hojd-60-80-cm-vaderbestandig-med-reflexer-enkel-att-montera-svart\/","title":{"rendered":"TRUUSK Cykelkorg f\u00f6r Barn &#8211; Justerbar H\u00f6jd 60-80 cm &#8211; V\u00e4derbest\u00e4ndig &#8211; Med Reflexer &#8211; Enkel Att Montera &#8211; Svart"},"content":{"rendered":"<p>Upplev SPORTNOW basketkorg, h\u00f6jdjusterbar f\u00f6r alla spel niv\u00e5er och \u00e5ldrar. Stabil st\u00e5lram f\u00f6r basketst\u00e4llningen, basen kan fyllas med vatten eller sand, l\u00e4tt att flytta tack vare hjulen. Perfekt f\u00f6r individuell eller lagtr\u00e4ning, njut av det sp\u00e4nnande ljudet av bollen i n\u00e4tet p\u00e5 basketst\u00e4llningen.<\/p>\n<p>Beskrivning:<\/p>\n<ul>\n<li> H\u00f6jdjusterbar p\u00e5 sex niv\u00e5er f\u00f6r olika \u00e5ldersgrupper och f\u00e4rdighetsniv\u00e5er<\/li>\n<li> Basketkorg p\u00e5 stativ med justerbar h\u00f6jd och hjul nedtill f\u00f6r enkel r\u00f6rlighet<\/li>\n<li> Basketkorgen kan anv\u00e4ndas utomhus, tack vare de v\u00e4derbest\u00e4ndiga materialen<\/li>\n<li> En f\u00f6rstorad bas av basketst\u00e4llningen med en triangul\u00e4r struktur, som kan fyllas med vatten, sand eller b\u00e5da<\/li>\n<li> En bollh\u00e5llare p\u00e5 basen h\u00e5ller bollen p\u00e5 plats s\u00e5 att den inte rullar iv\u00e4g n\u00e4r man l\u00e4gger ner den<\/li>\n<li> Innovativ design som underl\u00e4ttar montering och f\u00f6rb\u00e4ttrar stabiliteten i r\u00f6relsen<\/li>\n<li> Montering kr\u00e4vs<\/li>\n<\/ul>\n<p> Tekniska data:<\/p>\n<ul>\n<li> F\u00e4rg: Svart<\/li>\n<li> Material: PC, st\u00e5l, polyester<\/li>\n<li> Panel dimensioner: 71L x 2,5B x 45H cm<\/li>\n<li> Panelh\u00f6jd: 171-204 cm<\/li>\n<li> Total h\u00f6jd: 235-264 cm<\/li>\n<li> Korg diameter: \u00d8 39 cm<\/li>\n<li> Korg h\u00f6jd: 182-213 cm<\/li>\n<li> Basdimensioner: 74L x 55B x 13H cm<\/li>\n<li> Vikt: 40 kg (sand), 32,5 kg (vatten), 35 kg (sand-vatten-blandning)<\/li>\n<li> Rekommenderad \u00e5lder: 14 \u00e5r och \u00e4ldre<\/li>\n<\/ul>\n<p>Leverans inneh\u00e5ller:<\/p>\n<ul>\n<li> 1 x Basketst\u00e4llning<\/li>\n<li> 1 x Monteringsanvisning<\/li>\n<\/ul>\n","protected":false},"excerpt":{"rendered":"<p>Upplev SPORTNOW basketkorg, h\u00f6jdjusterbar f\u00f6r alla spel niv\u00e5er och \u00e5ldrar. Stabil st\u00e5lram f\u00f6r basketst\u00e4llningen, basen kan fyllas med vatten eller&#8230;<\/p>\n","protected":false},"featured_media":82579,"template":"","meta":[],"product_brand":[],"product_cat":[880,939,953,616],"product_tag":[],"class_list":{"0":"post-82588","1":"product","2":"type-product","3":"status-publish","4":"has-post-thumbnail","6":"product_cat-baby-barn-2","7":"product_cat-barnsport","8":"product_cat-basketballstander","9":"product_cat-utomhusleksaker","11":"first","12":"instock","13":"sale","14":"taxable","15":"shipping-taxable","16":"purchasable","17":"product-type-simple"},"yoast_head":"<!-- This site is optimized with the Yoast SEO plugin v25.4 - https:\/\/yoast.com\/wordpress\/plugins\/seo\/ -->\n<title>TRUUSK Cykelkorg f\u00f6r Barn - Justerbar H\u00f6jd 60-80 cm - V\u00e4derbest\u00e4ndig - Med Reflexer - Enkel Att Montera - Svart - TRUUSK - Hem, Tr\u00e4dg\u00e5rd &amp; Fritid<\/title>\n<meta name=\"robots\" content=\"index, follow, max-snippet:-1, max-image-preview:large, max-video-preview:-1\" \/>\n<link rel=\"canonical\" href=\"https:\/\/truusk.store\/sv\/produkt\/truusk-cykelkorg-for-barn-justerbar-hojd-60-80-cm-vaderbestandig-med-reflexer-enkel-att-montera-svart\/\" \/>\n<meta property=\"og:locale\" content=\"sv_SE\" \/>\n<meta property=\"og:type\" content=\"article\" \/>\n<meta property=\"og:title\" content=\"TRUUSK Cykelkorg f\u00f6r Barn - Justerbar H\u00f6jd 60-80 cm - V\u00e4derbest\u00e4ndig - Med Reflexer - Enkel Att Montera - Svart - TRUUSK - Hem, Tr\u00e4dg\u00e5rd &amp; Fritid\" \/>\n<meta property=\"og:description\" content=\"Upplev SPORTNOW basketkorg, h\u00f6jdjusterbar f\u00f6r alla spel niv\u00e5er och \u00e5ldrar. Stabil st\u00e5lram f\u00f6r basketst\u00e4llningen, basen kan fyllas med vatten eller...\" \/>\n<meta property=\"og:url\" content=\"https:\/\/truusk.store\/sv\/produkt\/truusk-cykelkorg-for-barn-justerbar-hojd-60-80-cm-vaderbestandig-med-reflexer-enkel-att-montera-svart\/\" \/>\n<meta property=\"og:site_name\" content=\"TRUUSK - Hem, Tr\u00e4dg\u00e5rd &amp; Fritid\" \/>\n<meta property=\"article:modified_time\" content=\"2026-03-12T08:36:36+00:00\" \/>\n<meta property=\"og:image\" content=\"https:\/\/i0.wp.com\/truusk.se\/wp-content\/uploads\/2025\/07\/sportnow-basketstallning-hojdjusterbar-182-213-cm-korgshojd-vaderbestandig-med-hjul-metallram-1.webp?fit=2000%2C2000&ssl=1\" \/>\n\t<meta property=\"og:image:width\" content=\"2000\" \/>\n\t<meta property=\"og:image:height\" content=\"2000\" \/>\n\t<meta property=\"og:image:type\" content=\"image\/webp\" \/>\n<meta name=\"twitter:card\" content=\"summary_large_image\" \/>\n<meta name=\"twitter:label1\" content=\"Ber\u00e4knad l\u00e4stid\" \/>\n\t<meta name=\"twitter:data1\" content=\"1 minut\" \/>\n<!-- \/ Yoast SEO plugin. -->","yoast_head_json":{"title":"TRUUSK Cykelkorg f\u00f6r Barn - Justerbar H\u00f6jd 60-80 cm - V\u00e4derbest\u00e4ndig - Med Reflexer - Enkel Att Montera - Svart - TRUUSK - Hem, Tr\u00e4dg\u00e5rd &amp; Fritid","robots":{"index":"index","follow":"follow","max-snippet":"max-snippet:-1","max-image-preview":"max-image-preview:large","max-video-preview":"max-video-preview:-1"},"canonical":"https:\/\/truusk.store\/sv\/produkt\/truusk-cykelkorg-for-barn-justerbar-hojd-60-80-cm-vaderbestandig-med-reflexer-enkel-att-montera-svart\/","og_locale":"sv_SE","og_type":"article","og_title":"TRUUSK Cykelkorg f\u00f6r Barn - Justerbar H\u00f6jd 60-80 cm - V\u00e4derbest\u00e4ndig - Med Reflexer - Enkel Att Montera - Svart - TRUUSK - Hem, Tr\u00e4dg\u00e5rd &amp; Fritid","og_description":"Upplev SPORTNOW basketkorg, h\u00f6jdjusterbar f\u00f6r alla spel niv\u00e5er och \u00e5ldrar. Stabil st\u00e5lram f\u00f6r basketst\u00e4llningen, basen kan fyllas med vatten eller...","og_url":"https:\/\/truusk.store\/sv\/produkt\/truusk-cykelkorg-for-barn-justerbar-hojd-60-80-cm-vaderbestandig-med-reflexer-enkel-att-montera-svart\/","og_site_name":"TRUUSK - Hem, Tr\u00e4dg\u00e5rd &amp; Fritid","article_modified_time":"2026-03-12T08:36:36+00:00","og_image":[{"width":2000,"height":2000,"url":"https:\/\/i0.wp.com\/truusk.se\/wp-content\/uploads\/2025\/07\/sportnow-basketstallning-hojdjusterbar-182-213-cm-korgshojd-vaderbestandig-med-hjul-metallram-1.webp?fit=2000%2C2000&ssl=1","type":"image\/webp"}],"twitter_card":"summary_large_image","twitter_misc":{"Ber\u00e4knad l\u00e4stid":"1 minut"},"schema":{"@context":"https:\/\/schema.org","@graph":[{"@type":"WebPage","@id":"https:\/\/truusk.store\/sv\/produkt\/truusk-cykelkorg-for-barn-justerbar-hojd-60-80-cm-vaderbestandig-med-reflexer-enkel-att-montera-svart\/","url":"https:\/\/truusk.store\/sv\/produkt\/truusk-cykelkorg-for-barn-justerbar-hojd-60-80-cm-vaderbestandig-med-reflexer-enkel-att-montera-svart\/","name":"TRUUSK Cykelkorg f\u00f6r Barn - Justerbar H\u00f6jd 60-80 cm - V\u00e4derbest\u00e4ndig - Med Reflexer - Enkel Att Montera - Svart - TRUUSK - Hem, Tr\u00e4dg\u00e5rd &amp; Fritid","isPartOf":{"@id":"https:\/\/truusk.store\/sv\/#website"},"primaryImageOfPage":{"@id":"https:\/\/truusk.store\/sv\/produkt\/truusk-cykelkorg-for-barn-justerbar-hojd-60-80-cm-vaderbestandig-med-reflexer-enkel-att-montera-svart\/#primaryimage"},"image":{"@id":"https:\/\/truusk.store\/sv\/produkt\/truusk-cykelkorg-for-barn-justerbar-hojd-60-80-cm-vaderbestandig-med-reflexer-enkel-att-montera-svart\/#primaryimage"},"thumbnailUrl":"https:\/\/i0.wp.com\/truusk.store\/wp-content\/uploads\/2025\/07\/sportnow-basketstallning-hojdjusterbar-182-213-cm-korgshojd-vaderbestandig-med-hjul-metallram-1.webp?fit=2000%2C2000&ssl=1","datePublished":"2025-07-08T19:19:31+00:00","dateModified":"2026-03-12T08:36:36+00:00","breadcrumb":{"@id":"https:\/\/truusk.store\/sv\/produkt\/truusk-cykelkorg-for-barn-justerbar-hojd-60-80-cm-vaderbestandig-med-reflexer-enkel-att-montera-svart\/#breadcrumb"},"inLanguage":"sv-SE","potentialAction":[{"@type":"ReadAction","target":["https:\/\/truusk.store\/sv\/produkt\/truusk-cykelkorg-for-barn-justerbar-hojd-60-80-cm-vaderbestandig-med-reflexer-enkel-att-montera-svart\/"]}]},{"@type":"ImageObject","inLanguage":"sv-SE","@id":"https:\/\/truusk.store\/sv\/produkt\/truusk-cykelkorg-for-barn-justerbar-hojd-60-80-cm-vaderbestandig-med-reflexer-enkel-att-montera-svart\/#primaryimage","url":"https:\/\/i0.wp.com\/truusk.store\/wp-content\/uploads\/2025\/07\/sportnow-basketstallning-hojdjusterbar-182-213-cm-korgshojd-vaderbestandig-med-hjul-metallram-1.webp?fit=2000%2C2000&ssl=1","contentUrl":"https:\/\/i0.wp.com\/truusk.store\/wp-content\/uploads\/2025\/07\/sportnow-basketstallning-hojdjusterbar-182-213-cm-korgshojd-vaderbestandig-med-hjul-metallram-1.webp?fit=2000%2C2000&ssl=1","width":2000,"height":2000},{"@type":"BreadcrumbList","@id":"https:\/\/truusk.store\/sv\/produkt\/truusk-cykelkorg-for-barn-justerbar-hojd-60-80-cm-vaderbestandig-med-reflexer-enkel-att-montera-svart\/#breadcrumb","itemListElement":[{"@type":"ListItem","position":1,"name":"Home","item":"https:\/\/truusk.store\/sv\/"},{"@type":"ListItem","position":2,"name":"Shop","item":"https:\/\/truusk.store\/shop\/"},{"@type":"ListItem","position":3,"name":"TRUUSK Cykelkorg f\u00f6r Barn &#8211; Justerbar H\u00f6jd 60-80 cm &#8211; V\u00e4derbest\u00e4ndig &#8211; Med Reflexer &#8211; Enkel Att Montera &#8211; Svart"}]},{"@type":"WebSite","@id":"https:\/\/truusk.store\/sv\/#website","url":"https:\/\/truusk.store\/sv\/","name":"TRUUSK - Hem, Tr\u00e4dg\u00e5rd & Fritid","description":"","publisher":{"@id":"https:\/\/truusk.store\/sv\/#organization"},"potentialAction":[{"@type":"SearchAction","target":{"@type":"EntryPoint","urlTemplate":"https:\/\/truusk.store\/sv\/?s={search_term_string}"},"query-input":{"@type":"PropertyValueSpecification","valueRequired":true,"valueName":"search_term_string"}}],"inLanguage":"sv-SE"},{"@type":"Organization","@id":"https:\/\/truusk.store\/sv\/#organization","name":"TRUUSK - Hem, Tr\u00e4dg\u00e5rd & Fritid","url":"https:\/\/truusk.store\/sv\/","logo":{"@type":"ImageObject","inLanguage":"sv-SE","@id":"https:\/\/truusk.store\/sv\/#\/schema\/logo\/image\/","url":"https:\/\/i0.wp.com\/truusk.store\/wp-content\/uploads\/2026\/03\/cropped-TRUUSK.png?fit=2032%2C917&ssl=1","contentUrl":"https:\/\/i0.wp.com\/truusk.store\/wp-content\/uploads\/2026\/03\/cropped-TRUUSK.png?fit=2032%2C917&ssl=1","width":2032,"height":917,"caption":"TRUUSK - Hem, Tr\u00e4dg\u00e5rd & Fritid"},"image":{"@id":"https:\/\/truusk.store\/sv\/#\/schema\/logo\/image\/"}}]}},"jetpack_sharing_enabled":true,"_links":{"self":[{"href":"https:\/\/truusk.store\/sv\/wp-json\/wp\/v2\/product\/82588","targetHints":{"allow":["GET"]}}],"collection":[{"href":"https:\/\/truusk.store\/sv\/wp-json\/wp\/v2\/product"}],"about":[{"href":"https:\/\/truusk.store\/sv\/wp-json\/wp\/v2\/types\/product"}],"wp:featuredmedia":[{"embeddable":true,"href":"https:\/\/truusk.store\/sv\/wp-json\/wp\/v2\/media\/82579"}],"wp:attachment":[{"href":"https:\/\/truusk.store\/sv\/wp-json\/wp\/v2\/media?parent=82588"}],"wp:term":[{"taxonomy":"product_brand","embeddable":true,"href":"https:\/\/truusk.store\/sv\/wp-json\/wp\/v2\/product_brand?post=82588"},{"taxonomy":"product_cat","embeddable":true,"href":"https:\/\/truusk.store\/sv\/wp-json\/wp\/v2\/product_cat?post=82588"},{"taxonomy":"product_tag","embeddable":true,"href":"https:\/\/truusk.store\/sv\/wp-json\/wp\/v2\/product_tag?post=82588"}],"curies":[{"name":"wp","href":"https:\/\/api.w.org\/{rel}","templated":true}]}}