{"id":82598,"date":"2025-07-08T20:23:01","date_gmt":"2025-07-08T19:23:01","guid":{"rendered":"https:\/\/truusk.store\/product\/sportnow-bordtennisbord-hopfallbart-8-hjul-pulverlackerad-stalram-mdf-274-x-1525-x-76-cm-svart\/"},"modified":"2026-03-12T09:41:33","modified_gmt":"2026-03-12T08:41:33","slug":"truusk-bordtennisbord-hopfallbart-8-hjul-pulverlackerad-stalram-mdf-274-x-1525-x-76-cm-svart","status":"publish","type":"product","link":"https:\/\/truusk.store\/sv\/produkt\/truusk-bordtennisbord-hopfallbart-8-hjul-pulverlackerad-stalram-mdf-274-x-1525-x-76-cm-svart\/","title":{"rendered":"TRUUSK Bordtennisbord &#8211; Hopf\u00e4llbart &#8211; 8 Hjul &#8211; Pulverlackerad St\u00e5lram &#8211; MDF &#8211; 274 x 152,5 x 76 cm &#8211; Svart"},"content":{"rendered":"<p>Uppt\u00e4ck den m\u00e5ngsidiga bordtennisbordet fr\u00e5n SPORTNOW &#8211; perfekt f\u00f6r proffs och amat\u00f6rer! Anv\u00e4nd den inte bara f\u00f6r sp\u00e4nnande matcher, utan ocks\u00e5 som matbord, f\u00f6r br\u00e4dspel eller kreativa projekt. Tack vare den praktiska f\u00e4llfunktionen kan den f\u00f6rvaras utrymmeseffektivt. Med \u00e5tta smidiga hjul \u00e4r bordtennisbordet l\u00e4tt att flytta. Ett fantastiskt spelverktyg f\u00f6r timmar av kul och m\u00e5ngsidig anv\u00e4ndning i ditt hem!<\/p>\n<p>Beskrivning:<\/p>\n<ul>\n<li> Fullstorlek bordtennisbord, l\u00e4mplig f\u00f6r proffs och amat\u00f6rer<\/li>\n<li> Best\u00e5r av tv\u00e5 halvor som kan anv\u00e4ndas separat<\/li>\n<li> Kan f\u00e4llas ihop till en kompakt storlek<\/li>\n<li> Med \u00e5tta hjul som rullar b\u00e5de i hopf\u00e4llt och halv\u00f6ppet l\u00e4ge<\/li>\n<li> Platt spelplan och pulverlackerad st\u00e5lram p\u00e5 bordtennisbordet f\u00f6r robusthet, h\u00e5llbarhet och anv\u00e4ndning<\/li>\n<li> Idealisk f\u00f6r spelrum, gym, kontor etc.<\/li>\n<li> Levereras med ett n\u00e4t, tv\u00e5 racketar och tre bollar<\/li>\n<\/ul>\n<p> Tekniska data:<\/p>\n<ul>\n<li> F\u00e4rg: Svart<\/li>\n<li> Material: MDF, St\u00e5l<\/li>\n<li> Totala dimensioner: 274L x 152,5B x 76H cm<\/li>\n<li> F\u00e4llm\u00e5tt: 152,5L x 50B x 155H cm<\/li>\n<li> N\u00e4tets h\u00f6jd: 14 cm<\/li>\n<li> Tjocklek p\u00e5 bordsskivan: 12 mm<\/li>\n<li> Hjuldimensioner: \u00d875 mm, \u00d850 mm<\/li>\n<li> Obs: Denna produkt b\u00f6r inte uts\u00e4ttas f\u00f6r regn eller sol. Det rekommenderas att anv\u00e4nda den inomhus<\/li>\n<\/ul>\n<p>Leveransinneh\u00e5ll:<\/p>\n<ul>\n<li> 1 x Bordtennisbord<\/li>\n<li> 1 x N\u00e4t<\/li>\n<li> 2 x Racketar<\/li>\n<li> 3 x Bollar<\/li>\n<li> 1 x Handbok<\/li>\n<\/ul>\n","protected":false},"excerpt":{"rendered":"<p>Uppt\u00e4ck den m\u00e5ngsidiga bordtennisbordet fr\u00e5n SPORTNOW &#8211; perfekt f\u00f6r proffs och amat\u00f6rer! Anv\u00e4nd den inte bara f\u00f6r sp\u00e4nnande matcher, utan&#8230;<\/p>\n","protected":false},"featured_media":82589,"template":"","meta":[],"product_brand":[],"product_cat":[656,508,647],"product_tag":[],"class_list":{"0":"post-82598","1":"product","2":"type-product","3":"status-publish","4":"has-post-thumbnail","6":"product_cat-spel-hobby","7":"product_cat-spelbord","8":"product_cat-sport-fritid","10":"first","11":"instock","12":"sale","13":"taxable","14":"shipping-taxable","15":"purchasable","16":"product-type-simple"},"yoast_head":"<!-- This site is optimized with the Yoast SEO plugin v25.4 - https:\/\/yoast.com\/wordpress\/plugins\/seo\/ -->\n<title>TRUUSK Bordtennisbord - Hopf\u00e4llbart - 8 Hjul - Pulverlackerad St\u00e5lram - MDF - 274 x 152,5 x 76 cm - Svart - TRUUSK - Hem, Tr\u00e4dg\u00e5rd &amp; Fritid<\/title>\n<meta name=\"robots\" content=\"index, follow, max-snippet:-1, max-image-preview:large, max-video-preview:-1\" \/>\n<link rel=\"canonical\" href=\"https:\/\/truusk.store\/sv\/produkt\/truusk-bordtennisbord-hopfallbart-8-hjul-pulverlackerad-stalram-mdf-274-x-1525-x-76-cm-svart\/\" \/>\n<meta property=\"og:locale\" content=\"sv_SE\" \/>\n<meta property=\"og:type\" content=\"article\" \/>\n<meta property=\"og:title\" content=\"TRUUSK Bordtennisbord - Hopf\u00e4llbart - 8 Hjul - Pulverlackerad St\u00e5lram - MDF - 274 x 152,5 x 76 cm - Svart - TRUUSK - Hem, Tr\u00e4dg\u00e5rd &amp; Fritid\" \/>\n<meta property=\"og:description\" content=\"Uppt\u00e4ck den m\u00e5ngsidiga bordtennisbordet fr\u00e5n SPORTNOW &#8211; perfekt f\u00f6r proffs och amat\u00f6rer! Anv\u00e4nd den inte bara f\u00f6r sp\u00e4nnande matcher, utan...\" \/>\n<meta property=\"og:url\" content=\"https:\/\/truusk.store\/sv\/produkt\/truusk-bordtennisbord-hopfallbart-8-hjul-pulverlackerad-stalram-mdf-274-x-1525-x-76-cm-svart\/\" \/>\n<meta property=\"og:site_name\" content=\"TRUUSK - Hem, Tr\u00e4dg\u00e5rd &amp; Fritid\" \/>\n<meta property=\"article:modified_time\" content=\"2026-03-12T08:41:33+00:00\" \/>\n<meta property=\"og:image\" content=\"https:\/\/i0.wp.com\/truusk.se\/wp-content\/uploads\/2025\/07\/sportnow-bordtennisbord-hopfallbart-8-hjul-pulverlackerad-stalram-mdf-274-x-1525-x-76-cm-svart-1.webp?fit=2000%2C2000&ssl=1\" \/>\n\t<meta property=\"og:image:width\" content=\"2000\" \/>\n\t<meta property=\"og:image:height\" content=\"2000\" \/>\n\t<meta property=\"og:image:type\" content=\"image\/webp\" \/>\n<meta name=\"twitter:card\" content=\"summary_large_image\" \/>\n<meta name=\"twitter:label1\" content=\"Ber\u00e4knad l\u00e4stid\" \/>\n\t<meta name=\"twitter:data1\" content=\"1 minut\" \/>\n<!-- \/ Yoast SEO plugin. -->","yoast_head_json":{"title":"TRUUSK Bordtennisbord - Hopf\u00e4llbart - 8 Hjul - Pulverlackerad St\u00e5lram - MDF - 274 x 152,5 x 76 cm - Svart - TRUUSK - Hem, Tr\u00e4dg\u00e5rd &amp; Fritid","robots":{"index":"index","follow":"follow","max-snippet":"max-snippet:-1","max-image-preview":"max-image-preview:large","max-video-preview":"max-video-preview:-1"},"canonical":"https:\/\/truusk.store\/sv\/produkt\/truusk-bordtennisbord-hopfallbart-8-hjul-pulverlackerad-stalram-mdf-274-x-1525-x-76-cm-svart\/","og_locale":"sv_SE","og_type":"article","og_title":"TRUUSK Bordtennisbord - Hopf\u00e4llbart - 8 Hjul - Pulverlackerad St\u00e5lram - MDF - 274 x 152,5 x 76 cm - Svart - TRUUSK - Hem, Tr\u00e4dg\u00e5rd &amp; Fritid","og_description":"Uppt\u00e4ck den m\u00e5ngsidiga bordtennisbordet fr\u00e5n SPORTNOW &#8211; perfekt f\u00f6r proffs och amat\u00f6rer! Anv\u00e4nd den inte bara f\u00f6r sp\u00e4nnande matcher, utan...","og_url":"https:\/\/truusk.store\/sv\/produkt\/truusk-bordtennisbord-hopfallbart-8-hjul-pulverlackerad-stalram-mdf-274-x-1525-x-76-cm-svart\/","og_site_name":"TRUUSK - Hem, Tr\u00e4dg\u00e5rd &amp; Fritid","article_modified_time":"2026-03-12T08:41:33+00:00","og_image":[{"width":2000,"height":2000,"url":"https:\/\/i0.wp.com\/truusk.se\/wp-content\/uploads\/2025\/07\/sportnow-bordtennisbord-hopfallbart-8-hjul-pulverlackerad-stalram-mdf-274-x-1525-x-76-cm-svart-1.webp?fit=2000%2C2000&ssl=1","type":"image\/webp"}],"twitter_card":"summary_large_image","twitter_misc":{"Ber\u00e4knad l\u00e4stid":"1 minut"},"schema":{"@context":"https:\/\/schema.org","@graph":[{"@type":"WebPage","@id":"https:\/\/truusk.store\/sv\/produkt\/truusk-bordtennisbord-hopfallbart-8-hjul-pulverlackerad-stalram-mdf-274-x-1525-x-76-cm-svart\/","url":"https:\/\/truusk.store\/sv\/produkt\/truusk-bordtennisbord-hopfallbart-8-hjul-pulverlackerad-stalram-mdf-274-x-1525-x-76-cm-svart\/","name":"TRUUSK Bordtennisbord - Hopf\u00e4llbart - 8 Hjul - Pulverlackerad St\u00e5lram - MDF - 274 x 152,5 x 76 cm - Svart - TRUUSK - Hem, Tr\u00e4dg\u00e5rd &amp; Fritid","isPartOf":{"@id":"https:\/\/truusk.store\/sv\/#website"},"primaryImageOfPage":{"@id":"https:\/\/truusk.store\/sv\/produkt\/truusk-bordtennisbord-hopfallbart-8-hjul-pulverlackerad-stalram-mdf-274-x-1525-x-76-cm-svart\/#primaryimage"},"image":{"@id":"https:\/\/truusk.store\/sv\/produkt\/truusk-bordtennisbord-hopfallbart-8-hjul-pulverlackerad-stalram-mdf-274-x-1525-x-76-cm-svart\/#primaryimage"},"thumbnailUrl":"https:\/\/i0.wp.com\/truusk.store\/wp-content\/uploads\/2025\/07\/sportnow-bordtennisbord-hopfallbart-8-hjul-pulverlackerad-stalram-mdf-274-x-1525-x-76-cm-svart-1.webp?fit=2000%2C2000&ssl=1","datePublished":"2025-07-08T19:23:01+00:00","dateModified":"2026-03-12T08:41:33+00:00","breadcrumb":{"@id":"https:\/\/truusk.store\/sv\/produkt\/truusk-bordtennisbord-hopfallbart-8-hjul-pulverlackerad-stalram-mdf-274-x-1525-x-76-cm-svart\/#breadcrumb"},"inLanguage":"sv-SE","potentialAction":[{"@type":"ReadAction","target":["https:\/\/truusk.store\/sv\/produkt\/truusk-bordtennisbord-hopfallbart-8-hjul-pulverlackerad-stalram-mdf-274-x-1525-x-76-cm-svart\/"]}]},{"@type":"ImageObject","inLanguage":"sv-SE","@id":"https:\/\/truusk.store\/sv\/produkt\/truusk-bordtennisbord-hopfallbart-8-hjul-pulverlackerad-stalram-mdf-274-x-1525-x-76-cm-svart\/#primaryimage","url":"https:\/\/i0.wp.com\/truusk.store\/wp-content\/uploads\/2025\/07\/sportnow-bordtennisbord-hopfallbart-8-hjul-pulverlackerad-stalram-mdf-274-x-1525-x-76-cm-svart-1.webp?fit=2000%2C2000&ssl=1","contentUrl":"https:\/\/i0.wp.com\/truusk.store\/wp-content\/uploads\/2025\/07\/sportnow-bordtennisbord-hopfallbart-8-hjul-pulverlackerad-stalram-mdf-274-x-1525-x-76-cm-svart-1.webp?fit=2000%2C2000&ssl=1","width":2000,"height":2000},{"@type":"BreadcrumbList","@id":"https:\/\/truusk.store\/sv\/produkt\/truusk-bordtennisbord-hopfallbart-8-hjul-pulverlackerad-stalram-mdf-274-x-1525-x-76-cm-svart\/#breadcrumb","itemListElement":[{"@type":"ListItem","position":1,"name":"Home","item":"https:\/\/truusk.store\/sv\/"},{"@type":"ListItem","position":2,"name":"Shop","item":"https:\/\/truusk.store\/shop\/"},{"@type":"ListItem","position":3,"name":"TRUUSK Bordtennisbord &#8211; Hopf\u00e4llbart &#8211; 8 Hjul &#8211; Pulverlackerad St\u00e5lram &#8211; MDF &#8211; 274 x 152,5 x 76 cm &#8211; Svart"}]},{"@type":"WebSite","@id":"https:\/\/truusk.store\/sv\/#website","url":"https:\/\/truusk.store\/sv\/","name":"TRUUSK - Hem, Tr\u00e4dg\u00e5rd & Fritid","description":"","publisher":{"@id":"https:\/\/truusk.store\/sv\/#organization"},"potentialAction":[{"@type":"SearchAction","target":{"@type":"EntryPoint","urlTemplate":"https:\/\/truusk.store\/sv\/?s={search_term_string}"},"query-input":{"@type":"PropertyValueSpecification","valueRequired":true,"valueName":"search_term_string"}}],"inLanguage":"sv-SE"},{"@type":"Organization","@id":"https:\/\/truusk.store\/sv\/#organization","name":"TRUUSK - Hem, Tr\u00e4dg\u00e5rd & Fritid","url":"https:\/\/truusk.store\/sv\/","logo":{"@type":"ImageObject","inLanguage":"sv-SE","@id":"https:\/\/truusk.store\/sv\/#\/schema\/logo\/image\/","url":"https:\/\/i0.wp.com\/truusk.store\/wp-content\/uploads\/2026\/03\/cropped-TRUUSK.png?fit=2032%2C917&ssl=1","contentUrl":"https:\/\/i0.wp.com\/truusk.store\/wp-content\/uploads\/2026\/03\/cropped-TRUUSK.png?fit=2032%2C917&ssl=1","width":2032,"height":917,"caption":"TRUUSK - Hem, Tr\u00e4dg\u00e5rd & Fritid"},"image":{"@id":"https:\/\/truusk.store\/sv\/#\/schema\/logo\/image\/"}}]}},"jetpack_sharing_enabled":true,"_links":{"self":[{"href":"https:\/\/truusk.store\/sv\/wp-json\/wp\/v2\/product\/82598","targetHints":{"allow":["GET"]}}],"collection":[{"href":"https:\/\/truusk.store\/sv\/wp-json\/wp\/v2\/product"}],"about":[{"href":"https:\/\/truusk.store\/sv\/wp-json\/wp\/v2\/types\/product"}],"wp:featuredmedia":[{"embeddable":true,"href":"https:\/\/truusk.store\/sv\/wp-json\/wp\/v2\/media\/82589"}],"wp:attachment":[{"href":"https:\/\/truusk.store\/sv\/wp-json\/wp\/v2\/media?parent=82598"}],"wp:term":[{"taxonomy":"product_brand","embeddable":true,"href":"https:\/\/truusk.store\/sv\/wp-json\/wp\/v2\/product_brand?post=82598"},{"taxonomy":"product_cat","embeddable":true,"href":"https:\/\/truusk.store\/sv\/wp-json\/wp\/v2\/product_cat?post=82598"},{"taxonomy":"product_tag","embeddable":true,"href":"https:\/\/truusk.store\/sv\/wp-json\/wp\/v2\/product_tag?post=82598"}],"curies":[{"name":"wp","href":"https:\/\/api.w.org\/{rel}","templated":true}]}}