{"id":82608,"date":"2025-07-08T20:25:57","date_gmt":"2025-07-08T19:25:57","guid":{"rendered":"https:\/\/truusk.store\/product\/sportnow-justerbar-fitness-stepper-halkfri-lamplig-for-hemmet-gymmet-eller-kontoret-plast-gra\/"},"modified":"2026-03-12T09:45:19","modified_gmt":"2026-03-12T08:45:19","slug":"truusk-justerbar-fitness-stepper-halkfri-for-hemmet-gymmet-kontoret-gra","status":"publish","type":"product","link":"https:\/\/truusk.store\/sv\/produkt\/truusk-justerbar-fitness-stepper-halkfri-for-hemmet-gymmet-kontoret-gra\/","title":{"rendered":"TRUUSK Justerbar Fitness Stepper &#8211; Halkfri &#8211; F\u00f6r Hemmet, Gymmet, Kontoret &#8211; Gr\u00e5"},"content":{"rendered":"<p>Optimera din tr\u00e4ning med SPORTNOW Stepper: Enkelt justerbar mellan tre h\u00f6jder (10,5 cm, 15,5 cm, 20,5 cm) f\u00f6r att optimera din tr\u00e4ning. Dra nytta av s\u00e4kert stegande, tack vare den halkfria ytan och en stabil bas med halkfria kuddar. Idealisk f\u00f6r fitnessentusiaster, denna aerobiska stepper b\u00e4r upp till 250 kg och \u00e4r l\u00e4tt att transportera och f\u00f6rvara.<\/p>\n<p>Beskrivning:<\/p>\n<ul>\n<li> H\u00f6jden kan justeras mellan 10,5, 15,5 och 20,5 cm<\/li>\n<li> Den halkfria, r\u00e4fflade ytan \u00f6kar friktionen<\/li>\n<li> Halkfria fotdynor \u00f6kar s\u00e4kerheten<\/li>\n<li> Kompakt och l\u00e4tt, bekv\u00e4m att b\u00e4ra<\/li>\n<li> Starkt och robust plastmaterial, b\u00e4r upp till 250 kg<\/li>\n<li> Enkel att montera<\/li>\n<\/ul>\n<p>Tekniska data:<\/p>\n<ul>\n<li> F\u00e4rg: Gr\u00e5+Svart<\/li>\n<li> Material: Plast<\/li>\n<li> Totala dimensioner: 77L x 36B x 10,5\/15,5\/20,5H cm<\/li>\n<li> Justerbara h\u00f6jdsteg: 10,5 cm, 15,5 cm, 20,5 cm<\/li>\n<li> B\u00e4rf\u00f6rm\u00e5ga: 250 kg<\/li>\n<\/ul>\n<p>Leveransinneh\u00e5ll:<\/p>\n<ul>\n<li> 1 x Stepper<\/li>\n<li> 1 x Bruksanvisning<\/li>\n<\/ul>\n","protected":false},"excerpt":{"rendered":"<p>Optimera din tr\u00e4ning med SPORTNOW Stepper: Enkelt justerbar mellan tre h\u00f6jder (10,5 cm, 15,5 cm, 20,5 cm) f\u00f6r att optimera&#8230;<\/p>\n","protected":false},"featured_media":82599,"template":"","meta":[],"product_brand":[],"product_cat":[873,647,971],"product_tag":[],"class_list":{"0":"post-82608","1":"product","2":"type-product","3":"status-publish","4":"has-post-thumbnail","6":"product_cat-fitness-styrketraning","7":"product_cat-sport-fritid","8":"product_cat-steppbrador-mini-stepper","10":"first","11":"instock","12":"sale","13":"taxable","14":"shipping-taxable","15":"purchasable","16":"product-type-simple"},"yoast_head":"<!-- This site is optimized with the Yoast SEO plugin v25.4 - https:\/\/yoast.com\/wordpress\/plugins\/seo\/ -->\n<title>TRUUSK Justerbar Fitness Stepper - Halkfri - F\u00f6r Hemmet, Gymmet, Kontoret - Gr\u00e5 - TRUUSK - Hem, Tr\u00e4dg\u00e5rd &amp; Fritid<\/title>\n<meta name=\"robots\" content=\"index, follow, max-snippet:-1, max-image-preview:large, max-video-preview:-1\" \/>\n<link rel=\"canonical\" href=\"https:\/\/truusk.store\/sv\/produkt\/truusk-justerbar-fitness-stepper-halkfri-for-hemmet-gymmet-kontoret-gra\/\" \/>\n<meta property=\"og:locale\" content=\"sv_SE\" \/>\n<meta property=\"og:type\" content=\"article\" \/>\n<meta property=\"og:title\" content=\"TRUUSK Justerbar Fitness Stepper - Halkfri - F\u00f6r Hemmet, Gymmet, Kontoret - Gr\u00e5 - TRUUSK - Hem, Tr\u00e4dg\u00e5rd &amp; Fritid\" \/>\n<meta property=\"og:description\" content=\"Optimera din tr\u00e4ning med SPORTNOW Stepper: Enkelt justerbar mellan tre h\u00f6jder (10,5 cm, 15,5 cm, 20,5 cm) f\u00f6r att optimera...\" \/>\n<meta property=\"og:url\" content=\"https:\/\/truusk.store\/sv\/produkt\/truusk-justerbar-fitness-stepper-halkfri-for-hemmet-gymmet-kontoret-gra\/\" \/>\n<meta property=\"og:site_name\" content=\"TRUUSK - Hem, Tr\u00e4dg\u00e5rd &amp; Fritid\" \/>\n<meta property=\"article:modified_time\" content=\"2026-03-12T08:45:19+00:00\" \/>\n<meta property=\"og:image\" content=\"https:\/\/i0.wp.com\/truusk.se\/wp-content\/uploads\/2025\/07\/sportnow-justerbar-fitness-stepper-halkfri-lamplig-for-hemmet-gymmet-eller-kontoret-plast-gra-1.webp?fit=2000%2C2000&ssl=1\" \/>\n\t<meta property=\"og:image:width\" content=\"2000\" \/>\n\t<meta property=\"og:image:height\" content=\"2000\" \/>\n\t<meta property=\"og:image:type\" content=\"image\/webp\" \/>\n<meta name=\"twitter:card\" content=\"summary_large_image\" \/>\n<meta name=\"twitter:label1\" content=\"Ber\u00e4knad l\u00e4stid\" \/>\n\t<meta name=\"twitter:data1\" content=\"1 minut\" \/>\n<!-- \/ Yoast SEO plugin. -->","yoast_head_json":{"title":"TRUUSK Justerbar Fitness Stepper - Halkfri - F\u00f6r Hemmet, Gymmet, Kontoret - Gr\u00e5 - TRUUSK - Hem, Tr\u00e4dg\u00e5rd &amp; Fritid","robots":{"index":"index","follow":"follow","max-snippet":"max-snippet:-1","max-image-preview":"max-image-preview:large","max-video-preview":"max-video-preview:-1"},"canonical":"https:\/\/truusk.store\/sv\/produkt\/truusk-justerbar-fitness-stepper-halkfri-for-hemmet-gymmet-kontoret-gra\/","og_locale":"sv_SE","og_type":"article","og_title":"TRUUSK Justerbar Fitness Stepper - Halkfri - F\u00f6r Hemmet, Gymmet, Kontoret - Gr\u00e5 - TRUUSK - Hem, Tr\u00e4dg\u00e5rd &amp; Fritid","og_description":"Optimera din tr\u00e4ning med SPORTNOW Stepper: Enkelt justerbar mellan tre h\u00f6jder (10,5 cm, 15,5 cm, 20,5 cm) f\u00f6r att optimera...","og_url":"https:\/\/truusk.store\/sv\/produkt\/truusk-justerbar-fitness-stepper-halkfri-for-hemmet-gymmet-kontoret-gra\/","og_site_name":"TRUUSK - Hem, Tr\u00e4dg\u00e5rd &amp; Fritid","article_modified_time":"2026-03-12T08:45:19+00:00","og_image":[{"width":2000,"height":2000,"url":"https:\/\/i0.wp.com\/truusk.se\/wp-content\/uploads\/2025\/07\/sportnow-justerbar-fitness-stepper-halkfri-lamplig-for-hemmet-gymmet-eller-kontoret-plast-gra-1.webp?fit=2000%2C2000&ssl=1","type":"image\/webp"}],"twitter_card":"summary_large_image","twitter_misc":{"Ber\u00e4knad l\u00e4stid":"1 minut"},"schema":{"@context":"https:\/\/schema.org","@graph":[{"@type":"WebPage","@id":"https:\/\/truusk.store\/sv\/produkt\/truusk-justerbar-fitness-stepper-halkfri-for-hemmet-gymmet-kontoret-gra\/","url":"https:\/\/truusk.store\/sv\/produkt\/truusk-justerbar-fitness-stepper-halkfri-for-hemmet-gymmet-kontoret-gra\/","name":"TRUUSK Justerbar Fitness Stepper - Halkfri - F\u00f6r Hemmet, Gymmet, Kontoret - Gr\u00e5 - TRUUSK - Hem, Tr\u00e4dg\u00e5rd &amp; Fritid","isPartOf":{"@id":"https:\/\/truusk.store\/sv\/#website"},"primaryImageOfPage":{"@id":"https:\/\/truusk.store\/sv\/produkt\/truusk-justerbar-fitness-stepper-halkfri-for-hemmet-gymmet-kontoret-gra\/#primaryimage"},"image":{"@id":"https:\/\/truusk.store\/sv\/produkt\/truusk-justerbar-fitness-stepper-halkfri-for-hemmet-gymmet-kontoret-gra\/#primaryimage"},"thumbnailUrl":"https:\/\/i0.wp.com\/truusk.store\/wp-content\/uploads\/2025\/07\/sportnow-justerbar-fitness-stepper-halkfri-lamplig-for-hemmet-gymmet-eller-kontoret-plast-gra-1.webp?fit=2000%2C2000&ssl=1","datePublished":"2025-07-08T19:25:57+00:00","dateModified":"2026-03-12T08:45:19+00:00","breadcrumb":{"@id":"https:\/\/truusk.store\/sv\/produkt\/truusk-justerbar-fitness-stepper-halkfri-for-hemmet-gymmet-kontoret-gra\/#breadcrumb"},"inLanguage":"sv-SE","potentialAction":[{"@type":"ReadAction","target":["https:\/\/truusk.store\/sv\/produkt\/truusk-justerbar-fitness-stepper-halkfri-for-hemmet-gymmet-kontoret-gra\/"]}]},{"@type":"ImageObject","inLanguage":"sv-SE","@id":"https:\/\/truusk.store\/sv\/produkt\/truusk-justerbar-fitness-stepper-halkfri-for-hemmet-gymmet-kontoret-gra\/#primaryimage","url":"https:\/\/i0.wp.com\/truusk.store\/wp-content\/uploads\/2025\/07\/sportnow-justerbar-fitness-stepper-halkfri-lamplig-for-hemmet-gymmet-eller-kontoret-plast-gra-1.webp?fit=2000%2C2000&ssl=1","contentUrl":"https:\/\/i0.wp.com\/truusk.store\/wp-content\/uploads\/2025\/07\/sportnow-justerbar-fitness-stepper-halkfri-lamplig-for-hemmet-gymmet-eller-kontoret-plast-gra-1.webp?fit=2000%2C2000&ssl=1","width":2000,"height":2000},{"@type":"BreadcrumbList","@id":"https:\/\/truusk.store\/sv\/produkt\/truusk-justerbar-fitness-stepper-halkfri-for-hemmet-gymmet-kontoret-gra\/#breadcrumb","itemListElement":[{"@type":"ListItem","position":1,"name":"Home","item":"https:\/\/truusk.store\/sv\/"},{"@type":"ListItem","position":2,"name":"Shop","item":"https:\/\/truusk.store\/shop\/"},{"@type":"ListItem","position":3,"name":"TRUUSK Justerbar Fitness Stepper &#8211; Halkfri &#8211; F\u00f6r Hemmet, Gymmet, Kontoret &#8211; Gr\u00e5"}]},{"@type":"WebSite","@id":"https:\/\/truusk.store\/sv\/#website","url":"https:\/\/truusk.store\/sv\/","name":"TRUUSK - Hem, Tr\u00e4dg\u00e5rd & Fritid","description":"","publisher":{"@id":"https:\/\/truusk.store\/sv\/#organization"},"potentialAction":[{"@type":"SearchAction","target":{"@type":"EntryPoint","urlTemplate":"https:\/\/truusk.store\/sv\/?s={search_term_string}"},"query-input":{"@type":"PropertyValueSpecification","valueRequired":true,"valueName":"search_term_string"}}],"inLanguage":"sv-SE"},{"@type":"Organization","@id":"https:\/\/truusk.store\/sv\/#organization","name":"TRUUSK - Hem, Tr\u00e4dg\u00e5rd & Fritid","url":"https:\/\/truusk.store\/sv\/","logo":{"@type":"ImageObject","inLanguage":"sv-SE","@id":"https:\/\/truusk.store\/sv\/#\/schema\/logo\/image\/","url":"https:\/\/i0.wp.com\/truusk.store\/wp-content\/uploads\/2026\/03\/cropped-TRUUSK.png?fit=2032%2C917&ssl=1","contentUrl":"https:\/\/i0.wp.com\/truusk.store\/wp-content\/uploads\/2026\/03\/cropped-TRUUSK.png?fit=2032%2C917&ssl=1","width":2032,"height":917,"caption":"TRUUSK - Hem, Tr\u00e4dg\u00e5rd & Fritid"},"image":{"@id":"https:\/\/truusk.store\/sv\/#\/schema\/logo\/image\/"}}]}},"jetpack_sharing_enabled":true,"_links":{"self":[{"href":"https:\/\/truusk.store\/sv\/wp-json\/wp\/v2\/product\/82608","targetHints":{"allow":["GET"]}}],"collection":[{"href":"https:\/\/truusk.store\/sv\/wp-json\/wp\/v2\/product"}],"about":[{"href":"https:\/\/truusk.store\/sv\/wp-json\/wp\/v2\/types\/product"}],"wp:featuredmedia":[{"embeddable":true,"href":"https:\/\/truusk.store\/sv\/wp-json\/wp\/v2\/media\/82599"}],"wp:attachment":[{"href":"https:\/\/truusk.store\/sv\/wp-json\/wp\/v2\/media?parent=82608"}],"wp:term":[{"taxonomy":"product_brand","embeddable":true,"href":"https:\/\/truusk.store\/sv\/wp-json\/wp\/v2\/product_brand?post=82608"},{"taxonomy":"product_cat","embeddable":true,"href":"https:\/\/truusk.store\/sv\/wp-json\/wp\/v2\/product_cat?post=82608"},{"taxonomy":"product_tag","embeddable":true,"href":"https:\/\/truusk.store\/sv\/wp-json\/wp\/v2\/product_tag?post=82608"}],"curies":[{"name":"wp","href":"https:\/\/api.w.org\/{rel}","templated":true}]}}