{"id":82639,"date":"2025-07-09T12:27:04","date_gmt":"2025-07-09T11:27:04","guid":{"rendered":"https:\/\/truusk.store\/product\/hangstol-aggformad-gungstol-med-mjuk-kudde-lamplig-for-inomhus-och-utomhus-125l-x-95b-x-170h-cm-khaki\/"},"modified":"2026-03-12T09:12:44","modified_gmt":"2026-03-12T08:12:44","slug":"truusk-aggformad-gungstol-med-mjuk-kudde-for-inomhus-och-utomhus-125l-x-95b-x-170h-cm-khaki","status":"publish","type":"product","link":"https:\/\/truusk.store\/sv\/produkt\/truusk-aggformad-gungstol-med-mjuk-kudde-for-inomhus-och-utomhus-125l-x-95b-x-170h-cm-khaki\/","title":{"rendered":"TRUUSK \u00c4ggformad Gungstol Med Mjuk Kudde &#8211; F\u00f6r Inomhus Och Utomhus &#8211; 125L x 95B x 170H cm &#8211; Khaki"},"content":{"rendered":"<p>Njut av v\u00e4lkommen avkoppling med denna TRUUSK h\u00e4ngstol med stativ. Den b\u00f6jda ryggen och den tjocka dynan p\u00e5 h\u00e4nggungan ger mjuk komfort. Metallramen p\u00e5 utomhush\u00e4ngstolen b\u00e4r upp till 120 kg. Den f\u00e4llbara designen m\u00f6jligg\u00f6r ocks\u00e5 praktisk, utrymmesbesparande f\u00f6rvaring. Med denna mysiga h\u00e4ngstol upplever du trygga stunder av lugn.<\/p>\n<p>Beskrivning:<\/p>\n<ul>\n<li> Den moderna h\u00e4nggungan passar f\u00f6r inomhus- och utomhusbruk<\/li>\n<li> Stor komfort tack vare den b\u00f6jda ryggst\u00f6det och den mjuka, mysiga kudden<\/li>\n<li> Metall med pulverlackering f\u00f6r mer styrka och h\u00e5llbarhet<\/li>\n<li> H\u00e4ngstolens f\u00e4llfunktion m\u00f6jligg\u00f6r praktisk f\u00f6rvaring<\/li>\n<li> Sits i genombruten \u00e4ggform, mysig och trygg<\/li>\n<li> Skyddspads under basen p\u00e5 h\u00e4ngstolen f\u00f6rhindrar skador p\u00e5 ditt golv och garanterar stabilitet<\/li>\n<li> Enkel montering med den medf\u00f6ljande illustrerade instruktionen<\/li>\n<\/ul>\n<p> Tekniska data:<\/p>\n<ul>\n<li> F\u00e4rg: Khaki+Svart<\/li>\n<li> Material: Metall, Polyester, Skum<\/li>\n<li> Totala dimensioner: 125L x 95B x 170H cm<\/li>\n<li> Sits h\u00f6jd: 56 cm<\/li>\n<li> Kudd dimensioner: 104L x 95B (Tjocklek: 20 cm)<\/li>\n<li> Maximal belastningskapacitet: 120 kg<\/li>\n<\/ul>\n<p>Leveransinneh\u00e5ll:<\/p>\n<ul>\n<li> 1 x H\u00e4ngande \u00e4ggstol<\/li>\n<li> 1 x Kudde<\/li>\n<li> 1 x Monteringsinstruktioner<\/li>\n<\/ul>\n","protected":false},"excerpt":{"rendered":"<p>Njut av v\u00e4lkommen avkoppling med denna TRUUSK h\u00e4ngstol med stativ. Den b\u00f6jda ryggen och den tjocka dynan p\u00e5 h\u00e4nggungan ger&#8230;<\/p>\n","protected":false},"featured_media":82630,"template":"","meta":[],"product_brand":[],"product_cat":[460,858,450],"product_tag":[],"class_list":{"0":"post-82639","1":"product","2":"type-product","3":"status-publish","4":"has-post-thumbnail","6":"product_cat-hangmattor-hangstolar","7":"product_cat-tradgard-terrass","8":"product_cat-tradgardsmobler","10":"first","11":"instock","12":"sale","13":"taxable","14":"shipping-taxable","15":"purchasable","16":"product-type-simple"},"yoast_head":"<!-- This site is optimized with the Yoast SEO plugin v25.4 - https:\/\/yoast.com\/wordpress\/plugins\/seo\/ -->\n<title>TRUUSK \u00c4ggformad Gungstol Med Mjuk Kudde - F\u00f6r Inomhus Och Utomhus - 125L x 95B x 170H cm - Khaki - TRUUSK - Hem, Tr\u00e4dg\u00e5rd &amp; Fritid<\/title>\n<meta name=\"robots\" content=\"index, follow, max-snippet:-1, max-image-preview:large, max-video-preview:-1\" \/>\n<link rel=\"canonical\" href=\"https:\/\/truusk.store\/sv\/produkt\/truusk-aggformad-gungstol-med-mjuk-kudde-for-inomhus-och-utomhus-125l-x-95b-x-170h-cm-khaki\/\" \/>\n<meta property=\"og:locale\" content=\"sv_SE\" \/>\n<meta property=\"og:type\" content=\"article\" \/>\n<meta property=\"og:title\" content=\"TRUUSK \u00c4ggformad Gungstol Med Mjuk Kudde - F\u00f6r Inomhus Och Utomhus - 125L x 95B x 170H cm - Khaki - TRUUSK - Hem, Tr\u00e4dg\u00e5rd &amp; Fritid\" \/>\n<meta property=\"og:description\" content=\"Njut av v\u00e4lkommen avkoppling med denna TRUUSK h\u00e4ngstol med stativ. Den b\u00f6jda ryggen och den tjocka dynan p\u00e5 h\u00e4nggungan ger...\" \/>\n<meta property=\"og:url\" content=\"https:\/\/truusk.store\/sv\/produkt\/truusk-aggformad-gungstol-med-mjuk-kudde-for-inomhus-och-utomhus-125l-x-95b-x-170h-cm-khaki\/\" \/>\n<meta property=\"og:site_name\" content=\"TRUUSK - Hem, Tr\u00e4dg\u00e5rd &amp; Fritid\" \/>\n<meta property=\"article:modified_time\" content=\"2026-03-12T08:12:44+00:00\" \/>\n<meta property=\"og:image\" content=\"https:\/\/i0.wp.com\/truusk.se\/wp-content\/uploads\/2025\/07\/hangstol-aggformad-gungstol-med-mjuk-kudde-lamplig-for-inomhus-och-utomhus-125l-x-95b-x-170h-cm-khaki-1.webp?fit=2000%2C2000&ssl=1\" \/>\n\t<meta property=\"og:image:width\" content=\"2000\" \/>\n\t<meta property=\"og:image:height\" content=\"2000\" \/>\n\t<meta property=\"og:image:type\" content=\"image\/webp\" \/>\n<meta name=\"twitter:card\" content=\"summary_large_image\" \/>\n<meta name=\"twitter:label1\" content=\"Ber\u00e4knad l\u00e4stid\" \/>\n\t<meta name=\"twitter:data1\" content=\"1 minut\" \/>\n<!-- \/ Yoast SEO plugin. -->","yoast_head_json":{"title":"TRUUSK \u00c4ggformad Gungstol Med Mjuk Kudde - F\u00f6r Inomhus Och Utomhus - 125L x 95B x 170H cm - Khaki - TRUUSK - Hem, Tr\u00e4dg\u00e5rd &amp; Fritid","robots":{"index":"index","follow":"follow","max-snippet":"max-snippet:-1","max-image-preview":"max-image-preview:large","max-video-preview":"max-video-preview:-1"},"canonical":"https:\/\/truusk.store\/sv\/produkt\/truusk-aggformad-gungstol-med-mjuk-kudde-for-inomhus-och-utomhus-125l-x-95b-x-170h-cm-khaki\/","og_locale":"sv_SE","og_type":"article","og_title":"TRUUSK \u00c4ggformad Gungstol Med Mjuk Kudde - F\u00f6r Inomhus Och Utomhus - 125L x 95B x 170H cm - Khaki - TRUUSK - Hem, Tr\u00e4dg\u00e5rd &amp; Fritid","og_description":"Njut av v\u00e4lkommen avkoppling med denna TRUUSK h\u00e4ngstol med stativ. Den b\u00f6jda ryggen och den tjocka dynan p\u00e5 h\u00e4nggungan ger...","og_url":"https:\/\/truusk.store\/sv\/produkt\/truusk-aggformad-gungstol-med-mjuk-kudde-for-inomhus-och-utomhus-125l-x-95b-x-170h-cm-khaki\/","og_site_name":"TRUUSK - Hem, Tr\u00e4dg\u00e5rd &amp; Fritid","article_modified_time":"2026-03-12T08:12:44+00:00","og_image":[{"width":2000,"height":2000,"url":"https:\/\/i0.wp.com\/truusk.se\/wp-content\/uploads\/2025\/07\/hangstol-aggformad-gungstol-med-mjuk-kudde-lamplig-for-inomhus-och-utomhus-125l-x-95b-x-170h-cm-khaki-1.webp?fit=2000%2C2000&ssl=1","type":"image\/webp"}],"twitter_card":"summary_large_image","twitter_misc":{"Ber\u00e4knad l\u00e4stid":"1 minut"},"schema":{"@context":"https:\/\/schema.org","@graph":[{"@type":"WebPage","@id":"https:\/\/truusk.store\/sv\/produkt\/truusk-aggformad-gungstol-med-mjuk-kudde-for-inomhus-och-utomhus-125l-x-95b-x-170h-cm-khaki\/","url":"https:\/\/truusk.store\/sv\/produkt\/truusk-aggformad-gungstol-med-mjuk-kudde-for-inomhus-och-utomhus-125l-x-95b-x-170h-cm-khaki\/","name":"TRUUSK \u00c4ggformad Gungstol Med Mjuk Kudde - F\u00f6r Inomhus Och Utomhus - 125L x 95B x 170H cm - Khaki - TRUUSK - Hem, Tr\u00e4dg\u00e5rd &amp; Fritid","isPartOf":{"@id":"https:\/\/truusk.store\/sv\/#website"},"primaryImageOfPage":{"@id":"https:\/\/truusk.store\/sv\/produkt\/truusk-aggformad-gungstol-med-mjuk-kudde-for-inomhus-och-utomhus-125l-x-95b-x-170h-cm-khaki\/#primaryimage"},"image":{"@id":"https:\/\/truusk.store\/sv\/produkt\/truusk-aggformad-gungstol-med-mjuk-kudde-for-inomhus-och-utomhus-125l-x-95b-x-170h-cm-khaki\/#primaryimage"},"thumbnailUrl":"https:\/\/i0.wp.com\/truusk.store\/wp-content\/uploads\/2025\/07\/hangstol-aggformad-gungstol-med-mjuk-kudde-lamplig-for-inomhus-och-utomhus-125l-x-95b-x-170h-cm-khaki-1.webp?fit=2000%2C2000&ssl=1","datePublished":"2025-07-09T11:27:04+00:00","dateModified":"2026-03-12T08:12:44+00:00","breadcrumb":{"@id":"https:\/\/truusk.store\/sv\/produkt\/truusk-aggformad-gungstol-med-mjuk-kudde-for-inomhus-och-utomhus-125l-x-95b-x-170h-cm-khaki\/#breadcrumb"},"inLanguage":"sv-SE","potentialAction":[{"@type":"ReadAction","target":["https:\/\/truusk.store\/sv\/produkt\/truusk-aggformad-gungstol-med-mjuk-kudde-for-inomhus-och-utomhus-125l-x-95b-x-170h-cm-khaki\/"]}]},{"@type":"ImageObject","inLanguage":"sv-SE","@id":"https:\/\/truusk.store\/sv\/produkt\/truusk-aggformad-gungstol-med-mjuk-kudde-for-inomhus-och-utomhus-125l-x-95b-x-170h-cm-khaki\/#primaryimage","url":"https:\/\/i0.wp.com\/truusk.store\/wp-content\/uploads\/2025\/07\/hangstol-aggformad-gungstol-med-mjuk-kudde-lamplig-for-inomhus-och-utomhus-125l-x-95b-x-170h-cm-khaki-1.webp?fit=2000%2C2000&ssl=1","contentUrl":"https:\/\/i0.wp.com\/truusk.store\/wp-content\/uploads\/2025\/07\/hangstol-aggformad-gungstol-med-mjuk-kudde-lamplig-for-inomhus-och-utomhus-125l-x-95b-x-170h-cm-khaki-1.webp?fit=2000%2C2000&ssl=1","width":2000,"height":2000},{"@type":"BreadcrumbList","@id":"https:\/\/truusk.store\/sv\/produkt\/truusk-aggformad-gungstol-med-mjuk-kudde-for-inomhus-och-utomhus-125l-x-95b-x-170h-cm-khaki\/#breadcrumb","itemListElement":[{"@type":"ListItem","position":1,"name":"Home","item":"https:\/\/truusk.store\/sv\/"},{"@type":"ListItem","position":2,"name":"Shop","item":"https:\/\/truusk.store\/shop\/"},{"@type":"ListItem","position":3,"name":"TRUUSK \u00c4ggformad Gungstol Med Mjuk Kudde &#8211; F\u00f6r Inomhus Och Utomhus &#8211; 125L x 95B x 170H cm &#8211; Khaki"}]},{"@type":"WebSite","@id":"https:\/\/truusk.store\/sv\/#website","url":"https:\/\/truusk.store\/sv\/","name":"TRUUSK - Hem, Tr\u00e4dg\u00e5rd & Fritid","description":"","publisher":{"@id":"https:\/\/truusk.store\/sv\/#organization"},"potentialAction":[{"@type":"SearchAction","target":{"@type":"EntryPoint","urlTemplate":"https:\/\/truusk.store\/sv\/?s={search_term_string}"},"query-input":{"@type":"PropertyValueSpecification","valueRequired":true,"valueName":"search_term_string"}}],"inLanguage":"sv-SE"},{"@type":"Organization","@id":"https:\/\/truusk.store\/sv\/#organization","name":"TRUUSK - Hem, Tr\u00e4dg\u00e5rd & Fritid","url":"https:\/\/truusk.store\/sv\/","logo":{"@type":"ImageObject","inLanguage":"sv-SE","@id":"https:\/\/truusk.store\/sv\/#\/schema\/logo\/image\/","url":"https:\/\/i0.wp.com\/truusk.store\/wp-content\/uploads\/2026\/03\/cropped-TRUUSK.png?fit=2032%2C917&ssl=1","contentUrl":"https:\/\/i0.wp.com\/truusk.store\/wp-content\/uploads\/2026\/03\/cropped-TRUUSK.png?fit=2032%2C917&ssl=1","width":2032,"height":917,"caption":"TRUUSK - Hem, Tr\u00e4dg\u00e5rd & Fritid"},"image":{"@id":"https:\/\/truusk.store\/sv\/#\/schema\/logo\/image\/"}}]}},"jetpack_sharing_enabled":true,"_links":{"self":[{"href":"https:\/\/truusk.store\/sv\/wp-json\/wp\/v2\/product\/82639","targetHints":{"allow":["GET"]}}],"collection":[{"href":"https:\/\/truusk.store\/sv\/wp-json\/wp\/v2\/product"}],"about":[{"href":"https:\/\/truusk.store\/sv\/wp-json\/wp\/v2\/types\/product"}],"wp:featuredmedia":[{"embeddable":true,"href":"https:\/\/truusk.store\/sv\/wp-json\/wp\/v2\/media\/82630"}],"wp:attachment":[{"href":"https:\/\/truusk.store\/sv\/wp-json\/wp\/v2\/media?parent=82639"}],"wp:term":[{"taxonomy":"product_brand","embeddable":true,"href":"https:\/\/truusk.store\/sv\/wp-json\/wp\/v2\/product_brand?post=82639"},{"taxonomy":"product_cat","embeddable":true,"href":"https:\/\/truusk.store\/sv\/wp-json\/wp\/v2\/product_cat?post=82639"},{"taxonomy":"product_tag","embeddable":true,"href":"https:\/\/truusk.store\/sv\/wp-json\/wp\/v2\/product_tag?post=82639"}],"curies":[{"name":"wp","href":"https:\/\/api.w.org\/{rel}","templated":true}]}}