{"id":82649,"date":"2025-07-09T12:28:24","date_gmt":"2025-07-09T11:28:24","guid":{"rendered":"https:\/\/truusk.store\/product\/takflakt-med-led-ljus-2-i-1-design-med-timer-fjarrkontroll-taklampa-med-flakt-vit\/"},"modified":"2026-03-12T09:13:14","modified_gmt":"2026-03-12T08:13:14","slug":"truusk-takflakt-med-led-ljus-2-i-1-design-timer-fjarrkontroll-vit","status":"publish","type":"product","link":"https:\/\/truusk.store\/sv\/produkt\/truusk-takflakt-med-led-ljus-2-i-1-design-timer-fjarrkontroll-vit\/","title":{"rendered":"TRUUSK Takfl\u00e4kt Med LED-ljus &#8211; 2-i-1 Design &#8211; Timer &#8211; Fj\u00e4rrkontroll &#8211; Vit"},"content":{"rendered":"<p>Denna praktiska, m\u00e5ngsidiga TRUUSK takfl\u00e4kt med fj\u00e4rrkontroll har 3 blad och en LED-lampa med 50 000 timmars livsl\u00e4ngd. En fj\u00e4rrkontroll f\u00f6r fl\u00e4kten med ljus g\u00f6r det m\u00f6jligt f\u00f6r dig att bekv\u00e4mt justera hastigheten och d\u00e4rmed skapa det ideala rumsklimatet utan att beh\u00f6va st\u00e5 upp. Dess klassiska, flexibla stil g\u00f6r den till det perfekta tillbeh\u00f6ret f\u00f6r att svalka varje rum med stil och inte bara f\u00f6rb\u00e4ttra det visuellt.<\/p>\n<p>Beskrivning:<\/p>\n<ul>\n<li> 2-i-1-funktion, en ljuskrona och en takfl\u00e4kt i ett<\/li>\n<li> Har 6 hastigheter, komfortbrisen-l\u00e4get kommer slumpm\u00e4ssigt att v\u00e4xla mellan hastighet 2 till 5<\/li>\n<li> Fram\u00e5tfl\u00f6det av takfl\u00e4kten med lampa l\u00e5ter den kalla luften fl\u00f6da snabbare p\u00e5 sommaren, omv\u00e4nd luftfl\u00f6de v\u00e4rmer upp den nedre rumsluften p\u00e5 vintern n\u00e4r den anv\u00e4nds med en luftkonditionering<\/li>\n<li> L\u00e5g driftsljud, endast 40 dB (tyst konversation)<\/li>\n<li> 3500K varmvitt, 4000K vitt, 6000K kallvitt LED-ljus<\/li>\n<li> 50000 timmars l\u00e5ng belysningslivsl\u00e4ngd<\/li>\n<li> 2\/4\/8 timmars timer f\u00f6r taklampan med fl\u00e4kt g\u00f6r att du kan planera kylcykeln och spara energi<\/li>\n<li> Anv\u00e4ndning av den uppdaterade RF-fj\u00e4rrkontrollstekniken f\u00f6r enkel anv\u00e4ndning, ist\u00e4llet f\u00f6r en IR-fj\u00e4rrkontroll<\/li>\n<li> Home Shield-ljusdesign, ljuset cirkulerar i P\u00e5\/Av\/P\u00e5, f\u00e5r tjuvar att tro att n\u00e5gon \u00e4r hemma<\/li>\n<li> Montering kr\u00e4vs<\/li>\n<\/ul>\n<p> Tekniska data:<\/p>\n<ul>\n<li> F\u00e4rg: Vit<\/li>\n<li> Material: St\u00e5l, plast, glas<\/li>\n<li> Totala dimensioner: \u00d8132 x 40H cm<\/li>\n<li> Enskild lamellstorlek: 61,5L x 13,5B cm<\/li>\n<li> Kabell\u00e4ngd: 30 m<\/li>\n<li> Fj\u00e4rrkontroll: 10 m<\/li>\n<li> L\u00e4mplig f\u00f6r: (takh\u00f6jd) 2,8-3 m, (rum) 20 m\u00b2<\/li>\n<li> Ljudniv\u00e5: 43 dB<\/li>\n<li> Sp\u00e4nning: 230 V, 50 Hz<\/li>\n<li> Effekt: 20,5 W<\/li>\n<li> Batteri: (Fj\u00e4rrkontroll) AAA torrbatteri, (2 ing\u00e5r inte)<\/li>\n<\/ul>\n<p>Leveransinneh\u00e5ll:<\/p>\n<ul>\n<li> 1 x Takfl\u00e4kt<\/li>\n<li> 1 x Fj\u00e4rrkontroll<\/li>\n<li> 1 x Handbok<\/li>\n<\/ul>\n","protected":false},"excerpt":{"rendered":"<p>Denna praktiska, m\u00e5ngsidiga TRUUSK takfl\u00e4kt med fj\u00e4rrkontroll har 3 blad och en LED-lampa med 50 000 timmars livsl\u00e4ngd. En fj\u00e4rrkontroll&#8230;<\/p>\n","protected":false},"featured_media":82640,"template":"","meta":[],"product_brand":[],"product_cat":[867,1016,905],"product_tag":[],"class_list":{"0":"post-82649","1":"product","2":"type-product","3":"status-publish","4":"has-post-thumbnail","6":"product_cat-byggmarknad","7":"product_cat-flaktar-luftkonditioneringar","8":"product_cat-klimatkontroll-flaktar","10":"first","11":"instock","12":"sale","13":"taxable","14":"shipping-taxable","15":"purchasable","16":"product-type-simple"},"yoast_head":"<!-- This site is optimized with the Yoast SEO plugin v25.4 - https:\/\/yoast.com\/wordpress\/plugins\/seo\/ -->\n<title>TRUUSK Takfl\u00e4kt Med LED-ljus - 2-i-1 Design - Timer - Fj\u00e4rrkontroll - Vit - TRUUSK - Hem, Tr\u00e4dg\u00e5rd &amp; Fritid<\/title>\n<meta name=\"robots\" content=\"index, follow, max-snippet:-1, max-image-preview:large, max-video-preview:-1\" \/>\n<link rel=\"canonical\" href=\"https:\/\/truusk.store\/sv\/produkt\/truusk-takflakt-med-led-ljus-2-i-1-design-timer-fjarrkontroll-vit\/\" \/>\n<meta property=\"og:locale\" content=\"sv_SE\" \/>\n<meta property=\"og:type\" content=\"article\" \/>\n<meta property=\"og:title\" content=\"TRUUSK Takfl\u00e4kt Med LED-ljus - 2-i-1 Design - Timer - Fj\u00e4rrkontroll - Vit - TRUUSK - Hem, Tr\u00e4dg\u00e5rd &amp; Fritid\" \/>\n<meta property=\"og:description\" content=\"Denna praktiska, m\u00e5ngsidiga TRUUSK takfl\u00e4kt med fj\u00e4rrkontroll har 3 blad och en LED-lampa med 50 000 timmars livsl\u00e4ngd. En fj\u00e4rrkontroll...\" \/>\n<meta property=\"og:url\" content=\"https:\/\/truusk.store\/sv\/produkt\/truusk-takflakt-med-led-ljus-2-i-1-design-timer-fjarrkontroll-vit\/\" \/>\n<meta property=\"og:site_name\" content=\"TRUUSK - Hem, Tr\u00e4dg\u00e5rd &amp; Fritid\" \/>\n<meta property=\"article:modified_time\" content=\"2026-03-12T08:13:14+00:00\" \/>\n<meta property=\"og:image\" content=\"https:\/\/i0.wp.com\/truusk.se\/wp-content\/uploads\/2025\/07\/takflakt-med-led-ljus-2-i-1-design-med-timer-fjarrkontroll-taklampa-med-flakt-vit-1.webp?fit=2000%2C2000&ssl=1\" \/>\n\t<meta property=\"og:image:width\" content=\"2000\" \/>\n\t<meta property=\"og:image:height\" content=\"2000\" \/>\n\t<meta property=\"og:image:type\" content=\"image\/webp\" \/>\n<meta name=\"twitter:card\" content=\"summary_large_image\" \/>\n<meta name=\"twitter:label1\" content=\"Ber\u00e4knad l\u00e4stid\" \/>\n\t<meta name=\"twitter:data1\" content=\"1 minut\" \/>\n<!-- \/ Yoast SEO plugin. -->","yoast_head_json":{"title":"TRUUSK Takfl\u00e4kt Med LED-ljus - 2-i-1 Design - Timer - Fj\u00e4rrkontroll - Vit - TRUUSK - Hem, Tr\u00e4dg\u00e5rd &amp; Fritid","robots":{"index":"index","follow":"follow","max-snippet":"max-snippet:-1","max-image-preview":"max-image-preview:large","max-video-preview":"max-video-preview:-1"},"canonical":"https:\/\/truusk.store\/sv\/produkt\/truusk-takflakt-med-led-ljus-2-i-1-design-timer-fjarrkontroll-vit\/","og_locale":"sv_SE","og_type":"article","og_title":"TRUUSK Takfl\u00e4kt Med LED-ljus - 2-i-1 Design - Timer - Fj\u00e4rrkontroll - Vit - TRUUSK - Hem, Tr\u00e4dg\u00e5rd &amp; Fritid","og_description":"Denna praktiska, m\u00e5ngsidiga TRUUSK takfl\u00e4kt med fj\u00e4rrkontroll har 3 blad och en LED-lampa med 50 000 timmars livsl\u00e4ngd. En fj\u00e4rrkontroll...","og_url":"https:\/\/truusk.store\/sv\/produkt\/truusk-takflakt-med-led-ljus-2-i-1-design-timer-fjarrkontroll-vit\/","og_site_name":"TRUUSK - Hem, Tr\u00e4dg\u00e5rd &amp; Fritid","article_modified_time":"2026-03-12T08:13:14+00:00","og_image":[{"width":2000,"height":2000,"url":"https:\/\/i0.wp.com\/truusk.se\/wp-content\/uploads\/2025\/07\/takflakt-med-led-ljus-2-i-1-design-med-timer-fjarrkontroll-taklampa-med-flakt-vit-1.webp?fit=2000%2C2000&ssl=1","type":"image\/webp"}],"twitter_card":"summary_large_image","twitter_misc":{"Ber\u00e4knad l\u00e4stid":"1 minut"},"schema":{"@context":"https:\/\/schema.org","@graph":[{"@type":"WebPage","@id":"https:\/\/truusk.store\/sv\/produkt\/truusk-takflakt-med-led-ljus-2-i-1-design-timer-fjarrkontroll-vit\/","url":"https:\/\/truusk.store\/sv\/produkt\/truusk-takflakt-med-led-ljus-2-i-1-design-timer-fjarrkontroll-vit\/","name":"TRUUSK Takfl\u00e4kt Med LED-ljus - 2-i-1 Design - Timer - Fj\u00e4rrkontroll - Vit - TRUUSK - Hem, Tr\u00e4dg\u00e5rd &amp; Fritid","isPartOf":{"@id":"https:\/\/truusk.store\/sv\/#website"},"primaryImageOfPage":{"@id":"https:\/\/truusk.store\/sv\/produkt\/truusk-takflakt-med-led-ljus-2-i-1-design-timer-fjarrkontroll-vit\/#primaryimage"},"image":{"@id":"https:\/\/truusk.store\/sv\/produkt\/truusk-takflakt-med-led-ljus-2-i-1-design-timer-fjarrkontroll-vit\/#primaryimage"},"thumbnailUrl":"https:\/\/i0.wp.com\/truusk.store\/wp-content\/uploads\/2025\/07\/takflakt-med-led-ljus-2-i-1-design-med-timer-fjarrkontroll-taklampa-med-flakt-vit-1.webp?fit=2000%2C2000&ssl=1","datePublished":"2025-07-09T11:28:24+00:00","dateModified":"2026-03-12T08:13:14+00:00","breadcrumb":{"@id":"https:\/\/truusk.store\/sv\/produkt\/truusk-takflakt-med-led-ljus-2-i-1-design-timer-fjarrkontroll-vit\/#breadcrumb"},"inLanguage":"sv-SE","potentialAction":[{"@type":"ReadAction","target":["https:\/\/truusk.store\/sv\/produkt\/truusk-takflakt-med-led-ljus-2-i-1-design-timer-fjarrkontroll-vit\/"]}]},{"@type":"ImageObject","inLanguage":"sv-SE","@id":"https:\/\/truusk.store\/sv\/produkt\/truusk-takflakt-med-led-ljus-2-i-1-design-timer-fjarrkontroll-vit\/#primaryimage","url":"https:\/\/i0.wp.com\/truusk.store\/wp-content\/uploads\/2025\/07\/takflakt-med-led-ljus-2-i-1-design-med-timer-fjarrkontroll-taklampa-med-flakt-vit-1.webp?fit=2000%2C2000&ssl=1","contentUrl":"https:\/\/i0.wp.com\/truusk.store\/wp-content\/uploads\/2025\/07\/takflakt-med-led-ljus-2-i-1-design-med-timer-fjarrkontroll-taklampa-med-flakt-vit-1.webp?fit=2000%2C2000&ssl=1","width":2000,"height":2000},{"@type":"BreadcrumbList","@id":"https:\/\/truusk.store\/sv\/produkt\/truusk-takflakt-med-led-ljus-2-i-1-design-timer-fjarrkontroll-vit\/#breadcrumb","itemListElement":[{"@type":"ListItem","position":1,"name":"Home","item":"https:\/\/truusk.store\/sv\/"},{"@type":"ListItem","position":2,"name":"Shop","item":"https:\/\/truusk.store\/shop\/"},{"@type":"ListItem","position":3,"name":"TRUUSK Takfl\u00e4kt Med LED-ljus &#8211; 2-i-1 Design &#8211; Timer &#8211; Fj\u00e4rrkontroll &#8211; Vit"}]},{"@type":"WebSite","@id":"https:\/\/truusk.store\/sv\/#website","url":"https:\/\/truusk.store\/sv\/","name":"TRUUSK - Hem, Tr\u00e4dg\u00e5rd & Fritid","description":"","publisher":{"@id":"https:\/\/truusk.store\/sv\/#organization"},"potentialAction":[{"@type":"SearchAction","target":{"@type":"EntryPoint","urlTemplate":"https:\/\/truusk.store\/sv\/?s={search_term_string}"},"query-input":{"@type":"PropertyValueSpecification","valueRequired":true,"valueName":"search_term_string"}}],"inLanguage":"sv-SE"},{"@type":"Organization","@id":"https:\/\/truusk.store\/sv\/#organization","name":"TRUUSK - Hem, Tr\u00e4dg\u00e5rd & Fritid","url":"https:\/\/truusk.store\/sv\/","logo":{"@type":"ImageObject","inLanguage":"sv-SE","@id":"https:\/\/truusk.store\/sv\/#\/schema\/logo\/image\/","url":"https:\/\/i0.wp.com\/truusk.store\/wp-content\/uploads\/2026\/03\/cropped-TRUUSK.png?fit=2032%2C917&ssl=1","contentUrl":"https:\/\/i0.wp.com\/truusk.store\/wp-content\/uploads\/2026\/03\/cropped-TRUUSK.png?fit=2032%2C917&ssl=1","width":2032,"height":917,"caption":"TRUUSK - Hem, Tr\u00e4dg\u00e5rd & Fritid"},"image":{"@id":"https:\/\/truusk.store\/sv\/#\/schema\/logo\/image\/"}}]}},"jetpack_sharing_enabled":true,"_links":{"self":[{"href":"https:\/\/truusk.store\/sv\/wp-json\/wp\/v2\/product\/82649","targetHints":{"allow":["GET"]}}],"collection":[{"href":"https:\/\/truusk.store\/sv\/wp-json\/wp\/v2\/product"}],"about":[{"href":"https:\/\/truusk.store\/sv\/wp-json\/wp\/v2\/types\/product"}],"wp:featuredmedia":[{"embeddable":true,"href":"https:\/\/truusk.store\/sv\/wp-json\/wp\/v2\/media\/82640"}],"wp:attachment":[{"href":"https:\/\/truusk.store\/sv\/wp-json\/wp\/v2\/media?parent=82649"}],"wp:term":[{"taxonomy":"product_brand","embeddable":true,"href":"https:\/\/truusk.store\/sv\/wp-json\/wp\/v2\/product_brand?post=82649"},{"taxonomy":"product_cat","embeddable":true,"href":"https:\/\/truusk.store\/sv\/wp-json\/wp\/v2\/product_cat?post=82649"},{"taxonomy":"product_tag","embeddable":true,"href":"https:\/\/truusk.store\/sv\/wp-json\/wp\/v2\/product_tag?post=82649"}],"curies":[{"name":"wp","href":"https:\/\/api.w.org\/{rel}","templated":true}]}}