{"id":82659,"date":"2025-07-09T12:29:28","date_gmt":"2025-07-09T11:29:28","guid":{"rendered":"https:\/\/truusk.store\/product\/torkstallning-med-varmefunktion-45-55-%e2%84%83-hopfallbar-144l-x-53b-x-96h-cm\/"},"modified":"2026-03-12T09:14:31","modified_gmt":"2026-03-12T08:14:31","slug":"truusk-hopfallbar-torkstallning-med-varmefunktion-45-55-%e2%84%83-144l-x-53b-x-96h-cm","status":"publish","type":"product","link":"https:\/\/truusk.store\/sv\/produkt\/truusk-hopfallbar-torkstallning-med-varmefunktion-45-55-%e2%84%83-144l-x-53b-x-96h-cm\/","title":{"rendered":"TRUUSK Hopf\u00e4llbar Torkst\u00e4llning med V\u00e4rmefunktion &#8211; 45-55 \u2103 &#8211; 144L x 53B x 96H cm"},"content":{"rendered":"<p>Med denna uppv\u00e4rmda elektriska kl\u00e4dst\u00e4llning med 230 W sparar du v\u00e4rdefull torktid! Med den uppv\u00e4rmda elektriska kl\u00e4dst\u00e4llningen fr\u00e5n TRUUSK torkar dina kl\u00e4der snabbt, \u00e4ven i st\u00e4ngda utrymmen. Temperaturen p\u00e5 45-55\u00b0C v\u00e4rmer och torkar dina kl\u00e4der utan att skada dem, och kl\u00e4dst\u00e4llningen f\u00f6rbrukar bara lite energi.<\/p>\n<p>Beskrivning:<\/p>\n<ul>\n<li> Uppv\u00e4rmningstemperaturen p\u00e5 45-55\u2103 torkar dina kl\u00e4der utan att skada dem<\/li>\n<li> Den kan f\u00e4llas ihop f\u00f6r att passa i ett sk\u00e5p<\/li>\n<li> De 2 utdragbara vingarna uppfyller dina olika krav p\u00e5 h\u00f6jden p\u00e5 objekten<\/li>\n<li> Effekten p\u00e5 230W g\u00f6r enheten energisn\u00e5l<\/li>\n<li> Ramen av h\u00f6gkvalitativ aluminiumlegering m\u00f6jligg\u00f6r tillf\u00f6rlitlig daglig anv\u00e4ndning<\/li>\n<li> X-strukturen med h\u00f6gkvalitativa ABS- och plastkopplingar f\u00f6r extra st\u00f6d g\u00f6r att den st\u00e5r s\u00e4kert p\u00e5 golvet<\/li>\n<li> Montering kr\u00e4vs.<\/li>\n<\/ul>\n<p> Tekniska data:<\/p>\n<ul>\n<li> F\u00e4rg: Silver<\/li>\n<li> Material: Aluminiumlegering, plast, ABS<\/li>\n<li> Totala dimensioner: 144L x 53B x 91H cm<\/li>\n<li> Dimensioner f\u00f6r varje vinge: 37L x 54B x 3H cm<\/li>\n<li> Plattformens dimensioner: (central) 80L x 50B cm<\/li>\n<li> Vikta dimensioner: 112L x 54B x 6H cm<\/li>\n<li> Temperaturomr\u00e5de f\u00f6r uppv\u00e4rmning: 45-55\u2103<\/li>\n<li> Sp\u00e4nning: 220-240V, 50\/60Hz<\/li>\n<li> Effekt: 230 W<\/li>\n<li> Vattent\u00e4thetsniv\u00e5: IPX1<\/li>\n<li> Max. rekommenderad belastning: 10 kg<\/li>\n<\/ul>\n<p>Leveransinneh\u00e5ll:<\/p>\n<ul>\n<li>1 x Elektrisk kl\u00e4dst\u00e4llning<\/li>\n<li>1 x Handbok<\/li>\n<\/ul>\n","protected":false},"excerpt":{"rendered":"<p>Med denna uppv\u00e4rmda elektriska kl\u00e4dst\u00e4llning med 230 W sparar du v\u00e4rdefull torktid! Med den uppv\u00e4rmda elektriska kl\u00e4dst\u00e4llningen fr\u00e5n TRUUSK torkar&#8230;<\/p>\n","protected":false},"featured_media":82650,"template":"","meta":[],"product_brand":[],"product_cat":[915,871,916],"product_tag":[],"class_list":{"0":"post-82659","1":"product","2":"type-product","3":"status-publish","4":"has-post-thumbnail","6":"product_cat-badrum","7":"product_cat-hus-hem","8":"product_cat-tvattstallningar","10":"first","11":"instock","12":"sale","13":"taxable","14":"shipping-taxable","15":"purchasable","16":"product-type-simple"},"yoast_head":"<!-- This site is optimized with the Yoast SEO plugin v25.4 - https:\/\/yoast.com\/wordpress\/plugins\/seo\/ -->\n<title>TRUUSK Hopf\u00e4llbar Torkst\u00e4llning med V\u00e4rmefunktion - 45-55 \u2103 - 144L x 53B x 96H cm - TRUUSK - Hem, Tr\u00e4dg\u00e5rd &amp; Fritid<\/title>\n<meta name=\"robots\" content=\"index, follow, max-snippet:-1, max-image-preview:large, max-video-preview:-1\" \/>\n<link rel=\"canonical\" href=\"https:\/\/truusk.store\/sv\/produkt\/truusk-hopfallbar-torkstallning-med-varmefunktion-45-55-%e2%84%83-144l-x-53b-x-96h-cm\/\" \/>\n<meta property=\"og:locale\" content=\"sv_SE\" \/>\n<meta property=\"og:type\" content=\"article\" \/>\n<meta property=\"og:title\" content=\"TRUUSK Hopf\u00e4llbar Torkst\u00e4llning med V\u00e4rmefunktion - 45-55 \u2103 - 144L x 53B x 96H cm - TRUUSK - Hem, Tr\u00e4dg\u00e5rd &amp; Fritid\" \/>\n<meta property=\"og:description\" content=\"Med denna uppv\u00e4rmda elektriska kl\u00e4dst\u00e4llning med 230 W sparar du v\u00e4rdefull torktid! Med den uppv\u00e4rmda elektriska kl\u00e4dst\u00e4llningen fr\u00e5n TRUUSK torkar...\" \/>\n<meta property=\"og:url\" content=\"https:\/\/truusk.store\/sv\/produkt\/truusk-hopfallbar-torkstallning-med-varmefunktion-45-55-%e2%84%83-144l-x-53b-x-96h-cm\/\" \/>\n<meta property=\"og:site_name\" content=\"TRUUSK - Hem, Tr\u00e4dg\u00e5rd &amp; Fritid\" \/>\n<meta property=\"article:modified_time\" content=\"2026-03-12T08:14:31+00:00\" \/>\n<meta property=\"og:image\" content=\"https:\/\/i0.wp.com\/truusk.se\/wp-content\/uploads\/2025\/07\/torkstallning-med-varmefunktion-45-55-e28483-hopfallbar-144l-x-53b-x-96h-cm-1.webp?fit=2000%2C2000&ssl=1\" \/>\n\t<meta property=\"og:image:width\" content=\"2000\" \/>\n\t<meta property=\"og:image:height\" content=\"2000\" \/>\n\t<meta property=\"og:image:type\" content=\"image\/webp\" \/>\n<meta name=\"twitter:card\" content=\"summary_large_image\" \/>\n<meta name=\"twitter:label1\" content=\"Ber\u00e4knad l\u00e4stid\" \/>\n\t<meta name=\"twitter:data1\" content=\"1 minut\" \/>\n<!-- \/ Yoast SEO plugin. -->","yoast_head_json":{"title":"TRUUSK Hopf\u00e4llbar Torkst\u00e4llning med V\u00e4rmefunktion - 45-55 \u2103 - 144L x 53B x 96H cm - TRUUSK - Hem, Tr\u00e4dg\u00e5rd &amp; Fritid","robots":{"index":"index","follow":"follow","max-snippet":"max-snippet:-1","max-image-preview":"max-image-preview:large","max-video-preview":"max-video-preview:-1"},"canonical":"https:\/\/truusk.store\/sv\/produkt\/truusk-hopfallbar-torkstallning-med-varmefunktion-45-55-%e2%84%83-144l-x-53b-x-96h-cm\/","og_locale":"sv_SE","og_type":"article","og_title":"TRUUSK Hopf\u00e4llbar Torkst\u00e4llning med V\u00e4rmefunktion - 45-55 \u2103 - 144L x 53B x 96H cm - TRUUSK - Hem, Tr\u00e4dg\u00e5rd &amp; Fritid","og_description":"Med denna uppv\u00e4rmda elektriska kl\u00e4dst\u00e4llning med 230 W sparar du v\u00e4rdefull torktid! Med den uppv\u00e4rmda elektriska kl\u00e4dst\u00e4llningen fr\u00e5n TRUUSK torkar...","og_url":"https:\/\/truusk.store\/sv\/produkt\/truusk-hopfallbar-torkstallning-med-varmefunktion-45-55-%e2%84%83-144l-x-53b-x-96h-cm\/","og_site_name":"TRUUSK - Hem, Tr\u00e4dg\u00e5rd &amp; Fritid","article_modified_time":"2026-03-12T08:14:31+00:00","og_image":[{"width":2000,"height":2000,"url":"https:\/\/i0.wp.com\/truusk.se\/wp-content\/uploads\/2025\/07\/torkstallning-med-varmefunktion-45-55-e28483-hopfallbar-144l-x-53b-x-96h-cm-1.webp?fit=2000%2C2000&ssl=1","type":"image\/webp"}],"twitter_card":"summary_large_image","twitter_misc":{"Ber\u00e4knad l\u00e4stid":"1 minut"},"schema":{"@context":"https:\/\/schema.org","@graph":[{"@type":"WebPage","@id":"https:\/\/truusk.store\/sv\/produkt\/truusk-hopfallbar-torkstallning-med-varmefunktion-45-55-%e2%84%83-144l-x-53b-x-96h-cm\/","url":"https:\/\/truusk.store\/sv\/produkt\/truusk-hopfallbar-torkstallning-med-varmefunktion-45-55-%e2%84%83-144l-x-53b-x-96h-cm\/","name":"TRUUSK Hopf\u00e4llbar Torkst\u00e4llning med V\u00e4rmefunktion - 45-55 \u2103 - 144L x 53B x 96H cm - TRUUSK - Hem, Tr\u00e4dg\u00e5rd &amp; Fritid","isPartOf":{"@id":"https:\/\/truusk.store\/sv\/#website"},"primaryImageOfPage":{"@id":"https:\/\/truusk.store\/sv\/produkt\/truusk-hopfallbar-torkstallning-med-varmefunktion-45-55-%e2%84%83-144l-x-53b-x-96h-cm\/#primaryimage"},"image":{"@id":"https:\/\/truusk.store\/sv\/produkt\/truusk-hopfallbar-torkstallning-med-varmefunktion-45-55-%e2%84%83-144l-x-53b-x-96h-cm\/#primaryimage"},"thumbnailUrl":"https:\/\/i0.wp.com\/truusk.store\/wp-content\/uploads\/2025\/07\/torkstallning-med-varmefunktion-45-55-e28483-hopfallbar-144l-x-53b-x-96h-cm-1.webp?fit=2000%2C2000&ssl=1","datePublished":"2025-07-09T11:29:28+00:00","dateModified":"2026-03-12T08:14:31+00:00","breadcrumb":{"@id":"https:\/\/truusk.store\/sv\/produkt\/truusk-hopfallbar-torkstallning-med-varmefunktion-45-55-%e2%84%83-144l-x-53b-x-96h-cm\/#breadcrumb"},"inLanguage":"sv-SE","potentialAction":[{"@type":"ReadAction","target":["https:\/\/truusk.store\/sv\/produkt\/truusk-hopfallbar-torkstallning-med-varmefunktion-45-55-%e2%84%83-144l-x-53b-x-96h-cm\/"]}]},{"@type":"ImageObject","inLanguage":"sv-SE","@id":"https:\/\/truusk.store\/sv\/produkt\/truusk-hopfallbar-torkstallning-med-varmefunktion-45-55-%e2%84%83-144l-x-53b-x-96h-cm\/#primaryimage","url":"https:\/\/i0.wp.com\/truusk.store\/wp-content\/uploads\/2025\/07\/torkstallning-med-varmefunktion-45-55-e28483-hopfallbar-144l-x-53b-x-96h-cm-1.webp?fit=2000%2C2000&ssl=1","contentUrl":"https:\/\/i0.wp.com\/truusk.store\/wp-content\/uploads\/2025\/07\/torkstallning-med-varmefunktion-45-55-e28483-hopfallbar-144l-x-53b-x-96h-cm-1.webp?fit=2000%2C2000&ssl=1","width":2000,"height":2000},{"@type":"BreadcrumbList","@id":"https:\/\/truusk.store\/sv\/produkt\/truusk-hopfallbar-torkstallning-med-varmefunktion-45-55-%e2%84%83-144l-x-53b-x-96h-cm\/#breadcrumb","itemListElement":[{"@type":"ListItem","position":1,"name":"Home","item":"https:\/\/truusk.store\/sv\/"},{"@type":"ListItem","position":2,"name":"Shop","item":"https:\/\/truusk.store\/shop\/"},{"@type":"ListItem","position":3,"name":"TRUUSK Hopf\u00e4llbar Torkst\u00e4llning med V\u00e4rmefunktion &#8211; 45-55 \u2103 &#8211; 144L x 53B x 96H cm"}]},{"@type":"WebSite","@id":"https:\/\/truusk.store\/sv\/#website","url":"https:\/\/truusk.store\/sv\/","name":"TRUUSK - Hem, Tr\u00e4dg\u00e5rd & Fritid","description":"","publisher":{"@id":"https:\/\/truusk.store\/sv\/#organization"},"potentialAction":[{"@type":"SearchAction","target":{"@type":"EntryPoint","urlTemplate":"https:\/\/truusk.store\/sv\/?s={search_term_string}"},"query-input":{"@type":"PropertyValueSpecification","valueRequired":true,"valueName":"search_term_string"}}],"inLanguage":"sv-SE"},{"@type":"Organization","@id":"https:\/\/truusk.store\/sv\/#organization","name":"TRUUSK - Hem, Tr\u00e4dg\u00e5rd & Fritid","url":"https:\/\/truusk.store\/sv\/","logo":{"@type":"ImageObject","inLanguage":"sv-SE","@id":"https:\/\/truusk.store\/sv\/#\/schema\/logo\/image\/","url":"https:\/\/i0.wp.com\/truusk.store\/wp-content\/uploads\/2026\/03\/cropped-TRUUSK.png?fit=2032%2C917&ssl=1","contentUrl":"https:\/\/i0.wp.com\/truusk.store\/wp-content\/uploads\/2026\/03\/cropped-TRUUSK.png?fit=2032%2C917&ssl=1","width":2032,"height":917,"caption":"TRUUSK - Hem, Tr\u00e4dg\u00e5rd & Fritid"},"image":{"@id":"https:\/\/truusk.store\/sv\/#\/schema\/logo\/image\/"}}]}},"jetpack_sharing_enabled":true,"_links":{"self":[{"href":"https:\/\/truusk.store\/sv\/wp-json\/wp\/v2\/product\/82659","targetHints":{"allow":["GET"]}}],"collection":[{"href":"https:\/\/truusk.store\/sv\/wp-json\/wp\/v2\/product"}],"about":[{"href":"https:\/\/truusk.store\/sv\/wp-json\/wp\/v2\/types\/product"}],"wp:featuredmedia":[{"embeddable":true,"href":"https:\/\/truusk.store\/sv\/wp-json\/wp\/v2\/media\/82650"}],"wp:attachment":[{"href":"https:\/\/truusk.store\/sv\/wp-json\/wp\/v2\/media?parent=82659"}],"wp:term":[{"taxonomy":"product_brand","embeddable":true,"href":"https:\/\/truusk.store\/sv\/wp-json\/wp\/v2\/product_brand?post=82659"},{"taxonomy":"product_cat","embeddable":true,"href":"https:\/\/truusk.store\/sv\/wp-json\/wp\/v2\/product_cat?post=82659"},{"taxonomy":"product_tag","embeddable":true,"href":"https:\/\/truusk.store\/sv\/wp-json\/wp\/v2\/product_tag?post=82659"}],"curies":[{"name":"wp","href":"https:\/\/api.w.org\/{rel}","templated":true}]}}