{"id":8270,"date":"2024-02-13T09:13:41","date_gmt":"2024-02-13T08:13:41","guid":{"rendered":"https:\/\/truusk.store\/product\/tradgardsmobelset-i-rotting-for-2-personer-tradgardsmobelset-i-polyrotting-set-med-balkongmobel-med-kuddar-tradgardsgra\/"},"modified":"2026-03-12T08:55:46","modified_gmt":"2026-03-12T07:55:46","slug":"truusk-tradgardsmobelset-i-rotting-for-2-personer-polyrotting-balkongmobelset-med-kuddar-tradgardsgra","status":"publish","type":"product","link":"https:\/\/truusk.store\/sv\/produkt\/truusk-tradgardsmobelset-i-rotting-for-2-personer-polyrotting-balkongmobelset-med-kuddar-tradgardsgra\/","title":{"rendered":"TRUUSK Tr\u00e4dg\u00e5rdsm\u00f6belset i Rotting f\u00f6r 2 Personer &#8211; Polyrotting &#8211; Balkongm\u00f6belset med Kuddar &#8211; Tr\u00e4dg\u00e5rdsgr\u00e5"},"content":{"rendered":"<p>V\u00e5ra h\u00f6gkvalitativa balkongm\u00f6bler \u00e4r i tidl\u00f6st chic svart. De tv\u00e5 bekv\u00e4ma stolarna \u00e4r gjorda av handv\u00e4vd sittgrupp i polyrattan, ramen \u00e4r gjord av pulverlackerad metall. De eleganta tr\u00e4dg\u00e5rdsm\u00f6blerna \u00e4r ocks\u00e5 gjorda av metall och har en svart platta. Materialen som anv\u00e4nds f\u00f6r tr\u00e4dg\u00e5rdssetet \u00e4r rostbest\u00e4ndiga och v\u00e4derbest\u00e4ndiga. Den vattent\u00e4ta sittdynan med \u00f6verdrag ger extra komfort. F\u00f6r tidl\u00f6s elegans, oavsett om det \u00e4r inomhus eller utomhus.<\/p>\n<h3>Beskrivning:<\/h3>\n<ul>\n<li>1 soffbord + 2 stolar, l\u00e4mplig f\u00f6r inomhus- och utomhusbruk<\/li>\n<li>Polyrattanv\u00e4v \u00e4r tillverkad f\u00f6r hand, den \u00e4r smuts- och vattenavvisande och UV-best\u00e4ndig<\/li>\n<li>Stomme av pulverlackerad metall, rostbest\u00e4ndig och stabil<\/li>\n<li>Vadderade sittdynor med vattenavvisande \u00f6verdrag, \u00f6verdrag kan tas av och tv\u00e4ttas med dragkedja<\/li>\n<li>L\u00e4ttsk\u00f6tt: Torka av m\u00f6blerna med en ren, torr trasa<\/li>\n<li>Inkl monteringsmaterial<\/li>\n<li>Observera: V\u00e4nligen skydda polyrottingm\u00f6blerna med ett skydd n\u00e4r de inte anv\u00e4nds (s\u00e4ljs separat).<\/li>\n<\/ul>\n<h3>Teknisk data:<\/h3>\n<ul>\n<li>Material: PE polyrattan, metall, polyester<\/li>\n<li>F\u00e4rg gr\u00e5<\/li>\n<li>M\u00e5tt p\u00e5 stolen: B63 x D57 x H76cm<\/li>\n<li>M\u00e5tt p\u00e5 soffbordet: L42,5 x B40 x H39cm<\/li>\n<li>Sittyta: B50 x D51cm<\/li>\n<li>Sitth\u00f6jd (utan dyna): 36 cm<\/li>\n<li>Max lastkapacitet: 160 kg (stol), 30 kg (soffbord)<\/li>\n<\/ul>\n<h3>Leveransens omfattning:<\/h3>\n<ul>\n<li>1 x Soffbord<\/li>\n<li>2 x stol<\/li>\n<li>2 x kuddar<\/li>\n<li>Monteringstillbeh\u00f6r<\/li>\n<\/ul>\n","protected":false},"excerpt":{"rendered":"<p>V\u00e5ra h\u00f6gkvalitativa balkongm\u00f6bler \u00e4r i tidl\u00f6st chic svart. De tv\u00e5 bekv\u00e4ma stolarna \u00e4r gjorda av handv\u00e4vd sittgrupp i polyrattan, ramen&#8230;<\/p>\n","protected":false},"featured_media":8271,"template":"","meta":[],"product_brand":[],"product_cat":[435,450,456],"product_tag":[],"class_list":{"0":"post-8270","1":"product","2":"type-product","3":"status-publish","4":"has-post-thumbnail","6":"product_cat-tradgard-och-terrass","7":"product_cat-tradgardsmobler","8":"product_cat-tradgardsmobler-set","10":"first","11":"instock","12":"sale","13":"taxable","14":"shipping-taxable","15":"purchasable","16":"product-type-simple"},"yoast_head":"<!-- This site is optimized with the Yoast SEO plugin v25.4 - https:\/\/yoast.com\/wordpress\/plugins\/seo\/ -->\n<title>TRUUSK Tr\u00e4dg\u00e5rdsm\u00f6belset i Rotting f\u00f6r 2 Personer - Polyrotting - Balkongm\u00f6belset med Kuddar - Tr\u00e4dg\u00e5rdsgr\u00e5 - TRUUSK - Hem, Tr\u00e4dg\u00e5rd &amp; Fritid<\/title>\n<meta name=\"robots\" content=\"index, follow, max-snippet:-1, max-image-preview:large, max-video-preview:-1\" \/>\n<link rel=\"canonical\" href=\"https:\/\/truusk.store\/sv\/produkt\/truusk-tradgardsmobelset-i-rotting-for-2-personer-polyrotting-balkongmobelset-med-kuddar-tradgardsgra\/\" \/>\n<meta property=\"og:locale\" content=\"sv_SE\" \/>\n<meta property=\"og:type\" content=\"article\" \/>\n<meta property=\"og:title\" content=\"TRUUSK Tr\u00e4dg\u00e5rdsm\u00f6belset i Rotting f\u00f6r 2 Personer - Polyrotting - Balkongm\u00f6belset med Kuddar - Tr\u00e4dg\u00e5rdsgr\u00e5 - TRUUSK - Hem, Tr\u00e4dg\u00e5rd &amp; Fritid\" \/>\n<meta property=\"og:description\" content=\"V\u00e5ra h\u00f6gkvalitativa balkongm\u00f6bler \u00e4r i tidl\u00f6st chic svart. De tv\u00e5 bekv\u00e4ma stolarna \u00e4r gjorda av handv\u00e4vd sittgrupp i polyrattan, ramen...\" \/>\n<meta property=\"og:url\" content=\"https:\/\/truusk.store\/sv\/produkt\/truusk-tradgardsmobelset-i-rotting-for-2-personer-polyrotting-balkongmobelset-med-kuddar-tradgardsgra\/\" \/>\n<meta property=\"og:site_name\" content=\"TRUUSK - Hem, Tr\u00e4dg\u00e5rd &amp; Fritid\" \/>\n<meta property=\"article:modified_time\" content=\"2026-03-12T07:55:46+00:00\" \/>\n<meta property=\"og:image\" content=\"https:\/\/i0.wp.com\/truusk.se\/wp-content\/uploads\/2024\/02\/tradgardsmobelset-i-rotting-for-2-personer-tradgardsmobelset-i-polyrotting-set-med-balkongmobel-med-kuddar-tradgardsgra.webp?fit=800%2C800&ssl=1\" \/>\n\t<meta property=\"og:image:width\" content=\"800\" \/>\n\t<meta property=\"og:image:height\" content=\"800\" \/>\n\t<meta property=\"og:image:type\" content=\"image\/webp\" \/>\n<meta name=\"twitter:card\" content=\"summary_large_image\" \/>\n<meta name=\"twitter:label1\" content=\"Ber\u00e4knad l\u00e4stid\" \/>\n\t<meta name=\"twitter:data1\" content=\"1 minut\" \/>\n<!-- \/ Yoast SEO plugin. -->","yoast_head_json":{"title":"TRUUSK Tr\u00e4dg\u00e5rdsm\u00f6belset i Rotting f\u00f6r 2 Personer - Polyrotting - Balkongm\u00f6belset med Kuddar - Tr\u00e4dg\u00e5rdsgr\u00e5 - TRUUSK - Hem, Tr\u00e4dg\u00e5rd &amp; Fritid","robots":{"index":"index","follow":"follow","max-snippet":"max-snippet:-1","max-image-preview":"max-image-preview:large","max-video-preview":"max-video-preview:-1"},"canonical":"https:\/\/truusk.store\/sv\/produkt\/truusk-tradgardsmobelset-i-rotting-for-2-personer-polyrotting-balkongmobelset-med-kuddar-tradgardsgra\/","og_locale":"sv_SE","og_type":"article","og_title":"TRUUSK Tr\u00e4dg\u00e5rdsm\u00f6belset i Rotting f\u00f6r 2 Personer - Polyrotting - Balkongm\u00f6belset med Kuddar - Tr\u00e4dg\u00e5rdsgr\u00e5 - TRUUSK - Hem, Tr\u00e4dg\u00e5rd &amp; Fritid","og_description":"V\u00e5ra h\u00f6gkvalitativa balkongm\u00f6bler \u00e4r i tidl\u00f6st chic svart. De tv\u00e5 bekv\u00e4ma stolarna \u00e4r gjorda av handv\u00e4vd sittgrupp i polyrattan, ramen...","og_url":"https:\/\/truusk.store\/sv\/produkt\/truusk-tradgardsmobelset-i-rotting-for-2-personer-polyrotting-balkongmobelset-med-kuddar-tradgardsgra\/","og_site_name":"TRUUSK - Hem, Tr\u00e4dg\u00e5rd &amp; Fritid","article_modified_time":"2026-03-12T07:55:46+00:00","og_image":[{"width":800,"height":800,"url":"https:\/\/i0.wp.com\/truusk.se\/wp-content\/uploads\/2024\/02\/tradgardsmobelset-i-rotting-for-2-personer-tradgardsmobelset-i-polyrotting-set-med-balkongmobel-med-kuddar-tradgardsgra.webp?fit=800%2C800&ssl=1","type":"image\/webp"}],"twitter_card":"summary_large_image","twitter_misc":{"Ber\u00e4knad l\u00e4stid":"1 minut"},"schema":{"@context":"https:\/\/schema.org","@graph":[{"@type":"WebPage","@id":"https:\/\/truusk.store\/sv\/produkt\/truusk-tradgardsmobelset-i-rotting-for-2-personer-polyrotting-balkongmobelset-med-kuddar-tradgardsgra\/","url":"https:\/\/truusk.store\/sv\/produkt\/truusk-tradgardsmobelset-i-rotting-for-2-personer-polyrotting-balkongmobelset-med-kuddar-tradgardsgra\/","name":"TRUUSK Tr\u00e4dg\u00e5rdsm\u00f6belset i Rotting f\u00f6r 2 Personer - Polyrotting - Balkongm\u00f6belset med Kuddar - Tr\u00e4dg\u00e5rdsgr\u00e5 - TRUUSK - Hem, Tr\u00e4dg\u00e5rd &amp; Fritid","isPartOf":{"@id":"https:\/\/truusk.store\/sv\/#website"},"primaryImageOfPage":{"@id":"https:\/\/truusk.store\/sv\/produkt\/truusk-tradgardsmobelset-i-rotting-for-2-personer-polyrotting-balkongmobelset-med-kuddar-tradgardsgra\/#primaryimage"},"image":{"@id":"https:\/\/truusk.store\/sv\/produkt\/truusk-tradgardsmobelset-i-rotting-for-2-personer-polyrotting-balkongmobelset-med-kuddar-tradgardsgra\/#primaryimage"},"thumbnailUrl":"https:\/\/i0.wp.com\/truusk.store\/wp-content\/uploads\/2024\/02\/tradgardsmobelset-i-rotting-for-2-personer-tradgardsmobelset-i-polyrotting-set-med-balkongmobel-med-kuddar-tradgardsgra.webp?fit=800%2C800&ssl=1","datePublished":"2024-02-13T08:13:41+00:00","dateModified":"2026-03-12T07:55:46+00:00","breadcrumb":{"@id":"https:\/\/truusk.store\/sv\/produkt\/truusk-tradgardsmobelset-i-rotting-for-2-personer-polyrotting-balkongmobelset-med-kuddar-tradgardsgra\/#breadcrumb"},"inLanguage":"sv-SE","potentialAction":[{"@type":"ReadAction","target":["https:\/\/truusk.store\/sv\/produkt\/truusk-tradgardsmobelset-i-rotting-for-2-personer-polyrotting-balkongmobelset-med-kuddar-tradgardsgra\/"]}]},{"@type":"ImageObject","inLanguage":"sv-SE","@id":"https:\/\/truusk.store\/sv\/produkt\/truusk-tradgardsmobelset-i-rotting-for-2-personer-polyrotting-balkongmobelset-med-kuddar-tradgardsgra\/#primaryimage","url":"https:\/\/i0.wp.com\/truusk.store\/wp-content\/uploads\/2024\/02\/tradgardsmobelset-i-rotting-for-2-personer-tradgardsmobelset-i-polyrotting-set-med-balkongmobel-med-kuddar-tradgardsgra.webp?fit=800%2C800&ssl=1","contentUrl":"https:\/\/i0.wp.com\/truusk.store\/wp-content\/uploads\/2024\/02\/tradgardsmobelset-i-rotting-for-2-personer-tradgardsmobelset-i-polyrotting-set-med-balkongmobel-med-kuddar-tradgardsgra.webp?fit=800%2C800&ssl=1","width":800,"height":800,"caption":"Tr\u00e4dg\u00e5rdsm\u00f6belset I Rotting F\u00f6r 2 Personer, Tr\u00e4dg\u00e5rdsm\u00f6belset I Polyrotting, Set Med Balkongm\u00f6bel Med Kuddar, Tr\u00e4dg\u00e5rdsgr\u00e5 1"},{"@type":"BreadcrumbList","@id":"https:\/\/truusk.store\/sv\/produkt\/truusk-tradgardsmobelset-i-rotting-for-2-personer-polyrotting-balkongmobelset-med-kuddar-tradgardsgra\/#breadcrumb","itemListElement":[{"@type":"ListItem","position":1,"name":"Home","item":"https:\/\/truusk.store\/sv\/"},{"@type":"ListItem","position":2,"name":"Shop","item":"https:\/\/truusk.store\/shop\/"},{"@type":"ListItem","position":3,"name":"TRUUSK Tr\u00e4dg\u00e5rdsm\u00f6belset i Rotting f\u00f6r 2 Personer &#8211; Polyrotting &#8211; Balkongm\u00f6belset med Kuddar &#8211; Tr\u00e4dg\u00e5rdsgr\u00e5"}]},{"@type":"WebSite","@id":"https:\/\/truusk.store\/sv\/#website","url":"https:\/\/truusk.store\/sv\/","name":"TRUUSK - Hem, Tr\u00e4dg\u00e5rd & Fritid","description":"","publisher":{"@id":"https:\/\/truusk.store\/sv\/#organization"},"potentialAction":[{"@type":"SearchAction","target":{"@type":"EntryPoint","urlTemplate":"https:\/\/truusk.store\/sv\/?s={search_term_string}"},"query-input":{"@type":"PropertyValueSpecification","valueRequired":true,"valueName":"search_term_string"}}],"inLanguage":"sv-SE"},{"@type":"Organization","@id":"https:\/\/truusk.store\/sv\/#organization","name":"TRUUSK - Hem, Tr\u00e4dg\u00e5rd & Fritid","url":"https:\/\/truusk.store\/sv\/","logo":{"@type":"ImageObject","inLanguage":"sv-SE","@id":"https:\/\/truusk.store\/sv\/#\/schema\/logo\/image\/","url":"https:\/\/i0.wp.com\/truusk.store\/wp-content\/uploads\/2026\/03\/cropped-TRUUSK.png?fit=2032%2C917&ssl=1","contentUrl":"https:\/\/i0.wp.com\/truusk.store\/wp-content\/uploads\/2026\/03\/cropped-TRUUSK.png?fit=2032%2C917&ssl=1","width":2032,"height":917,"caption":"TRUUSK - Hem, Tr\u00e4dg\u00e5rd & Fritid"},"image":{"@id":"https:\/\/truusk.store\/sv\/#\/schema\/logo\/image\/"}}]}},"jetpack_sharing_enabled":true,"_links":{"self":[{"href":"https:\/\/truusk.store\/sv\/wp-json\/wp\/v2\/product\/8270","targetHints":{"allow":["GET"]}}],"collection":[{"href":"https:\/\/truusk.store\/sv\/wp-json\/wp\/v2\/product"}],"about":[{"href":"https:\/\/truusk.store\/sv\/wp-json\/wp\/v2\/types\/product"}],"wp:featuredmedia":[{"embeddable":true,"href":"https:\/\/truusk.store\/sv\/wp-json\/wp\/v2\/media\/8271"}],"wp:attachment":[{"href":"https:\/\/truusk.store\/sv\/wp-json\/wp\/v2\/media?parent=8270"}],"wp:term":[{"taxonomy":"product_brand","embeddable":true,"href":"https:\/\/truusk.store\/sv\/wp-json\/wp\/v2\/product_brand?post=8270"},{"taxonomy":"product_cat","embeddable":true,"href":"https:\/\/truusk.store\/sv\/wp-json\/wp\/v2\/product_cat?post=8270"},{"taxonomy":"product_tag","embeddable":true,"href":"https:\/\/truusk.store\/sv\/wp-json\/wp\/v2\/product_tag?post=8270"}],"curies":[{"name":"wp","href":"https:\/\/api.w.org\/{rel}","templated":true}]}}