{"id":82709,"date":"2025-07-09T12:36:24","date_gmt":"2025-07-09T11:36:24","guid":{"rendered":"https:\/\/truusk.store\/product\/projektor-duk-169-format-fjarrkontroll-266-x-149-cm-120-tum-vit\/"},"modified":"2026-03-12T09:35:16","modified_gmt":"2026-03-12T08:35:16","slug":"truusk-projektor-duk-169-format-fjarrkontroll-266-x-149-cm-120-tum-vit","status":"publish","type":"product","link":"https:\/\/truusk.store\/sv\/produkt\/truusk-projektor-duk-169-format-fjarrkontroll-266-x-149-cm-120-tum-vit\/","title":{"rendered":"TRUUSK Projektor Duk 16:9 Format &#8211; Fj\u00e4rrkontroll &#8211; 266 x 149 cm (120 tum) &#8211; Vit"},"content":{"rendered":"<p>Denna h\u00f6gkvalitativa projektorv\u00e4gg garanterar en f\u00f6rstklassig visningsupplevelse. Den erbjuder tv\u00e5 monteringsalternativ &#8211; v\u00e4gg eller tak &#8211; och \u00e4r idealisk f\u00f6r kontorspresentationer eller din personliga hemmabio. Njut av filmer och serier i stort format och f\u00f6rvandla varje rum till en biograf. Tack vare fj\u00e4rrkontrollen kan du bekv\u00e4mt rulla upp och ner sk\u00e4rmen fr\u00e5n soffan. Perfekt f\u00f6r alla tillf\u00e4llen, oavsett om det \u00e4r arbete eller n\u00f6je.<\/p>\n<p>Beskrivning:<\/p>\n<ul>\n<li> Motoriserad projektorv\u00e4gg i 16:9 format f\u00f6r en bioupplevelse<\/li>\n<li> M\u00e5ngsidiga monteringsalternativ: problemfri installation p\u00e5 v\u00e4gg eller tak<\/li>\n<li> Inkluderar fj\u00e4rrkontroll f\u00f6r bekv\u00e4m styrning av projektorv\u00e4ggen<\/li>\n<li> Manuell eller fj\u00e4rrstyrd anv\u00e4ndning f\u00f6r anv\u00e4ndarv\u00e4nlighet och komfort<\/li>\n<li> Stiligt, vitt h\u00f6lje f\u00f6r projektorv\u00e4ggen med en h\u00f6gkvalitativ vit sk\u00e4rmyta<\/li>\n<li> H\u00f6gkvalitativa material i motorv\u00e4ggen garanterar h\u00e5llbarhet och robusthet<\/li>\n<li> Ljusgenomtr\u00e4nglig baksida av plast minimerar ljusreflektioner och f\u00f6rb\u00e4ttrar bildkvaliteten<\/li>\n<li> Enkel installation och l\u00e4ttsk\u00f6tt f\u00f6r fortsatt anv\u00e4ndarv\u00e4nlighet<\/li>\n<\/ul>\n<p> Tekniska data:<\/p>\n<ul>\n<li> F\u00e4rg: Vit<\/li>\n<li> Material: Plast, Metall<\/li>\n<li> Totala dimensioner: 293,5L x 8B x 176H cm<\/li>\n<li> Projiceringsyta: 266L x 149H cm<\/li>\n<li> Format: 16:9<\/li>\n<li> L\u00e4ngd p\u00e5 metall\u00f6verdrag: 293,5 cm<\/li>\n<li> St\u00e4ngningshastighet: 15R\/min<\/li>\n<li> Bredd p\u00e5 svart kant: 3 cm (h\u00f6ger och v\u00e4nster)<\/li>\n<li> Kabell\u00e4ngd: 2,1 m<\/li>\n<li> Nominell sp\u00e4nning: 230V\/50Hz, nominell effekt 25W<\/li>\n<\/ul>\n<p>Leveransinneh\u00e5ll:<\/p>\n<ul>\n<li> 1 x Projektorv\u00e4gg<\/li>\n<li> 1 x Monteringsanvisningar<\/li>\n<\/ul>\n","protected":false},"excerpt":{"rendered":"<p>Denna h\u00f6gkvalitativa projektorv\u00e4gg garanterar en f\u00f6rstklassig visningsupplevelse. Den erbjuder tv\u00e5 monteringsalternativ &#8211; v\u00e4gg eller tak &#8211; och \u00e4r idealisk f\u00f6r&#8230;<\/p>\n","protected":false},"featured_media":82700,"template":"","meta":[],"product_brand":[],"product_cat":[867,963],"product_tag":[],"class_list":{"0":"post-82709","1":"product","2":"type-product","3":"status-publish","4":"has-post-thumbnail","6":"product_cat-byggmarknad","7":"product_cat-runt-om-huset","9":"first","10":"instock","11":"sale","12":"taxable","13":"shipping-taxable","14":"purchasable","15":"product-type-simple"},"yoast_head":"<!-- This site is optimized with the Yoast SEO plugin v25.4 - https:\/\/yoast.com\/wordpress\/plugins\/seo\/ -->\n<title>TRUUSK Projektor Duk 16:9 Format - Fj\u00e4rrkontroll - 266 x 149 cm (120 tum) - Vit - TRUUSK - Hem, Tr\u00e4dg\u00e5rd &amp; Fritid<\/title>\n<meta name=\"robots\" content=\"index, follow, max-snippet:-1, max-image-preview:large, max-video-preview:-1\" \/>\n<link rel=\"canonical\" href=\"https:\/\/truusk.store\/sv\/produkt\/truusk-projektor-duk-169-format-fjarrkontroll-266-x-149-cm-120-tum-vit\/\" \/>\n<meta property=\"og:locale\" content=\"sv_SE\" \/>\n<meta property=\"og:type\" content=\"article\" \/>\n<meta property=\"og:title\" content=\"TRUUSK Projektor Duk 16:9 Format - Fj\u00e4rrkontroll - 266 x 149 cm (120 tum) - Vit - TRUUSK - Hem, Tr\u00e4dg\u00e5rd &amp; Fritid\" \/>\n<meta property=\"og:description\" content=\"Denna h\u00f6gkvalitativa projektorv\u00e4gg garanterar en f\u00f6rstklassig visningsupplevelse. Den erbjuder tv\u00e5 monteringsalternativ &#8211; v\u00e4gg eller tak &#8211; och \u00e4r idealisk f\u00f6r...\" \/>\n<meta property=\"og:url\" content=\"https:\/\/truusk.store\/sv\/produkt\/truusk-projektor-duk-169-format-fjarrkontroll-266-x-149-cm-120-tum-vit\/\" \/>\n<meta property=\"og:site_name\" content=\"TRUUSK - Hem, Tr\u00e4dg\u00e5rd &amp; Fritid\" \/>\n<meta property=\"article:modified_time\" content=\"2026-03-12T08:35:16+00:00\" \/>\n<meta property=\"og:image\" content=\"https:\/\/i0.wp.com\/truusk.se\/wp-content\/uploads\/2025\/07\/projektor-duk-169-format-fjarrkontroll-266-x-149-cm-120-tum-vit-1.webp?fit=2000%2C2000&ssl=1\" \/>\n\t<meta property=\"og:image:width\" content=\"2000\" \/>\n\t<meta property=\"og:image:height\" content=\"2000\" \/>\n\t<meta property=\"og:image:type\" content=\"image\/webp\" \/>\n<meta name=\"twitter:card\" content=\"summary_large_image\" \/>\n<meta name=\"twitter:label1\" content=\"Ber\u00e4knad l\u00e4stid\" \/>\n\t<meta name=\"twitter:data1\" content=\"1 minut\" \/>\n<!-- \/ Yoast SEO plugin. -->","yoast_head_json":{"title":"TRUUSK Projektor Duk 16:9 Format - Fj\u00e4rrkontroll - 266 x 149 cm (120 tum) - Vit - TRUUSK - Hem, Tr\u00e4dg\u00e5rd &amp; Fritid","robots":{"index":"index","follow":"follow","max-snippet":"max-snippet:-1","max-image-preview":"max-image-preview:large","max-video-preview":"max-video-preview:-1"},"canonical":"https:\/\/truusk.store\/sv\/produkt\/truusk-projektor-duk-169-format-fjarrkontroll-266-x-149-cm-120-tum-vit\/","og_locale":"sv_SE","og_type":"article","og_title":"TRUUSK Projektor Duk 16:9 Format - Fj\u00e4rrkontroll - 266 x 149 cm (120 tum) - Vit - TRUUSK - Hem, Tr\u00e4dg\u00e5rd &amp; Fritid","og_description":"Denna h\u00f6gkvalitativa projektorv\u00e4gg garanterar en f\u00f6rstklassig visningsupplevelse. Den erbjuder tv\u00e5 monteringsalternativ &#8211; v\u00e4gg eller tak &#8211; och \u00e4r idealisk f\u00f6r...","og_url":"https:\/\/truusk.store\/sv\/produkt\/truusk-projektor-duk-169-format-fjarrkontroll-266-x-149-cm-120-tum-vit\/","og_site_name":"TRUUSK - Hem, Tr\u00e4dg\u00e5rd &amp; Fritid","article_modified_time":"2026-03-12T08:35:16+00:00","og_image":[{"width":2000,"height":2000,"url":"https:\/\/i0.wp.com\/truusk.se\/wp-content\/uploads\/2025\/07\/projektor-duk-169-format-fjarrkontroll-266-x-149-cm-120-tum-vit-1.webp?fit=2000%2C2000&ssl=1","type":"image\/webp"}],"twitter_card":"summary_large_image","twitter_misc":{"Ber\u00e4knad l\u00e4stid":"1 minut"},"schema":{"@context":"https:\/\/schema.org","@graph":[{"@type":"WebPage","@id":"https:\/\/truusk.store\/sv\/produkt\/truusk-projektor-duk-169-format-fjarrkontroll-266-x-149-cm-120-tum-vit\/","url":"https:\/\/truusk.store\/sv\/produkt\/truusk-projektor-duk-169-format-fjarrkontroll-266-x-149-cm-120-tum-vit\/","name":"TRUUSK Projektor Duk 16:9 Format - Fj\u00e4rrkontroll - 266 x 149 cm (120 tum) - Vit - TRUUSK - Hem, Tr\u00e4dg\u00e5rd &amp; Fritid","isPartOf":{"@id":"https:\/\/truusk.store\/sv\/#website"},"primaryImageOfPage":{"@id":"https:\/\/truusk.store\/sv\/produkt\/truusk-projektor-duk-169-format-fjarrkontroll-266-x-149-cm-120-tum-vit\/#primaryimage"},"image":{"@id":"https:\/\/truusk.store\/sv\/produkt\/truusk-projektor-duk-169-format-fjarrkontroll-266-x-149-cm-120-tum-vit\/#primaryimage"},"thumbnailUrl":"https:\/\/i0.wp.com\/truusk.store\/wp-content\/uploads\/2025\/07\/projektor-duk-169-format-fjarrkontroll-266-x-149-cm-120-tum-vit-1.webp?fit=2000%2C2000&ssl=1","datePublished":"2025-07-09T11:36:24+00:00","dateModified":"2026-03-12T08:35:16+00:00","breadcrumb":{"@id":"https:\/\/truusk.store\/sv\/produkt\/truusk-projektor-duk-169-format-fjarrkontroll-266-x-149-cm-120-tum-vit\/#breadcrumb"},"inLanguage":"sv-SE","potentialAction":[{"@type":"ReadAction","target":["https:\/\/truusk.store\/sv\/produkt\/truusk-projektor-duk-169-format-fjarrkontroll-266-x-149-cm-120-tum-vit\/"]}]},{"@type":"ImageObject","inLanguage":"sv-SE","@id":"https:\/\/truusk.store\/sv\/produkt\/truusk-projektor-duk-169-format-fjarrkontroll-266-x-149-cm-120-tum-vit\/#primaryimage","url":"https:\/\/i0.wp.com\/truusk.store\/wp-content\/uploads\/2025\/07\/projektor-duk-169-format-fjarrkontroll-266-x-149-cm-120-tum-vit-1.webp?fit=2000%2C2000&ssl=1","contentUrl":"https:\/\/i0.wp.com\/truusk.store\/wp-content\/uploads\/2025\/07\/projektor-duk-169-format-fjarrkontroll-266-x-149-cm-120-tum-vit-1.webp?fit=2000%2C2000&ssl=1","width":2000,"height":2000},{"@type":"BreadcrumbList","@id":"https:\/\/truusk.store\/sv\/produkt\/truusk-projektor-duk-169-format-fjarrkontroll-266-x-149-cm-120-tum-vit\/#breadcrumb","itemListElement":[{"@type":"ListItem","position":1,"name":"Home","item":"https:\/\/truusk.store\/sv\/"},{"@type":"ListItem","position":2,"name":"Shop","item":"https:\/\/truusk.store\/shop\/"},{"@type":"ListItem","position":3,"name":"TRUUSK Projektor Duk 16:9 Format &#8211; Fj\u00e4rrkontroll &#8211; 266 x 149 cm (120 tum) &#8211; Vit"}]},{"@type":"WebSite","@id":"https:\/\/truusk.store\/sv\/#website","url":"https:\/\/truusk.store\/sv\/","name":"TRUUSK - Hem, Tr\u00e4dg\u00e5rd & Fritid","description":"","publisher":{"@id":"https:\/\/truusk.store\/sv\/#organization"},"potentialAction":[{"@type":"SearchAction","target":{"@type":"EntryPoint","urlTemplate":"https:\/\/truusk.store\/sv\/?s={search_term_string}"},"query-input":{"@type":"PropertyValueSpecification","valueRequired":true,"valueName":"search_term_string"}}],"inLanguage":"sv-SE"},{"@type":"Organization","@id":"https:\/\/truusk.store\/sv\/#organization","name":"TRUUSK - Hem, Tr\u00e4dg\u00e5rd & Fritid","url":"https:\/\/truusk.store\/sv\/","logo":{"@type":"ImageObject","inLanguage":"sv-SE","@id":"https:\/\/truusk.store\/sv\/#\/schema\/logo\/image\/","url":"https:\/\/i0.wp.com\/truusk.store\/wp-content\/uploads\/2026\/03\/cropped-TRUUSK.png?fit=2032%2C917&ssl=1","contentUrl":"https:\/\/i0.wp.com\/truusk.store\/wp-content\/uploads\/2026\/03\/cropped-TRUUSK.png?fit=2032%2C917&ssl=1","width":2032,"height":917,"caption":"TRUUSK - Hem, Tr\u00e4dg\u00e5rd & Fritid"},"image":{"@id":"https:\/\/truusk.store\/sv\/#\/schema\/logo\/image\/"}}]}},"jetpack_sharing_enabled":true,"_links":{"self":[{"href":"https:\/\/truusk.store\/sv\/wp-json\/wp\/v2\/product\/82709","targetHints":{"allow":["GET"]}}],"collection":[{"href":"https:\/\/truusk.store\/sv\/wp-json\/wp\/v2\/product"}],"about":[{"href":"https:\/\/truusk.store\/sv\/wp-json\/wp\/v2\/types\/product"}],"wp:featuredmedia":[{"embeddable":true,"href":"https:\/\/truusk.store\/sv\/wp-json\/wp\/v2\/media\/82700"}],"wp:attachment":[{"href":"https:\/\/truusk.store\/sv\/wp-json\/wp\/v2\/media?parent=82709"}],"wp:term":[{"taxonomy":"product_brand","embeddable":true,"href":"https:\/\/truusk.store\/sv\/wp-json\/wp\/v2\/product_brand?post=82709"},{"taxonomy":"product_cat","embeddable":true,"href":"https:\/\/truusk.store\/sv\/wp-json\/wp\/v2\/product_cat?post=82709"},{"taxonomy":"product_tag","embeddable":true,"href":"https:\/\/truusk.store\/sv\/wp-json\/wp\/v2\/product_tag?post=82709"}],"curies":[{"name":"wp","href":"https:\/\/api.w.org\/{rel}","templated":true}]}}