{"id":82719,"date":"2025-07-09T12:37:12","date_gmt":"2025-07-09T11:37:12","guid":{"rendered":"https:\/\/truusk.store\/product\/solstol-tradgardsstolar-relaxstol-hopfallbar-vaderbestandig-194-cm-x-72-cm-x-31-cm-svart-morkbla\/"},"modified":"2026-03-12T09:36:15","modified_gmt":"2026-03-12T08:36:15","slug":"truusk-tradgardsstol-relaxstol-hopfallbar-vaderbestandig-matt-194-cm-x-72-cm-x-31-cm-svart-morkbla","status":"publish","type":"product","link":"https:\/\/truusk.store\/sv\/produkt\/truusk-tradgardsstol-relaxstol-hopfallbar-vaderbestandig-matt-194-cm-x-72-cm-x-31-cm-svart-morkbla\/","title":{"rendered":"TRUUSK Tr\u00e4dg\u00e5rdsstol Relaxstol &#8211; Hopf\u00e4llbar &#8211; V\u00e4derbest\u00e4ndig &#8211; M\u00e5tt 194 cm x 72 cm x 31 cm &#8211; Svart + M\u00f6rkbl\u00e5"},"content":{"rendered":"<p>Vill du ta med dig komforten fr\u00e5n din semesterort hem? D\u00e5 \u00e4r du ett steg n\u00e4rmare. P\u00e5 stranden, p\u00e5 campingplatsen eller vid poolen erbjuder den hopf\u00e4llbara tr\u00e4dg\u00e5rdss\u00e4ngen TRUUSK en bekv\u00e4m och funktionell plats att ligga. F\u00f6r en behaglig sittkomfort kan ryggst\u00f6det p\u00e5 balkongs\u00e4ngen justeras i fyra positioner. \u00c4ven efter simning \u00e4r n\u00e4t\u00f6verdelen p\u00e5 bastus\u00e4ngen vattenavvisande och torkar snabbt.<\/p>\n<p>Beskrivning:<\/p>\n<ul>\n<li> F\u00f6r alla som vill sola eller lata sig vid poolen tillsammans<\/li>\n<li> Ryggst\u00f6det p\u00e5 bastus\u00e4ngen kan justeras i 4 olika positioner f\u00f6r att hitta den optimala solbr\u00e4nnvinkeln<\/li>\n<li> Hopf\u00e4llbar tr\u00e4dg\u00e5rdss\u00e4ng f\u00f6r enkel transport<\/li>\n<li> Stabil, vattent\u00e4t, pulverlackerad metallram<\/li>\n<li> Design med l\u00e4sh\u00e5l<\/li>\n<li> Ingen montering kr\u00e4vs<\/li>\n<\/ul>\n<p> Tekniska data:<\/p>\n<ul>\n<li> F\u00e4rg: M\u00f6rkbl\u00e5 + Svart<\/li>\n<li> Material: St\u00e5l, Polyester<\/li>\n<li> Fullst\u00e4ndiga dimensioner: 72L x 194B x 31H cm (lutar tillbaka)<\/li>\n<li> M\u00e5tt hopf\u00e4lld: 72L x 85B x 16H cm<\/li>\n<li> Sittm\u00e5tt: 58B x 133T cm<\/li>\n<li> Ryggst\u00f6dets dimensioner: 55L x 57B cm<\/li>\n<li> Ryggst\u00f6dets h\u00f6jd: 89, 82, 71, 40 cm (till golvet)<\/li>\n<li> M\u00e5tt p\u00e5 huvudst\u00f6d: 37L x 17B x 5H cm<\/li>\n<li> L\u00e4sh\u00e5lets dimensioner: 17L x 16B cm<\/li>\n<li> Viktkapacitet: 120 kg<\/li>\n<\/ul>\n<p>Leveransinneh\u00e5ll:<\/p>\n<ul>\n<li> 1 x Solstol<\/li>\n<li> 1 x Manual<\/li>\n<\/ul>\n","protected":false},"excerpt":{"rendered":"<p>Vill du ta med dig komforten fr\u00e5n din semesterort hem? D\u00e5 \u00e4r du ett steg n\u00e4rmare. P\u00e5 stranden, p\u00e5 campingplatsen&#8230;<\/p>\n","protected":false},"featured_media":82710,"template":"","meta":[],"product_brand":[],"product_cat":[451,858,450],"product_tag":[],"class_list":{"0":"post-82719","1":"product","2":"type-product","3":"status-publish","4":"has-post-thumbnail","6":"product_cat-solstolar","7":"product_cat-tradgard-terrass","8":"product_cat-tradgardsmobler","10":"first","11":"instock","12":"sale","13":"taxable","14":"shipping-taxable","15":"purchasable","16":"product-type-simple"},"yoast_head":"<!-- This site is optimized with the Yoast SEO plugin v25.4 - https:\/\/yoast.com\/wordpress\/plugins\/seo\/ -->\n<title>TRUUSK Tr\u00e4dg\u00e5rdsstol Relaxstol - Hopf\u00e4llbar - V\u00e4derbest\u00e4ndig - M\u00e5tt 194 cm x 72 cm x 31 cm - Svart + M\u00f6rkbl\u00e5 - TRUUSK - Hem, Tr\u00e4dg\u00e5rd &amp; Fritid<\/title>\n<meta name=\"robots\" content=\"index, follow, max-snippet:-1, max-image-preview:large, max-video-preview:-1\" \/>\n<link rel=\"canonical\" href=\"https:\/\/truusk.store\/sv\/produkt\/truusk-tradgardsstol-relaxstol-hopfallbar-vaderbestandig-matt-194-cm-x-72-cm-x-31-cm-svart-morkbla\/\" \/>\n<meta property=\"og:locale\" content=\"sv_SE\" \/>\n<meta property=\"og:type\" content=\"article\" \/>\n<meta property=\"og:title\" content=\"TRUUSK Tr\u00e4dg\u00e5rdsstol Relaxstol - Hopf\u00e4llbar - V\u00e4derbest\u00e4ndig - M\u00e5tt 194 cm x 72 cm x 31 cm - Svart + M\u00f6rkbl\u00e5 - TRUUSK - Hem, Tr\u00e4dg\u00e5rd &amp; Fritid\" \/>\n<meta property=\"og:description\" content=\"Vill du ta med dig komforten fr\u00e5n din semesterort hem? D\u00e5 \u00e4r du ett steg n\u00e4rmare. P\u00e5 stranden, p\u00e5 campingplatsen...\" \/>\n<meta property=\"og:url\" content=\"https:\/\/truusk.store\/sv\/produkt\/truusk-tradgardsstol-relaxstol-hopfallbar-vaderbestandig-matt-194-cm-x-72-cm-x-31-cm-svart-morkbla\/\" \/>\n<meta property=\"og:site_name\" content=\"TRUUSK - Hem, Tr\u00e4dg\u00e5rd &amp; Fritid\" \/>\n<meta property=\"article:modified_time\" content=\"2026-03-12T08:36:15+00:00\" \/>\n<meta property=\"og:image\" content=\"https:\/\/i0.wp.com\/truusk.se\/wp-content\/uploads\/2025\/07\/solstol-tradgardsstolar-relaxstol-hopfallbar-vaderbestandig-194-cm-x-72-cm-x-31-cm-svart-morkbla-1.webp?fit=2000%2C2000&ssl=1\" \/>\n\t<meta property=\"og:image:width\" content=\"2000\" \/>\n\t<meta property=\"og:image:height\" content=\"2000\" \/>\n\t<meta property=\"og:image:type\" content=\"image\/webp\" \/>\n<meta name=\"twitter:card\" content=\"summary_large_image\" \/>\n<meta name=\"twitter:label1\" content=\"Ber\u00e4knad l\u00e4stid\" \/>\n\t<meta name=\"twitter:data1\" content=\"1 minut\" \/>\n<!-- \/ Yoast SEO plugin. -->","yoast_head_json":{"title":"TRUUSK Tr\u00e4dg\u00e5rdsstol Relaxstol - Hopf\u00e4llbar - V\u00e4derbest\u00e4ndig - M\u00e5tt 194 cm x 72 cm x 31 cm - Svart + M\u00f6rkbl\u00e5 - TRUUSK - Hem, Tr\u00e4dg\u00e5rd &amp; Fritid","robots":{"index":"index","follow":"follow","max-snippet":"max-snippet:-1","max-image-preview":"max-image-preview:large","max-video-preview":"max-video-preview:-1"},"canonical":"https:\/\/truusk.store\/sv\/produkt\/truusk-tradgardsstol-relaxstol-hopfallbar-vaderbestandig-matt-194-cm-x-72-cm-x-31-cm-svart-morkbla\/","og_locale":"sv_SE","og_type":"article","og_title":"TRUUSK Tr\u00e4dg\u00e5rdsstol Relaxstol - Hopf\u00e4llbar - V\u00e4derbest\u00e4ndig - M\u00e5tt 194 cm x 72 cm x 31 cm - Svart + M\u00f6rkbl\u00e5 - TRUUSK - Hem, Tr\u00e4dg\u00e5rd &amp; Fritid","og_description":"Vill du ta med dig komforten fr\u00e5n din semesterort hem? D\u00e5 \u00e4r du ett steg n\u00e4rmare. P\u00e5 stranden, p\u00e5 campingplatsen...","og_url":"https:\/\/truusk.store\/sv\/produkt\/truusk-tradgardsstol-relaxstol-hopfallbar-vaderbestandig-matt-194-cm-x-72-cm-x-31-cm-svart-morkbla\/","og_site_name":"TRUUSK - Hem, Tr\u00e4dg\u00e5rd &amp; Fritid","article_modified_time":"2026-03-12T08:36:15+00:00","og_image":[{"width":2000,"height":2000,"url":"https:\/\/i0.wp.com\/truusk.se\/wp-content\/uploads\/2025\/07\/solstol-tradgardsstolar-relaxstol-hopfallbar-vaderbestandig-194-cm-x-72-cm-x-31-cm-svart-morkbla-1.webp?fit=2000%2C2000&ssl=1","type":"image\/webp"}],"twitter_card":"summary_large_image","twitter_misc":{"Ber\u00e4knad l\u00e4stid":"1 minut"},"schema":{"@context":"https:\/\/schema.org","@graph":[{"@type":"WebPage","@id":"https:\/\/truusk.store\/sv\/produkt\/truusk-tradgardsstol-relaxstol-hopfallbar-vaderbestandig-matt-194-cm-x-72-cm-x-31-cm-svart-morkbla\/","url":"https:\/\/truusk.store\/sv\/produkt\/truusk-tradgardsstol-relaxstol-hopfallbar-vaderbestandig-matt-194-cm-x-72-cm-x-31-cm-svart-morkbla\/","name":"TRUUSK Tr\u00e4dg\u00e5rdsstol Relaxstol - Hopf\u00e4llbar - V\u00e4derbest\u00e4ndig - M\u00e5tt 194 cm x 72 cm x 31 cm - Svart + M\u00f6rkbl\u00e5 - TRUUSK - Hem, Tr\u00e4dg\u00e5rd &amp; Fritid","isPartOf":{"@id":"https:\/\/truusk.store\/sv\/#website"},"primaryImageOfPage":{"@id":"https:\/\/truusk.store\/sv\/produkt\/truusk-tradgardsstol-relaxstol-hopfallbar-vaderbestandig-matt-194-cm-x-72-cm-x-31-cm-svart-morkbla\/#primaryimage"},"image":{"@id":"https:\/\/truusk.store\/sv\/produkt\/truusk-tradgardsstol-relaxstol-hopfallbar-vaderbestandig-matt-194-cm-x-72-cm-x-31-cm-svart-morkbla\/#primaryimage"},"thumbnailUrl":"https:\/\/i0.wp.com\/truusk.store\/wp-content\/uploads\/2025\/07\/solstol-tradgardsstolar-relaxstol-hopfallbar-vaderbestandig-194-cm-x-72-cm-x-31-cm-svart-morkbla-1.webp?fit=2000%2C2000&ssl=1","datePublished":"2025-07-09T11:37:12+00:00","dateModified":"2026-03-12T08:36:15+00:00","breadcrumb":{"@id":"https:\/\/truusk.store\/sv\/produkt\/truusk-tradgardsstol-relaxstol-hopfallbar-vaderbestandig-matt-194-cm-x-72-cm-x-31-cm-svart-morkbla\/#breadcrumb"},"inLanguage":"sv-SE","potentialAction":[{"@type":"ReadAction","target":["https:\/\/truusk.store\/sv\/produkt\/truusk-tradgardsstol-relaxstol-hopfallbar-vaderbestandig-matt-194-cm-x-72-cm-x-31-cm-svart-morkbla\/"]}]},{"@type":"ImageObject","inLanguage":"sv-SE","@id":"https:\/\/truusk.store\/sv\/produkt\/truusk-tradgardsstol-relaxstol-hopfallbar-vaderbestandig-matt-194-cm-x-72-cm-x-31-cm-svart-morkbla\/#primaryimage","url":"https:\/\/i0.wp.com\/truusk.store\/wp-content\/uploads\/2025\/07\/solstol-tradgardsstolar-relaxstol-hopfallbar-vaderbestandig-194-cm-x-72-cm-x-31-cm-svart-morkbla-1.webp?fit=2000%2C2000&ssl=1","contentUrl":"https:\/\/i0.wp.com\/truusk.store\/wp-content\/uploads\/2025\/07\/solstol-tradgardsstolar-relaxstol-hopfallbar-vaderbestandig-194-cm-x-72-cm-x-31-cm-svart-morkbla-1.webp?fit=2000%2C2000&ssl=1","width":2000,"height":2000},{"@type":"BreadcrumbList","@id":"https:\/\/truusk.store\/sv\/produkt\/truusk-tradgardsstol-relaxstol-hopfallbar-vaderbestandig-matt-194-cm-x-72-cm-x-31-cm-svart-morkbla\/#breadcrumb","itemListElement":[{"@type":"ListItem","position":1,"name":"Home","item":"https:\/\/truusk.store\/sv\/"},{"@type":"ListItem","position":2,"name":"Shop","item":"https:\/\/truusk.store\/shop\/"},{"@type":"ListItem","position":3,"name":"TRUUSK Tr\u00e4dg\u00e5rdsstol Relaxstol &#8211; Hopf\u00e4llbar &#8211; V\u00e4derbest\u00e4ndig &#8211; M\u00e5tt 194 cm x 72 cm x 31 cm &#8211; Svart + M\u00f6rkbl\u00e5"}]},{"@type":"WebSite","@id":"https:\/\/truusk.store\/sv\/#website","url":"https:\/\/truusk.store\/sv\/","name":"TRUUSK - Hem, Tr\u00e4dg\u00e5rd & Fritid","description":"","publisher":{"@id":"https:\/\/truusk.store\/sv\/#organization"},"potentialAction":[{"@type":"SearchAction","target":{"@type":"EntryPoint","urlTemplate":"https:\/\/truusk.store\/sv\/?s={search_term_string}"},"query-input":{"@type":"PropertyValueSpecification","valueRequired":true,"valueName":"search_term_string"}}],"inLanguage":"sv-SE"},{"@type":"Organization","@id":"https:\/\/truusk.store\/sv\/#organization","name":"TRUUSK - Hem, Tr\u00e4dg\u00e5rd & Fritid","url":"https:\/\/truusk.store\/sv\/","logo":{"@type":"ImageObject","inLanguage":"sv-SE","@id":"https:\/\/truusk.store\/sv\/#\/schema\/logo\/image\/","url":"https:\/\/i0.wp.com\/truusk.store\/wp-content\/uploads\/2026\/03\/cropped-TRUUSK.png?fit=2032%2C917&ssl=1","contentUrl":"https:\/\/i0.wp.com\/truusk.store\/wp-content\/uploads\/2026\/03\/cropped-TRUUSK.png?fit=2032%2C917&ssl=1","width":2032,"height":917,"caption":"TRUUSK - Hem, Tr\u00e4dg\u00e5rd & Fritid"},"image":{"@id":"https:\/\/truusk.store\/sv\/#\/schema\/logo\/image\/"}}]}},"jetpack_sharing_enabled":true,"_links":{"self":[{"href":"https:\/\/truusk.store\/sv\/wp-json\/wp\/v2\/product\/82719","targetHints":{"allow":["GET"]}}],"collection":[{"href":"https:\/\/truusk.store\/sv\/wp-json\/wp\/v2\/product"}],"about":[{"href":"https:\/\/truusk.store\/sv\/wp-json\/wp\/v2\/types\/product"}],"wp:featuredmedia":[{"embeddable":true,"href":"https:\/\/truusk.store\/sv\/wp-json\/wp\/v2\/media\/82710"}],"wp:attachment":[{"href":"https:\/\/truusk.store\/sv\/wp-json\/wp\/v2\/media?parent=82719"}],"wp:term":[{"taxonomy":"product_brand","embeddable":true,"href":"https:\/\/truusk.store\/sv\/wp-json\/wp\/v2\/product_brand?post=82719"},{"taxonomy":"product_cat","embeddable":true,"href":"https:\/\/truusk.store\/sv\/wp-json\/wp\/v2\/product_cat?post=82719"},{"taxonomy":"product_tag","embeddable":true,"href":"https:\/\/truusk.store\/sv\/wp-json\/wp\/v2\/product_tag?post=82719"}],"curies":[{"name":"wp","href":"https:\/\/api.w.org\/{rel}","templated":true}]}}