{"id":82759,"date":"2025-07-09T12:42:02","date_gmt":"2025-07-09T11:42:02","guid":{"rendered":"https:\/\/truusk.store\/product\/led-sminkspegel-3-ljuslagen-dimbar-touchkontroll-usb-625-x-495-cm-vit\/"},"modified":"2026-03-12T09:41:12","modified_gmt":"2026-03-12T08:41:12","slug":"truusk-led-sminkspegel-3-ljuslagen-dimbar-touchkontroll-usb-625-x-495-cm-vit","status":"publish","type":"product","link":"https:\/\/truusk.store\/sv\/produkt\/truusk-led-sminkspegel-3-ljuslagen-dimbar-touchkontroll-usb-625-x-495-cm-vit\/","title":{"rendered":"TRUUSK LED-sminkspegel &#8211; 3 ljusl\u00e4gen &#8211; Dimbar &#8211; Touchkontroll &#8211; USB &#8211; 62,5 x 49,5 cm &#8211; Vit"},"content":{"rendered":"<p>Utrustad med 15 LED-lampor som lyser upp till 50 000 timmar och en mobilh\u00e5llare f\u00f6r att titta p\u00e5 sminktips, blir sk\u00f6nhetsrutinen med TRUUSK sminkspegel med ljus en lek. Tre ljusl\u00e4gen och justerbara ljusstyrkealternativ ger dig en knivskarp, perfekt belyst spegelbild i alla ljusf\u00f6rh\u00e5llanden. Dessutom ser en praktisk USB-anslutning p\u00e5 spegeln med belysning till att din smartphone kan laddas samtidigt.<\/p>\n<p>Beskrivning:<\/p>\n<ul>\n<li> Gener\u00f6s spegelyta f\u00f6r samtidig betraktning av hela ansiktet<\/li>\n<li> Utrustad med 15 LED-lampor med en livsl\u00e4ngd p\u00e5 50 000 timmar f\u00f6r l\u00e5ngvarig anv\u00e4ndning<\/li>\n<li> Inbyggd mobilh\u00e5llare och USB-anslutning p\u00e5 bordspegeln f\u00f6r extra komfort<\/li>\n<li> Tre ljusf\u00e4rger och justerbar ljusstyrka, enkelt att styra med touch<\/li>\n<li> Kompakt 10x f\u00f6rstorningsspegel f\u00f6r detaljerade vyer, idealisk f\u00f6r resor<\/li>\n<li> 360-graders rotation av spegeln med ljus m\u00f6jligg\u00f6r optimal inriktning<\/li>\n<li> Robust metallram p\u00e5 spegeln med belysning garanterar h\u00f6g stabilitet<\/li>\n<li> Idealisk som present till kosmetik\u00e4lskare<\/li>\n<\/ul>\n<p> Tekniska data:<\/p>\n<ul>\n<li> F\u00e4rg: Vit<\/li>\n<li> Material: Glas, Metall<\/li>\n<li> Totala dimensioner: 62,5B x 14T x 52H cm<\/li>\n<li> Spegeldimensioner: 58B x 46H cm<\/li>\n<li> Glasstjocklek: 4 mm<\/li>\n<li> F\u00e4rgtemperatur: 3000K\/4000K\/6500K<\/li>\n<li> Ljusstyrka: 1192 lumen<\/li>\n<li> Lampornas livsl\u00e4ngd: 50 000 timmar<\/li>\n<li> Ing\u00e5ng: 220-240V, 50-60Hz<\/li>\n<li> Effekt: (Total) 24W, (LED) 14W, (USB) 9W<\/li>\n<li> Kabell\u00e4ngd: 1,5 m<\/li>\n<\/ul>\n<p>Leveransinneh\u00e5ll:<\/p>\n<ul>\n<li> 1 x LED-sminkspegel<\/li>\n<li> 1 x Bruksanvisning<\/li>\n<\/ul>\n","protected":false},"excerpt":{"rendered":"<p>Utrustad med 15 LED-lampor som lyser upp till 50 000 timmar och en mobilh\u00e5llare f\u00f6r att titta p\u00e5 sminktips, blir&#8230;<\/p>\n","protected":false},"featured_media":82750,"template":"","meta":[],"product_brand":[],"product_cat":[871,504,897],"product_tag":[],"class_list":{"0":"post-82759","1":"product","2":"type-product","3":"status-publish","4":"has-post-thumbnail","6":"product_cat-hus-hem","7":"product_cat-sminkbord-speglar","8":"product_cat-sovrum","10":"first","11":"instock","12":"sale","13":"taxable","14":"shipping-taxable","15":"purchasable","16":"product-type-simple"},"yoast_head":"<!-- This site is optimized with the Yoast SEO plugin v25.4 - https:\/\/yoast.com\/wordpress\/plugins\/seo\/ -->\n<title>TRUUSK LED-sminkspegel - 3 ljusl\u00e4gen - Dimbar - Touchkontroll - USB - 62,5 x 49,5 cm - Vit - TRUUSK - Hem, Tr\u00e4dg\u00e5rd &amp; Fritid<\/title>\n<meta name=\"robots\" content=\"index, follow, max-snippet:-1, max-image-preview:large, max-video-preview:-1\" \/>\n<link rel=\"canonical\" href=\"https:\/\/truusk.store\/sv\/produkt\/truusk-led-sminkspegel-3-ljuslagen-dimbar-touchkontroll-usb-625-x-495-cm-vit\/\" \/>\n<meta property=\"og:locale\" content=\"sv_SE\" \/>\n<meta property=\"og:type\" content=\"article\" \/>\n<meta property=\"og:title\" content=\"TRUUSK LED-sminkspegel - 3 ljusl\u00e4gen - Dimbar - Touchkontroll - USB - 62,5 x 49,5 cm - Vit - TRUUSK - Hem, Tr\u00e4dg\u00e5rd &amp; Fritid\" \/>\n<meta property=\"og:description\" content=\"Utrustad med 15 LED-lampor som lyser upp till 50 000 timmar och en mobilh\u00e5llare f\u00f6r att titta p\u00e5 sminktips, blir...\" \/>\n<meta property=\"og:url\" content=\"https:\/\/truusk.store\/sv\/produkt\/truusk-led-sminkspegel-3-ljuslagen-dimbar-touchkontroll-usb-625-x-495-cm-vit\/\" \/>\n<meta property=\"og:site_name\" content=\"TRUUSK - Hem, Tr\u00e4dg\u00e5rd &amp; Fritid\" \/>\n<meta property=\"article:modified_time\" content=\"2026-03-12T08:41:12+00:00\" \/>\n<meta property=\"og:image\" content=\"https:\/\/i0.wp.com\/truusk.se\/wp-content\/uploads\/2025\/07\/led-sminkspegel-3-ljuslagen-dimbar-touchkontroll-usb-625-x-495-cm-vit-1.webp?fit=2000%2C2000&ssl=1\" \/>\n\t<meta property=\"og:image:width\" content=\"2000\" \/>\n\t<meta property=\"og:image:height\" content=\"2000\" \/>\n\t<meta property=\"og:image:type\" content=\"image\/webp\" \/>\n<meta name=\"twitter:card\" content=\"summary_large_image\" \/>\n<meta name=\"twitter:label1\" content=\"Ber\u00e4knad l\u00e4stid\" \/>\n\t<meta name=\"twitter:data1\" content=\"1 minut\" \/>\n<!-- \/ Yoast SEO plugin. -->","yoast_head_json":{"title":"TRUUSK LED-sminkspegel - 3 ljusl\u00e4gen - Dimbar - Touchkontroll - USB - 62,5 x 49,5 cm - Vit - TRUUSK - Hem, Tr\u00e4dg\u00e5rd &amp; Fritid","robots":{"index":"index","follow":"follow","max-snippet":"max-snippet:-1","max-image-preview":"max-image-preview:large","max-video-preview":"max-video-preview:-1"},"canonical":"https:\/\/truusk.store\/sv\/produkt\/truusk-led-sminkspegel-3-ljuslagen-dimbar-touchkontroll-usb-625-x-495-cm-vit\/","og_locale":"sv_SE","og_type":"article","og_title":"TRUUSK LED-sminkspegel - 3 ljusl\u00e4gen - Dimbar - Touchkontroll - USB - 62,5 x 49,5 cm - Vit - TRUUSK - Hem, Tr\u00e4dg\u00e5rd &amp; Fritid","og_description":"Utrustad med 15 LED-lampor som lyser upp till 50 000 timmar och en mobilh\u00e5llare f\u00f6r att titta p\u00e5 sminktips, blir...","og_url":"https:\/\/truusk.store\/sv\/produkt\/truusk-led-sminkspegel-3-ljuslagen-dimbar-touchkontroll-usb-625-x-495-cm-vit\/","og_site_name":"TRUUSK - Hem, Tr\u00e4dg\u00e5rd &amp; Fritid","article_modified_time":"2026-03-12T08:41:12+00:00","og_image":[{"width":2000,"height":2000,"url":"https:\/\/i0.wp.com\/truusk.se\/wp-content\/uploads\/2025\/07\/led-sminkspegel-3-ljuslagen-dimbar-touchkontroll-usb-625-x-495-cm-vit-1.webp?fit=2000%2C2000&ssl=1","type":"image\/webp"}],"twitter_card":"summary_large_image","twitter_misc":{"Ber\u00e4knad l\u00e4stid":"1 minut"},"schema":{"@context":"https:\/\/schema.org","@graph":[{"@type":"WebPage","@id":"https:\/\/truusk.store\/sv\/produkt\/truusk-led-sminkspegel-3-ljuslagen-dimbar-touchkontroll-usb-625-x-495-cm-vit\/","url":"https:\/\/truusk.store\/sv\/produkt\/truusk-led-sminkspegel-3-ljuslagen-dimbar-touchkontroll-usb-625-x-495-cm-vit\/","name":"TRUUSK LED-sminkspegel - 3 ljusl\u00e4gen - Dimbar - Touchkontroll - USB - 62,5 x 49,5 cm - Vit - TRUUSK - Hem, Tr\u00e4dg\u00e5rd &amp; Fritid","isPartOf":{"@id":"https:\/\/truusk.store\/sv\/#website"},"primaryImageOfPage":{"@id":"https:\/\/truusk.store\/sv\/produkt\/truusk-led-sminkspegel-3-ljuslagen-dimbar-touchkontroll-usb-625-x-495-cm-vit\/#primaryimage"},"image":{"@id":"https:\/\/truusk.store\/sv\/produkt\/truusk-led-sminkspegel-3-ljuslagen-dimbar-touchkontroll-usb-625-x-495-cm-vit\/#primaryimage"},"thumbnailUrl":"https:\/\/i0.wp.com\/truusk.store\/wp-content\/uploads\/2025\/07\/led-sminkspegel-3-ljuslagen-dimbar-touchkontroll-usb-625-x-495-cm-vit-1.webp?fit=2000%2C2000&ssl=1","datePublished":"2025-07-09T11:42:02+00:00","dateModified":"2026-03-12T08:41:12+00:00","breadcrumb":{"@id":"https:\/\/truusk.store\/sv\/produkt\/truusk-led-sminkspegel-3-ljuslagen-dimbar-touchkontroll-usb-625-x-495-cm-vit\/#breadcrumb"},"inLanguage":"sv-SE","potentialAction":[{"@type":"ReadAction","target":["https:\/\/truusk.store\/sv\/produkt\/truusk-led-sminkspegel-3-ljuslagen-dimbar-touchkontroll-usb-625-x-495-cm-vit\/"]}]},{"@type":"ImageObject","inLanguage":"sv-SE","@id":"https:\/\/truusk.store\/sv\/produkt\/truusk-led-sminkspegel-3-ljuslagen-dimbar-touchkontroll-usb-625-x-495-cm-vit\/#primaryimage","url":"https:\/\/i0.wp.com\/truusk.store\/wp-content\/uploads\/2025\/07\/led-sminkspegel-3-ljuslagen-dimbar-touchkontroll-usb-625-x-495-cm-vit-1.webp?fit=2000%2C2000&ssl=1","contentUrl":"https:\/\/i0.wp.com\/truusk.store\/wp-content\/uploads\/2025\/07\/led-sminkspegel-3-ljuslagen-dimbar-touchkontroll-usb-625-x-495-cm-vit-1.webp?fit=2000%2C2000&ssl=1","width":2000,"height":2000},{"@type":"BreadcrumbList","@id":"https:\/\/truusk.store\/sv\/produkt\/truusk-led-sminkspegel-3-ljuslagen-dimbar-touchkontroll-usb-625-x-495-cm-vit\/#breadcrumb","itemListElement":[{"@type":"ListItem","position":1,"name":"Home","item":"https:\/\/truusk.store\/sv\/"},{"@type":"ListItem","position":2,"name":"Shop","item":"https:\/\/truusk.store\/shop\/"},{"@type":"ListItem","position":3,"name":"TRUUSK LED-sminkspegel &#8211; 3 ljusl\u00e4gen &#8211; Dimbar &#8211; Touchkontroll &#8211; USB &#8211; 62,5 x 49,5 cm &#8211; Vit"}]},{"@type":"WebSite","@id":"https:\/\/truusk.store\/sv\/#website","url":"https:\/\/truusk.store\/sv\/","name":"TRUUSK - Hem, Tr\u00e4dg\u00e5rd & Fritid","description":"","publisher":{"@id":"https:\/\/truusk.store\/sv\/#organization"},"potentialAction":[{"@type":"SearchAction","target":{"@type":"EntryPoint","urlTemplate":"https:\/\/truusk.store\/sv\/?s={search_term_string}"},"query-input":{"@type":"PropertyValueSpecification","valueRequired":true,"valueName":"search_term_string"}}],"inLanguage":"sv-SE"},{"@type":"Organization","@id":"https:\/\/truusk.store\/sv\/#organization","name":"TRUUSK - Hem, Tr\u00e4dg\u00e5rd & Fritid","url":"https:\/\/truusk.store\/sv\/","logo":{"@type":"ImageObject","inLanguage":"sv-SE","@id":"https:\/\/truusk.store\/sv\/#\/schema\/logo\/image\/","url":"https:\/\/i0.wp.com\/truusk.store\/wp-content\/uploads\/2026\/03\/cropped-TRUUSK.png?fit=2032%2C917&ssl=1","contentUrl":"https:\/\/i0.wp.com\/truusk.store\/wp-content\/uploads\/2026\/03\/cropped-TRUUSK.png?fit=2032%2C917&ssl=1","width":2032,"height":917,"caption":"TRUUSK - Hem, Tr\u00e4dg\u00e5rd & Fritid"},"image":{"@id":"https:\/\/truusk.store\/sv\/#\/schema\/logo\/image\/"}}]}},"jetpack_sharing_enabled":true,"_links":{"self":[{"href":"https:\/\/truusk.store\/sv\/wp-json\/wp\/v2\/product\/82759","targetHints":{"allow":["GET"]}}],"collection":[{"href":"https:\/\/truusk.store\/sv\/wp-json\/wp\/v2\/product"}],"about":[{"href":"https:\/\/truusk.store\/sv\/wp-json\/wp\/v2\/types\/product"}],"wp:featuredmedia":[{"embeddable":true,"href":"https:\/\/truusk.store\/sv\/wp-json\/wp\/v2\/media\/82750"}],"wp:attachment":[{"href":"https:\/\/truusk.store\/sv\/wp-json\/wp\/v2\/media?parent=82759"}],"wp:term":[{"taxonomy":"product_brand","embeddable":true,"href":"https:\/\/truusk.store\/sv\/wp-json\/wp\/v2\/product_brand?post=82759"},{"taxonomy":"product_cat","embeddable":true,"href":"https:\/\/truusk.store\/sv\/wp-json\/wp\/v2\/product_cat?post=82759"},{"taxonomy":"product_tag","embeddable":true,"href":"https:\/\/truusk.store\/sv\/wp-json\/wp\/v2\/product_tag?post=82759"}],"curies":[{"name":"wp","href":"https:\/\/api.w.org\/{rel}","templated":true}]}}