{"id":82769,"date":"2025-07-09T12:43:03","date_gmt":"2025-07-09T11:43:03","guid":{"rendered":"https:\/\/truusk.store\/product\/aiyaplay-barnrutschkana-7-i-1-lekstruktur-med-basketboll-ratt-for-1-3-ar-178x177x99cm-gul-vit-gron\/"},"modified":"2026-03-12T09:41:19","modified_gmt":"2026-03-12T08:41:19","slug":"truusk-barnrutschkana-7-i-1-lekstruktur-med-basketboll-ratt-for-1-3-ar-178x177x99cm-gul-vit-gron","status":"publish","type":"product","link":"https:\/\/truusk.store\/sv\/produkt\/truusk-barnrutschkana-7-i-1-lekstruktur-med-basketboll-ratt-for-1-3-ar-178x177x99cm-gul-vit-gron\/","title":{"rendered":"TRUUSK Barnrutschkana, 7-i-1 Lekstruktur &#8211; Med Basketboll &amp; Ratt &#8211; F\u00f6r 1-3 \u00e5r &#8211; 178x177x99cm &#8211; Gul\/Vit\/Gr\u00f6n"},"content":{"rendered":"<p>Uppt\u00e4ck gr\u00e4nsl\u00f6s kul med AIYAPLAY sm\u00e5barnsrutschbana! V\u00e5rt 7-i-1 lekset erbjuder inte bara en sp\u00e4nnande rutschbana med accelerationszon, bromszon och landningszon, utan ocks\u00e5 en brog\u00e5ng och praktiska f\u00f6rvaringskorgar. Speciellt utformad f\u00f6r sm\u00e5 \u00e4ventyrare i \u00e5ldern 1 till 3 \u00e5r, fr\u00e4mjar denna underbara inomhusrutschbana aktivt spel och stimulerar fantasin.<\/p>\n<p>Beskrivning:<\/p>\n<ul>\n<li> M\u00e5ngsidig 7-i-1 design av barnrutschbana erbjuder m\u00e5nga lekm\u00f6jligheter<\/li>\n<li> Barnrutschbanan har en accelerations- och retardationszon f\u00f6r s\u00e4ker glidning, samt en buffertzon f\u00f6r bekv\u00e4m uppg\u00e5ng<\/li>\n<li> Sluten steg \u00f6kar s\u00e4kerheten och f\u00f6rhindrar att f\u00f6tterna kl\u00e4ms fast<\/li>\n<li> Steg med halkfri yta ger extra grepp<\/li>\n<li> Tillverkad av barns\u00e4kra material<\/li>\n<li> Idealisk f\u00f6r sm\u00e5barn i \u00e5ldern 1 till 3 \u00e5r<\/li>\n<li> Montering kr\u00e4vs<\/li>\n<\/ul>\n<p>Tekniska data:<\/p>\n<ul>\n<li> F\u00e4rg: Gul+Vit+Gr\u00f6n<\/li>\n<li> Material: HDPE, Plast<\/li>\n<li> Totala dimensioner: 178L x 177B x 99H cm<\/li>\n<li> Rutschbana: 133L x 32B x 52H cm<\/li>\n<li> Steg: 26L x 10B x 12,5H cm<\/li>\n<li> F\u00f6rvaringskorg: 36L x 33B x 27H cm<\/li>\n<li> Brog\u00e5ng: 144L x 27B cm<\/li>\n<li> Tunnel: 41B x 40H cm<\/li>\n<li> Ratt: \u00d820 cm<\/li>\n<li> Rekommenderad \u00e5lder: 1-3 \u00e5r<\/li>\n<li> Maximal belastning: 30 kg<\/li>\n<\/ul>\n<p>Leveransinneh\u00e5ll:<\/p>\n<ul>\n<li> 1 x Barnrutschbana<\/li>\n<li> 1 x Basketboll<\/li>\n<li> 1 x Pump<\/li>\n<li> 1 x Handbok<\/li>\n<\/ul>\n","protected":false},"excerpt":{"rendered":"<p>Uppt\u00e4ck gr\u00e4nsl\u00f6s kul med AIYAPLAY sm\u00e5barnsrutschbana! V\u00e5rt 7-i-1 lekset erbjuder inte bara en sp\u00e4nnande rutschbana med accelerationszon, bromszon och landningszon,&#8230;<\/p>\n","protected":false},"featured_media":82760,"template":"","meta":[],"product_brand":[],"product_cat":[880,622,616],"product_tag":[],"class_list":{"0":"post-82769","1":"product","2":"type-product","3":"status-publish","4":"has-post-thumbnail","6":"product_cat-baby-barn-2","7":"product_cat-barnrutschbanor","8":"product_cat-utomhusleksaker","10":"first","11":"instock","12":"sale","13":"taxable","14":"shipping-taxable","15":"purchasable","16":"product-type-simple"},"yoast_head":"<!-- This site is optimized with the Yoast SEO plugin v25.4 - https:\/\/yoast.com\/wordpress\/plugins\/seo\/ -->\n<title>TRUUSK Barnrutschkana, 7-i-1 Lekstruktur - Med Basketboll &amp; Ratt - F\u00f6r 1-3 \u00e5r - 178x177x99cm - Gul\/Vit\/Gr\u00f6n - TRUUSK - Hem, Tr\u00e4dg\u00e5rd &amp; Fritid<\/title>\n<meta name=\"robots\" content=\"index, follow, max-snippet:-1, max-image-preview:large, max-video-preview:-1\" \/>\n<link rel=\"canonical\" href=\"https:\/\/truusk.store\/sv\/produkt\/truusk-barnrutschkana-7-i-1-lekstruktur-med-basketboll-ratt-for-1-3-ar-178x177x99cm-gul-vit-gron\/\" \/>\n<meta property=\"og:locale\" content=\"sv_SE\" \/>\n<meta property=\"og:type\" content=\"article\" \/>\n<meta property=\"og:title\" content=\"TRUUSK Barnrutschkana, 7-i-1 Lekstruktur - Med Basketboll &amp; Ratt - F\u00f6r 1-3 \u00e5r - 178x177x99cm - Gul\/Vit\/Gr\u00f6n - TRUUSK - Hem, Tr\u00e4dg\u00e5rd &amp; Fritid\" \/>\n<meta property=\"og:description\" content=\"Uppt\u00e4ck gr\u00e4nsl\u00f6s kul med AIYAPLAY sm\u00e5barnsrutschbana! V\u00e5rt 7-i-1 lekset erbjuder inte bara en sp\u00e4nnande rutschbana med accelerationszon, bromszon och landningszon,...\" \/>\n<meta property=\"og:url\" content=\"https:\/\/truusk.store\/sv\/produkt\/truusk-barnrutschkana-7-i-1-lekstruktur-med-basketboll-ratt-for-1-3-ar-178x177x99cm-gul-vit-gron\/\" \/>\n<meta property=\"og:site_name\" content=\"TRUUSK - Hem, Tr\u00e4dg\u00e5rd &amp; Fritid\" \/>\n<meta property=\"article:modified_time\" content=\"2026-03-12T08:41:19+00:00\" \/>\n<meta property=\"og:image\" content=\"https:\/\/i0.wp.com\/truusk.se\/wp-content\/uploads\/2025\/07\/aiyaplay-barnrutschkana-7-i-1-lekstruktur-med-basketboll-ratt-for-1-3-ar-178x177x99cm-gul-vit-gron-1.webp?fit=2000%2C2000&ssl=1\" \/>\n\t<meta property=\"og:image:width\" content=\"2000\" \/>\n\t<meta property=\"og:image:height\" content=\"2000\" \/>\n\t<meta property=\"og:image:type\" content=\"image\/webp\" \/>\n<meta name=\"twitter:card\" content=\"summary_large_image\" \/>\n<meta name=\"twitter:label1\" content=\"Ber\u00e4knad l\u00e4stid\" \/>\n\t<meta name=\"twitter:data1\" content=\"1 minut\" \/>\n<!-- \/ Yoast SEO plugin. -->","yoast_head_json":{"title":"TRUUSK Barnrutschkana, 7-i-1 Lekstruktur - Med Basketboll &amp; Ratt - F\u00f6r 1-3 \u00e5r - 178x177x99cm - Gul\/Vit\/Gr\u00f6n - TRUUSK - Hem, Tr\u00e4dg\u00e5rd &amp; Fritid","robots":{"index":"index","follow":"follow","max-snippet":"max-snippet:-1","max-image-preview":"max-image-preview:large","max-video-preview":"max-video-preview:-1"},"canonical":"https:\/\/truusk.store\/sv\/produkt\/truusk-barnrutschkana-7-i-1-lekstruktur-med-basketboll-ratt-for-1-3-ar-178x177x99cm-gul-vit-gron\/","og_locale":"sv_SE","og_type":"article","og_title":"TRUUSK Barnrutschkana, 7-i-1 Lekstruktur - Med Basketboll &amp; Ratt - F\u00f6r 1-3 \u00e5r - 178x177x99cm - Gul\/Vit\/Gr\u00f6n - TRUUSK - Hem, Tr\u00e4dg\u00e5rd &amp; Fritid","og_description":"Uppt\u00e4ck gr\u00e4nsl\u00f6s kul med AIYAPLAY sm\u00e5barnsrutschbana! V\u00e5rt 7-i-1 lekset erbjuder inte bara en sp\u00e4nnande rutschbana med accelerationszon, bromszon och landningszon,...","og_url":"https:\/\/truusk.store\/sv\/produkt\/truusk-barnrutschkana-7-i-1-lekstruktur-med-basketboll-ratt-for-1-3-ar-178x177x99cm-gul-vit-gron\/","og_site_name":"TRUUSK - Hem, Tr\u00e4dg\u00e5rd &amp; Fritid","article_modified_time":"2026-03-12T08:41:19+00:00","og_image":[{"width":2000,"height":2000,"url":"https:\/\/i0.wp.com\/truusk.se\/wp-content\/uploads\/2025\/07\/aiyaplay-barnrutschkana-7-i-1-lekstruktur-med-basketboll-ratt-for-1-3-ar-178x177x99cm-gul-vit-gron-1.webp?fit=2000%2C2000&ssl=1","type":"image\/webp"}],"twitter_card":"summary_large_image","twitter_misc":{"Ber\u00e4knad l\u00e4stid":"1 minut"},"schema":{"@context":"https:\/\/schema.org","@graph":[{"@type":"WebPage","@id":"https:\/\/truusk.store\/sv\/produkt\/truusk-barnrutschkana-7-i-1-lekstruktur-med-basketboll-ratt-for-1-3-ar-178x177x99cm-gul-vit-gron\/","url":"https:\/\/truusk.store\/sv\/produkt\/truusk-barnrutschkana-7-i-1-lekstruktur-med-basketboll-ratt-for-1-3-ar-178x177x99cm-gul-vit-gron\/","name":"TRUUSK Barnrutschkana, 7-i-1 Lekstruktur - Med Basketboll &amp; Ratt - F\u00f6r 1-3 \u00e5r - 178x177x99cm - Gul\/Vit\/Gr\u00f6n - TRUUSK - Hem, Tr\u00e4dg\u00e5rd &amp; Fritid","isPartOf":{"@id":"https:\/\/truusk.store\/sv\/#website"},"primaryImageOfPage":{"@id":"https:\/\/truusk.store\/sv\/produkt\/truusk-barnrutschkana-7-i-1-lekstruktur-med-basketboll-ratt-for-1-3-ar-178x177x99cm-gul-vit-gron\/#primaryimage"},"image":{"@id":"https:\/\/truusk.store\/sv\/produkt\/truusk-barnrutschkana-7-i-1-lekstruktur-med-basketboll-ratt-for-1-3-ar-178x177x99cm-gul-vit-gron\/#primaryimage"},"thumbnailUrl":"https:\/\/i0.wp.com\/truusk.store\/wp-content\/uploads\/2025\/07\/aiyaplay-barnrutschkana-7-i-1-lekstruktur-med-basketboll-ratt-for-1-3-ar-178x177x99cm-gul-vit-gron-1.webp?fit=2000%2C2000&ssl=1","datePublished":"2025-07-09T11:43:03+00:00","dateModified":"2026-03-12T08:41:19+00:00","breadcrumb":{"@id":"https:\/\/truusk.store\/sv\/produkt\/truusk-barnrutschkana-7-i-1-lekstruktur-med-basketboll-ratt-for-1-3-ar-178x177x99cm-gul-vit-gron\/#breadcrumb"},"inLanguage":"sv-SE","potentialAction":[{"@type":"ReadAction","target":["https:\/\/truusk.store\/sv\/produkt\/truusk-barnrutschkana-7-i-1-lekstruktur-med-basketboll-ratt-for-1-3-ar-178x177x99cm-gul-vit-gron\/"]}]},{"@type":"ImageObject","inLanguage":"sv-SE","@id":"https:\/\/truusk.store\/sv\/produkt\/truusk-barnrutschkana-7-i-1-lekstruktur-med-basketboll-ratt-for-1-3-ar-178x177x99cm-gul-vit-gron\/#primaryimage","url":"https:\/\/i0.wp.com\/truusk.store\/wp-content\/uploads\/2025\/07\/aiyaplay-barnrutschkana-7-i-1-lekstruktur-med-basketboll-ratt-for-1-3-ar-178x177x99cm-gul-vit-gron-1.webp?fit=2000%2C2000&ssl=1","contentUrl":"https:\/\/i0.wp.com\/truusk.store\/wp-content\/uploads\/2025\/07\/aiyaplay-barnrutschkana-7-i-1-lekstruktur-med-basketboll-ratt-for-1-3-ar-178x177x99cm-gul-vit-gron-1.webp?fit=2000%2C2000&ssl=1","width":2000,"height":2000},{"@type":"BreadcrumbList","@id":"https:\/\/truusk.store\/sv\/produkt\/truusk-barnrutschkana-7-i-1-lekstruktur-med-basketboll-ratt-for-1-3-ar-178x177x99cm-gul-vit-gron\/#breadcrumb","itemListElement":[{"@type":"ListItem","position":1,"name":"Home","item":"https:\/\/truusk.store\/sv\/"},{"@type":"ListItem","position":2,"name":"Shop","item":"https:\/\/truusk.store\/shop\/"},{"@type":"ListItem","position":3,"name":"TRUUSK Barnrutschkana, 7-i-1 Lekstruktur &#8211; Med Basketboll &amp; Ratt &#8211; F\u00f6r 1-3 \u00e5r &#8211; 178x177x99cm &#8211; Gul\/Vit\/Gr\u00f6n"}]},{"@type":"WebSite","@id":"https:\/\/truusk.store\/sv\/#website","url":"https:\/\/truusk.store\/sv\/","name":"TRUUSK - Hem, Tr\u00e4dg\u00e5rd & Fritid","description":"","publisher":{"@id":"https:\/\/truusk.store\/sv\/#organization"},"potentialAction":[{"@type":"SearchAction","target":{"@type":"EntryPoint","urlTemplate":"https:\/\/truusk.store\/sv\/?s={search_term_string}"},"query-input":{"@type":"PropertyValueSpecification","valueRequired":true,"valueName":"search_term_string"}}],"inLanguage":"sv-SE"},{"@type":"Organization","@id":"https:\/\/truusk.store\/sv\/#organization","name":"TRUUSK - Hem, Tr\u00e4dg\u00e5rd & Fritid","url":"https:\/\/truusk.store\/sv\/","logo":{"@type":"ImageObject","inLanguage":"sv-SE","@id":"https:\/\/truusk.store\/sv\/#\/schema\/logo\/image\/","url":"https:\/\/i0.wp.com\/truusk.store\/wp-content\/uploads\/2026\/03\/cropped-TRUUSK.png?fit=2032%2C917&ssl=1","contentUrl":"https:\/\/i0.wp.com\/truusk.store\/wp-content\/uploads\/2026\/03\/cropped-TRUUSK.png?fit=2032%2C917&ssl=1","width":2032,"height":917,"caption":"TRUUSK - Hem, Tr\u00e4dg\u00e5rd & Fritid"},"image":{"@id":"https:\/\/truusk.store\/sv\/#\/schema\/logo\/image\/"}}]}},"jetpack_sharing_enabled":true,"_links":{"self":[{"href":"https:\/\/truusk.store\/sv\/wp-json\/wp\/v2\/product\/82769","targetHints":{"allow":["GET"]}}],"collection":[{"href":"https:\/\/truusk.store\/sv\/wp-json\/wp\/v2\/product"}],"about":[{"href":"https:\/\/truusk.store\/sv\/wp-json\/wp\/v2\/types\/product"}],"wp:featuredmedia":[{"embeddable":true,"href":"https:\/\/truusk.store\/sv\/wp-json\/wp\/v2\/media\/82760"}],"wp:attachment":[{"href":"https:\/\/truusk.store\/sv\/wp-json\/wp\/v2\/media?parent=82769"}],"wp:term":[{"taxonomy":"product_brand","embeddable":true,"href":"https:\/\/truusk.store\/sv\/wp-json\/wp\/v2\/product_brand?post=82769"},{"taxonomy":"product_cat","embeddable":true,"href":"https:\/\/truusk.store\/sv\/wp-json\/wp\/v2\/product_cat?post=82769"},{"taxonomy":"product_tag","embeddable":true,"href":"https:\/\/truusk.store\/sv\/wp-json\/wp\/v2\/product_tag?post=82769"}],"curies":[{"name":"wp","href":"https:\/\/api.w.org\/{rel}","templated":true}]}}