{"id":82789,"date":"2025-07-09T12:45:09","date_gmt":"2025-07-09T11:45:09","guid":{"rendered":"https:\/\/truusk.store\/product\/led-ganglampa-med-justerbar-ljusstyrka-modern-golvlampa-med-fotomkopplare-for-sovrum-vardagsrum-silver\/"},"modified":"2026-03-12T09:42:20","modified_gmt":"2026-03-12T08:42:20","slug":"truusk-led-golvlampa-med-justerbar-ljusstyrka-modern-design-med-fotomkopplare-perfekt-for-sovrum-och-vardagsrum-silver","status":"publish","type":"product","link":"https:\/\/truusk.store\/sv\/produkt\/truusk-led-golvlampa-med-justerbar-ljusstyrka-modern-design-med-fotomkopplare-perfekt-for-sovrum-och-vardagsrum-silver\/","title":{"rendered":"TRUUSK LED-golvlampa med justerbar ljusstyrka &#8211; Modern design med fotomkopplare &#8211; Perfekt f\u00f6r sovrum och vardagsrum &#8211; Silver"},"content":{"rendered":"<p>Upplys dina rum stilfullt med TRUUSK golvlampa f\u00f6r vardagsrum. Den h\u00f6ga, unikt b\u00f6jda LED-remsan p\u00e5 b\u00e5glampan ger effektivt, naturligt ljus och en modern atmosf\u00e4r i vardags- eller sovrum. Ljusstyrkan p\u00e5 den dimbara golvlampan kan enkelt regleras med en fotbrytare och det robusta metallstativet lovar h\u00f6g stabilitet. Ett elegant tillskott till ditt hem.<\/p>\n<p> Beskrivning:<\/p>\n<ul>\n<li> Den h\u00f6ga designen p\u00e5 golvlampan f\u00f6rb\u00e4ttrar rummets atmosf\u00e4r med en modern touch<\/li>\n<li> Den smala, b\u00f6jda LED-remsan p\u00e5 golvlampan ger naturligt, effektivt ljus<\/li>\n<li> Fotbrytaren g\u00f6r det enkelt att sl\u00e5 p\u00e5\/av och kontrollera ljusstyrkan<\/li>\n<li> Stabil metallram p\u00e5 golvlampan minimerar risken f\u00f6r att den v\u00e4lter<\/li>\n<li> L\u00e4mplig f\u00f6r olika aktiviteter och alla vardagsrum<\/li>\n<li> Enkel montering<\/li>\n<\/ul>\n<p> Tekniska data:<\/p>\n<ul>\n<li> F\u00e4rg: Silver<\/li>\n<li> Material: Aluminium, Akryl<\/li>\n<li> Totala dimensioner: 46L x 25B x 147H cm<\/li>\n<li> LED-remsans storlek: 2L x 1,5B x 80H cm<\/li>\n<li> Basstorlek: \u00d825 x 3,0H cm<\/li>\n<li> Kabell\u00e4ngd: 1,8 m<\/li>\n<li> F\u00e4rgtemperatur: 4500K<\/li>\n<li> Lumen: 700 lm<\/li>\n<li> Livsl\u00e4ngd: 30.000 timmar<\/li>\n<li> Sp\u00e4nning: 220-240V, 50\/60Hz<\/li>\n<li> Effekt: max. 24W<\/li>\n<li> Energieffektivitet: F<\/li>\n<\/ul>\n<p>Leveransinneh\u00e5ll:<\/p>\n<ul>\n<li> 1 x Golvlampa<\/li>\n<li> 1 x Bruksanvisning<\/li>\n<\/ul>\n","protected":false},"excerpt":{"rendered":"<p>Upplys dina rum stilfullt med TRUUSK golvlampa f\u00f6r vardagsrum. Den h\u00f6ga, unikt b\u00f6jda LED-remsan p\u00e5 b\u00e5glampan ger effektivt, naturligt ljus&#8230;<\/p>\n","protected":false},"featured_media":82780,"template":"","meta":[],"product_brand":[],"product_cat":[486,907,871],"product_tag":[],"class_list":{"0":"post-82789","1":"product","2":"type-product","3":"status-publish","4":"has-post-thumbnail","6":"product_cat-belysning","7":"product_cat-golvlampor","8":"product_cat-hus-hem","10":"first","11":"instock","12":"sale","13":"taxable","14":"shipping-taxable","15":"purchasable","16":"product-type-simple"},"yoast_head":"<!-- This site is optimized with the Yoast SEO plugin v25.4 - https:\/\/yoast.com\/wordpress\/plugins\/seo\/ -->\n<title>TRUUSK LED-golvlampa med justerbar ljusstyrka - Modern design med fotomkopplare - Perfekt f\u00f6r sovrum och vardagsrum - Silver - TRUUSK - Hem, Tr\u00e4dg\u00e5rd &amp; Fritid<\/title>\n<meta name=\"robots\" content=\"index, follow, max-snippet:-1, max-image-preview:large, max-video-preview:-1\" \/>\n<link rel=\"canonical\" href=\"https:\/\/truusk.store\/sv\/produkt\/truusk-led-golvlampa-med-justerbar-ljusstyrka-modern-design-med-fotomkopplare-perfekt-for-sovrum-och-vardagsrum-silver\/\" \/>\n<meta property=\"og:locale\" content=\"sv_SE\" \/>\n<meta property=\"og:type\" content=\"article\" \/>\n<meta property=\"og:title\" content=\"TRUUSK LED-golvlampa med justerbar ljusstyrka - Modern design med fotomkopplare - Perfekt f\u00f6r sovrum och vardagsrum - Silver - TRUUSK - Hem, Tr\u00e4dg\u00e5rd &amp; Fritid\" \/>\n<meta property=\"og:description\" content=\"Upplys dina rum stilfullt med TRUUSK golvlampa f\u00f6r vardagsrum. Den h\u00f6ga, unikt b\u00f6jda LED-remsan p\u00e5 b\u00e5glampan ger effektivt, naturligt ljus...\" \/>\n<meta property=\"og:url\" content=\"https:\/\/truusk.store\/sv\/produkt\/truusk-led-golvlampa-med-justerbar-ljusstyrka-modern-design-med-fotomkopplare-perfekt-for-sovrum-och-vardagsrum-silver\/\" \/>\n<meta property=\"og:site_name\" content=\"TRUUSK - Hem, Tr\u00e4dg\u00e5rd &amp; Fritid\" \/>\n<meta property=\"article:modified_time\" content=\"2026-03-12T08:42:20+00:00\" \/>\n<meta property=\"og:image\" content=\"https:\/\/i0.wp.com\/truusk.se\/wp-content\/uploads\/2025\/07\/led-ganglampa-med-justerbar-ljusstyrka-modern-golvlampa-med-fotomkopplare-for-sovrum-vardagsrum-silver-1.webp?fit=2000%2C2000&ssl=1\" \/>\n\t<meta property=\"og:image:width\" content=\"2000\" \/>\n\t<meta property=\"og:image:height\" content=\"2000\" \/>\n\t<meta property=\"og:image:type\" content=\"image\/webp\" \/>\n<meta name=\"twitter:card\" content=\"summary_large_image\" \/>\n<meta name=\"twitter:label1\" content=\"Ber\u00e4knad l\u00e4stid\" \/>\n\t<meta name=\"twitter:data1\" content=\"1 minut\" \/>\n<!-- \/ Yoast SEO plugin. -->","yoast_head_json":{"title":"TRUUSK LED-golvlampa med justerbar ljusstyrka - Modern design med fotomkopplare - Perfekt f\u00f6r sovrum och vardagsrum - Silver - TRUUSK - Hem, Tr\u00e4dg\u00e5rd &amp; Fritid","robots":{"index":"index","follow":"follow","max-snippet":"max-snippet:-1","max-image-preview":"max-image-preview:large","max-video-preview":"max-video-preview:-1"},"canonical":"https:\/\/truusk.store\/sv\/produkt\/truusk-led-golvlampa-med-justerbar-ljusstyrka-modern-design-med-fotomkopplare-perfekt-for-sovrum-och-vardagsrum-silver\/","og_locale":"sv_SE","og_type":"article","og_title":"TRUUSK LED-golvlampa med justerbar ljusstyrka - Modern design med fotomkopplare - Perfekt f\u00f6r sovrum och vardagsrum - Silver - TRUUSK - Hem, Tr\u00e4dg\u00e5rd &amp; Fritid","og_description":"Upplys dina rum stilfullt med TRUUSK golvlampa f\u00f6r vardagsrum. Den h\u00f6ga, unikt b\u00f6jda LED-remsan p\u00e5 b\u00e5glampan ger effektivt, naturligt ljus...","og_url":"https:\/\/truusk.store\/sv\/produkt\/truusk-led-golvlampa-med-justerbar-ljusstyrka-modern-design-med-fotomkopplare-perfekt-for-sovrum-och-vardagsrum-silver\/","og_site_name":"TRUUSK - Hem, Tr\u00e4dg\u00e5rd &amp; Fritid","article_modified_time":"2026-03-12T08:42:20+00:00","og_image":[{"width":2000,"height":2000,"url":"https:\/\/i0.wp.com\/truusk.se\/wp-content\/uploads\/2025\/07\/led-ganglampa-med-justerbar-ljusstyrka-modern-golvlampa-med-fotomkopplare-for-sovrum-vardagsrum-silver-1.webp?fit=2000%2C2000&ssl=1","type":"image\/webp"}],"twitter_card":"summary_large_image","twitter_misc":{"Ber\u00e4knad l\u00e4stid":"1 minut"},"schema":{"@context":"https:\/\/schema.org","@graph":[{"@type":"WebPage","@id":"https:\/\/truusk.store\/sv\/produkt\/truusk-led-golvlampa-med-justerbar-ljusstyrka-modern-design-med-fotomkopplare-perfekt-for-sovrum-och-vardagsrum-silver\/","url":"https:\/\/truusk.store\/sv\/produkt\/truusk-led-golvlampa-med-justerbar-ljusstyrka-modern-design-med-fotomkopplare-perfekt-for-sovrum-och-vardagsrum-silver\/","name":"TRUUSK LED-golvlampa med justerbar ljusstyrka - Modern design med fotomkopplare - Perfekt f\u00f6r sovrum och vardagsrum - Silver - TRUUSK - Hem, Tr\u00e4dg\u00e5rd &amp; Fritid","isPartOf":{"@id":"https:\/\/truusk.store\/sv\/#website"},"primaryImageOfPage":{"@id":"https:\/\/truusk.store\/sv\/produkt\/truusk-led-golvlampa-med-justerbar-ljusstyrka-modern-design-med-fotomkopplare-perfekt-for-sovrum-och-vardagsrum-silver\/#primaryimage"},"image":{"@id":"https:\/\/truusk.store\/sv\/produkt\/truusk-led-golvlampa-med-justerbar-ljusstyrka-modern-design-med-fotomkopplare-perfekt-for-sovrum-och-vardagsrum-silver\/#primaryimage"},"thumbnailUrl":"https:\/\/i0.wp.com\/truusk.store\/wp-content\/uploads\/2025\/07\/led-ganglampa-med-justerbar-ljusstyrka-modern-golvlampa-med-fotomkopplare-for-sovrum-vardagsrum-silver-1.webp?fit=2000%2C2000&ssl=1","datePublished":"2025-07-09T11:45:09+00:00","dateModified":"2026-03-12T08:42:20+00:00","breadcrumb":{"@id":"https:\/\/truusk.store\/sv\/produkt\/truusk-led-golvlampa-med-justerbar-ljusstyrka-modern-design-med-fotomkopplare-perfekt-for-sovrum-och-vardagsrum-silver\/#breadcrumb"},"inLanguage":"sv-SE","potentialAction":[{"@type":"ReadAction","target":["https:\/\/truusk.store\/sv\/produkt\/truusk-led-golvlampa-med-justerbar-ljusstyrka-modern-design-med-fotomkopplare-perfekt-for-sovrum-och-vardagsrum-silver\/"]}]},{"@type":"ImageObject","inLanguage":"sv-SE","@id":"https:\/\/truusk.store\/sv\/produkt\/truusk-led-golvlampa-med-justerbar-ljusstyrka-modern-design-med-fotomkopplare-perfekt-for-sovrum-och-vardagsrum-silver\/#primaryimage","url":"https:\/\/i0.wp.com\/truusk.store\/wp-content\/uploads\/2025\/07\/led-ganglampa-med-justerbar-ljusstyrka-modern-golvlampa-med-fotomkopplare-for-sovrum-vardagsrum-silver-1.webp?fit=2000%2C2000&ssl=1","contentUrl":"https:\/\/i0.wp.com\/truusk.store\/wp-content\/uploads\/2025\/07\/led-ganglampa-med-justerbar-ljusstyrka-modern-golvlampa-med-fotomkopplare-for-sovrum-vardagsrum-silver-1.webp?fit=2000%2C2000&ssl=1","width":2000,"height":2000},{"@type":"BreadcrumbList","@id":"https:\/\/truusk.store\/sv\/produkt\/truusk-led-golvlampa-med-justerbar-ljusstyrka-modern-design-med-fotomkopplare-perfekt-for-sovrum-och-vardagsrum-silver\/#breadcrumb","itemListElement":[{"@type":"ListItem","position":1,"name":"Home","item":"https:\/\/truusk.store\/sv\/"},{"@type":"ListItem","position":2,"name":"Shop","item":"https:\/\/truusk.store\/shop\/"},{"@type":"ListItem","position":3,"name":"TRUUSK LED-golvlampa med justerbar ljusstyrka &#8211; Modern design med fotomkopplare &#8211; Perfekt f\u00f6r sovrum och vardagsrum &#8211; Silver"}]},{"@type":"WebSite","@id":"https:\/\/truusk.store\/sv\/#website","url":"https:\/\/truusk.store\/sv\/","name":"TRUUSK - Hem, Tr\u00e4dg\u00e5rd & Fritid","description":"","publisher":{"@id":"https:\/\/truusk.store\/sv\/#organization"},"potentialAction":[{"@type":"SearchAction","target":{"@type":"EntryPoint","urlTemplate":"https:\/\/truusk.store\/sv\/?s={search_term_string}"},"query-input":{"@type":"PropertyValueSpecification","valueRequired":true,"valueName":"search_term_string"}}],"inLanguage":"sv-SE"},{"@type":"Organization","@id":"https:\/\/truusk.store\/sv\/#organization","name":"TRUUSK - Hem, Tr\u00e4dg\u00e5rd & Fritid","url":"https:\/\/truusk.store\/sv\/","logo":{"@type":"ImageObject","inLanguage":"sv-SE","@id":"https:\/\/truusk.store\/sv\/#\/schema\/logo\/image\/","url":"https:\/\/i0.wp.com\/truusk.store\/wp-content\/uploads\/2026\/03\/cropped-TRUUSK.png?fit=2032%2C917&ssl=1","contentUrl":"https:\/\/i0.wp.com\/truusk.store\/wp-content\/uploads\/2026\/03\/cropped-TRUUSK.png?fit=2032%2C917&ssl=1","width":2032,"height":917,"caption":"TRUUSK - Hem, Tr\u00e4dg\u00e5rd & Fritid"},"image":{"@id":"https:\/\/truusk.store\/sv\/#\/schema\/logo\/image\/"}}]}},"jetpack_sharing_enabled":true,"_links":{"self":[{"href":"https:\/\/truusk.store\/sv\/wp-json\/wp\/v2\/product\/82789","targetHints":{"allow":["GET"]}}],"collection":[{"href":"https:\/\/truusk.store\/sv\/wp-json\/wp\/v2\/product"}],"about":[{"href":"https:\/\/truusk.store\/sv\/wp-json\/wp\/v2\/types\/product"}],"wp:featuredmedia":[{"embeddable":true,"href":"https:\/\/truusk.store\/sv\/wp-json\/wp\/v2\/media\/82780"}],"wp:attachment":[{"href":"https:\/\/truusk.store\/sv\/wp-json\/wp\/v2\/media?parent=82789"}],"wp:term":[{"taxonomy":"product_brand","embeddable":true,"href":"https:\/\/truusk.store\/sv\/wp-json\/wp\/v2\/product_brand?post=82789"},{"taxonomy":"product_cat","embeddable":true,"href":"https:\/\/truusk.store\/sv\/wp-json\/wp\/v2\/product_cat?post=82789"},{"taxonomy":"product_tag","embeddable":true,"href":"https:\/\/truusk.store\/sv\/wp-json\/wp\/v2\/product_tag?post=82789"}],"curies":[{"name":"wp","href":"https:\/\/api.w.org\/{rel}","templated":true}]}}