{"id":82809,"date":"2025-07-09T12:47:45","date_gmt":"2025-07-09T11:47:45","guid":{"rendered":"https:\/\/truusk.store\/product\/massagekontorsstol-7-vibrationspunkter-justerbar-fotstod-ryggstod-upp-till-120-kg-laderlook-bla\/"},"modified":"2026-03-12T09:44:41","modified_gmt":"2026-03-12T08:44:41","slug":"truusk-massagekontorsstol-7-vibrationspunkter-justerbar-fotstod-ryggstod-upp-till-120-kg-laderlook-bla","status":"publish","type":"product","link":"https:\/\/truusk.store\/sv\/produkt\/truusk-massagekontorsstol-7-vibrationspunkter-justerbar-fotstod-ryggstod-upp-till-120-kg-laderlook-bla\/","title":{"rendered":"TRUUSK Massagekontorsstol &#8211; 7 Vibrationspunkter &#8211; Justerbar Fotst\u00f6d &amp; Ryggst\u00f6d &#8211; Upp Till 120 Kg &#8211; L\u00e4derlook &#8211; Bl\u00e5"},"content":{"rendered":"<p>Med denna kontorsstol med massagefunktion fr\u00e5n TRUUSK kan du arbeta under b\u00e4sta m\u00f6jliga f\u00f6rh\u00e5llanden. Med en 7-punkts massagefunktion, 5 l\u00e4gen, en justerbar ryggst\u00f6d, en inf\u00e4llbar fotst\u00f6d, ett l\u00e4ndkudde, en 360\u00b0 roterande och h\u00f6jdjusterbar sits av chefsstolen kommer du att kunna arbeta med en o\u00f6vertr\u00e4ffad komfort! Denna kontorsstol med vilofunktion fr\u00e5n TRUUSK ser inte bara s\u00e4rskilt lyxig ut, utan \u00f6vertygar ocks\u00e5 med sin integrerade massagefunktion.<\/p>\n<p>Beskrivning:<\/p>\n<ul>\n<li> Totalt 7 vibrationsmassagepunkter p\u00e5 rygg och sits av kontorsstolen<\/li>\n<li> Inklusive fj\u00e4rrkontroll (med f\u00f6rvaringsv\u00e4ska)<\/li>\n<li> Ryggst\u00f6dets lutning p\u00e5 kontorsstolen kan justeras fr\u00e5n 90\u00b0 till 155\u00b0, s\u00e5 att du kan l\u00e4gga dig ner vid behov<\/li>\n<li> 360\u00b0-roterande stol med 5 roterande hjul, mer r\u00f6rlighet p\u00e5 kontoret<\/li>\n<li> Inf\u00e4llbar fotst\u00f6d och integrerat l\u00e4ndkudde<\/li>\n<li> L\u00e4tt att sk\u00f6ta syntetisk stoppning<\/li>\n<li> Snabb och enkel montering av chefsstolen med illustrerad monteringsanvisning ing\u00e5r<\/li>\n<\/ul>\n<p>Tekniska data:<\/p>\n<ul>\n<li> F\u00e4rg: Bl\u00e5<\/li>\n<li> Material: Konstl\u00e4der, skum, st\u00e5l, plast<\/li>\n<li> Totala m\u00e5tt: 67L x 67B x 111-121H cm<\/li>\n<li> M\u00e5tt inkl. fotst\u00f6d: 67B x 106T x 99H cm<\/li>\n<li> Sits: 54B x 53T x 46-56H cm (Tjocklek: 11 cm)<\/li>\n<li> Ryggst\u00f6d: 75,5L x 51,5B cm (Tjocklek: 11 cm)<\/li>\n<li> Fotst\u00f6d: 36L x 21B cm<\/li>\n<li> Utsp\u00e4nning: AC 12 V \/ 0,6 A<\/li>\n<li> Insp\u00e4nning: 100-240V \/ 50\/60 Hz<\/li>\n<li> Effekt: 7,2 W<\/li>\n<li> L\u00e4ngd p\u00e5 n\u00e4tkabel: 1,2 m<\/li>\n<li> Max. Rekommenderad belastning: 120 kg<\/li>\n<li> Levereras i ett paket<\/li>\n<\/ul>\n<p>Leveransinneh\u00e5ll:<\/p>\n<ul>\n<li> 1 x Massage-kontorsstol<\/li>\n<li> 1 x Instruktioner<\/li>\n<\/ul>\n","protected":false},"excerpt":{"rendered":"<p>Med denna kontorsstol med massagefunktion fr\u00e5n TRUUSK kan du arbeta under b\u00e4sta m\u00f6jliga f\u00f6rh\u00e5llanden. Med en 7-punkts massagefunktion, 5 l\u00e4gen,&#8230;<\/p>\n","protected":false},"featured_media":82800,"template":"","meta":[],"product_brand":[],"product_cat":[872,871,516],"product_tag":[],"class_list":{"0":"post-82809","1":"product","2":"type-product","3":"status-publish","4":"has-post-thumbnail","6":"product_cat-hemmakontor-arbetsplats","7":"product_cat-hus-hem","8":"product_cat-kontorsstolar","10":"first","11":"instock","12":"sale","13":"taxable","14":"shipping-taxable","15":"purchasable","16":"product-type-simple"},"yoast_head":"<!-- This site is optimized with the Yoast SEO plugin v25.4 - https:\/\/yoast.com\/wordpress\/plugins\/seo\/ -->\n<title>TRUUSK Massagekontorsstol - 7 Vibrationspunkter - Justerbar Fotst\u00f6d &amp; Ryggst\u00f6d - Upp Till 120 Kg - L\u00e4derlook - Bl\u00e5 - TRUUSK - Hem, Tr\u00e4dg\u00e5rd &amp; Fritid<\/title>\n<meta name=\"robots\" content=\"index, follow, max-snippet:-1, max-image-preview:large, max-video-preview:-1\" \/>\n<link rel=\"canonical\" href=\"https:\/\/truusk.store\/sv\/produkt\/truusk-massagekontorsstol-7-vibrationspunkter-justerbar-fotstod-ryggstod-upp-till-120-kg-laderlook-bla\/\" \/>\n<meta property=\"og:locale\" content=\"sv_SE\" \/>\n<meta property=\"og:type\" content=\"article\" \/>\n<meta property=\"og:title\" content=\"TRUUSK Massagekontorsstol - 7 Vibrationspunkter - Justerbar Fotst\u00f6d &amp; Ryggst\u00f6d - Upp Till 120 Kg - L\u00e4derlook - Bl\u00e5 - TRUUSK - Hem, Tr\u00e4dg\u00e5rd &amp; Fritid\" \/>\n<meta property=\"og:description\" content=\"Med denna kontorsstol med massagefunktion fr\u00e5n TRUUSK kan du arbeta under b\u00e4sta m\u00f6jliga f\u00f6rh\u00e5llanden. Med en 7-punkts massagefunktion, 5 l\u00e4gen,...\" \/>\n<meta property=\"og:url\" content=\"https:\/\/truusk.store\/sv\/produkt\/truusk-massagekontorsstol-7-vibrationspunkter-justerbar-fotstod-ryggstod-upp-till-120-kg-laderlook-bla\/\" \/>\n<meta property=\"og:site_name\" content=\"TRUUSK - Hem, Tr\u00e4dg\u00e5rd &amp; Fritid\" \/>\n<meta property=\"article:modified_time\" content=\"2026-03-12T08:44:41+00:00\" \/>\n<meta property=\"og:image\" content=\"https:\/\/i0.wp.com\/truusk.se\/wp-content\/uploads\/2025\/07\/massagekontorsstol-7-vibrationspunkter-justerbar-fotstod-ryggstod-upp-till-120-kg-laderlook-bla-1.webp?fit=2000%2C2000&ssl=1\" \/>\n\t<meta property=\"og:image:width\" content=\"2000\" \/>\n\t<meta property=\"og:image:height\" content=\"2000\" \/>\n\t<meta property=\"og:image:type\" content=\"image\/webp\" \/>\n<meta name=\"twitter:card\" content=\"summary_large_image\" \/>\n<meta name=\"twitter:label1\" content=\"Ber\u00e4knad l\u00e4stid\" \/>\n\t<meta name=\"twitter:data1\" content=\"1 minut\" \/>\n<!-- \/ Yoast SEO plugin. -->","yoast_head_json":{"title":"TRUUSK Massagekontorsstol - 7 Vibrationspunkter - Justerbar Fotst\u00f6d &amp; Ryggst\u00f6d - Upp Till 120 Kg - L\u00e4derlook - Bl\u00e5 - TRUUSK - Hem, Tr\u00e4dg\u00e5rd &amp; Fritid","robots":{"index":"index","follow":"follow","max-snippet":"max-snippet:-1","max-image-preview":"max-image-preview:large","max-video-preview":"max-video-preview:-1"},"canonical":"https:\/\/truusk.store\/sv\/produkt\/truusk-massagekontorsstol-7-vibrationspunkter-justerbar-fotstod-ryggstod-upp-till-120-kg-laderlook-bla\/","og_locale":"sv_SE","og_type":"article","og_title":"TRUUSK Massagekontorsstol - 7 Vibrationspunkter - Justerbar Fotst\u00f6d &amp; Ryggst\u00f6d - Upp Till 120 Kg - L\u00e4derlook - Bl\u00e5 - TRUUSK - Hem, Tr\u00e4dg\u00e5rd &amp; Fritid","og_description":"Med denna kontorsstol med massagefunktion fr\u00e5n TRUUSK kan du arbeta under b\u00e4sta m\u00f6jliga f\u00f6rh\u00e5llanden. Med en 7-punkts massagefunktion, 5 l\u00e4gen,...","og_url":"https:\/\/truusk.store\/sv\/produkt\/truusk-massagekontorsstol-7-vibrationspunkter-justerbar-fotstod-ryggstod-upp-till-120-kg-laderlook-bla\/","og_site_name":"TRUUSK - Hem, Tr\u00e4dg\u00e5rd &amp; Fritid","article_modified_time":"2026-03-12T08:44:41+00:00","og_image":[{"width":2000,"height":2000,"url":"https:\/\/i0.wp.com\/truusk.se\/wp-content\/uploads\/2025\/07\/massagekontorsstol-7-vibrationspunkter-justerbar-fotstod-ryggstod-upp-till-120-kg-laderlook-bla-1.webp?fit=2000%2C2000&ssl=1","type":"image\/webp"}],"twitter_card":"summary_large_image","twitter_misc":{"Ber\u00e4knad l\u00e4stid":"1 minut"},"schema":{"@context":"https:\/\/schema.org","@graph":[{"@type":"WebPage","@id":"https:\/\/truusk.store\/sv\/produkt\/truusk-massagekontorsstol-7-vibrationspunkter-justerbar-fotstod-ryggstod-upp-till-120-kg-laderlook-bla\/","url":"https:\/\/truusk.store\/sv\/produkt\/truusk-massagekontorsstol-7-vibrationspunkter-justerbar-fotstod-ryggstod-upp-till-120-kg-laderlook-bla\/","name":"TRUUSK Massagekontorsstol - 7 Vibrationspunkter - Justerbar Fotst\u00f6d &amp; Ryggst\u00f6d - Upp Till 120 Kg - L\u00e4derlook - Bl\u00e5 - TRUUSK - Hem, Tr\u00e4dg\u00e5rd &amp; Fritid","isPartOf":{"@id":"https:\/\/truusk.store\/sv\/#website"},"primaryImageOfPage":{"@id":"https:\/\/truusk.store\/sv\/produkt\/truusk-massagekontorsstol-7-vibrationspunkter-justerbar-fotstod-ryggstod-upp-till-120-kg-laderlook-bla\/#primaryimage"},"image":{"@id":"https:\/\/truusk.store\/sv\/produkt\/truusk-massagekontorsstol-7-vibrationspunkter-justerbar-fotstod-ryggstod-upp-till-120-kg-laderlook-bla\/#primaryimage"},"thumbnailUrl":"https:\/\/i0.wp.com\/truusk.store\/wp-content\/uploads\/2025\/07\/massagekontorsstol-7-vibrationspunkter-justerbar-fotstod-ryggstod-upp-till-120-kg-laderlook-bla-1.webp?fit=2000%2C2000&ssl=1","datePublished":"2025-07-09T11:47:45+00:00","dateModified":"2026-03-12T08:44:41+00:00","breadcrumb":{"@id":"https:\/\/truusk.store\/sv\/produkt\/truusk-massagekontorsstol-7-vibrationspunkter-justerbar-fotstod-ryggstod-upp-till-120-kg-laderlook-bla\/#breadcrumb"},"inLanguage":"sv-SE","potentialAction":[{"@type":"ReadAction","target":["https:\/\/truusk.store\/sv\/produkt\/truusk-massagekontorsstol-7-vibrationspunkter-justerbar-fotstod-ryggstod-upp-till-120-kg-laderlook-bla\/"]}]},{"@type":"ImageObject","inLanguage":"sv-SE","@id":"https:\/\/truusk.store\/sv\/produkt\/truusk-massagekontorsstol-7-vibrationspunkter-justerbar-fotstod-ryggstod-upp-till-120-kg-laderlook-bla\/#primaryimage","url":"https:\/\/i0.wp.com\/truusk.store\/wp-content\/uploads\/2025\/07\/massagekontorsstol-7-vibrationspunkter-justerbar-fotstod-ryggstod-upp-till-120-kg-laderlook-bla-1.webp?fit=2000%2C2000&ssl=1","contentUrl":"https:\/\/i0.wp.com\/truusk.store\/wp-content\/uploads\/2025\/07\/massagekontorsstol-7-vibrationspunkter-justerbar-fotstod-ryggstod-upp-till-120-kg-laderlook-bla-1.webp?fit=2000%2C2000&ssl=1","width":2000,"height":2000},{"@type":"BreadcrumbList","@id":"https:\/\/truusk.store\/sv\/produkt\/truusk-massagekontorsstol-7-vibrationspunkter-justerbar-fotstod-ryggstod-upp-till-120-kg-laderlook-bla\/#breadcrumb","itemListElement":[{"@type":"ListItem","position":1,"name":"Home","item":"https:\/\/truusk.store\/sv\/"},{"@type":"ListItem","position":2,"name":"Shop","item":"https:\/\/truusk.store\/shop\/"},{"@type":"ListItem","position":3,"name":"TRUUSK Massagekontorsstol &#8211; 7 Vibrationspunkter &#8211; Justerbar Fotst\u00f6d &amp; Ryggst\u00f6d &#8211; Upp Till 120 Kg &#8211; L\u00e4derlook &#8211; Bl\u00e5"}]},{"@type":"WebSite","@id":"https:\/\/truusk.store\/sv\/#website","url":"https:\/\/truusk.store\/sv\/","name":"TRUUSK - Hem, Tr\u00e4dg\u00e5rd & Fritid","description":"","publisher":{"@id":"https:\/\/truusk.store\/sv\/#organization"},"potentialAction":[{"@type":"SearchAction","target":{"@type":"EntryPoint","urlTemplate":"https:\/\/truusk.store\/sv\/?s={search_term_string}"},"query-input":{"@type":"PropertyValueSpecification","valueRequired":true,"valueName":"search_term_string"}}],"inLanguage":"sv-SE"},{"@type":"Organization","@id":"https:\/\/truusk.store\/sv\/#organization","name":"TRUUSK - Hem, Tr\u00e4dg\u00e5rd & Fritid","url":"https:\/\/truusk.store\/sv\/","logo":{"@type":"ImageObject","inLanguage":"sv-SE","@id":"https:\/\/truusk.store\/sv\/#\/schema\/logo\/image\/","url":"https:\/\/i0.wp.com\/truusk.store\/wp-content\/uploads\/2026\/03\/cropped-TRUUSK.png?fit=2032%2C917&ssl=1","contentUrl":"https:\/\/i0.wp.com\/truusk.store\/wp-content\/uploads\/2026\/03\/cropped-TRUUSK.png?fit=2032%2C917&ssl=1","width":2032,"height":917,"caption":"TRUUSK - Hem, Tr\u00e4dg\u00e5rd & Fritid"},"image":{"@id":"https:\/\/truusk.store\/sv\/#\/schema\/logo\/image\/"}}]}},"jetpack_sharing_enabled":true,"_links":{"self":[{"href":"https:\/\/truusk.store\/sv\/wp-json\/wp\/v2\/product\/82809","targetHints":{"allow":["GET"]}}],"collection":[{"href":"https:\/\/truusk.store\/sv\/wp-json\/wp\/v2\/product"}],"about":[{"href":"https:\/\/truusk.store\/sv\/wp-json\/wp\/v2\/types\/product"}],"wp:featuredmedia":[{"embeddable":true,"href":"https:\/\/truusk.store\/sv\/wp-json\/wp\/v2\/media\/82800"}],"wp:attachment":[{"href":"https:\/\/truusk.store\/sv\/wp-json\/wp\/v2\/media?parent=82809"}],"wp:term":[{"taxonomy":"product_brand","embeddable":true,"href":"https:\/\/truusk.store\/sv\/wp-json\/wp\/v2\/product_brand?post=82809"},{"taxonomy":"product_cat","embeddable":true,"href":"https:\/\/truusk.store\/sv\/wp-json\/wp\/v2\/product_cat?post=82809"},{"taxonomy":"product_tag","embeddable":true,"href":"https:\/\/truusk.store\/sv\/wp-json\/wp\/v2\/product_tag?post=82809"}],"curies":[{"name":"wp","href":"https:\/\/api.w.org\/{rel}","templated":true}]}}