{"id":82879,"date":"2025-07-09T12:54:08","date_gmt":"2025-07-09T11:54:08","guid":{"rendered":"https:\/\/truusk.store\/product\/bojd-badrumsspegel-50-x-70-cm-badrumsspegel-med-aluminiumram-dekorationsspegel-kok-svart\/"},"modified":"2026-03-12T08:40:34","modified_gmt":"2026-03-12T07:40:34","slug":"truusk-svart-badrumsspegel-50-x-70-cm-aluminiumram-dekorativ-kok-bojd-design","status":"publish","type":"product","link":"https:\/\/truusk.store\/sv\/produkt\/truusk-svart-badrumsspegel-50-x-70-cm-aluminiumram-dekorativ-kok-bojd-design\/","title":{"rendered":"TRUUSK Svart Badrumsspegel, 50 x 70 cm &#8211; Aluminiumram &#8211; Dekorativ &#8211; K\u00f6k &#8211;  B\u00f6jd Design"},"content":{"rendered":"<p>Uppt\u00e4ck den eleganta badrumsspegeln fr\u00e5n TRUUSK med en b\u00e5gdesign i m\u00e5tten 50 x 70 cm, som ger varje rum en elegant touch. Den 3 cm tjocka ramen av aluminiumlegering p\u00e5 badrumsspegeln \u00e4r rost- och vattent\u00e5lig, idealisk f\u00f6r fuktiga badrum. Dessutom garanterar v\u00e4ggspegeln l\u00e5ngvarigt kantskydd.<\/p>\n<p>Beskrivning:<\/p>\n<ul>\n<li> 50 x 70 cm b\u00f6jd spegel<\/li>\n<li> Pulverlackerad aluminiumlegeringsram \u00e4r rost- och vattenskadet\u00e5lig<\/li>\n<li> Ramens inl\u00e4gg skyddar spegelkanterna mot att flisa sig<\/li>\n<li> Kopparfritt, h\u00f6guppl\u00f6st glas p\u00e5 badrumsspegeln f\u00f6r klarare reflektioner<\/li>\n<li> Splitterskyddsfolie p\u00e5 v\u00e4ggspegeln \u00f6kar s\u00e4kerheten och f\u00f6rhindrar spridning av splitter<\/li>\n<li> Inklusive alla tillbeh\u00f6r f\u00f6r enkel v\u00e4ggmontering<\/li>\n<li> Idealisk som present vid alla tillf\u00e4llen<\/li>\n<\/ul>\n<p> Tekniska data:<\/p>\n<ul>\n<li> F\u00e4rg: Svart<\/li>\n<li> Material: Glas, aluminiumlegering<\/li>\n<li> Totala dimensioner: 50L x 3B x 70H cm<\/li>\n<li> Glasets tjocklek: 4 mm<\/li>\n<\/ul>\n<p>Leveransinneh\u00e5ll:<\/p>\n<ul>\n<li> 1 x Badrumsspegel<\/li>\n<li> 1 x Upph\u00e4ngningsanordning<\/li>\n<li> 2 x Klisterdelar<\/li>\n<li> 2 x Skruvar<\/li>\n<li> 1 x Bruksanvisning<\/li>\n<\/ul>\n","protected":false},"excerpt":{"rendered":"<p>Uppt\u00e4ck den eleganta badrumsspegeln fr\u00e5n TRUUSK med en b\u00e5gdesign i m\u00e5tten 50 x 70 cm, som ger varje rum en&#8230;<\/p>\n","protected":false},"featured_media":82870,"template":"","meta":[],"product_brand":[],"product_cat":[915,1061,871],"product_tag":[],"class_list":{"0":"post-82879","1":"product","2":"type-product","3":"status-publish","4":"has-post-thumbnail","6":"product_cat-badrum","7":"product_cat-badrumsspeglar","8":"product_cat-hus-hem","10":"first","11":"instock","12":"sale","13":"taxable","14":"shipping-taxable","15":"purchasable","16":"product-type-simple"},"yoast_head":"<!-- This site is optimized with the Yoast SEO plugin v25.4 - https:\/\/yoast.com\/wordpress\/plugins\/seo\/ -->\n<title>TRUUSK Svart Badrumsspegel, 50 x 70 cm - Aluminiumram - Dekorativ - K\u00f6k - B\u00f6jd Design - TRUUSK - Hem, Tr\u00e4dg\u00e5rd &amp; Fritid<\/title>\n<meta name=\"robots\" content=\"index, follow, max-snippet:-1, max-image-preview:large, max-video-preview:-1\" \/>\n<link rel=\"canonical\" href=\"https:\/\/truusk.store\/sv\/produkt\/truusk-svart-badrumsspegel-50-x-70-cm-aluminiumram-dekorativ-kok-bojd-design\/\" \/>\n<meta property=\"og:locale\" content=\"sv_SE\" \/>\n<meta property=\"og:type\" content=\"article\" \/>\n<meta property=\"og:title\" content=\"TRUUSK Svart Badrumsspegel, 50 x 70 cm - Aluminiumram - Dekorativ - K\u00f6k - B\u00f6jd Design - TRUUSK - Hem, Tr\u00e4dg\u00e5rd &amp; Fritid\" \/>\n<meta property=\"og:description\" content=\"Uppt\u00e4ck den eleganta badrumsspegeln fr\u00e5n TRUUSK med en b\u00e5gdesign i m\u00e5tten 50 x 70 cm, som ger varje rum en...\" \/>\n<meta property=\"og:url\" content=\"https:\/\/truusk.store\/sv\/produkt\/truusk-svart-badrumsspegel-50-x-70-cm-aluminiumram-dekorativ-kok-bojd-design\/\" \/>\n<meta property=\"og:site_name\" content=\"TRUUSK - Hem, Tr\u00e4dg\u00e5rd &amp; Fritid\" \/>\n<meta property=\"article:modified_time\" content=\"2026-03-12T07:40:34+00:00\" \/>\n<meta property=\"og:image\" content=\"https:\/\/i0.wp.com\/truusk.se\/wp-content\/uploads\/2025\/07\/bojd-badrumsspegel-50-x-70-cm-badrumsspegel-med-aluminiumram-dekorationsspegel-kok-svart-1.webp?fit=2000%2C2000&ssl=1\" \/>\n\t<meta property=\"og:image:width\" content=\"2000\" \/>\n\t<meta property=\"og:image:height\" content=\"2000\" \/>\n\t<meta property=\"og:image:type\" content=\"image\/webp\" \/>\n<meta name=\"twitter:card\" content=\"summary_large_image\" \/>\n<meta name=\"twitter:label1\" content=\"Ber\u00e4knad l\u00e4stid\" \/>\n\t<meta name=\"twitter:data1\" content=\"1 minut\" \/>\n<!-- \/ Yoast SEO plugin. -->","yoast_head_json":{"title":"TRUUSK Svart Badrumsspegel, 50 x 70 cm - Aluminiumram - Dekorativ - K\u00f6k - B\u00f6jd Design - TRUUSK - Hem, Tr\u00e4dg\u00e5rd &amp; Fritid","robots":{"index":"index","follow":"follow","max-snippet":"max-snippet:-1","max-image-preview":"max-image-preview:large","max-video-preview":"max-video-preview:-1"},"canonical":"https:\/\/truusk.store\/sv\/produkt\/truusk-svart-badrumsspegel-50-x-70-cm-aluminiumram-dekorativ-kok-bojd-design\/","og_locale":"sv_SE","og_type":"article","og_title":"TRUUSK Svart Badrumsspegel, 50 x 70 cm - Aluminiumram - Dekorativ - K\u00f6k - B\u00f6jd Design - TRUUSK - Hem, Tr\u00e4dg\u00e5rd &amp; Fritid","og_description":"Uppt\u00e4ck den eleganta badrumsspegeln fr\u00e5n TRUUSK med en b\u00e5gdesign i m\u00e5tten 50 x 70 cm, som ger varje rum en...","og_url":"https:\/\/truusk.store\/sv\/produkt\/truusk-svart-badrumsspegel-50-x-70-cm-aluminiumram-dekorativ-kok-bojd-design\/","og_site_name":"TRUUSK - Hem, Tr\u00e4dg\u00e5rd &amp; Fritid","article_modified_time":"2026-03-12T07:40:34+00:00","og_image":[{"width":2000,"height":2000,"url":"https:\/\/i0.wp.com\/truusk.se\/wp-content\/uploads\/2025\/07\/bojd-badrumsspegel-50-x-70-cm-badrumsspegel-med-aluminiumram-dekorationsspegel-kok-svart-1.webp?fit=2000%2C2000&ssl=1","type":"image\/webp"}],"twitter_card":"summary_large_image","twitter_misc":{"Ber\u00e4knad l\u00e4stid":"1 minut"},"schema":{"@context":"https:\/\/schema.org","@graph":[{"@type":"WebPage","@id":"https:\/\/truusk.store\/sv\/produkt\/truusk-svart-badrumsspegel-50-x-70-cm-aluminiumram-dekorativ-kok-bojd-design\/","url":"https:\/\/truusk.store\/sv\/produkt\/truusk-svart-badrumsspegel-50-x-70-cm-aluminiumram-dekorativ-kok-bojd-design\/","name":"TRUUSK Svart Badrumsspegel, 50 x 70 cm - Aluminiumram - Dekorativ - K\u00f6k - B\u00f6jd Design - TRUUSK - Hem, Tr\u00e4dg\u00e5rd &amp; Fritid","isPartOf":{"@id":"https:\/\/truusk.store\/sv\/#website"},"primaryImageOfPage":{"@id":"https:\/\/truusk.store\/sv\/produkt\/truusk-svart-badrumsspegel-50-x-70-cm-aluminiumram-dekorativ-kok-bojd-design\/#primaryimage"},"image":{"@id":"https:\/\/truusk.store\/sv\/produkt\/truusk-svart-badrumsspegel-50-x-70-cm-aluminiumram-dekorativ-kok-bojd-design\/#primaryimage"},"thumbnailUrl":"https:\/\/i0.wp.com\/truusk.store\/wp-content\/uploads\/2025\/07\/bojd-badrumsspegel-50-x-70-cm-badrumsspegel-med-aluminiumram-dekorationsspegel-kok-svart-1.webp?fit=2000%2C2000&ssl=1","datePublished":"2025-07-09T11:54:08+00:00","dateModified":"2026-03-12T07:40:34+00:00","breadcrumb":{"@id":"https:\/\/truusk.store\/sv\/produkt\/truusk-svart-badrumsspegel-50-x-70-cm-aluminiumram-dekorativ-kok-bojd-design\/#breadcrumb"},"inLanguage":"sv-SE","potentialAction":[{"@type":"ReadAction","target":["https:\/\/truusk.store\/sv\/produkt\/truusk-svart-badrumsspegel-50-x-70-cm-aluminiumram-dekorativ-kok-bojd-design\/"]}]},{"@type":"ImageObject","inLanguage":"sv-SE","@id":"https:\/\/truusk.store\/sv\/produkt\/truusk-svart-badrumsspegel-50-x-70-cm-aluminiumram-dekorativ-kok-bojd-design\/#primaryimage","url":"https:\/\/i0.wp.com\/truusk.store\/wp-content\/uploads\/2025\/07\/bojd-badrumsspegel-50-x-70-cm-badrumsspegel-med-aluminiumram-dekorationsspegel-kok-svart-1.webp?fit=2000%2C2000&ssl=1","contentUrl":"https:\/\/i0.wp.com\/truusk.store\/wp-content\/uploads\/2025\/07\/bojd-badrumsspegel-50-x-70-cm-badrumsspegel-med-aluminiumram-dekorationsspegel-kok-svart-1.webp?fit=2000%2C2000&ssl=1","width":2000,"height":2000},{"@type":"BreadcrumbList","@id":"https:\/\/truusk.store\/sv\/produkt\/truusk-svart-badrumsspegel-50-x-70-cm-aluminiumram-dekorativ-kok-bojd-design\/#breadcrumb","itemListElement":[{"@type":"ListItem","position":1,"name":"Home","item":"https:\/\/truusk.store\/sv\/"},{"@type":"ListItem","position":2,"name":"Shop","item":"https:\/\/truusk.store\/shop\/"},{"@type":"ListItem","position":3,"name":"TRUUSK Svart Badrumsspegel, 50 x 70 cm &#8211; Aluminiumram &#8211; Dekorativ &#8211; K\u00f6k &#8211; B\u00f6jd Design"}]},{"@type":"WebSite","@id":"https:\/\/truusk.store\/sv\/#website","url":"https:\/\/truusk.store\/sv\/","name":"TRUUSK - Hem, Tr\u00e4dg\u00e5rd & Fritid","description":"","publisher":{"@id":"https:\/\/truusk.store\/sv\/#organization"},"potentialAction":[{"@type":"SearchAction","target":{"@type":"EntryPoint","urlTemplate":"https:\/\/truusk.store\/sv\/?s={search_term_string}"},"query-input":{"@type":"PropertyValueSpecification","valueRequired":true,"valueName":"search_term_string"}}],"inLanguage":"sv-SE"},{"@type":"Organization","@id":"https:\/\/truusk.store\/sv\/#organization","name":"TRUUSK - Hem, Tr\u00e4dg\u00e5rd & Fritid","url":"https:\/\/truusk.store\/sv\/","logo":{"@type":"ImageObject","inLanguage":"sv-SE","@id":"https:\/\/truusk.store\/sv\/#\/schema\/logo\/image\/","url":"https:\/\/i0.wp.com\/truusk.store\/wp-content\/uploads\/2026\/03\/cropped-TRUUSK.png?fit=2032%2C917&ssl=1","contentUrl":"https:\/\/i0.wp.com\/truusk.store\/wp-content\/uploads\/2026\/03\/cropped-TRUUSK.png?fit=2032%2C917&ssl=1","width":2032,"height":917,"caption":"TRUUSK - Hem, Tr\u00e4dg\u00e5rd & Fritid"},"image":{"@id":"https:\/\/truusk.store\/sv\/#\/schema\/logo\/image\/"}}]}},"jetpack_sharing_enabled":true,"_links":{"self":[{"href":"https:\/\/truusk.store\/sv\/wp-json\/wp\/v2\/product\/82879","targetHints":{"allow":["GET"]}}],"collection":[{"href":"https:\/\/truusk.store\/sv\/wp-json\/wp\/v2\/product"}],"about":[{"href":"https:\/\/truusk.store\/sv\/wp-json\/wp\/v2\/types\/product"}],"wp:featuredmedia":[{"embeddable":true,"href":"https:\/\/truusk.store\/sv\/wp-json\/wp\/v2\/media\/82870"}],"wp:attachment":[{"href":"https:\/\/truusk.store\/sv\/wp-json\/wp\/v2\/media?parent=82879"}],"wp:term":[{"taxonomy":"product_brand","embeddable":true,"href":"https:\/\/truusk.store\/sv\/wp-json\/wp\/v2\/product_brand?post=82879"},{"taxonomy":"product_cat","embeddable":true,"href":"https:\/\/truusk.store\/sv\/wp-json\/wp\/v2\/product_cat?post=82879"},{"taxonomy":"product_tag","embeddable":true,"href":"https:\/\/truusk.store\/sv\/wp-json\/wp\/v2\/product_tag?post=82879"}],"curies":[{"name":"wp","href":"https:\/\/api.w.org\/{rel}","templated":true}]}}