{"id":82909,"date":"2025-07-09T12:56:52","date_gmt":"2025-07-09T11:56:52","guid":{"rendered":"https:\/\/truusk.store\/product\/rund-badrumsspegel-med-led-ljus-badrumsspegel-med-anti-imma-funktion-touch-kontroll-display\/"},"modified":"2026-03-12T08:40:42","modified_gmt":"2026-03-12T07:40:42","slug":"truusk-rund-badrumsspegel-med-led-ljus-anti-imma-funktion-touch-kontroll-display-badrumsspegel","status":"publish","type":"product","link":"https:\/\/truusk.store\/sv\/produkt\/truusk-rund-badrumsspegel-med-led-ljus-anti-imma-funktion-touch-kontroll-display-badrumsspegel\/","title":{"rendered":"TRUUSK Rund Badrumsspegel Med LED-ljus &#8211; Anti-imma Funktion &#8211; Touch-kontroll &#8211; Display &#8211; Badrumsspegel"},"content":{"rendered":"<p>Upplev TRUUSK badrumsspegeln med intelligent LED-teknologi som perfekt kombinerar stil och funktionalitet. Justera ljusstyrkan p\u00e5 LED-badrumsspegeln enkelt fr\u00e5n 10% till 100% och v\u00e4lj mellan tre ljusf\u00e4rger med touch-kontroll: Varmvitt (3000K), Naturvitt (4500K) och Kallvitt (6500K). Anti-dimmfunktionen ger ocks\u00e5 klar sikt efter duschen. Tack vare minnesfunktionen beh\u00e5ller v\u00e4ggspegeln med belysning dina inst\u00e4llningar.<\/p>\n<p>Beskrivning:<\/p>\n<ul>\n<li> Den justerbara ljusstyrkan och tre f\u00e4rgtemperaturer anpassar sig till olika v\u00e5rdbehov<\/li>\n<li> Minnesfunktionen p\u00e5 badrumsspegeln med LED beh\u00e5ller dina senast anv\u00e4nda inst\u00e4llningar bekv\u00e4mt<\/li>\n<li> Anti-dimmfunktionen p\u00e5 v\u00e4ggspegeln ger en klar reflektion efter duschen<\/li>\n<li> Inbyggd display v\u00e4xlar alternativt mellan tid och temperatur<\/li>\n<li> Kopparfri, f\u00f6rsilvrad badrumsspegel med h\u00f6guppl\u00f6st och splitterfri film garanterar klarhet och s\u00e4kerhet<\/li>\n<li> 5 mm tjockt glas, inramat i en bred, guldram f\u00f6r \u00f6kad s\u00e4kerhet<\/li>\n<li> Enkel v\u00e4ggmontering med medf\u00f6ljande tillbeh\u00f6r<\/li>\n<\/ul>\n<p> Tekniska data:<\/p>\n<ul>\n<li> F\u00e4rg: Guld<\/li>\n<li> Material: Glas, Aluminiumlegering, Metall<\/li>\n<li> Totala dimensioner: \u00d860 x 3,5T cm<\/li>\n<li> Storlek p\u00e5 dimmfritt pad: 30L x 20B cm<\/li>\n<li> Effekt: 29W (total), 17W (ljus), 12W (Dimmfritt)<\/li>\n<li> Lumen: 1020 lm<\/li>\n<li> F\u00e4rgtemperatur: 3000K varmvitt \/ 4500K naturligt \/ 6500K kallvitt<\/li>\n<li> Kabell\u00e4ngd: 0,6 m<\/li>\n<li> Adaptering\u00e5ng: AC 220-240V, 50\/60Hz, 23W<\/li>\n<li> Adapterutg\u00e5ng: DC 12V, 1,5A<\/li>\n<li> Notera: 1, V\u00e4nligen dra av skyddsfilmen p\u00e5 spegelytan f\u00f6re anv\u00e4ndning<\/li>\n<li>2, F\u00f6r b\u00e4ttre anv\u00e4ndning rekommenderas att installera en v\u00e4ggstr\u00f6mbrytare med kretskoppling<\/li>\n<\/ul>\n<p>Leveransinneh\u00e5ll:<\/p>\n<ul>\n<li> 1 x Rund badrumsspegel<\/li>\n<li> 3 x Skruvar<\/li>\n<li> 3 x Pluggar<\/li>\n<li> 2 x Handskar<\/li>\n<li> 1 x Bruksanvisning<\/li>\n<\/ul>\n","protected":false},"excerpt":{"rendered":"<p>Upplev TRUUSK badrumsspegeln med intelligent LED-teknologi som perfekt kombinerar stil och funktionalitet. Justera ljusstyrkan p\u00e5 LED-badrumsspegeln enkelt fr\u00e5n 10% till&#8230;<\/p>\n","protected":false},"featured_media":82900,"template":"","meta":[],"product_brand":[],"product_cat":[915,969,871],"product_tag":[],"class_list":{"0":"post-82909","1":"product","2":"type-product","3":"status-publish","4":"has-post-thumbnail","6":"product_cat-badrum","7":"product_cat-badrumsspegel","8":"product_cat-hus-hem","10":"first","11":"instock","12":"sale","13":"taxable","14":"shipping-taxable","15":"purchasable","16":"product-type-simple"},"yoast_head":"<!-- This site is optimized with the Yoast SEO plugin v25.4 - https:\/\/yoast.com\/wordpress\/plugins\/seo\/ -->\n<title>TRUUSK Rund Badrumsspegel Med LED-ljus - Anti-imma Funktion - Touch-kontroll - Display - Badrumsspegel - TRUUSK - Hem, Tr\u00e4dg\u00e5rd &amp; Fritid<\/title>\n<meta name=\"robots\" content=\"index, follow, max-snippet:-1, max-image-preview:large, max-video-preview:-1\" \/>\n<link rel=\"canonical\" href=\"https:\/\/truusk.store\/sv\/produkt\/truusk-rund-badrumsspegel-med-led-ljus-anti-imma-funktion-touch-kontroll-display-badrumsspegel\/\" \/>\n<meta property=\"og:locale\" content=\"sv_SE\" \/>\n<meta property=\"og:type\" content=\"article\" \/>\n<meta property=\"og:title\" content=\"TRUUSK Rund Badrumsspegel Med LED-ljus - Anti-imma Funktion - Touch-kontroll - Display - Badrumsspegel - TRUUSK - Hem, Tr\u00e4dg\u00e5rd &amp; Fritid\" \/>\n<meta property=\"og:description\" content=\"Upplev TRUUSK badrumsspegeln med intelligent LED-teknologi som perfekt kombinerar stil och funktionalitet. Justera ljusstyrkan p\u00e5 LED-badrumsspegeln enkelt fr\u00e5n 10% till...\" \/>\n<meta property=\"og:url\" content=\"https:\/\/truusk.store\/sv\/produkt\/truusk-rund-badrumsspegel-med-led-ljus-anti-imma-funktion-touch-kontroll-display-badrumsspegel\/\" \/>\n<meta property=\"og:site_name\" content=\"TRUUSK - Hem, Tr\u00e4dg\u00e5rd &amp; Fritid\" \/>\n<meta property=\"article:modified_time\" content=\"2026-03-12T07:40:42+00:00\" \/>\n<meta property=\"og:image\" content=\"https:\/\/i0.wp.com\/truusk.se\/wp-content\/uploads\/2025\/07\/rund-badrumsspegel-med-led-ljus-badrumsspegel-med-anti-imma-funktion-touch-kontroll-display-1.webp?fit=2000%2C2000&ssl=1\" \/>\n\t<meta property=\"og:image:width\" content=\"2000\" \/>\n\t<meta property=\"og:image:height\" content=\"2000\" \/>\n\t<meta property=\"og:image:type\" content=\"image\/webp\" \/>\n<meta name=\"twitter:card\" content=\"summary_large_image\" \/>\n<meta name=\"twitter:label1\" content=\"Ber\u00e4knad l\u00e4stid\" \/>\n\t<meta name=\"twitter:data1\" content=\"1 minut\" \/>\n<!-- \/ Yoast SEO plugin. -->","yoast_head_json":{"title":"TRUUSK Rund Badrumsspegel Med LED-ljus - Anti-imma Funktion - Touch-kontroll - Display - Badrumsspegel - TRUUSK - Hem, Tr\u00e4dg\u00e5rd &amp; Fritid","robots":{"index":"index","follow":"follow","max-snippet":"max-snippet:-1","max-image-preview":"max-image-preview:large","max-video-preview":"max-video-preview:-1"},"canonical":"https:\/\/truusk.store\/sv\/produkt\/truusk-rund-badrumsspegel-med-led-ljus-anti-imma-funktion-touch-kontroll-display-badrumsspegel\/","og_locale":"sv_SE","og_type":"article","og_title":"TRUUSK Rund Badrumsspegel Med LED-ljus - Anti-imma Funktion - Touch-kontroll - Display - Badrumsspegel - TRUUSK - Hem, Tr\u00e4dg\u00e5rd &amp; Fritid","og_description":"Upplev TRUUSK badrumsspegeln med intelligent LED-teknologi som perfekt kombinerar stil och funktionalitet. Justera ljusstyrkan p\u00e5 LED-badrumsspegeln enkelt fr\u00e5n 10% till...","og_url":"https:\/\/truusk.store\/sv\/produkt\/truusk-rund-badrumsspegel-med-led-ljus-anti-imma-funktion-touch-kontroll-display-badrumsspegel\/","og_site_name":"TRUUSK - Hem, Tr\u00e4dg\u00e5rd &amp; Fritid","article_modified_time":"2026-03-12T07:40:42+00:00","og_image":[{"width":2000,"height":2000,"url":"https:\/\/i0.wp.com\/truusk.se\/wp-content\/uploads\/2025\/07\/rund-badrumsspegel-med-led-ljus-badrumsspegel-med-anti-imma-funktion-touch-kontroll-display-1.webp?fit=2000%2C2000&ssl=1","type":"image\/webp"}],"twitter_card":"summary_large_image","twitter_misc":{"Ber\u00e4knad l\u00e4stid":"1 minut"},"schema":{"@context":"https:\/\/schema.org","@graph":[{"@type":"WebPage","@id":"https:\/\/truusk.store\/sv\/produkt\/truusk-rund-badrumsspegel-med-led-ljus-anti-imma-funktion-touch-kontroll-display-badrumsspegel\/","url":"https:\/\/truusk.store\/sv\/produkt\/truusk-rund-badrumsspegel-med-led-ljus-anti-imma-funktion-touch-kontroll-display-badrumsspegel\/","name":"TRUUSK Rund Badrumsspegel Med LED-ljus - Anti-imma Funktion - Touch-kontroll - Display - Badrumsspegel - TRUUSK - Hem, Tr\u00e4dg\u00e5rd &amp; Fritid","isPartOf":{"@id":"https:\/\/truusk.store\/sv\/#website"},"primaryImageOfPage":{"@id":"https:\/\/truusk.store\/sv\/produkt\/truusk-rund-badrumsspegel-med-led-ljus-anti-imma-funktion-touch-kontroll-display-badrumsspegel\/#primaryimage"},"image":{"@id":"https:\/\/truusk.store\/sv\/produkt\/truusk-rund-badrumsspegel-med-led-ljus-anti-imma-funktion-touch-kontroll-display-badrumsspegel\/#primaryimage"},"thumbnailUrl":"https:\/\/i0.wp.com\/truusk.store\/wp-content\/uploads\/2025\/07\/rund-badrumsspegel-med-led-ljus-badrumsspegel-med-anti-imma-funktion-touch-kontroll-display-1.webp?fit=2000%2C2000&ssl=1","datePublished":"2025-07-09T11:56:52+00:00","dateModified":"2026-03-12T07:40:42+00:00","breadcrumb":{"@id":"https:\/\/truusk.store\/sv\/produkt\/truusk-rund-badrumsspegel-med-led-ljus-anti-imma-funktion-touch-kontroll-display-badrumsspegel\/#breadcrumb"},"inLanguage":"sv-SE","potentialAction":[{"@type":"ReadAction","target":["https:\/\/truusk.store\/sv\/produkt\/truusk-rund-badrumsspegel-med-led-ljus-anti-imma-funktion-touch-kontroll-display-badrumsspegel\/"]}]},{"@type":"ImageObject","inLanguage":"sv-SE","@id":"https:\/\/truusk.store\/sv\/produkt\/truusk-rund-badrumsspegel-med-led-ljus-anti-imma-funktion-touch-kontroll-display-badrumsspegel\/#primaryimage","url":"https:\/\/i0.wp.com\/truusk.store\/wp-content\/uploads\/2025\/07\/rund-badrumsspegel-med-led-ljus-badrumsspegel-med-anti-imma-funktion-touch-kontroll-display-1.webp?fit=2000%2C2000&ssl=1","contentUrl":"https:\/\/i0.wp.com\/truusk.store\/wp-content\/uploads\/2025\/07\/rund-badrumsspegel-med-led-ljus-badrumsspegel-med-anti-imma-funktion-touch-kontroll-display-1.webp?fit=2000%2C2000&ssl=1","width":2000,"height":2000},{"@type":"BreadcrumbList","@id":"https:\/\/truusk.store\/sv\/produkt\/truusk-rund-badrumsspegel-med-led-ljus-anti-imma-funktion-touch-kontroll-display-badrumsspegel\/#breadcrumb","itemListElement":[{"@type":"ListItem","position":1,"name":"Home","item":"https:\/\/truusk.store\/sv\/"},{"@type":"ListItem","position":2,"name":"Shop","item":"https:\/\/truusk.store\/shop\/"},{"@type":"ListItem","position":3,"name":"TRUUSK Rund Badrumsspegel Med LED-ljus &#8211; Anti-imma Funktion &#8211; Touch-kontroll &#8211; Display &#8211; Badrumsspegel"}]},{"@type":"WebSite","@id":"https:\/\/truusk.store\/sv\/#website","url":"https:\/\/truusk.store\/sv\/","name":"TRUUSK - Hem, Tr\u00e4dg\u00e5rd & Fritid","description":"","publisher":{"@id":"https:\/\/truusk.store\/sv\/#organization"},"potentialAction":[{"@type":"SearchAction","target":{"@type":"EntryPoint","urlTemplate":"https:\/\/truusk.store\/sv\/?s={search_term_string}"},"query-input":{"@type":"PropertyValueSpecification","valueRequired":true,"valueName":"search_term_string"}}],"inLanguage":"sv-SE"},{"@type":"Organization","@id":"https:\/\/truusk.store\/sv\/#organization","name":"TRUUSK - Hem, Tr\u00e4dg\u00e5rd & Fritid","url":"https:\/\/truusk.store\/sv\/","logo":{"@type":"ImageObject","inLanguage":"sv-SE","@id":"https:\/\/truusk.store\/sv\/#\/schema\/logo\/image\/","url":"https:\/\/i0.wp.com\/truusk.store\/wp-content\/uploads\/2026\/03\/cropped-TRUUSK.png?fit=2032%2C917&ssl=1","contentUrl":"https:\/\/i0.wp.com\/truusk.store\/wp-content\/uploads\/2026\/03\/cropped-TRUUSK.png?fit=2032%2C917&ssl=1","width":2032,"height":917,"caption":"TRUUSK - Hem, Tr\u00e4dg\u00e5rd & Fritid"},"image":{"@id":"https:\/\/truusk.store\/sv\/#\/schema\/logo\/image\/"}}]}},"jetpack_sharing_enabled":true,"_links":{"self":[{"href":"https:\/\/truusk.store\/sv\/wp-json\/wp\/v2\/product\/82909","targetHints":{"allow":["GET"]}}],"collection":[{"href":"https:\/\/truusk.store\/sv\/wp-json\/wp\/v2\/product"}],"about":[{"href":"https:\/\/truusk.store\/sv\/wp-json\/wp\/v2\/types\/product"}],"wp:featuredmedia":[{"embeddable":true,"href":"https:\/\/truusk.store\/sv\/wp-json\/wp\/v2\/media\/82900"}],"wp:attachment":[{"href":"https:\/\/truusk.store\/sv\/wp-json\/wp\/v2\/media?parent=82909"}],"wp:term":[{"taxonomy":"product_brand","embeddable":true,"href":"https:\/\/truusk.store\/sv\/wp-json\/wp\/v2\/product_brand?post=82909"},{"taxonomy":"product_cat","embeddable":true,"href":"https:\/\/truusk.store\/sv\/wp-json\/wp\/v2\/product_cat?post=82909"},{"taxonomy":"product_tag","embeddable":true,"href":"https:\/\/truusk.store\/sv\/wp-json\/wp\/v2\/product_tag?post=82909"}],"curies":[{"name":"wp","href":"https:\/\/api.w.org\/{rel}","templated":true}]}}