{"id":82929,"date":"2025-07-09T12:58:53","date_gmt":"2025-07-09T11:58:53","guid":{"rendered":"https:\/\/truusk.store\/product\/parasollfot-i-metall-185-kg-fyrkantig-parasollhallare-for-solparasoll-32-38-48mm\/"},"modified":"2026-03-12T08:41:02","modified_gmt":"2026-03-12T07:41:02","slug":"truusk-parasollfot-i-metall-fyrkantig-parasollhallare-for-solparasoll-185-kg-passar-32-38-48mm-hallbar-och-stabil-svart","status":"publish","type":"product","link":"https:\/\/truusk.store\/sv\/produkt\/truusk-parasollfot-i-metall-fyrkantig-parasollhallare-for-solparasoll-185-kg-passar-32-38-48mm-hallbar-och-stabil-svart\/","title":{"rendered":"TRUUSK Parasollfot i Metall &#8211; Fyrkantig Parasollh\u00e5llare f\u00f6r Solparasoll &#8211; 18,5 kg &#8211; Passar 32\/38\/48mm &#8211; H\u00e5llbar och Stabil &#8211; Svart"},"content":{"rendered":"<p>Upplev en solfri utomhusmilj\u00f6 med den stilfulla TRUUSK parasollfoten &#8211; perfekt f\u00f6r tr\u00e4dg\u00e5rd och terrass. Kombinera en parasoll med bord och stolar och skapa din egen oas. Den viktade TRUUSK parasollfoten s\u00e4krar din parasoll stabilt och p\u00e5litligt med justerbara dynor f\u00f6r optimal skugga. Koppla av utomhus med komfort.<\/p>\n<p>Beskrivning:<\/p>\n<ul>\n<li> L\u00e4mplig f\u00f6r parasoller med en maximal diameter p\u00e5 2,5 m och st\u00e5ngstorlekar p\u00e5 32, 38, 48 mm<\/li>\n<li> Parasollfoten \u00e4r tillverkad av v\u00e4derbest\u00e4ndigt, pulverlackerat metallfot och -st\u00e5ng f\u00f6r utomhusbruk<\/li>\n<li> Med en vikt p\u00e5 18,5 kg h\u00e5ller denna fot din parasoll s\u00e4ker \u00e4ven vid l\u00e4tt regn och vind<\/li>\n<li> Fyra justerbara dynor f\u00f6r en stabil st\u00e5nd p\u00e5 oj\u00e4mna ytor inkluderade<\/li>\n<li> Inneh\u00e5ller en l\u00e5sknapp f\u00f6r att s\u00e4kra din parasoll p\u00e5 parasollfoten<\/li>\n<li> Stilfull, solid gr\u00e5 yta ger en chic accent<\/li>\n<li> Parasollfoten \u00e4r l\u00e4mplig f\u00f6r anv\u00e4ndning i din tr\u00e4dg\u00e5rd, p\u00e5 terrassen, vid poolkanten eller andra utomhusomr\u00e5den<\/li>\n<li> Montering kr\u00e4vs<\/li>\n<\/ul>\n<p> Tekniska data:<\/p>\n<ul>\n<li> F\u00e4rg: Gr\u00e5<\/li>\n<li> Material: Metall<\/li>\n<li> Totala dimensioner: 49,5L x 49,5B x 34H cm<\/li>\n<li> Basdimensioner: 49,5L x 49,5B x 1H cm<\/li>\n<li> St\u00e5ngdimensioner: \u00d85,6 x 24,5H cm<\/li>\n<li> Passar f\u00f6r parasollst\u00e5ng: \u00d832, 38, 48 mm<\/li>\n<li> Passar f\u00f6r parasolldiameter: Under 2,5 m<\/li>\n<li> Netto vikt: 18,5 kg<\/li>\n<li> Obs: M\u00e4t diameter p\u00e5 din parasollst\u00e5ng i f\u00f6rv\u00e4g f\u00f6r att s\u00e4kerst\u00e4lla att v\u00e5r bas passar.<\/li>\n<\/ul>\n<p>Leveransinneh\u00e5ll:<\/p>\n<ul>\n<li> 1 x Parasollfot<\/li>\n<li> 1 x Bruksanvisning<\/li>\n<\/ul>\n","protected":false},"excerpt":{"rendered":"<p>Upplev en solfri utomhusmilj\u00f6 med den stilfulla TRUUSK parasollfoten &#8211; perfekt f\u00f6r tr\u00e4dg\u00e5rd och terrass. Kombinera en parasoll med bord&#8230;<\/p>\n","protected":false},"featured_media":82920,"template":"","meta":[],"product_brand":[],"product_cat":[886,862,1062,858],"product_tag":[],"class_list":{"0":"post-82929","1":"product","2":"type-product","3":"status-publish","4":"has-post-thumbnail","6":"product_cat-schirmstander","7":"product_cat-sol-insynsskydd","8":"product_cat-tillbehor-for-solparasoller","9":"product_cat-tradgard-terrass","11":"first","12":"instock","13":"sale","14":"taxable","15":"shipping-taxable","16":"purchasable","17":"product-type-simple"},"yoast_head":"<!-- This site is optimized with the Yoast SEO plugin v25.4 - https:\/\/yoast.com\/wordpress\/plugins\/seo\/ -->\n<title>TRUUSK Parasollfot i Metall - Fyrkantig Parasollh\u00e5llare f\u00f6r Solparasoll - 18,5 kg - Passar 32\/38\/48mm - H\u00e5llbar och Stabil - Svart - TRUUSK - Hem, Tr\u00e4dg\u00e5rd &amp; Fritid<\/title>\n<meta name=\"robots\" content=\"index, follow, max-snippet:-1, max-image-preview:large, max-video-preview:-1\" \/>\n<link rel=\"canonical\" href=\"https:\/\/truusk.store\/sv\/produkt\/truusk-parasollfot-i-metall-fyrkantig-parasollhallare-for-solparasoll-185-kg-passar-32-38-48mm-hallbar-och-stabil-svart\/\" \/>\n<meta property=\"og:locale\" content=\"sv_SE\" \/>\n<meta property=\"og:type\" content=\"article\" \/>\n<meta property=\"og:title\" content=\"TRUUSK Parasollfot i Metall - Fyrkantig Parasollh\u00e5llare f\u00f6r Solparasoll - 18,5 kg - Passar 32\/38\/48mm - H\u00e5llbar och Stabil - Svart - TRUUSK - Hem, Tr\u00e4dg\u00e5rd &amp; Fritid\" \/>\n<meta property=\"og:description\" content=\"Upplev en solfri utomhusmilj\u00f6 med den stilfulla TRUUSK parasollfoten &#8211; perfekt f\u00f6r tr\u00e4dg\u00e5rd och terrass. Kombinera en parasoll med bord...\" \/>\n<meta property=\"og:url\" content=\"https:\/\/truusk.store\/sv\/produkt\/truusk-parasollfot-i-metall-fyrkantig-parasollhallare-for-solparasoll-185-kg-passar-32-38-48mm-hallbar-och-stabil-svart\/\" \/>\n<meta property=\"og:site_name\" content=\"TRUUSK - Hem, Tr\u00e4dg\u00e5rd &amp; Fritid\" \/>\n<meta property=\"article:modified_time\" content=\"2026-03-12T07:41:02+00:00\" \/>\n<meta property=\"og:image\" content=\"https:\/\/i0.wp.com\/truusk.se\/wp-content\/uploads\/2025\/07\/parasollfot-i-metall-185-kg-fyrkantig-parasollhallare-for-solparasoll-32-38-48mm-1.webp?fit=2000%2C2000&ssl=1\" \/>\n\t<meta property=\"og:image:width\" content=\"2000\" \/>\n\t<meta property=\"og:image:height\" content=\"2000\" \/>\n\t<meta property=\"og:image:type\" content=\"image\/webp\" \/>\n<meta name=\"twitter:card\" content=\"summary_large_image\" \/>\n<meta name=\"twitter:label1\" content=\"Ber\u00e4knad l\u00e4stid\" \/>\n\t<meta name=\"twitter:data1\" content=\"1 minut\" \/>\n<!-- \/ Yoast SEO plugin. -->","yoast_head_json":{"title":"TRUUSK Parasollfot i Metall - Fyrkantig Parasollh\u00e5llare f\u00f6r Solparasoll - 18,5 kg - Passar 32\/38\/48mm - H\u00e5llbar och Stabil - Svart - TRUUSK - Hem, Tr\u00e4dg\u00e5rd &amp; Fritid","robots":{"index":"index","follow":"follow","max-snippet":"max-snippet:-1","max-image-preview":"max-image-preview:large","max-video-preview":"max-video-preview:-1"},"canonical":"https:\/\/truusk.store\/sv\/produkt\/truusk-parasollfot-i-metall-fyrkantig-parasollhallare-for-solparasoll-185-kg-passar-32-38-48mm-hallbar-och-stabil-svart\/","og_locale":"sv_SE","og_type":"article","og_title":"TRUUSK Parasollfot i Metall - Fyrkantig Parasollh\u00e5llare f\u00f6r Solparasoll - 18,5 kg - Passar 32\/38\/48mm - H\u00e5llbar och Stabil - Svart - TRUUSK - Hem, Tr\u00e4dg\u00e5rd &amp; Fritid","og_description":"Upplev en solfri utomhusmilj\u00f6 med den stilfulla TRUUSK parasollfoten &#8211; perfekt f\u00f6r tr\u00e4dg\u00e5rd och terrass. Kombinera en parasoll med bord...","og_url":"https:\/\/truusk.store\/sv\/produkt\/truusk-parasollfot-i-metall-fyrkantig-parasollhallare-for-solparasoll-185-kg-passar-32-38-48mm-hallbar-och-stabil-svart\/","og_site_name":"TRUUSK - Hem, Tr\u00e4dg\u00e5rd &amp; Fritid","article_modified_time":"2026-03-12T07:41:02+00:00","og_image":[{"width":2000,"height":2000,"url":"https:\/\/i0.wp.com\/truusk.se\/wp-content\/uploads\/2025\/07\/parasollfot-i-metall-185-kg-fyrkantig-parasollhallare-for-solparasoll-32-38-48mm-1.webp?fit=2000%2C2000&ssl=1","type":"image\/webp"}],"twitter_card":"summary_large_image","twitter_misc":{"Ber\u00e4knad l\u00e4stid":"1 minut"},"schema":{"@context":"https:\/\/schema.org","@graph":[{"@type":"WebPage","@id":"https:\/\/truusk.store\/sv\/produkt\/truusk-parasollfot-i-metall-fyrkantig-parasollhallare-for-solparasoll-185-kg-passar-32-38-48mm-hallbar-och-stabil-svart\/","url":"https:\/\/truusk.store\/sv\/produkt\/truusk-parasollfot-i-metall-fyrkantig-parasollhallare-for-solparasoll-185-kg-passar-32-38-48mm-hallbar-och-stabil-svart\/","name":"TRUUSK Parasollfot i Metall - Fyrkantig Parasollh\u00e5llare f\u00f6r Solparasoll - 18,5 kg - Passar 32\/38\/48mm - H\u00e5llbar och Stabil - Svart - TRUUSK - Hem, Tr\u00e4dg\u00e5rd &amp; Fritid","isPartOf":{"@id":"https:\/\/truusk.store\/sv\/#website"},"primaryImageOfPage":{"@id":"https:\/\/truusk.store\/sv\/produkt\/truusk-parasollfot-i-metall-fyrkantig-parasollhallare-for-solparasoll-185-kg-passar-32-38-48mm-hallbar-och-stabil-svart\/#primaryimage"},"image":{"@id":"https:\/\/truusk.store\/sv\/produkt\/truusk-parasollfot-i-metall-fyrkantig-parasollhallare-for-solparasoll-185-kg-passar-32-38-48mm-hallbar-och-stabil-svart\/#primaryimage"},"thumbnailUrl":"https:\/\/i0.wp.com\/truusk.store\/wp-content\/uploads\/2025\/07\/parasollfot-i-metall-185-kg-fyrkantig-parasollhallare-for-solparasoll-32-38-48mm-1.webp?fit=2000%2C2000&ssl=1","datePublished":"2025-07-09T11:58:53+00:00","dateModified":"2026-03-12T07:41:02+00:00","breadcrumb":{"@id":"https:\/\/truusk.store\/sv\/produkt\/truusk-parasollfot-i-metall-fyrkantig-parasollhallare-for-solparasoll-185-kg-passar-32-38-48mm-hallbar-och-stabil-svart\/#breadcrumb"},"inLanguage":"sv-SE","potentialAction":[{"@type":"ReadAction","target":["https:\/\/truusk.store\/sv\/produkt\/truusk-parasollfot-i-metall-fyrkantig-parasollhallare-for-solparasoll-185-kg-passar-32-38-48mm-hallbar-och-stabil-svart\/"]}]},{"@type":"ImageObject","inLanguage":"sv-SE","@id":"https:\/\/truusk.store\/sv\/produkt\/truusk-parasollfot-i-metall-fyrkantig-parasollhallare-for-solparasoll-185-kg-passar-32-38-48mm-hallbar-och-stabil-svart\/#primaryimage","url":"https:\/\/i0.wp.com\/truusk.store\/wp-content\/uploads\/2025\/07\/parasollfot-i-metall-185-kg-fyrkantig-parasollhallare-for-solparasoll-32-38-48mm-1.webp?fit=2000%2C2000&ssl=1","contentUrl":"https:\/\/i0.wp.com\/truusk.store\/wp-content\/uploads\/2025\/07\/parasollfot-i-metall-185-kg-fyrkantig-parasollhallare-for-solparasoll-32-38-48mm-1.webp?fit=2000%2C2000&ssl=1","width":2000,"height":2000},{"@type":"BreadcrumbList","@id":"https:\/\/truusk.store\/sv\/produkt\/truusk-parasollfot-i-metall-fyrkantig-parasollhallare-for-solparasoll-185-kg-passar-32-38-48mm-hallbar-och-stabil-svart\/#breadcrumb","itemListElement":[{"@type":"ListItem","position":1,"name":"Home","item":"https:\/\/truusk.store\/sv\/"},{"@type":"ListItem","position":2,"name":"Shop","item":"https:\/\/truusk.store\/shop\/"},{"@type":"ListItem","position":3,"name":"TRUUSK Parasollfot i Metall &#8211; Fyrkantig Parasollh\u00e5llare f\u00f6r Solparasoll &#8211; 18,5 kg &#8211; Passar 32\/38\/48mm &#8211; H\u00e5llbar och Stabil &#8211; Svart"}]},{"@type":"WebSite","@id":"https:\/\/truusk.store\/sv\/#website","url":"https:\/\/truusk.store\/sv\/","name":"TRUUSK - Hem, Tr\u00e4dg\u00e5rd & Fritid","description":"","publisher":{"@id":"https:\/\/truusk.store\/sv\/#organization"},"potentialAction":[{"@type":"SearchAction","target":{"@type":"EntryPoint","urlTemplate":"https:\/\/truusk.store\/sv\/?s={search_term_string}"},"query-input":{"@type":"PropertyValueSpecification","valueRequired":true,"valueName":"search_term_string"}}],"inLanguage":"sv-SE"},{"@type":"Organization","@id":"https:\/\/truusk.store\/sv\/#organization","name":"TRUUSK - Hem, Tr\u00e4dg\u00e5rd & Fritid","url":"https:\/\/truusk.store\/sv\/","logo":{"@type":"ImageObject","inLanguage":"sv-SE","@id":"https:\/\/truusk.store\/sv\/#\/schema\/logo\/image\/","url":"https:\/\/i0.wp.com\/truusk.store\/wp-content\/uploads\/2026\/03\/cropped-TRUUSK.png?fit=2032%2C917&ssl=1","contentUrl":"https:\/\/i0.wp.com\/truusk.store\/wp-content\/uploads\/2026\/03\/cropped-TRUUSK.png?fit=2032%2C917&ssl=1","width":2032,"height":917,"caption":"TRUUSK - Hem, Tr\u00e4dg\u00e5rd & Fritid"},"image":{"@id":"https:\/\/truusk.store\/sv\/#\/schema\/logo\/image\/"}}]}},"jetpack_sharing_enabled":true,"_links":{"self":[{"href":"https:\/\/truusk.store\/sv\/wp-json\/wp\/v2\/product\/82929","targetHints":{"allow":["GET"]}}],"collection":[{"href":"https:\/\/truusk.store\/sv\/wp-json\/wp\/v2\/product"}],"about":[{"href":"https:\/\/truusk.store\/sv\/wp-json\/wp\/v2\/types\/product"}],"wp:featuredmedia":[{"embeddable":true,"href":"https:\/\/truusk.store\/sv\/wp-json\/wp\/v2\/media\/82920"}],"wp:attachment":[{"href":"https:\/\/truusk.store\/sv\/wp-json\/wp\/v2\/media?parent=82929"}],"wp:term":[{"taxonomy":"product_brand","embeddable":true,"href":"https:\/\/truusk.store\/sv\/wp-json\/wp\/v2\/product_brand?post=82929"},{"taxonomy":"product_cat","embeddable":true,"href":"https:\/\/truusk.store\/sv\/wp-json\/wp\/v2\/product_cat?post=82929"},{"taxonomy":"product_tag","embeddable":true,"href":"https:\/\/truusk.store\/sv\/wp-json\/wp\/v2\/product_tag?post=82929"}],"curies":[{"name":"wp","href":"https:\/\/api.w.org\/{rel}","templated":true}]}}