{"id":82979,"date":"2025-07-09T13:04:12","date_gmt":"2025-07-09T12:04:12","guid":{"rendered":"https:\/\/truusk.store\/product\/campingbank-plast-utomhusbank-240-kg-barkapacitet-svart\/"},"modified":"2026-03-12T08:42:25","modified_gmt":"2026-03-12T07:42:25","slug":"truusk-campingbank-plast-utomhusbank-240-kg-barkapacitet-svart","status":"publish","type":"product","link":"https:\/\/truusk.store\/sv\/produkt\/truusk-campingbank-plast-utomhusbank-240-kg-barkapacitet-svart\/","title":{"rendered":"TRUUSK Campingb\u00e4nk &#8211; Plast Utomhusb\u00e4nk &#8211; 240 Kg B\u00e4rkapacitet &#8211; Svart"},"content":{"rendered":"<p>Upplev utomhuskul med TRUUSK campingb\u00e4nkar! Med sin vattent\u00e4ta HDPE-yta och ett stabilt, pulverlackerat ramverk erbjuder partyb\u00e4nken h\u00e5llbarhet och s\u00e4ker st\u00e4llning. Tack vare ledl\u00e5sningarna och halkfria dynor \u00e4r den s\u00e4rskilt s\u00e4ker och skonar golvet. F\u00f6r enkel transport kan f\u00e4llb\u00e4nken enkelt f\u00e4llas ihop &#8211; perfekt f\u00f6r camping eller som extra sittplats vid tr\u00e4dg\u00e5rdsfester!<\/p>\n<p>Beskrivning:<\/p>\n<ul>\n<li> HDPE-b\u00e4nkskivan p\u00e5 campingb\u00e4nkarna \u00e4r vattent\u00e4t, f\u00e4rgbest\u00e4ndig och l\u00e4tt att underh\u00e5lla<\/li>\n<li> Pulverlackerad ram och ledl\u00e5sningar erbjuder h\u00f6g stabilitet och styrka<\/li>\n<li> Halkfria dynor p\u00e5 f\u00e4llb\u00e4nken p\u00e5 benen skyddar dina golv fr\u00e5n skador<\/li>\n<li> Campingb\u00e4nken b\u00e4r upp till 240 kg, l\u00e4mplig f\u00f6r tung anv\u00e4ndning<\/li>\n<li> Kan halveras med ett handtag f\u00f6r enkel transport<\/li>\n<li> S\u00e4kerhetsl\u00e5s p\u00e5 campingb\u00e4nken f\u00f6rhindrar oavsiktligt ihopf\u00e4llning och garanterar s\u00e4ker anv\u00e4ndning<\/li>\n<li> 182 cm l\u00e4ngd rymmer 8 personer, m\u00e5ngsidigt anv\u00e4ndbar f\u00f6r olika evenemang<\/li>\n<li> Ingen montering kr\u00e4vs<\/li>\n<\/ul>\n<p> Tekniska data:<\/p>\n<ul>\n<li> F\u00e4rg: Svart<\/li>\n<li> Material: Metall, HDPE<\/li>\n<li> Totala dimensioner: 182L x 28B x 42H cm<\/li>\n<li> F\u00e4llm\u00e5tt: 92L x 28B x 7,5H cm<\/li>\n<li> Sitsstorlek: 182B x 28T x 42H cm<\/li>\n<li> B\u00e4rkapacitet: 240 kg<\/li>\n<\/ul>\n<p>Leveransinneh\u00e5ll:<\/p>\n<ul>\n<li> 2 x \u00f6lbank<\/li>\n<li> 1 x bruksanvisning<\/li>\n<\/ul>\n","protected":false},"excerpt":{"rendered":"<p>Upplev utomhuskul med TRUUSK campingb\u00e4nkar! Med sin vattent\u00e4ta HDPE-yta och ett stabilt, pulverlackerat ramverk erbjuder partyb\u00e4nken h\u00e5llbarhet och s\u00e4ker st\u00e4llning&#8230;.<\/p>\n","protected":false},"featured_media":82970,"template":"","meta":[],"product_brand":[],"product_cat":[858,450,456],"product_tag":[],"class_list":{"0":"post-82979","1":"product","2":"type-product","3":"status-publish","4":"has-post-thumbnail","6":"product_cat-tradgard-terrass","7":"product_cat-tradgardsmobler","8":"product_cat-tradgardsmobler-set","10":"first","11":"instock","12":"sale","13":"taxable","14":"shipping-taxable","15":"purchasable","16":"product-type-simple"},"yoast_head":"<!-- This site is optimized with the Yoast SEO plugin v25.4 - https:\/\/yoast.com\/wordpress\/plugins\/seo\/ -->\n<title>TRUUSK Campingb\u00e4nk - Plast Utomhusb\u00e4nk - 240 Kg B\u00e4rkapacitet - Svart - TRUUSK - Hem, Tr\u00e4dg\u00e5rd &amp; Fritid<\/title>\n<meta name=\"robots\" content=\"index, follow, max-snippet:-1, max-image-preview:large, max-video-preview:-1\" \/>\n<link rel=\"canonical\" href=\"https:\/\/truusk.store\/sv\/produkt\/truusk-campingbank-plast-utomhusbank-240-kg-barkapacitet-svart\/\" \/>\n<meta property=\"og:locale\" content=\"sv_SE\" \/>\n<meta property=\"og:type\" content=\"article\" \/>\n<meta property=\"og:title\" content=\"TRUUSK Campingb\u00e4nk - Plast Utomhusb\u00e4nk - 240 Kg B\u00e4rkapacitet - Svart - TRUUSK - Hem, Tr\u00e4dg\u00e5rd &amp; Fritid\" \/>\n<meta property=\"og:description\" content=\"Upplev utomhuskul med TRUUSK campingb\u00e4nkar! Med sin vattent\u00e4ta HDPE-yta och ett stabilt, pulverlackerat ramverk erbjuder partyb\u00e4nken h\u00e5llbarhet och s\u00e4ker st\u00e4llning....\" \/>\n<meta property=\"og:url\" content=\"https:\/\/truusk.store\/sv\/produkt\/truusk-campingbank-plast-utomhusbank-240-kg-barkapacitet-svart\/\" \/>\n<meta property=\"og:site_name\" content=\"TRUUSK - Hem, Tr\u00e4dg\u00e5rd &amp; Fritid\" \/>\n<meta property=\"article:modified_time\" content=\"2026-03-12T07:42:25+00:00\" \/>\n<meta property=\"og:image\" content=\"https:\/\/i0.wp.com\/truusk.se\/wp-content\/uploads\/2025\/07\/campingbank-plast-utomhusbank-240-kg-barkapacitet-svart-1.webp?fit=2000%2C2000&ssl=1\" \/>\n\t<meta property=\"og:image:width\" content=\"2000\" \/>\n\t<meta property=\"og:image:height\" content=\"2000\" \/>\n\t<meta property=\"og:image:type\" content=\"image\/webp\" \/>\n<meta name=\"twitter:card\" content=\"summary_large_image\" \/>\n<meta name=\"twitter:label1\" content=\"Ber\u00e4knad l\u00e4stid\" \/>\n\t<meta name=\"twitter:data1\" content=\"1 minut\" \/>\n<!-- \/ Yoast SEO plugin. -->","yoast_head_json":{"title":"TRUUSK Campingb\u00e4nk - Plast Utomhusb\u00e4nk - 240 Kg B\u00e4rkapacitet - Svart - TRUUSK - Hem, Tr\u00e4dg\u00e5rd &amp; Fritid","robots":{"index":"index","follow":"follow","max-snippet":"max-snippet:-1","max-image-preview":"max-image-preview:large","max-video-preview":"max-video-preview:-1"},"canonical":"https:\/\/truusk.store\/sv\/produkt\/truusk-campingbank-plast-utomhusbank-240-kg-barkapacitet-svart\/","og_locale":"sv_SE","og_type":"article","og_title":"TRUUSK Campingb\u00e4nk - Plast Utomhusb\u00e4nk - 240 Kg B\u00e4rkapacitet - Svart - TRUUSK - Hem, Tr\u00e4dg\u00e5rd &amp; Fritid","og_description":"Upplev utomhuskul med TRUUSK campingb\u00e4nkar! Med sin vattent\u00e4ta HDPE-yta och ett stabilt, pulverlackerat ramverk erbjuder partyb\u00e4nken h\u00e5llbarhet och s\u00e4ker st\u00e4llning....","og_url":"https:\/\/truusk.store\/sv\/produkt\/truusk-campingbank-plast-utomhusbank-240-kg-barkapacitet-svart\/","og_site_name":"TRUUSK - Hem, Tr\u00e4dg\u00e5rd &amp; Fritid","article_modified_time":"2026-03-12T07:42:25+00:00","og_image":[{"width":2000,"height":2000,"url":"https:\/\/i0.wp.com\/truusk.se\/wp-content\/uploads\/2025\/07\/campingbank-plast-utomhusbank-240-kg-barkapacitet-svart-1.webp?fit=2000%2C2000&ssl=1","type":"image\/webp"}],"twitter_card":"summary_large_image","twitter_misc":{"Ber\u00e4knad l\u00e4stid":"1 minut"},"schema":{"@context":"https:\/\/schema.org","@graph":[{"@type":"WebPage","@id":"https:\/\/truusk.store\/sv\/produkt\/truusk-campingbank-plast-utomhusbank-240-kg-barkapacitet-svart\/","url":"https:\/\/truusk.store\/sv\/produkt\/truusk-campingbank-plast-utomhusbank-240-kg-barkapacitet-svart\/","name":"TRUUSK Campingb\u00e4nk - Plast Utomhusb\u00e4nk - 240 Kg B\u00e4rkapacitet - Svart - TRUUSK - Hem, Tr\u00e4dg\u00e5rd &amp; Fritid","isPartOf":{"@id":"https:\/\/truusk.store\/sv\/#website"},"primaryImageOfPage":{"@id":"https:\/\/truusk.store\/sv\/produkt\/truusk-campingbank-plast-utomhusbank-240-kg-barkapacitet-svart\/#primaryimage"},"image":{"@id":"https:\/\/truusk.store\/sv\/produkt\/truusk-campingbank-plast-utomhusbank-240-kg-barkapacitet-svart\/#primaryimage"},"thumbnailUrl":"https:\/\/i0.wp.com\/truusk.store\/wp-content\/uploads\/2025\/07\/campingbank-plast-utomhusbank-240-kg-barkapacitet-svart-1.webp?fit=2000%2C2000&ssl=1","datePublished":"2025-07-09T12:04:12+00:00","dateModified":"2026-03-12T07:42:25+00:00","breadcrumb":{"@id":"https:\/\/truusk.store\/sv\/produkt\/truusk-campingbank-plast-utomhusbank-240-kg-barkapacitet-svart\/#breadcrumb"},"inLanguage":"sv-SE","potentialAction":[{"@type":"ReadAction","target":["https:\/\/truusk.store\/sv\/produkt\/truusk-campingbank-plast-utomhusbank-240-kg-barkapacitet-svart\/"]}]},{"@type":"ImageObject","inLanguage":"sv-SE","@id":"https:\/\/truusk.store\/sv\/produkt\/truusk-campingbank-plast-utomhusbank-240-kg-barkapacitet-svart\/#primaryimage","url":"https:\/\/i0.wp.com\/truusk.store\/wp-content\/uploads\/2025\/07\/campingbank-plast-utomhusbank-240-kg-barkapacitet-svart-1.webp?fit=2000%2C2000&ssl=1","contentUrl":"https:\/\/i0.wp.com\/truusk.store\/wp-content\/uploads\/2025\/07\/campingbank-plast-utomhusbank-240-kg-barkapacitet-svart-1.webp?fit=2000%2C2000&ssl=1","width":2000,"height":2000},{"@type":"BreadcrumbList","@id":"https:\/\/truusk.store\/sv\/produkt\/truusk-campingbank-plast-utomhusbank-240-kg-barkapacitet-svart\/#breadcrumb","itemListElement":[{"@type":"ListItem","position":1,"name":"Home","item":"https:\/\/truusk.store\/sv\/"},{"@type":"ListItem","position":2,"name":"Shop","item":"https:\/\/truusk.store\/shop\/"},{"@type":"ListItem","position":3,"name":"TRUUSK Campingb\u00e4nk &#8211; Plast Utomhusb\u00e4nk &#8211; 240 Kg B\u00e4rkapacitet &#8211; Svart"}]},{"@type":"WebSite","@id":"https:\/\/truusk.store\/sv\/#website","url":"https:\/\/truusk.store\/sv\/","name":"TRUUSK - Hem, Tr\u00e4dg\u00e5rd & Fritid","description":"","publisher":{"@id":"https:\/\/truusk.store\/sv\/#organization"},"potentialAction":[{"@type":"SearchAction","target":{"@type":"EntryPoint","urlTemplate":"https:\/\/truusk.store\/sv\/?s={search_term_string}"},"query-input":{"@type":"PropertyValueSpecification","valueRequired":true,"valueName":"search_term_string"}}],"inLanguage":"sv-SE"},{"@type":"Organization","@id":"https:\/\/truusk.store\/sv\/#organization","name":"TRUUSK - Hem, Tr\u00e4dg\u00e5rd & Fritid","url":"https:\/\/truusk.store\/sv\/","logo":{"@type":"ImageObject","inLanguage":"sv-SE","@id":"https:\/\/truusk.store\/sv\/#\/schema\/logo\/image\/","url":"https:\/\/i0.wp.com\/truusk.store\/wp-content\/uploads\/2026\/03\/cropped-TRUUSK.png?fit=2032%2C917&ssl=1","contentUrl":"https:\/\/i0.wp.com\/truusk.store\/wp-content\/uploads\/2026\/03\/cropped-TRUUSK.png?fit=2032%2C917&ssl=1","width":2032,"height":917,"caption":"TRUUSK - Hem, Tr\u00e4dg\u00e5rd & Fritid"},"image":{"@id":"https:\/\/truusk.store\/sv\/#\/schema\/logo\/image\/"}}]}},"jetpack_sharing_enabled":true,"_links":{"self":[{"href":"https:\/\/truusk.store\/sv\/wp-json\/wp\/v2\/product\/82979","targetHints":{"allow":["GET"]}}],"collection":[{"href":"https:\/\/truusk.store\/sv\/wp-json\/wp\/v2\/product"}],"about":[{"href":"https:\/\/truusk.store\/sv\/wp-json\/wp\/v2\/types\/product"}],"wp:featuredmedia":[{"embeddable":true,"href":"https:\/\/truusk.store\/sv\/wp-json\/wp\/v2\/media\/82970"}],"wp:attachment":[{"href":"https:\/\/truusk.store\/sv\/wp-json\/wp\/v2\/media?parent=82979"}],"wp:term":[{"taxonomy":"product_brand","embeddable":true,"href":"https:\/\/truusk.store\/sv\/wp-json\/wp\/v2\/product_brand?post=82979"},{"taxonomy":"product_cat","embeddable":true,"href":"https:\/\/truusk.store\/sv\/wp-json\/wp\/v2\/product_cat?post=82979"},{"taxonomy":"product_tag","embeddable":true,"href":"https:\/\/truusk.store\/sv\/wp-json\/wp\/v2\/product_tag?post=82979"}],"curies":[{"name":"wp","href":"https:\/\/api.w.org\/{rel}","templated":true}]}}