{"id":82989,"date":"2025-07-09T13:05:05","date_gmt":"2025-07-09T12:05:05","guid":{"rendered":"https:\/\/truusk.store\/product\/picknickbord-och-bankar-3-delat-set-hopfallbart-plast-metall-svart\/"},"modified":"2026-03-12T08:42:28","modified_gmt":"2026-03-12T07:42:28","slug":"truusk-picknickbord-och-bankar-3-delat-set-hopfallbart-svart-praktiskt-for-utflykter-hallbart-material","status":"publish","type":"product","link":"https:\/\/truusk.store\/sv\/produkt\/truusk-picknickbord-och-bankar-3-delat-set-hopfallbart-svart-praktiskt-for-utflykter-hallbart-material\/","title":{"rendered":"TRUUSK Picknickbord och B\u00e4nkar &#8211; 3-delat Set &#8211; Hopf\u00e4llbart &#8211; Svart &#8211; Praktiskt f\u00f6r utflykter &#8211; H\u00e5llbart Material"},"content":{"rendered":"<p>Upplev stilen med TRUUSK B\u00e4rbara \u00f6lbankset: Elegans kombinerat med praktisk funktion. Detta hopf\u00e4llbara bord med rattan-look och b\u00e4nkar f\u00f6rsk\u00f6nar alla omr\u00e5den. Utrustad med en vattent\u00e4t HDPE-yta och ett korrosionsbest\u00e4ndigt ramverk, \u00e4r \u00f6lbanksetet perfekt f\u00f6r utomhus och inomhus. L\u00e4tt att f\u00e4lla ihop, erbjuder det stilfull bekv\u00e4mlighet.<\/p>\n<p>Beskrivning:<\/p>\n<ul>\n<li> Rattan-effektdesignen ger elegans till alla utomhusmilj\u00f6er<\/li>\n<li> Det tredelade setet inkluderar ett bord och tv\u00e5 b\u00e4nkar f\u00f6r familjeutflykter<\/li>\n<li> B\u00e4nkytan \u00e4r gjord av vattent\u00e4t, f\u00e4rg\u00e4kta HDPE f\u00f6r enkel v\u00e5rd<\/li>\n<li> Pulverlackerad ram av \u00f6lbanksetet \u00e4r korrosionsbest\u00e4ndig, \u00f6kar s\u00e4kerhet och stabilitet<\/li>\n<li> Kopplings- och s\u00e4kerhetsl\u00e5s f\u00f6rhindrar oavsiktlig hopf\u00e4llning och \u00f6kar stabiliteten<\/li>\n<li> Halkfria kuddar p\u00e5 festt\u00e4ltsetets ben skyddar golvet och ger en s\u00e4ker st\u00e5nd<\/li>\n<li> L\u00e4tt att f\u00e4lla ihop med handtag f\u00f6r snabb uppbyggnad och lagring<\/li>\n<li> Ingen montering kr\u00e4vs<\/li>\n<\/ul>\n<p>Tekniska data:<\/p>\n<ul>\n<li> F\u00e4rg: Svart+Brun<\/li>\n<li> Material: Metall, HDPE<\/li>\n<li> Bordets dimensioner: 180L x 74B x 74H cm<\/li>\n<li> Stolens dimensioner: 182L x 28B x 42H cm<\/li>\n<li> Hopf\u00e4llda m\u00e5tt: 92L x 74B x 7H cm (bord), 92L x 28B x 7,5H cm (stol)<\/li>\n<li> Bordsskivans storlek: 180L x 74B cm<\/li>\n<li> Bordsskivans h\u00f6jd: 74 cm<\/li>\n<li> Sitsstorlek: 182B x 28T x 42H cm<\/li>\n<li> B\u00e4rkapacitet: 240 kg (stol), 50 kg (bord)<\/li>\n<\/ul>\n<p>Leveransinneh\u00e5ll:<\/p>\n<ul>\n<li> 1 x Bord<\/li>\n<li> 2 x Stol<\/li>\n<li> 1 x Handbok<\/li>\n<\/ul>\n","protected":false},"excerpt":{"rendered":"<p>Upplev stilen med TRUUSK B\u00e4rbara \u00f6lbankset: Elegans kombinerat med praktisk funktion. Detta hopf\u00e4llbara bord med rattan-look och b\u00e4nkar f\u00f6rsk\u00f6nar alla&#8230;<\/p>\n","protected":false},"featured_media":82980,"template":"","meta":[],"product_brand":[],"product_cat":[648,649,647],"product_tag":[],"class_list":{"0":"post-82989","1":"product","2":"type-product","3":"status-publish","4":"has-post-thumbnail","6":"product_cat-camping-tillbehor","7":"product_cat-campingbord","8":"product_cat-sport-fritid","10":"first","11":"instock","12":"sale","13":"taxable","14":"shipping-taxable","15":"purchasable","16":"product-type-simple"},"yoast_head":"<!-- This site is optimized with the Yoast SEO plugin v25.4 - https:\/\/yoast.com\/wordpress\/plugins\/seo\/ -->\n<title>TRUUSK Picknickbord och B\u00e4nkar - 3-delat Set - Hopf\u00e4llbart - Svart - Praktiskt f\u00f6r utflykter - H\u00e5llbart Material - TRUUSK - Hem, Tr\u00e4dg\u00e5rd &amp; Fritid<\/title>\n<meta name=\"robots\" content=\"index, follow, max-snippet:-1, max-image-preview:large, max-video-preview:-1\" \/>\n<link rel=\"canonical\" href=\"https:\/\/truusk.store\/sv\/produkt\/truusk-picknickbord-och-bankar-3-delat-set-hopfallbart-svart-praktiskt-for-utflykter-hallbart-material\/\" \/>\n<meta property=\"og:locale\" content=\"sv_SE\" \/>\n<meta property=\"og:type\" content=\"article\" \/>\n<meta property=\"og:title\" content=\"TRUUSK Picknickbord och B\u00e4nkar - 3-delat Set - Hopf\u00e4llbart - Svart - Praktiskt f\u00f6r utflykter - H\u00e5llbart Material - TRUUSK - Hem, Tr\u00e4dg\u00e5rd &amp; Fritid\" \/>\n<meta property=\"og:description\" content=\"Upplev stilen med TRUUSK B\u00e4rbara \u00f6lbankset: Elegans kombinerat med praktisk funktion. Detta hopf\u00e4llbara bord med rattan-look och b\u00e4nkar f\u00f6rsk\u00f6nar alla...\" \/>\n<meta property=\"og:url\" content=\"https:\/\/truusk.store\/sv\/produkt\/truusk-picknickbord-och-bankar-3-delat-set-hopfallbart-svart-praktiskt-for-utflykter-hallbart-material\/\" \/>\n<meta property=\"og:site_name\" content=\"TRUUSK - Hem, Tr\u00e4dg\u00e5rd &amp; Fritid\" \/>\n<meta property=\"article:modified_time\" content=\"2026-03-12T07:42:28+00:00\" \/>\n<meta property=\"og:image\" content=\"https:\/\/i0.wp.com\/truusk.se\/wp-content\/uploads\/2025\/07\/picknickbord-och-bankar-3-delat-set-hopfallbart-plast-metall-svart-1.webp?fit=2000%2C2000&ssl=1\" \/>\n\t<meta property=\"og:image:width\" content=\"2000\" \/>\n\t<meta property=\"og:image:height\" content=\"2000\" \/>\n\t<meta property=\"og:image:type\" content=\"image\/webp\" \/>\n<meta name=\"twitter:card\" content=\"summary_large_image\" \/>\n<meta name=\"twitter:label1\" content=\"Ber\u00e4knad l\u00e4stid\" \/>\n\t<meta name=\"twitter:data1\" content=\"1 minut\" \/>\n<!-- \/ Yoast SEO plugin. -->","yoast_head_json":{"title":"TRUUSK Picknickbord och B\u00e4nkar - 3-delat Set - Hopf\u00e4llbart - Svart - Praktiskt f\u00f6r utflykter - H\u00e5llbart Material - TRUUSK - Hem, Tr\u00e4dg\u00e5rd &amp; Fritid","robots":{"index":"index","follow":"follow","max-snippet":"max-snippet:-1","max-image-preview":"max-image-preview:large","max-video-preview":"max-video-preview:-1"},"canonical":"https:\/\/truusk.store\/sv\/produkt\/truusk-picknickbord-och-bankar-3-delat-set-hopfallbart-svart-praktiskt-for-utflykter-hallbart-material\/","og_locale":"sv_SE","og_type":"article","og_title":"TRUUSK Picknickbord och B\u00e4nkar - 3-delat Set - Hopf\u00e4llbart - Svart - Praktiskt f\u00f6r utflykter - H\u00e5llbart Material - TRUUSK - Hem, Tr\u00e4dg\u00e5rd &amp; Fritid","og_description":"Upplev stilen med TRUUSK B\u00e4rbara \u00f6lbankset: Elegans kombinerat med praktisk funktion. Detta hopf\u00e4llbara bord med rattan-look och b\u00e4nkar f\u00f6rsk\u00f6nar alla...","og_url":"https:\/\/truusk.store\/sv\/produkt\/truusk-picknickbord-och-bankar-3-delat-set-hopfallbart-svart-praktiskt-for-utflykter-hallbart-material\/","og_site_name":"TRUUSK - Hem, Tr\u00e4dg\u00e5rd &amp; Fritid","article_modified_time":"2026-03-12T07:42:28+00:00","og_image":[{"width":2000,"height":2000,"url":"https:\/\/i0.wp.com\/truusk.se\/wp-content\/uploads\/2025\/07\/picknickbord-och-bankar-3-delat-set-hopfallbart-plast-metall-svart-1.webp?fit=2000%2C2000&ssl=1","type":"image\/webp"}],"twitter_card":"summary_large_image","twitter_misc":{"Ber\u00e4knad l\u00e4stid":"1 minut"},"schema":{"@context":"https:\/\/schema.org","@graph":[{"@type":"WebPage","@id":"https:\/\/truusk.store\/sv\/produkt\/truusk-picknickbord-och-bankar-3-delat-set-hopfallbart-svart-praktiskt-for-utflykter-hallbart-material\/","url":"https:\/\/truusk.store\/sv\/produkt\/truusk-picknickbord-och-bankar-3-delat-set-hopfallbart-svart-praktiskt-for-utflykter-hallbart-material\/","name":"TRUUSK Picknickbord och B\u00e4nkar - 3-delat Set - Hopf\u00e4llbart - Svart - Praktiskt f\u00f6r utflykter - H\u00e5llbart Material - TRUUSK - Hem, Tr\u00e4dg\u00e5rd &amp; Fritid","isPartOf":{"@id":"https:\/\/truusk.store\/sv\/#website"},"primaryImageOfPage":{"@id":"https:\/\/truusk.store\/sv\/produkt\/truusk-picknickbord-och-bankar-3-delat-set-hopfallbart-svart-praktiskt-for-utflykter-hallbart-material\/#primaryimage"},"image":{"@id":"https:\/\/truusk.store\/sv\/produkt\/truusk-picknickbord-och-bankar-3-delat-set-hopfallbart-svart-praktiskt-for-utflykter-hallbart-material\/#primaryimage"},"thumbnailUrl":"https:\/\/i0.wp.com\/truusk.store\/wp-content\/uploads\/2025\/07\/picknickbord-och-bankar-3-delat-set-hopfallbart-plast-metall-svart-1.webp?fit=2000%2C2000&ssl=1","datePublished":"2025-07-09T12:05:05+00:00","dateModified":"2026-03-12T07:42:28+00:00","breadcrumb":{"@id":"https:\/\/truusk.store\/sv\/produkt\/truusk-picknickbord-och-bankar-3-delat-set-hopfallbart-svart-praktiskt-for-utflykter-hallbart-material\/#breadcrumb"},"inLanguage":"sv-SE","potentialAction":[{"@type":"ReadAction","target":["https:\/\/truusk.store\/sv\/produkt\/truusk-picknickbord-och-bankar-3-delat-set-hopfallbart-svart-praktiskt-for-utflykter-hallbart-material\/"]}]},{"@type":"ImageObject","inLanguage":"sv-SE","@id":"https:\/\/truusk.store\/sv\/produkt\/truusk-picknickbord-och-bankar-3-delat-set-hopfallbart-svart-praktiskt-for-utflykter-hallbart-material\/#primaryimage","url":"https:\/\/i0.wp.com\/truusk.store\/wp-content\/uploads\/2025\/07\/picknickbord-och-bankar-3-delat-set-hopfallbart-plast-metall-svart-1.webp?fit=2000%2C2000&ssl=1","contentUrl":"https:\/\/i0.wp.com\/truusk.store\/wp-content\/uploads\/2025\/07\/picknickbord-och-bankar-3-delat-set-hopfallbart-plast-metall-svart-1.webp?fit=2000%2C2000&ssl=1","width":2000,"height":2000},{"@type":"BreadcrumbList","@id":"https:\/\/truusk.store\/sv\/produkt\/truusk-picknickbord-och-bankar-3-delat-set-hopfallbart-svart-praktiskt-for-utflykter-hallbart-material\/#breadcrumb","itemListElement":[{"@type":"ListItem","position":1,"name":"Home","item":"https:\/\/truusk.store\/sv\/"},{"@type":"ListItem","position":2,"name":"Shop","item":"https:\/\/truusk.store\/shop\/"},{"@type":"ListItem","position":3,"name":"TRUUSK Picknickbord och B\u00e4nkar &#8211; 3-delat Set &#8211; Hopf\u00e4llbart &#8211; Svart &#8211; Praktiskt f\u00f6r utflykter &#8211; H\u00e5llbart Material"}]},{"@type":"WebSite","@id":"https:\/\/truusk.store\/sv\/#website","url":"https:\/\/truusk.store\/sv\/","name":"TRUUSK - Hem, Tr\u00e4dg\u00e5rd & Fritid","description":"","publisher":{"@id":"https:\/\/truusk.store\/sv\/#organization"},"potentialAction":[{"@type":"SearchAction","target":{"@type":"EntryPoint","urlTemplate":"https:\/\/truusk.store\/sv\/?s={search_term_string}"},"query-input":{"@type":"PropertyValueSpecification","valueRequired":true,"valueName":"search_term_string"}}],"inLanguage":"sv-SE"},{"@type":"Organization","@id":"https:\/\/truusk.store\/sv\/#organization","name":"TRUUSK - Hem, Tr\u00e4dg\u00e5rd & Fritid","url":"https:\/\/truusk.store\/sv\/","logo":{"@type":"ImageObject","inLanguage":"sv-SE","@id":"https:\/\/truusk.store\/sv\/#\/schema\/logo\/image\/","url":"https:\/\/i0.wp.com\/truusk.store\/wp-content\/uploads\/2026\/03\/cropped-TRUUSK.png?fit=2032%2C917&ssl=1","contentUrl":"https:\/\/i0.wp.com\/truusk.store\/wp-content\/uploads\/2026\/03\/cropped-TRUUSK.png?fit=2032%2C917&ssl=1","width":2032,"height":917,"caption":"TRUUSK - Hem, Tr\u00e4dg\u00e5rd & Fritid"},"image":{"@id":"https:\/\/truusk.store\/sv\/#\/schema\/logo\/image\/"}}]}},"jetpack_sharing_enabled":true,"_links":{"self":[{"href":"https:\/\/truusk.store\/sv\/wp-json\/wp\/v2\/product\/82989","targetHints":{"allow":["GET"]}}],"collection":[{"href":"https:\/\/truusk.store\/sv\/wp-json\/wp\/v2\/product"}],"about":[{"href":"https:\/\/truusk.store\/sv\/wp-json\/wp\/v2\/types\/product"}],"wp:featuredmedia":[{"embeddable":true,"href":"https:\/\/truusk.store\/sv\/wp-json\/wp\/v2\/media\/82980"}],"wp:attachment":[{"href":"https:\/\/truusk.store\/sv\/wp-json\/wp\/v2\/media?parent=82989"}],"wp:term":[{"taxonomy":"product_brand","embeddable":true,"href":"https:\/\/truusk.store\/sv\/wp-json\/wp\/v2\/product_brand?post=82989"},{"taxonomy":"product_cat","embeddable":true,"href":"https:\/\/truusk.store\/sv\/wp-json\/wp\/v2\/product_cat?post=82989"},{"taxonomy":"product_tag","embeddable":true,"href":"https:\/\/truusk.store\/sv\/wp-json\/wp\/v2\/product_tag?post=82989"}],"curies":[{"name":"wp","href":"https:\/\/api.w.org\/{rel}","templated":true}]}}