{"id":83020,"date":"2025-07-09T20:32:56","date_gmt":"2025-07-09T19:32:56","guid":{"rendered":"https:\/\/truusk.store\/product\/koksskap-i-lantlig-stil-1-vitrin-1-oppen-hylla-1-lada-2-skap-natur-vit\/"},"modified":"2026-03-12T09:46:10","modified_gmt":"2026-03-12T08:46:10","slug":"truusk-koksskap-i-lantlig-stil-1-vitrin-1-oppen-hylla-1-lada-2-skap-natur-vit","status":"publish","type":"product","link":"https:\/\/truusk.store\/sv\/produkt\/truusk-koksskap-i-lantlig-stil-1-vitrin-1-oppen-hylla-1-lada-2-skap-natur-vit\/","title":{"rendered":"TRUUSK K\u00f6kssk\u00e5p i Lantlig Stil &#8211; 1 Vitrin &#8211; 1 \u00f6ppen Hylla &#8211; 1 L\u00e5da &#8211; 2 Sk\u00e5p &#8211; Natur + Vit"},"content":{"rendered":"<p>Njut av din tid i k\u00f6ket utan platsproblem. V\u00e5rt TRUUSK k\u00f6kssk\u00e5p skapar ordning och \u00f6versikt. Inget mer besv\u00e4rligt staplande av kastruller och stekpannor. Med tillr\u00e4ckligt f\u00f6rvaringsutrymme vet du alltid var allt \u00e4r och kan enkelt komma \u00e5t det. Laga mat och underh\u00e5ll stressfritt tack vare det praktiska k\u00f6kssk\u00e5pet fr\u00e5n TRUUSK. Med detta k\u00f6kssk\u00e5p blir din l\u00e4genhet ett mysigt hem.<\/p>\n<p>Beskrivning:<\/p>\n<ul>\n<li> Modern design med elegant kontrast av vitt och tr\u00e4korn, accentuerat av glas och inbyggda d\u00f6rrpaneler<\/li>\n<li> Gener\u00f6st f\u00f6rvaringsutrymme i sk\u00e5p och en \u00f6ppen hylla f\u00f6r porslin, kastruller, stekpannor, f\u00f6rn\u00f6denheter och apparater<\/li>\n<li> Praktisk arbetsyta f\u00f6r mikrov\u00e5gsugn, br\u00f6drost och kaffemaskin<\/li>\n<li> Justerbara hyllor f\u00f6r flexibel f\u00f6rvaring av stora f\u00f6rem\u00e5l<\/li>\n<li> L\u00e5dor f\u00f6r enkel \u00e5tkomst<\/li>\n<li> Lackad yta f\u00f6r robusthet och enkel reng\u00f6ring<\/li>\n<li> Kabelhantering f\u00f6r en prydlig arbetsplats<\/li>\n<li> Justerbara g\u00e5ngj\u00e4rn f\u00f6r perfekt d\u00f6rranpassning<\/li>\n<li> Tipp-s\u00e4kerhet och extra fotst\u00f6d f\u00f6r \u00f6kad stabilitet<\/li>\n<li> Enkel montering, omedelbart mer ordning i ditt k\u00f6k.<\/li>\n<\/ul>\n<p> Tekniska data:<\/p>\n<ul>\n<li> F\u00e4rg: Vit<\/li>\n<li> Material: MDF, sp\u00e5nskiva<\/li>\n<li> Totala dimensioner: 100L x 40B x 180H cm<\/li>\n<li> \u00d6ppet f\u00f6rvaringsutrymme: (\u00f6vre h\u00f6ger) 29,9L x 19,4B x 20,8\/20,9H cm<\/li>\n<li> \u00d6ppen b\u00e4nkyta: 100B x 40T cm<\/li>\n<li> H\u00f6jd p\u00e5 \u00f6ppen b\u00e4nk: (till \u00f6vre sk\u00e5p)34,6 cm<\/li>\n<li> L\u00e5dstorlek (inuti): 52,2L x 28,7B x 13,4H cm<\/li>\n<li> Viktkapacitet: 65 kg (totalt), 20 kg (b\u00e4nk), 5 kg (hylla), 5 kg (l\u00e5da)<\/li>\n<\/ul>\n<p>Leveransinneh\u00e5ll:<\/p>\n<ul>\n<li>1 x k\u00f6kssk\u00e5p<\/li>\n<li>1 x instruktion<\/li>\n<\/ul>\n","protected":false},"excerpt":{"rendered":"<p>Njut av din tid i k\u00f6ket utan platsproblem. V\u00e5rt TRUUSK k\u00f6kssk\u00e5p skapar ordning och \u00f6versikt. Inget mer besv\u00e4rligt staplande av&#8230;<\/p>\n","protected":false},"featured_media":83011,"template":"","meta":[],"product_brand":[],"product_cat":[871,889,534],"product_tag":[],"class_list":{"0":"post-83020","1":"product","2":"type-product","3":"status-publish","4":"has-post-thumbnail","6":"product_cat-hus-hem","7":"product_cat-kok-matsal","8":"product_cat-koksskap","10":"first","11":"instock","12":"sale","13":"taxable","14":"shipping-taxable","15":"purchasable","16":"product-type-simple"},"yoast_head":"<!-- This site is optimized with the Yoast SEO plugin v25.4 - https:\/\/yoast.com\/wordpress\/plugins\/seo\/ -->\n<title>TRUUSK K\u00f6kssk\u00e5p i Lantlig Stil - 1 Vitrin - 1 \u00f6ppen Hylla - 1 L\u00e5da - 2 Sk\u00e5p - Natur + Vit - TRUUSK - Hem, Tr\u00e4dg\u00e5rd &amp; Fritid<\/title>\n<meta name=\"robots\" content=\"index, follow, max-snippet:-1, max-image-preview:large, max-video-preview:-1\" \/>\n<link rel=\"canonical\" href=\"https:\/\/truusk.store\/sv\/produkt\/truusk-koksskap-i-lantlig-stil-1-vitrin-1-oppen-hylla-1-lada-2-skap-natur-vit\/\" \/>\n<meta property=\"og:locale\" content=\"sv_SE\" \/>\n<meta property=\"og:type\" content=\"article\" \/>\n<meta property=\"og:title\" content=\"TRUUSK K\u00f6kssk\u00e5p i Lantlig Stil - 1 Vitrin - 1 \u00f6ppen Hylla - 1 L\u00e5da - 2 Sk\u00e5p - Natur + Vit - TRUUSK - Hem, Tr\u00e4dg\u00e5rd &amp; Fritid\" \/>\n<meta property=\"og:description\" content=\"Njut av din tid i k\u00f6ket utan platsproblem. V\u00e5rt TRUUSK k\u00f6kssk\u00e5p skapar ordning och \u00f6versikt. Inget mer besv\u00e4rligt staplande av...\" \/>\n<meta property=\"og:url\" content=\"https:\/\/truusk.store\/sv\/produkt\/truusk-koksskap-i-lantlig-stil-1-vitrin-1-oppen-hylla-1-lada-2-skap-natur-vit\/\" \/>\n<meta property=\"og:site_name\" content=\"TRUUSK - Hem, Tr\u00e4dg\u00e5rd &amp; Fritid\" \/>\n<meta property=\"article:modified_time\" content=\"2026-03-12T08:46:10+00:00\" \/>\n<meta property=\"og:image\" content=\"https:\/\/i0.wp.com\/truusk.se\/wp-content\/uploads\/2025\/07\/koksskap-i-lantlig-stil-1-vitrin-1-oppen-hylla-1-lada-2-skap-natur-vit-1.webp?fit=2000%2C2000&ssl=1\" \/>\n\t<meta property=\"og:image:width\" content=\"2000\" \/>\n\t<meta property=\"og:image:height\" content=\"2000\" \/>\n\t<meta property=\"og:image:type\" content=\"image\/webp\" \/>\n<meta name=\"twitter:card\" content=\"summary_large_image\" \/>\n<meta name=\"twitter:label1\" content=\"Ber\u00e4knad l\u00e4stid\" \/>\n\t<meta name=\"twitter:data1\" content=\"1 minut\" \/>\n<!-- \/ Yoast SEO plugin. -->","yoast_head_json":{"title":"TRUUSK K\u00f6kssk\u00e5p i Lantlig Stil - 1 Vitrin - 1 \u00f6ppen Hylla - 1 L\u00e5da - 2 Sk\u00e5p - Natur + Vit - TRUUSK - Hem, Tr\u00e4dg\u00e5rd &amp; Fritid","robots":{"index":"index","follow":"follow","max-snippet":"max-snippet:-1","max-image-preview":"max-image-preview:large","max-video-preview":"max-video-preview:-1"},"canonical":"https:\/\/truusk.store\/sv\/produkt\/truusk-koksskap-i-lantlig-stil-1-vitrin-1-oppen-hylla-1-lada-2-skap-natur-vit\/","og_locale":"sv_SE","og_type":"article","og_title":"TRUUSK K\u00f6kssk\u00e5p i Lantlig Stil - 1 Vitrin - 1 \u00f6ppen Hylla - 1 L\u00e5da - 2 Sk\u00e5p - Natur + Vit - TRUUSK - Hem, Tr\u00e4dg\u00e5rd &amp; Fritid","og_description":"Njut av din tid i k\u00f6ket utan platsproblem. V\u00e5rt TRUUSK k\u00f6kssk\u00e5p skapar ordning och \u00f6versikt. Inget mer besv\u00e4rligt staplande av...","og_url":"https:\/\/truusk.store\/sv\/produkt\/truusk-koksskap-i-lantlig-stil-1-vitrin-1-oppen-hylla-1-lada-2-skap-natur-vit\/","og_site_name":"TRUUSK - Hem, Tr\u00e4dg\u00e5rd &amp; Fritid","article_modified_time":"2026-03-12T08:46:10+00:00","og_image":[{"width":2000,"height":2000,"url":"https:\/\/i0.wp.com\/truusk.se\/wp-content\/uploads\/2025\/07\/koksskap-i-lantlig-stil-1-vitrin-1-oppen-hylla-1-lada-2-skap-natur-vit-1.webp?fit=2000%2C2000&ssl=1","type":"image\/webp"}],"twitter_card":"summary_large_image","twitter_misc":{"Ber\u00e4knad l\u00e4stid":"1 minut"},"schema":{"@context":"https:\/\/schema.org","@graph":[{"@type":"WebPage","@id":"https:\/\/truusk.store\/sv\/produkt\/truusk-koksskap-i-lantlig-stil-1-vitrin-1-oppen-hylla-1-lada-2-skap-natur-vit\/","url":"https:\/\/truusk.store\/sv\/produkt\/truusk-koksskap-i-lantlig-stil-1-vitrin-1-oppen-hylla-1-lada-2-skap-natur-vit\/","name":"TRUUSK K\u00f6kssk\u00e5p i Lantlig Stil - 1 Vitrin - 1 \u00f6ppen Hylla - 1 L\u00e5da - 2 Sk\u00e5p - Natur + Vit - TRUUSK - Hem, Tr\u00e4dg\u00e5rd &amp; Fritid","isPartOf":{"@id":"https:\/\/truusk.store\/sv\/#website"},"primaryImageOfPage":{"@id":"https:\/\/truusk.store\/sv\/produkt\/truusk-koksskap-i-lantlig-stil-1-vitrin-1-oppen-hylla-1-lada-2-skap-natur-vit\/#primaryimage"},"image":{"@id":"https:\/\/truusk.store\/sv\/produkt\/truusk-koksskap-i-lantlig-stil-1-vitrin-1-oppen-hylla-1-lada-2-skap-natur-vit\/#primaryimage"},"thumbnailUrl":"https:\/\/i0.wp.com\/truusk.store\/wp-content\/uploads\/2025\/07\/koksskap-i-lantlig-stil-1-vitrin-1-oppen-hylla-1-lada-2-skap-natur-vit-1.webp?fit=2000%2C2000&ssl=1","datePublished":"2025-07-09T19:32:56+00:00","dateModified":"2026-03-12T08:46:10+00:00","breadcrumb":{"@id":"https:\/\/truusk.store\/sv\/produkt\/truusk-koksskap-i-lantlig-stil-1-vitrin-1-oppen-hylla-1-lada-2-skap-natur-vit\/#breadcrumb"},"inLanguage":"sv-SE","potentialAction":[{"@type":"ReadAction","target":["https:\/\/truusk.store\/sv\/produkt\/truusk-koksskap-i-lantlig-stil-1-vitrin-1-oppen-hylla-1-lada-2-skap-natur-vit\/"]}]},{"@type":"ImageObject","inLanguage":"sv-SE","@id":"https:\/\/truusk.store\/sv\/produkt\/truusk-koksskap-i-lantlig-stil-1-vitrin-1-oppen-hylla-1-lada-2-skap-natur-vit\/#primaryimage","url":"https:\/\/i0.wp.com\/truusk.store\/wp-content\/uploads\/2025\/07\/koksskap-i-lantlig-stil-1-vitrin-1-oppen-hylla-1-lada-2-skap-natur-vit-1.webp?fit=2000%2C2000&ssl=1","contentUrl":"https:\/\/i0.wp.com\/truusk.store\/wp-content\/uploads\/2025\/07\/koksskap-i-lantlig-stil-1-vitrin-1-oppen-hylla-1-lada-2-skap-natur-vit-1.webp?fit=2000%2C2000&ssl=1","width":2000,"height":2000},{"@type":"BreadcrumbList","@id":"https:\/\/truusk.store\/sv\/produkt\/truusk-koksskap-i-lantlig-stil-1-vitrin-1-oppen-hylla-1-lada-2-skap-natur-vit\/#breadcrumb","itemListElement":[{"@type":"ListItem","position":1,"name":"Home","item":"https:\/\/truusk.store\/sv\/"},{"@type":"ListItem","position":2,"name":"Shop","item":"https:\/\/truusk.store\/shop\/"},{"@type":"ListItem","position":3,"name":"TRUUSK K\u00f6kssk\u00e5p i Lantlig Stil &#8211; 1 Vitrin &#8211; 1 \u00f6ppen Hylla &#8211; 1 L\u00e5da &#8211; 2 Sk\u00e5p &#8211; Natur + Vit"}]},{"@type":"WebSite","@id":"https:\/\/truusk.store\/sv\/#website","url":"https:\/\/truusk.store\/sv\/","name":"TRUUSK - Hem, Tr\u00e4dg\u00e5rd & Fritid","description":"","publisher":{"@id":"https:\/\/truusk.store\/sv\/#organization"},"potentialAction":[{"@type":"SearchAction","target":{"@type":"EntryPoint","urlTemplate":"https:\/\/truusk.store\/sv\/?s={search_term_string}"},"query-input":{"@type":"PropertyValueSpecification","valueRequired":true,"valueName":"search_term_string"}}],"inLanguage":"sv-SE"},{"@type":"Organization","@id":"https:\/\/truusk.store\/sv\/#organization","name":"TRUUSK - Hem, Tr\u00e4dg\u00e5rd & Fritid","url":"https:\/\/truusk.store\/sv\/","logo":{"@type":"ImageObject","inLanguage":"sv-SE","@id":"https:\/\/truusk.store\/sv\/#\/schema\/logo\/image\/","url":"https:\/\/i0.wp.com\/truusk.store\/wp-content\/uploads\/2026\/03\/cropped-TRUUSK.png?fit=2032%2C917&ssl=1","contentUrl":"https:\/\/i0.wp.com\/truusk.store\/wp-content\/uploads\/2026\/03\/cropped-TRUUSK.png?fit=2032%2C917&ssl=1","width":2032,"height":917,"caption":"TRUUSK - Hem, Tr\u00e4dg\u00e5rd & Fritid"},"image":{"@id":"https:\/\/truusk.store\/sv\/#\/schema\/logo\/image\/"}}]}},"jetpack_sharing_enabled":true,"_links":{"self":[{"href":"https:\/\/truusk.store\/sv\/wp-json\/wp\/v2\/product\/83020","targetHints":{"allow":["GET"]}}],"collection":[{"href":"https:\/\/truusk.store\/sv\/wp-json\/wp\/v2\/product"}],"about":[{"href":"https:\/\/truusk.store\/sv\/wp-json\/wp\/v2\/types\/product"}],"wp:featuredmedia":[{"embeddable":true,"href":"https:\/\/truusk.store\/sv\/wp-json\/wp\/v2\/media\/83011"}],"wp:attachment":[{"href":"https:\/\/truusk.store\/sv\/wp-json\/wp\/v2\/media?parent=83020"}],"wp:term":[{"taxonomy":"product_brand","embeddable":true,"href":"https:\/\/truusk.store\/sv\/wp-json\/wp\/v2\/product_brand?post=83020"},{"taxonomy":"product_cat","embeddable":true,"href":"https:\/\/truusk.store\/sv\/wp-json\/wp\/v2\/product_cat?post=83020"},{"taxonomy":"product_tag","embeddable":true,"href":"https:\/\/truusk.store\/sv\/wp-json\/wp\/v2\/product_tag?post=83020"}],"curies":[{"name":"wp","href":"https:\/\/api.w.org\/{rel}","templated":true}]}}