{"id":83030,"date":"2025-07-09T20:35:49","date_gmt":"2025-07-09T19:35:49","guid":{"rendered":"https:\/\/truusk.store\/product\/agility-hundramp-bana-halkfri-vaderbestandig-tra-325-x-55-x-69-cm-orange\/"},"modified":"2026-03-12T08:41:22","modified_gmt":"2026-03-12T07:41:22","slug":"truusk-agility-hundramp-bana-halkfri-vaderbestandig-tra-325-x-55-x-69-cm-orange","status":"publish","type":"product","link":"https:\/\/truusk.store\/sv\/produkt\/truusk-agility-hundramp-bana-halkfri-vaderbestandig-tra-325-x-55-x-69-cm-orange\/","title":{"rendered":"TRUUSK Agility Hundramp &#8211; Bana &#8211; Halkfri &#8211; V\u00e4derbest\u00e4ndig &#8211; Tr\u00e4 &#8211; 325 x 55 x 69 cm &#8211; Orange"},"content":{"rendered":"<p>Utveckla din hunds potential med TRUUSK Agility-banan! De tv\u00e5 f\u00e4rgglada ramperna med en lutning p\u00e5 35\u00b0 fr\u00e4mjar sj\u00e4lvf\u00f6rtroende, balans och smidighet hos din fyrbenta v\u00e4n. Tillverkad av v\u00e4derbest\u00e4ndigt grantr\u00e4, erbjuder den inte bara s\u00e4kerhet genom stabila st\u00f6dst\u00e4nger, utan ocks\u00e5 en robust ram f\u00f6r of\u00f6rgl\u00f6mliga tr\u00e4ningspass i tr\u00e4dg\u00e5rden. Perfekt f\u00f6r varje hund som \u00e4lskar utmaningar!<\/p>\n<p>Beskrivning:<\/p>\n<ul>\n<li> Hundrampen f\u00f6r smidighet \u00f6kar husdjurets sj\u00e4lvf\u00f6rtroende, balans och smidighet<\/li>\n<li> Kombinationen av tv\u00e5 f\u00e4rger hj\u00e4lper hundar att k\u00e4nna igen smidighetsutrustningen<\/li>\n<li> S\u00e4kerhetsst\u00e4nger och halkfri yta garanterar s\u00e4kert grepp<\/li>\n<li> En lutning p\u00e5 35\u00b0 erbjuder en utmanande men s\u00e4ker lutning<\/li>\n<li> Tillverkad av grantr\u00e4, l\u00e4mplig f\u00f6r utomhusbruk<\/li>\n<li> L\u00e4mplig f\u00f6r hundar under 40 kg<\/li>\n<li> Montering kr\u00e4vs inom 20-40 minuter<\/li>\n<\/ul>\n<p>Tekniska data:<\/p>\n<ul>\n<li> F\u00e4rg: Orange+Brun+R\u00f6d<\/li>\n<li> Material: Grantr\u00e4<\/li>\n<li> Totala dimensioner: 325B x 55T x 69H cm<\/li>\n<li> Enskilt panel: 120B x 30T cm<\/li>\n<li> Sidlutningsvinkel: 35\u00b0<\/li>\n<li> Fotbredd: 55B cm<\/li>\n<li> Maximal belastning: 40 kg<\/li>\n<\/ul>\n<p>Leverans inneh\u00e5ller:<\/p>\n<ul>\n<li> 1 x Hund Agility Bro<\/li>\n<li> 1 x Handbok<\/li>\n<\/ul>\n","protected":false},"excerpt":{"rendered":"<p>Utveckla din hunds potential med TRUUSK Agility-banan! De tv\u00e5 f\u00e4rgglada ramperna med en lutning p\u00e5 35\u00b0 fr\u00e4mjar sj\u00e4lvf\u00f6rtroende, balans och&#8230;<\/p>\n","protected":false},"featured_media":83021,"template":"","meta":[],"product_brand":[],"product_cat":[578,878,574],"product_tag":[],"class_list":{"0":"post-83030","1":"product","2":"type-product","3":"status-publish","4":"has-post-thumbnail","6":"product_cat-agility-set","7":"product_cat-djurbehov","8":"product_cat-hundtillbehor","10":"first","11":"instock","12":"sale","13":"taxable","14":"shipping-taxable","15":"purchasable","16":"product-type-simple"},"yoast_head":"<!-- This site is optimized with the Yoast SEO plugin v25.4 - https:\/\/yoast.com\/wordpress\/plugins\/seo\/ -->\n<title>TRUUSK Agility Hundramp - Bana - Halkfri - V\u00e4derbest\u00e4ndig - Tr\u00e4 - 325 x 55 x 69 cm - Orange - TRUUSK - Hem, Tr\u00e4dg\u00e5rd &amp; Fritid<\/title>\n<meta name=\"robots\" content=\"index, follow, max-snippet:-1, max-image-preview:large, max-video-preview:-1\" \/>\n<link rel=\"canonical\" href=\"https:\/\/truusk.store\/sv\/produkt\/truusk-agility-hundramp-bana-halkfri-vaderbestandig-tra-325-x-55-x-69-cm-orange\/\" \/>\n<meta property=\"og:locale\" content=\"sv_SE\" \/>\n<meta property=\"og:type\" content=\"article\" \/>\n<meta property=\"og:title\" content=\"TRUUSK Agility Hundramp - Bana - Halkfri - V\u00e4derbest\u00e4ndig - Tr\u00e4 - 325 x 55 x 69 cm - Orange - TRUUSK - Hem, Tr\u00e4dg\u00e5rd &amp; Fritid\" \/>\n<meta property=\"og:description\" content=\"Utveckla din hunds potential med TRUUSK Agility-banan! De tv\u00e5 f\u00e4rgglada ramperna med en lutning p\u00e5 35\u00b0 fr\u00e4mjar sj\u00e4lvf\u00f6rtroende, balans och...\" \/>\n<meta property=\"og:url\" content=\"https:\/\/truusk.store\/sv\/produkt\/truusk-agility-hundramp-bana-halkfri-vaderbestandig-tra-325-x-55-x-69-cm-orange\/\" \/>\n<meta property=\"og:site_name\" content=\"TRUUSK - Hem, Tr\u00e4dg\u00e5rd &amp; Fritid\" \/>\n<meta property=\"article:modified_time\" content=\"2026-03-12T07:41:22+00:00\" \/>\n<meta property=\"og:image\" content=\"https:\/\/i0.wp.com\/truusk.se\/wp-content\/uploads\/2025\/07\/agility-hundramp-bana-halkfri-vaderbestandig-tra-325-x-55-x-69-cm-orange-1.webp?fit=2000%2C2000&ssl=1\" \/>\n\t<meta property=\"og:image:width\" content=\"2000\" \/>\n\t<meta property=\"og:image:height\" content=\"2000\" \/>\n\t<meta property=\"og:image:type\" content=\"image\/webp\" \/>\n<meta name=\"twitter:card\" content=\"summary_large_image\" \/>\n<meta name=\"twitter:label1\" content=\"Ber\u00e4knad l\u00e4stid\" \/>\n\t<meta name=\"twitter:data1\" content=\"1 minut\" \/>\n<!-- \/ Yoast SEO plugin. -->","yoast_head_json":{"title":"TRUUSK Agility Hundramp - Bana - Halkfri - V\u00e4derbest\u00e4ndig - Tr\u00e4 - 325 x 55 x 69 cm - Orange - TRUUSK - Hem, Tr\u00e4dg\u00e5rd &amp; Fritid","robots":{"index":"index","follow":"follow","max-snippet":"max-snippet:-1","max-image-preview":"max-image-preview:large","max-video-preview":"max-video-preview:-1"},"canonical":"https:\/\/truusk.store\/sv\/produkt\/truusk-agility-hundramp-bana-halkfri-vaderbestandig-tra-325-x-55-x-69-cm-orange\/","og_locale":"sv_SE","og_type":"article","og_title":"TRUUSK Agility Hundramp - Bana - Halkfri - V\u00e4derbest\u00e4ndig - Tr\u00e4 - 325 x 55 x 69 cm - Orange - TRUUSK - Hem, Tr\u00e4dg\u00e5rd &amp; Fritid","og_description":"Utveckla din hunds potential med TRUUSK Agility-banan! De tv\u00e5 f\u00e4rgglada ramperna med en lutning p\u00e5 35\u00b0 fr\u00e4mjar sj\u00e4lvf\u00f6rtroende, balans och...","og_url":"https:\/\/truusk.store\/sv\/produkt\/truusk-agility-hundramp-bana-halkfri-vaderbestandig-tra-325-x-55-x-69-cm-orange\/","og_site_name":"TRUUSK - Hem, Tr\u00e4dg\u00e5rd &amp; Fritid","article_modified_time":"2026-03-12T07:41:22+00:00","og_image":[{"width":2000,"height":2000,"url":"https:\/\/i0.wp.com\/truusk.se\/wp-content\/uploads\/2025\/07\/agility-hundramp-bana-halkfri-vaderbestandig-tra-325-x-55-x-69-cm-orange-1.webp?fit=2000%2C2000&ssl=1","type":"image\/webp"}],"twitter_card":"summary_large_image","twitter_misc":{"Ber\u00e4knad l\u00e4stid":"1 minut"},"schema":{"@context":"https:\/\/schema.org","@graph":[{"@type":"WebPage","@id":"https:\/\/truusk.store\/sv\/produkt\/truusk-agility-hundramp-bana-halkfri-vaderbestandig-tra-325-x-55-x-69-cm-orange\/","url":"https:\/\/truusk.store\/sv\/produkt\/truusk-agility-hundramp-bana-halkfri-vaderbestandig-tra-325-x-55-x-69-cm-orange\/","name":"TRUUSK Agility Hundramp - Bana - Halkfri - V\u00e4derbest\u00e4ndig - Tr\u00e4 - 325 x 55 x 69 cm - Orange - TRUUSK - Hem, Tr\u00e4dg\u00e5rd &amp; Fritid","isPartOf":{"@id":"https:\/\/truusk.store\/sv\/#website"},"primaryImageOfPage":{"@id":"https:\/\/truusk.store\/sv\/produkt\/truusk-agility-hundramp-bana-halkfri-vaderbestandig-tra-325-x-55-x-69-cm-orange\/#primaryimage"},"image":{"@id":"https:\/\/truusk.store\/sv\/produkt\/truusk-agility-hundramp-bana-halkfri-vaderbestandig-tra-325-x-55-x-69-cm-orange\/#primaryimage"},"thumbnailUrl":"https:\/\/i0.wp.com\/truusk.store\/wp-content\/uploads\/2025\/07\/agility-hundramp-bana-halkfri-vaderbestandig-tra-325-x-55-x-69-cm-orange-1.webp?fit=2000%2C2000&ssl=1","datePublished":"2025-07-09T19:35:49+00:00","dateModified":"2026-03-12T07:41:22+00:00","breadcrumb":{"@id":"https:\/\/truusk.store\/sv\/produkt\/truusk-agility-hundramp-bana-halkfri-vaderbestandig-tra-325-x-55-x-69-cm-orange\/#breadcrumb"},"inLanguage":"sv-SE","potentialAction":[{"@type":"ReadAction","target":["https:\/\/truusk.store\/sv\/produkt\/truusk-agility-hundramp-bana-halkfri-vaderbestandig-tra-325-x-55-x-69-cm-orange\/"]}]},{"@type":"ImageObject","inLanguage":"sv-SE","@id":"https:\/\/truusk.store\/sv\/produkt\/truusk-agility-hundramp-bana-halkfri-vaderbestandig-tra-325-x-55-x-69-cm-orange\/#primaryimage","url":"https:\/\/i0.wp.com\/truusk.store\/wp-content\/uploads\/2025\/07\/agility-hundramp-bana-halkfri-vaderbestandig-tra-325-x-55-x-69-cm-orange-1.webp?fit=2000%2C2000&ssl=1","contentUrl":"https:\/\/i0.wp.com\/truusk.store\/wp-content\/uploads\/2025\/07\/agility-hundramp-bana-halkfri-vaderbestandig-tra-325-x-55-x-69-cm-orange-1.webp?fit=2000%2C2000&ssl=1","width":2000,"height":2000},{"@type":"BreadcrumbList","@id":"https:\/\/truusk.store\/sv\/produkt\/truusk-agility-hundramp-bana-halkfri-vaderbestandig-tra-325-x-55-x-69-cm-orange\/#breadcrumb","itemListElement":[{"@type":"ListItem","position":1,"name":"Home","item":"https:\/\/truusk.store\/sv\/"},{"@type":"ListItem","position":2,"name":"Shop","item":"https:\/\/truusk.store\/shop\/"},{"@type":"ListItem","position":3,"name":"TRUUSK Agility Hundramp &#8211; Bana &#8211; Halkfri &#8211; V\u00e4derbest\u00e4ndig &#8211; Tr\u00e4 &#8211; 325 x 55 x 69 cm &#8211; Orange"}]},{"@type":"WebSite","@id":"https:\/\/truusk.store\/sv\/#website","url":"https:\/\/truusk.store\/sv\/","name":"TRUUSK - Hem, Tr\u00e4dg\u00e5rd & Fritid","description":"","publisher":{"@id":"https:\/\/truusk.store\/sv\/#organization"},"potentialAction":[{"@type":"SearchAction","target":{"@type":"EntryPoint","urlTemplate":"https:\/\/truusk.store\/sv\/?s={search_term_string}"},"query-input":{"@type":"PropertyValueSpecification","valueRequired":true,"valueName":"search_term_string"}}],"inLanguage":"sv-SE"},{"@type":"Organization","@id":"https:\/\/truusk.store\/sv\/#organization","name":"TRUUSK - Hem, Tr\u00e4dg\u00e5rd & Fritid","url":"https:\/\/truusk.store\/sv\/","logo":{"@type":"ImageObject","inLanguage":"sv-SE","@id":"https:\/\/truusk.store\/sv\/#\/schema\/logo\/image\/","url":"https:\/\/i0.wp.com\/truusk.store\/wp-content\/uploads\/2026\/03\/cropped-TRUUSK.png?fit=2032%2C917&ssl=1","contentUrl":"https:\/\/i0.wp.com\/truusk.store\/wp-content\/uploads\/2026\/03\/cropped-TRUUSK.png?fit=2032%2C917&ssl=1","width":2032,"height":917,"caption":"TRUUSK - Hem, Tr\u00e4dg\u00e5rd & Fritid"},"image":{"@id":"https:\/\/truusk.store\/sv\/#\/schema\/logo\/image\/"}}]}},"jetpack_sharing_enabled":true,"_links":{"self":[{"href":"https:\/\/truusk.store\/sv\/wp-json\/wp\/v2\/product\/83030","targetHints":{"allow":["GET"]}}],"collection":[{"href":"https:\/\/truusk.store\/sv\/wp-json\/wp\/v2\/product"}],"about":[{"href":"https:\/\/truusk.store\/sv\/wp-json\/wp\/v2\/types\/product"}],"wp:featuredmedia":[{"embeddable":true,"href":"https:\/\/truusk.store\/sv\/wp-json\/wp\/v2\/media\/83021"}],"wp:attachment":[{"href":"https:\/\/truusk.store\/sv\/wp-json\/wp\/v2\/media?parent=83030"}],"wp:term":[{"taxonomy":"product_brand","embeddable":true,"href":"https:\/\/truusk.store\/sv\/wp-json\/wp\/v2\/product_brand?post=83030"},{"taxonomy":"product_cat","embeddable":true,"href":"https:\/\/truusk.store\/sv\/wp-json\/wp\/v2\/product_cat?post=83030"},{"taxonomy":"product_tag","embeddable":true,"href":"https:\/\/truusk.store\/sv\/wp-json\/wp\/v2\/product_tag?post=83030"}],"curies":[{"name":"wp","href":"https:\/\/api.w.org\/{rel}","templated":true}]}}