{"id":83040,"date":"2025-07-09T20:38:26","date_gmt":"2025-07-09T19:38:26","guid":{"rendered":"https:\/\/truusk.store\/product\/avslappningsstol-med-fotstod-liggstol-roterbar-upp-till-150-kg-stalram-88x96x108cm-beige\/"},"modified":"2026-03-12T08:43:07","modified_gmt":"2026-03-12T07:43:07","slug":"truusk-avslappningsstol-med-fotstod-liggstol-roterbar-stalram-upp-till-150-kg-beige","status":"publish","type":"product","link":"https:\/\/truusk.store\/sv\/produkt\/truusk-avslappningsstol-med-fotstod-liggstol-roterbar-stalram-upp-till-150-kg-beige\/","title":{"rendered":"TRUUSK Avslappningsstol Med Fotst\u00f6d &#8211; Liggstol &#8211; Roterbar &#8211; St\u00e5lram &#8211; Upp Till 150 Kg &#8211; Beige"},"content":{"rendered":"<p>Luta dig tillbaka i TRUUSK relaxstolen, d\u00e4r komfort m\u00f6ter funktionalitet. Med en ryggst\u00f6d som kan lutas upp till 135\u00b0, som enkelt kan justeras till din idealiska lutningsvinkel med hj\u00e4lp av ett sp\u00e4nne, och en fotst\u00f6d som kan f\u00e4llas ut med fottryck, inbjuder denna TV-stol till stilfull avkoppling. Njut av maximal r\u00f6relsefrihet tack vare sv\u00e4ngfunktionen och en underbar gungfunktion, som mjukt avrundar vardagens stress.<\/p>\n<p>Beskrivning:<\/p>\n<ul>\n<li> Ryggst\u00f6det p\u00e5 relaxstolen kan lutas upp till 135\u00b0, enkelt justerbart med ett sp\u00e4nne f\u00f6r optimal avkoppling<\/li>\n<li> Fotst\u00f6det kan f\u00e4llas in med fottryck<\/li>\n<li> Sv\u00e4ng- och gungfunktion, idealisk f\u00f6r personer med s\u00f6mnproblem eller ammande m\u00f6drar<\/li>\n<li> Vaddering med fickfj\u00e4drar f\u00f6r \u00f6verl\u00e4gsen elasticitet<\/li>\n<li> Tjock vaddering och tyg\u00f6verdrag p\u00e5 TV-stolen i linneutseende garanterar maximal komfort och andningsf\u00f6rm\u00e5ga<\/li>\n<li> Montering p\u00e5 bara 10 minuter, inga verktyg beh\u00f6vs<\/li>\n<li> Utrustad med tv\u00e5 muggst\u00e4ll f\u00f6r bekv\u00e4m tillg\u00e5ng till drycker<\/li>\n<li> St\u00e5lramkonstruktionen ger utm\u00e4rkt st\u00f6d<\/li>\n<li> Obs: Anv\u00e4nd inte gungfunktionen n\u00e4r du ligger ner<\/li>\n<\/ul>\n<p> Tekniska data:<\/p>\n<ul>\n<li> F\u00e4rg: Beige<\/li>\n<li> Material: Linneimitation (100% polyester), skum, st\u00e5l<\/li>\n<li> Totala dimensioner: (uppr\u00e4tt) 88B x 96T x 108H cm<\/li>\n<li> Totala dimensioner: (lutad) 88B x 165T x 85H cm<\/li>\n<li> Sitsstorlek: 48B x 56T cm<\/li>\n<li> Sitth\u00f6jd: 50 cm<\/li>\n<li> Ryggstorlek: 68B x 83T cm<\/li>\n<li> Kuddtjocklek: (sits) 12 cm, (rygg) 23 cm<\/li>\n<li> B\u00e4rkapacitet: 150 kg<\/li>\n<li> L\u00e4mplig f\u00f6r kroppsl\u00e4ngd: \u2264 185 cm<\/li>\n<\/ul>\n<p>Leveransinneh\u00e5ll:<\/p>\n<ul>\n<li> 1 x liggstol<\/li>\n<li> 1 x handbok<\/li>\n<\/ul>\n","protected":false},"excerpt":{"rendered":"<p>Luta dig tillbaka i TRUUSK relaxstolen, d\u00e4r komfort m\u00f6ter funktionalitet. Med en ryggst\u00f6d som kan lutas upp till 135\u00b0, som&#8230;<\/p>\n","protected":false},"featured_media":83031,"template":"","meta":[],"product_brand":[],"product_cat":[521,946,871,910],"product_tag":[],"class_list":{"0":"post-83040","1":"product","2":"type-product","3":"status-publish","4":"has-post-thumbnail","6":"product_cat-fatolj","7":"product_cat-fernsehsessel","8":"product_cat-hus-hem","9":"product_cat-vardagsrum","11":"first","12":"instock","13":"sale","14":"taxable","15":"shipping-taxable","16":"purchasable","17":"product-type-simple"},"yoast_head":"<!-- This site is optimized with the Yoast SEO plugin v25.4 - https:\/\/yoast.com\/wordpress\/plugins\/seo\/ -->\n<title>TRUUSK Avslappningsstol Med Fotst\u00f6d - Liggstol - Roterbar - St\u00e5lram - Upp Till 150 Kg - Beige - TRUUSK - Hem, Tr\u00e4dg\u00e5rd &amp; Fritid<\/title>\n<meta name=\"robots\" content=\"index, follow, max-snippet:-1, max-image-preview:large, max-video-preview:-1\" \/>\n<link rel=\"canonical\" href=\"https:\/\/truusk.store\/sv\/produkt\/truusk-avslappningsstol-med-fotstod-liggstol-roterbar-stalram-upp-till-150-kg-beige\/\" \/>\n<meta property=\"og:locale\" content=\"sv_SE\" \/>\n<meta property=\"og:type\" content=\"article\" \/>\n<meta property=\"og:title\" content=\"TRUUSK Avslappningsstol Med Fotst\u00f6d - Liggstol - Roterbar - St\u00e5lram - Upp Till 150 Kg - Beige - TRUUSK - Hem, Tr\u00e4dg\u00e5rd &amp; Fritid\" \/>\n<meta property=\"og:description\" content=\"Luta dig tillbaka i TRUUSK relaxstolen, d\u00e4r komfort m\u00f6ter funktionalitet. Med en ryggst\u00f6d som kan lutas upp till 135\u00b0, som...\" \/>\n<meta property=\"og:url\" content=\"https:\/\/truusk.store\/sv\/produkt\/truusk-avslappningsstol-med-fotstod-liggstol-roterbar-stalram-upp-till-150-kg-beige\/\" \/>\n<meta property=\"og:site_name\" content=\"TRUUSK - Hem, Tr\u00e4dg\u00e5rd &amp; Fritid\" \/>\n<meta property=\"article:modified_time\" content=\"2026-03-12T07:43:07+00:00\" \/>\n<meta property=\"og:image\" content=\"https:\/\/i0.wp.com\/truusk.se\/wp-content\/uploads\/2025\/07\/avslappningsstol-med-fotstod-liggstol-roterbar-upp-till-150-kg-stalram-88x96x108cm-beige-1.webp?fit=2000%2C2000&ssl=1\" \/>\n\t<meta property=\"og:image:width\" content=\"2000\" \/>\n\t<meta property=\"og:image:height\" content=\"2000\" \/>\n\t<meta property=\"og:image:type\" content=\"image\/webp\" \/>\n<meta name=\"twitter:card\" content=\"summary_large_image\" \/>\n<meta name=\"twitter:label1\" content=\"Ber\u00e4knad l\u00e4stid\" \/>\n\t<meta name=\"twitter:data1\" content=\"1 minut\" \/>\n<!-- \/ Yoast SEO plugin. -->","yoast_head_json":{"title":"TRUUSK Avslappningsstol Med Fotst\u00f6d - Liggstol - Roterbar - St\u00e5lram - Upp Till 150 Kg - Beige - TRUUSK - Hem, Tr\u00e4dg\u00e5rd &amp; Fritid","robots":{"index":"index","follow":"follow","max-snippet":"max-snippet:-1","max-image-preview":"max-image-preview:large","max-video-preview":"max-video-preview:-1"},"canonical":"https:\/\/truusk.store\/sv\/produkt\/truusk-avslappningsstol-med-fotstod-liggstol-roterbar-stalram-upp-till-150-kg-beige\/","og_locale":"sv_SE","og_type":"article","og_title":"TRUUSK Avslappningsstol Med Fotst\u00f6d - Liggstol - Roterbar - St\u00e5lram - Upp Till 150 Kg - Beige - TRUUSK - Hem, Tr\u00e4dg\u00e5rd &amp; Fritid","og_description":"Luta dig tillbaka i TRUUSK relaxstolen, d\u00e4r komfort m\u00f6ter funktionalitet. Med en ryggst\u00f6d som kan lutas upp till 135\u00b0, som...","og_url":"https:\/\/truusk.store\/sv\/produkt\/truusk-avslappningsstol-med-fotstod-liggstol-roterbar-stalram-upp-till-150-kg-beige\/","og_site_name":"TRUUSK - Hem, Tr\u00e4dg\u00e5rd &amp; Fritid","article_modified_time":"2026-03-12T07:43:07+00:00","og_image":[{"width":2000,"height":2000,"url":"https:\/\/i0.wp.com\/truusk.se\/wp-content\/uploads\/2025\/07\/avslappningsstol-med-fotstod-liggstol-roterbar-upp-till-150-kg-stalram-88x96x108cm-beige-1.webp?fit=2000%2C2000&ssl=1","type":"image\/webp"}],"twitter_card":"summary_large_image","twitter_misc":{"Ber\u00e4knad l\u00e4stid":"1 minut"},"schema":{"@context":"https:\/\/schema.org","@graph":[{"@type":"WebPage","@id":"https:\/\/truusk.store\/sv\/produkt\/truusk-avslappningsstol-med-fotstod-liggstol-roterbar-stalram-upp-till-150-kg-beige\/","url":"https:\/\/truusk.store\/sv\/produkt\/truusk-avslappningsstol-med-fotstod-liggstol-roterbar-stalram-upp-till-150-kg-beige\/","name":"TRUUSK Avslappningsstol Med Fotst\u00f6d - Liggstol - Roterbar - St\u00e5lram - Upp Till 150 Kg - Beige - TRUUSK - Hem, Tr\u00e4dg\u00e5rd &amp; Fritid","isPartOf":{"@id":"https:\/\/truusk.store\/sv\/#website"},"primaryImageOfPage":{"@id":"https:\/\/truusk.store\/sv\/produkt\/truusk-avslappningsstol-med-fotstod-liggstol-roterbar-stalram-upp-till-150-kg-beige\/#primaryimage"},"image":{"@id":"https:\/\/truusk.store\/sv\/produkt\/truusk-avslappningsstol-med-fotstod-liggstol-roterbar-stalram-upp-till-150-kg-beige\/#primaryimage"},"thumbnailUrl":"https:\/\/i0.wp.com\/truusk.store\/wp-content\/uploads\/2025\/07\/avslappningsstol-med-fotstod-liggstol-roterbar-upp-till-150-kg-stalram-88x96x108cm-beige-1.webp?fit=2000%2C2000&ssl=1","datePublished":"2025-07-09T19:38:26+00:00","dateModified":"2026-03-12T07:43:07+00:00","breadcrumb":{"@id":"https:\/\/truusk.store\/sv\/produkt\/truusk-avslappningsstol-med-fotstod-liggstol-roterbar-stalram-upp-till-150-kg-beige\/#breadcrumb"},"inLanguage":"sv-SE","potentialAction":[{"@type":"ReadAction","target":["https:\/\/truusk.store\/sv\/produkt\/truusk-avslappningsstol-med-fotstod-liggstol-roterbar-stalram-upp-till-150-kg-beige\/"]}]},{"@type":"ImageObject","inLanguage":"sv-SE","@id":"https:\/\/truusk.store\/sv\/produkt\/truusk-avslappningsstol-med-fotstod-liggstol-roterbar-stalram-upp-till-150-kg-beige\/#primaryimage","url":"https:\/\/i0.wp.com\/truusk.store\/wp-content\/uploads\/2025\/07\/avslappningsstol-med-fotstod-liggstol-roterbar-upp-till-150-kg-stalram-88x96x108cm-beige-1.webp?fit=2000%2C2000&ssl=1","contentUrl":"https:\/\/i0.wp.com\/truusk.store\/wp-content\/uploads\/2025\/07\/avslappningsstol-med-fotstod-liggstol-roterbar-upp-till-150-kg-stalram-88x96x108cm-beige-1.webp?fit=2000%2C2000&ssl=1","width":2000,"height":2000},{"@type":"BreadcrumbList","@id":"https:\/\/truusk.store\/sv\/produkt\/truusk-avslappningsstol-med-fotstod-liggstol-roterbar-stalram-upp-till-150-kg-beige\/#breadcrumb","itemListElement":[{"@type":"ListItem","position":1,"name":"Home","item":"https:\/\/truusk.store\/sv\/"},{"@type":"ListItem","position":2,"name":"Shop","item":"https:\/\/truusk.store\/shop\/"},{"@type":"ListItem","position":3,"name":"TRUUSK Avslappningsstol Med Fotst\u00f6d &#8211; Liggstol &#8211; Roterbar &#8211; St\u00e5lram &#8211; Upp Till 150 Kg &#8211; Beige"}]},{"@type":"WebSite","@id":"https:\/\/truusk.store\/sv\/#website","url":"https:\/\/truusk.store\/sv\/","name":"TRUUSK - Hem, Tr\u00e4dg\u00e5rd & Fritid","description":"","publisher":{"@id":"https:\/\/truusk.store\/sv\/#organization"},"potentialAction":[{"@type":"SearchAction","target":{"@type":"EntryPoint","urlTemplate":"https:\/\/truusk.store\/sv\/?s={search_term_string}"},"query-input":{"@type":"PropertyValueSpecification","valueRequired":true,"valueName":"search_term_string"}}],"inLanguage":"sv-SE"},{"@type":"Organization","@id":"https:\/\/truusk.store\/sv\/#organization","name":"TRUUSK - Hem, Tr\u00e4dg\u00e5rd & Fritid","url":"https:\/\/truusk.store\/sv\/","logo":{"@type":"ImageObject","inLanguage":"sv-SE","@id":"https:\/\/truusk.store\/sv\/#\/schema\/logo\/image\/","url":"https:\/\/i0.wp.com\/truusk.store\/wp-content\/uploads\/2026\/03\/cropped-TRUUSK.png?fit=2032%2C917&ssl=1","contentUrl":"https:\/\/i0.wp.com\/truusk.store\/wp-content\/uploads\/2026\/03\/cropped-TRUUSK.png?fit=2032%2C917&ssl=1","width":2032,"height":917,"caption":"TRUUSK - Hem, Tr\u00e4dg\u00e5rd & Fritid"},"image":{"@id":"https:\/\/truusk.store\/sv\/#\/schema\/logo\/image\/"}}]}},"jetpack_sharing_enabled":true,"_links":{"self":[{"href":"https:\/\/truusk.store\/sv\/wp-json\/wp\/v2\/product\/83040","targetHints":{"allow":["GET"]}}],"collection":[{"href":"https:\/\/truusk.store\/sv\/wp-json\/wp\/v2\/product"}],"about":[{"href":"https:\/\/truusk.store\/sv\/wp-json\/wp\/v2\/types\/product"}],"wp:featuredmedia":[{"embeddable":true,"href":"https:\/\/truusk.store\/sv\/wp-json\/wp\/v2\/media\/83031"}],"wp:attachment":[{"href":"https:\/\/truusk.store\/sv\/wp-json\/wp\/v2\/media?parent=83040"}],"wp:term":[{"taxonomy":"product_brand","embeddable":true,"href":"https:\/\/truusk.store\/sv\/wp-json\/wp\/v2\/product_brand?post=83040"},{"taxonomy":"product_cat","embeddable":true,"href":"https:\/\/truusk.store\/sv\/wp-json\/wp\/v2\/product_cat?post=83040"},{"taxonomy":"product_tag","embeddable":true,"href":"https:\/\/truusk.store\/sv\/wp-json\/wp\/v2\/product_tag?post=83040"}],"curies":[{"name":"wp","href":"https:\/\/api.w.org\/{rel}","templated":true}]}}