{"id":83050,"date":"2025-07-10T11:53:20","date_gmt":"2025-07-10T10:53:20","guid":{"rendered":"https:\/\/truusk.store\/product\/ergometer-justerbart-motstand-upp-till-120kg-stal-l103xb53xh100-114cm-vit-svart\/"},"modified":"2026-03-12T09:02:21","modified_gmt":"2026-03-12T08:02:21","slug":"truusk-ergometer-justerbart-motstand-upp-till-120kg-stal-l103xb53xh100-114cm-vit-svart","status":"publish","type":"product","link":"https:\/\/truusk.store\/sv\/produkt\/truusk-ergometer-justerbart-motstand-upp-till-120kg-stal-l103xb53xh100-114cm-vit-svart\/","title":{"rendered":"TRUUSK Ergometer &#8211; Justerbart Motst\u00e5nd &#8211; Upp Till 120kg &#8211; St\u00e5l &#8211; L103xB53xH100-114cm &#8211; Vit\/Svart"},"content":{"rendered":"<p>F\u00f6rb\u00e4ttra din kondition med denna TRUUSK tr\u00e4ningscykel, oavsett v\u00e4derf\u00f6rh\u00e5llanden. Denna robusta tr\u00e4ningscykel har en 8 kg tung sv\u00e4nghjul och en solid st\u00e5lram som \u00e4r l\u00e4tt att flytta. Anpassa motst\u00e5ndet stegl\u00f6st till din konditionsniv\u00e5 och njut av komforten med justerbara handtag och sadel. P\u00e5 den digitala displayen kan du alltid h\u00e5lla koll p\u00e5 tid, hastighet, distans och kalorif\u00f6rbrukning.<\/p>\n<p>Beskrivning:<\/p>\n<ul>\n<li> Premium tr\u00e4ningscykel f\u00f6r effektiv tr\u00e4ning i ditt eget hem<\/li>\n<li> Robust st\u00e5lkonstruktion av tr\u00e4ningscykeln med halkfria f\u00f6tter garanterar h\u00f6gsta stabilitet<\/li>\n<li> \u00d6versk\u00e5dlig LCD-display som visar tid, hastighet, distans och kalorif\u00f6rbrukning<\/li>\n<li> Stegl\u00f6st justerbart pedalresistans f\u00f6r individuell tr\u00e4ningsintensitet<\/li>\n<li> Horisontellt och i 6 steg h\u00f6jdjusterbar sadel f\u00f6r optimal komfort<\/li>\n<li> Ergonomiskt justerbara handtag, h\u00f6jdjusterbara i 6 steg<\/li>\n<li> Praktisk h\u00e5llare p\u00e5 tr\u00e4ningscykeln f\u00f6r enheter som mobiltelefoner eller vattenflaskor<\/li>\n<li> Tack vare de 2 inbyggda hjulen l\u00e4tt att flytta<\/li>\n<li> Enkel montering f\u00f6r snabb start p\u00e5 tr\u00e4ningen<\/li>\n<\/ul>\n<p>Tekniska data:<\/p>\n<ul>\n<li> Material: St\u00e5l, ABS<\/li>\n<li> F\u00e4rg: Vit+Svart<\/li>\n<li> Totala m\u00e5tt: 103L x 53B x 100-114H cm<\/li>\n<li> Sadelh\u00f6jd: 84-99 cm<\/li>\n<li> Sv\u00e4nghjul: 8 kg<\/li>\n<li> Max. belastning: 120 kg<\/li>\n<\/ul>\n<p>Leveransinneh\u00e5ll:<\/p>\n<ul>\n<li> 1 x Tr\u00e4ningscykel<\/li>\n<li> 1 x Instruktioner<\/li>\n<\/ul>\n","protected":false},"excerpt":{"rendered":"<p>F\u00f6rb\u00e4ttra din kondition med denna TRUUSK tr\u00e4ningscykel, oavsett v\u00e4derf\u00f6rh\u00e5llanden. Denna robusta tr\u00e4ningscykel har en 8 kg tung sv\u00e4nghjul och en&#8230;<\/p>\n","protected":false},"featured_media":83041,"template":"","meta":[],"product_brand":[],"product_cat":[891,873,647],"product_tag":[],"class_list":{"0":"post-83050","1":"product","2":"type-product","3":"status-publish","4":"has-post-thumbnail","6":"product_cat-ergometer-hemtranare","7":"product_cat-fitness-styrketraning","8":"product_cat-sport-fritid","10":"first","11":"instock","12":"sale","13":"taxable","14":"shipping-taxable","15":"purchasable","16":"product-type-simple"},"yoast_head":"<!-- This site is optimized with the Yoast SEO plugin v25.4 - https:\/\/yoast.com\/wordpress\/plugins\/seo\/ -->\n<title>TRUUSK Ergometer - Justerbart Motst\u00e5nd - Upp Till 120kg - St\u00e5l - L103xB53xH100-114cm - Vit\/Svart - TRUUSK - Hem, Tr\u00e4dg\u00e5rd &amp; Fritid<\/title>\n<meta name=\"robots\" content=\"index, follow, max-snippet:-1, max-image-preview:large, max-video-preview:-1\" \/>\n<link rel=\"canonical\" href=\"https:\/\/truusk.store\/sv\/produkt\/truusk-ergometer-justerbart-motstand-upp-till-120kg-stal-l103xb53xh100-114cm-vit-svart\/\" \/>\n<meta property=\"og:locale\" content=\"sv_SE\" \/>\n<meta property=\"og:type\" content=\"article\" \/>\n<meta property=\"og:title\" content=\"TRUUSK Ergometer - Justerbart Motst\u00e5nd - Upp Till 120kg - St\u00e5l - L103xB53xH100-114cm - Vit\/Svart - TRUUSK - Hem, Tr\u00e4dg\u00e5rd &amp; Fritid\" \/>\n<meta property=\"og:description\" content=\"F\u00f6rb\u00e4ttra din kondition med denna TRUUSK tr\u00e4ningscykel, oavsett v\u00e4derf\u00f6rh\u00e5llanden. Denna robusta tr\u00e4ningscykel har en 8 kg tung sv\u00e4nghjul och en...\" \/>\n<meta property=\"og:url\" content=\"https:\/\/truusk.store\/sv\/produkt\/truusk-ergometer-justerbart-motstand-upp-till-120kg-stal-l103xb53xh100-114cm-vit-svart\/\" \/>\n<meta property=\"og:site_name\" content=\"TRUUSK - Hem, Tr\u00e4dg\u00e5rd &amp; Fritid\" \/>\n<meta property=\"article:modified_time\" content=\"2026-03-12T08:02:21+00:00\" \/>\n<meta property=\"og:image\" content=\"https:\/\/i0.wp.com\/truusk.se\/wp-content\/uploads\/2025\/07\/ergometer-justerbart-motstand-upp-till-120kg-stal-l103xb53xh100-114cm-vit-svart-1.webp?fit=2000%2C2000&ssl=1\" \/>\n\t<meta property=\"og:image:width\" content=\"2000\" \/>\n\t<meta property=\"og:image:height\" content=\"2000\" \/>\n\t<meta property=\"og:image:type\" content=\"image\/webp\" \/>\n<meta name=\"twitter:card\" content=\"summary_large_image\" \/>\n<meta name=\"twitter:label1\" content=\"Ber\u00e4knad l\u00e4stid\" \/>\n\t<meta name=\"twitter:data1\" content=\"1 minut\" \/>\n<!-- \/ Yoast SEO plugin. -->","yoast_head_json":{"title":"TRUUSK Ergometer - Justerbart Motst\u00e5nd - Upp Till 120kg - St\u00e5l - L103xB53xH100-114cm - Vit\/Svart - TRUUSK - Hem, Tr\u00e4dg\u00e5rd &amp; Fritid","robots":{"index":"index","follow":"follow","max-snippet":"max-snippet:-1","max-image-preview":"max-image-preview:large","max-video-preview":"max-video-preview:-1"},"canonical":"https:\/\/truusk.store\/sv\/produkt\/truusk-ergometer-justerbart-motstand-upp-till-120kg-stal-l103xb53xh100-114cm-vit-svart\/","og_locale":"sv_SE","og_type":"article","og_title":"TRUUSK Ergometer - Justerbart Motst\u00e5nd - Upp Till 120kg - St\u00e5l - L103xB53xH100-114cm - Vit\/Svart - TRUUSK - Hem, Tr\u00e4dg\u00e5rd &amp; Fritid","og_description":"F\u00f6rb\u00e4ttra din kondition med denna TRUUSK tr\u00e4ningscykel, oavsett v\u00e4derf\u00f6rh\u00e5llanden. Denna robusta tr\u00e4ningscykel har en 8 kg tung sv\u00e4nghjul och en...","og_url":"https:\/\/truusk.store\/sv\/produkt\/truusk-ergometer-justerbart-motstand-upp-till-120kg-stal-l103xb53xh100-114cm-vit-svart\/","og_site_name":"TRUUSK - Hem, Tr\u00e4dg\u00e5rd &amp; Fritid","article_modified_time":"2026-03-12T08:02:21+00:00","og_image":[{"width":2000,"height":2000,"url":"https:\/\/i0.wp.com\/truusk.se\/wp-content\/uploads\/2025\/07\/ergometer-justerbart-motstand-upp-till-120kg-stal-l103xb53xh100-114cm-vit-svart-1.webp?fit=2000%2C2000&ssl=1","type":"image\/webp"}],"twitter_card":"summary_large_image","twitter_misc":{"Ber\u00e4knad l\u00e4stid":"1 minut"},"schema":{"@context":"https:\/\/schema.org","@graph":[{"@type":"WebPage","@id":"https:\/\/truusk.store\/sv\/produkt\/truusk-ergometer-justerbart-motstand-upp-till-120kg-stal-l103xb53xh100-114cm-vit-svart\/","url":"https:\/\/truusk.store\/sv\/produkt\/truusk-ergometer-justerbart-motstand-upp-till-120kg-stal-l103xb53xh100-114cm-vit-svart\/","name":"TRUUSK Ergometer - Justerbart Motst\u00e5nd - Upp Till 120kg - St\u00e5l - L103xB53xH100-114cm - Vit\/Svart - TRUUSK - Hem, Tr\u00e4dg\u00e5rd &amp; Fritid","isPartOf":{"@id":"https:\/\/truusk.store\/sv\/#website"},"primaryImageOfPage":{"@id":"https:\/\/truusk.store\/sv\/produkt\/truusk-ergometer-justerbart-motstand-upp-till-120kg-stal-l103xb53xh100-114cm-vit-svart\/#primaryimage"},"image":{"@id":"https:\/\/truusk.store\/sv\/produkt\/truusk-ergometer-justerbart-motstand-upp-till-120kg-stal-l103xb53xh100-114cm-vit-svart\/#primaryimage"},"thumbnailUrl":"https:\/\/i0.wp.com\/truusk.store\/wp-content\/uploads\/2025\/07\/ergometer-justerbart-motstand-upp-till-120kg-stal-l103xb53xh100-114cm-vit-svart-1.webp?fit=2000%2C2000&ssl=1","datePublished":"2025-07-10T10:53:20+00:00","dateModified":"2026-03-12T08:02:21+00:00","breadcrumb":{"@id":"https:\/\/truusk.store\/sv\/produkt\/truusk-ergometer-justerbart-motstand-upp-till-120kg-stal-l103xb53xh100-114cm-vit-svart\/#breadcrumb"},"inLanguage":"sv-SE","potentialAction":[{"@type":"ReadAction","target":["https:\/\/truusk.store\/sv\/produkt\/truusk-ergometer-justerbart-motstand-upp-till-120kg-stal-l103xb53xh100-114cm-vit-svart\/"]}]},{"@type":"ImageObject","inLanguage":"sv-SE","@id":"https:\/\/truusk.store\/sv\/produkt\/truusk-ergometer-justerbart-motstand-upp-till-120kg-stal-l103xb53xh100-114cm-vit-svart\/#primaryimage","url":"https:\/\/i0.wp.com\/truusk.store\/wp-content\/uploads\/2025\/07\/ergometer-justerbart-motstand-upp-till-120kg-stal-l103xb53xh100-114cm-vit-svart-1.webp?fit=2000%2C2000&ssl=1","contentUrl":"https:\/\/i0.wp.com\/truusk.store\/wp-content\/uploads\/2025\/07\/ergometer-justerbart-motstand-upp-till-120kg-stal-l103xb53xh100-114cm-vit-svart-1.webp?fit=2000%2C2000&ssl=1","width":2000,"height":2000},{"@type":"BreadcrumbList","@id":"https:\/\/truusk.store\/sv\/produkt\/truusk-ergometer-justerbart-motstand-upp-till-120kg-stal-l103xb53xh100-114cm-vit-svart\/#breadcrumb","itemListElement":[{"@type":"ListItem","position":1,"name":"Home","item":"https:\/\/truusk.store\/sv\/"},{"@type":"ListItem","position":2,"name":"Shop","item":"https:\/\/truusk.store\/shop\/"},{"@type":"ListItem","position":3,"name":"TRUUSK Ergometer &#8211; Justerbart Motst\u00e5nd &#8211; Upp Till 120kg &#8211; St\u00e5l &#8211; L103xB53xH100-114cm &#8211; Vit\/Svart"}]},{"@type":"WebSite","@id":"https:\/\/truusk.store\/sv\/#website","url":"https:\/\/truusk.store\/sv\/","name":"TRUUSK - Hem, Tr\u00e4dg\u00e5rd & Fritid","description":"","publisher":{"@id":"https:\/\/truusk.store\/sv\/#organization"},"potentialAction":[{"@type":"SearchAction","target":{"@type":"EntryPoint","urlTemplate":"https:\/\/truusk.store\/sv\/?s={search_term_string}"},"query-input":{"@type":"PropertyValueSpecification","valueRequired":true,"valueName":"search_term_string"}}],"inLanguage":"sv-SE"},{"@type":"Organization","@id":"https:\/\/truusk.store\/sv\/#organization","name":"TRUUSK - Hem, Tr\u00e4dg\u00e5rd & Fritid","url":"https:\/\/truusk.store\/sv\/","logo":{"@type":"ImageObject","inLanguage":"sv-SE","@id":"https:\/\/truusk.store\/sv\/#\/schema\/logo\/image\/","url":"https:\/\/i0.wp.com\/truusk.store\/wp-content\/uploads\/2026\/03\/cropped-TRUUSK.png?fit=2032%2C917&ssl=1","contentUrl":"https:\/\/i0.wp.com\/truusk.store\/wp-content\/uploads\/2026\/03\/cropped-TRUUSK.png?fit=2032%2C917&ssl=1","width":2032,"height":917,"caption":"TRUUSK - Hem, Tr\u00e4dg\u00e5rd & Fritid"},"image":{"@id":"https:\/\/truusk.store\/sv\/#\/schema\/logo\/image\/"}}]}},"jetpack_sharing_enabled":true,"_links":{"self":[{"href":"https:\/\/truusk.store\/sv\/wp-json\/wp\/v2\/product\/83050","targetHints":{"allow":["GET"]}}],"collection":[{"href":"https:\/\/truusk.store\/sv\/wp-json\/wp\/v2\/product"}],"about":[{"href":"https:\/\/truusk.store\/sv\/wp-json\/wp\/v2\/types\/product"}],"wp:featuredmedia":[{"embeddable":true,"href":"https:\/\/truusk.store\/sv\/wp-json\/wp\/v2\/media\/83041"}],"wp:attachment":[{"href":"https:\/\/truusk.store\/sv\/wp-json\/wp\/v2\/media?parent=83050"}],"wp:term":[{"taxonomy":"product_brand","embeddable":true,"href":"https:\/\/truusk.store\/sv\/wp-json\/wp\/v2\/product_brand?post=83050"},{"taxonomy":"product_cat","embeddable":true,"href":"https:\/\/truusk.store\/sv\/wp-json\/wp\/v2\/product_cat?post=83050"},{"taxonomy":"product_tag","embeddable":true,"href":"https:\/\/truusk.store\/sv\/wp-json\/wp\/v2\/product_tag?post=83050"}],"curies":[{"name":"wp","href":"https:\/\/api.w.org\/{rel}","templated":true}]}}