{"id":83091,"date":"2025-07-10T20:35:53","date_gmt":"2025-07-10T19:35:53","guid":{"rendered":"https:\/\/truusk.store\/product\/3-x-3-m-tradgardspaviljong-justerbart-terrasstak-aluminiumram-upf30-solskydd-naturtra\/"},"modified":"2026-03-12T09:46:47","modified_gmt":"2026-03-12T08:46:47","slug":"truusk-tradgardspaviljong-3-x-3-m-justerbart-terrasstak-aluminiumram-upf30-solskydd-naturtra","status":"publish","type":"product","link":"https:\/\/truusk.store\/sv\/produkt\/truusk-tradgardspaviljong-3-x-3-m-justerbart-terrasstak-aluminiumram-upf30-solskydd-naturtra\/","title":{"rendered":"TRUUSK Tr\u00e4dg\u00e5rdspaviljong 3 x 3 m &#8211; Justerbart Terrasstak &#8211; Aluminiumram &#8211; UPF30+ Solskydd &#8211; Naturtr\u00e4"},"content":{"rendered":"<p>Njut av flexibelt varmt solsken eller behaglig skugga med denna utdragbara TRUUSK pergola, helt efter eget behag. Den robusta aluminiumkonstruktionen p\u00e5 tr\u00e4dg\u00e5rdspaviljongen \u00e4r utrustad med markpinnar och expansionsbultar f\u00f6r en fast st\u00e5ndpunkt. Det r\u00f6rliga, PA-belagda taket p\u00e5 tr\u00e4dg\u00e5rdspaviljongen skyddar dig p\u00e5litligt mot UV-str\u00e5lar.<\/p>\n<p>Beskrivning:<\/p>\n<ul>\n<li> Retractable 180g PA-coated outdoor protection, adjustable to a position of your choice. UPF30+ for sun protection<\/li>\n<li> Robust aluminiumram med tr\u00e4dg\u00e5rdspaviljongens tr\u00e4kornstextur ger charm och stabilitet<\/li>\n<li> 3 x 3 m erbjuder gott om utrymme f\u00f6r dina \u00e4ndam\u00e5l<\/li>\n<li> Markankare och f\u00f6rankringsbultar ing\u00e5r i terrasstaket: kan f\u00e4stas i cement, gr\u00e4s eller betong<\/li>\n<li> Anv\u00e4nd inte pergolan under sv\u00e5ra v\u00e4derf\u00f6rh\u00e5llanden<\/li>\n<\/ul>\n<p> Tekniska data:<\/p>\n<ul>\n<li> F\u00e4rg: Naturtr\u00e4<\/li>\n<li> Material: Aluminium, metall, polyester<\/li>\n<li> Totala dimensioner: 299L x 296B x 232H cm<\/li>\n<li> Pelaravst\u00e5nd: 280L x 277B cm<\/li>\n<li> Pelarstorlek: 80L x 80B mm<\/li>\n<li> Fotplattestorlek: 18L x 18B cm<\/li>\n<li> Vindstyrka: 5-6 (med f\u00f6rankringsbultar), 4-5 (med markpinnar)<\/li>\n<li> Sn\u00f6belastning: 5 kg\/m\u00b2<\/li>\n<\/ul>\n<p>Leveransinneh\u00e5ll:<\/p>\n<ul>\n<li> 1 x Metallpaviljong<\/li>\n<li> 8 x Markpinne<\/li>\n<li> 8 x Plugg<\/li>\n<li> 1 x Bruksanvisning<\/li>\n<\/ul>\n","protected":false},"excerpt":{"rendered":"<p>Njut av flexibelt varmt solsken eller behaglig skugga med denna utdragbara TRUUSK pergola, helt efter eget behag. Den robusta aluminiumkonstruktionen&#8230;<\/p>\n","protected":false},"featured_media":83082,"template":"","meta":[],"product_brand":[],"product_cat":[478,858,476],"product_tag":[],"class_list":{"0":"post-83091","1":"product","2":"type-product","3":"status-publish","4":"has-post-thumbnail","6":"product_cat-pergola","7":"product_cat-tradgard-terrass","8":"product_cat-tradgardspaviljonger","10":"first","11":"instock","12":"sale","13":"taxable","14":"shipping-taxable","15":"purchasable","16":"product-type-simple"},"yoast_head":"<!-- This site is optimized with the Yoast SEO plugin v25.4 - https:\/\/yoast.com\/wordpress\/plugins\/seo\/ -->\n<title>TRUUSK Tr\u00e4dg\u00e5rdspaviljong 3 x 3 m - Justerbart Terrasstak - Aluminiumram - UPF30+ Solskydd - Naturtr\u00e4 - TRUUSK - Hem, Tr\u00e4dg\u00e5rd &amp; Fritid<\/title>\n<meta name=\"robots\" content=\"index, follow, max-snippet:-1, max-image-preview:large, max-video-preview:-1\" \/>\n<link rel=\"canonical\" href=\"https:\/\/truusk.store\/sv\/produkt\/truusk-tradgardspaviljong-3-x-3-m-justerbart-terrasstak-aluminiumram-upf30-solskydd-naturtra\/\" \/>\n<meta property=\"og:locale\" content=\"sv_SE\" \/>\n<meta property=\"og:type\" content=\"article\" \/>\n<meta property=\"og:title\" content=\"TRUUSK Tr\u00e4dg\u00e5rdspaviljong 3 x 3 m - Justerbart Terrasstak - Aluminiumram - UPF30+ Solskydd - Naturtr\u00e4 - TRUUSK - Hem, Tr\u00e4dg\u00e5rd &amp; Fritid\" \/>\n<meta property=\"og:description\" content=\"Njut av flexibelt varmt solsken eller behaglig skugga med denna utdragbara TRUUSK pergola, helt efter eget behag. Den robusta aluminiumkonstruktionen...\" \/>\n<meta property=\"og:url\" content=\"https:\/\/truusk.store\/sv\/produkt\/truusk-tradgardspaviljong-3-x-3-m-justerbart-terrasstak-aluminiumram-upf30-solskydd-naturtra\/\" \/>\n<meta property=\"og:site_name\" content=\"TRUUSK - Hem, Tr\u00e4dg\u00e5rd &amp; Fritid\" \/>\n<meta property=\"article:modified_time\" content=\"2026-03-12T08:46:47+00:00\" \/>\n<meta property=\"og:image\" content=\"https:\/\/i0.wp.com\/truusk.se\/wp-content\/uploads\/2025\/07\/3-x-3-m-tradgardspaviljong-justerbart-terrasstak-aluminiumram-upf30-solskydd-naturtra-1.webp?fit=2000%2C2000&ssl=1\" \/>\n\t<meta property=\"og:image:width\" content=\"2000\" \/>\n\t<meta property=\"og:image:height\" content=\"2000\" \/>\n\t<meta property=\"og:image:type\" content=\"image\/webp\" \/>\n<meta name=\"twitter:card\" content=\"summary_large_image\" \/>\n<meta name=\"twitter:label1\" content=\"Ber\u00e4knad l\u00e4stid\" \/>\n\t<meta name=\"twitter:data1\" content=\"1 minut\" \/>\n<!-- \/ Yoast SEO plugin. -->","yoast_head_json":{"title":"TRUUSK Tr\u00e4dg\u00e5rdspaviljong 3 x 3 m - Justerbart Terrasstak - Aluminiumram - UPF30+ Solskydd - Naturtr\u00e4 - TRUUSK - Hem, Tr\u00e4dg\u00e5rd &amp; Fritid","robots":{"index":"index","follow":"follow","max-snippet":"max-snippet:-1","max-image-preview":"max-image-preview:large","max-video-preview":"max-video-preview:-1"},"canonical":"https:\/\/truusk.store\/sv\/produkt\/truusk-tradgardspaviljong-3-x-3-m-justerbart-terrasstak-aluminiumram-upf30-solskydd-naturtra\/","og_locale":"sv_SE","og_type":"article","og_title":"TRUUSK Tr\u00e4dg\u00e5rdspaviljong 3 x 3 m - Justerbart Terrasstak - Aluminiumram - UPF30+ Solskydd - Naturtr\u00e4 - TRUUSK - Hem, Tr\u00e4dg\u00e5rd &amp; Fritid","og_description":"Njut av flexibelt varmt solsken eller behaglig skugga med denna utdragbara TRUUSK pergola, helt efter eget behag. Den robusta aluminiumkonstruktionen...","og_url":"https:\/\/truusk.store\/sv\/produkt\/truusk-tradgardspaviljong-3-x-3-m-justerbart-terrasstak-aluminiumram-upf30-solskydd-naturtra\/","og_site_name":"TRUUSK - Hem, Tr\u00e4dg\u00e5rd &amp; Fritid","article_modified_time":"2026-03-12T08:46:47+00:00","og_image":[{"width":2000,"height":2000,"url":"https:\/\/i0.wp.com\/truusk.se\/wp-content\/uploads\/2025\/07\/3-x-3-m-tradgardspaviljong-justerbart-terrasstak-aluminiumram-upf30-solskydd-naturtra-1.webp?fit=2000%2C2000&ssl=1","type":"image\/webp"}],"twitter_card":"summary_large_image","twitter_misc":{"Ber\u00e4knad l\u00e4stid":"1 minut"},"schema":{"@context":"https:\/\/schema.org","@graph":[{"@type":"WebPage","@id":"https:\/\/truusk.store\/sv\/produkt\/truusk-tradgardspaviljong-3-x-3-m-justerbart-terrasstak-aluminiumram-upf30-solskydd-naturtra\/","url":"https:\/\/truusk.store\/sv\/produkt\/truusk-tradgardspaviljong-3-x-3-m-justerbart-terrasstak-aluminiumram-upf30-solskydd-naturtra\/","name":"TRUUSK Tr\u00e4dg\u00e5rdspaviljong 3 x 3 m - Justerbart Terrasstak - Aluminiumram - UPF30+ Solskydd - Naturtr\u00e4 - TRUUSK - Hem, Tr\u00e4dg\u00e5rd &amp; Fritid","isPartOf":{"@id":"https:\/\/truusk.store\/sv\/#website"},"primaryImageOfPage":{"@id":"https:\/\/truusk.store\/sv\/produkt\/truusk-tradgardspaviljong-3-x-3-m-justerbart-terrasstak-aluminiumram-upf30-solskydd-naturtra\/#primaryimage"},"image":{"@id":"https:\/\/truusk.store\/sv\/produkt\/truusk-tradgardspaviljong-3-x-3-m-justerbart-terrasstak-aluminiumram-upf30-solskydd-naturtra\/#primaryimage"},"thumbnailUrl":"https:\/\/i0.wp.com\/truusk.store\/wp-content\/uploads\/2025\/07\/3-x-3-m-tradgardspaviljong-justerbart-terrasstak-aluminiumram-upf30-solskydd-naturtra-1.webp?fit=2000%2C2000&ssl=1","datePublished":"2025-07-10T19:35:53+00:00","dateModified":"2026-03-12T08:46:47+00:00","breadcrumb":{"@id":"https:\/\/truusk.store\/sv\/produkt\/truusk-tradgardspaviljong-3-x-3-m-justerbart-terrasstak-aluminiumram-upf30-solskydd-naturtra\/#breadcrumb"},"inLanguage":"sv-SE","potentialAction":[{"@type":"ReadAction","target":["https:\/\/truusk.store\/sv\/produkt\/truusk-tradgardspaviljong-3-x-3-m-justerbart-terrasstak-aluminiumram-upf30-solskydd-naturtra\/"]}]},{"@type":"ImageObject","inLanguage":"sv-SE","@id":"https:\/\/truusk.store\/sv\/produkt\/truusk-tradgardspaviljong-3-x-3-m-justerbart-terrasstak-aluminiumram-upf30-solskydd-naturtra\/#primaryimage","url":"https:\/\/i0.wp.com\/truusk.store\/wp-content\/uploads\/2025\/07\/3-x-3-m-tradgardspaviljong-justerbart-terrasstak-aluminiumram-upf30-solskydd-naturtra-1.webp?fit=2000%2C2000&ssl=1","contentUrl":"https:\/\/i0.wp.com\/truusk.store\/wp-content\/uploads\/2025\/07\/3-x-3-m-tradgardspaviljong-justerbart-terrasstak-aluminiumram-upf30-solskydd-naturtra-1.webp?fit=2000%2C2000&ssl=1","width":2000,"height":2000},{"@type":"BreadcrumbList","@id":"https:\/\/truusk.store\/sv\/produkt\/truusk-tradgardspaviljong-3-x-3-m-justerbart-terrasstak-aluminiumram-upf30-solskydd-naturtra\/#breadcrumb","itemListElement":[{"@type":"ListItem","position":1,"name":"Home","item":"https:\/\/truusk.store\/sv\/"},{"@type":"ListItem","position":2,"name":"Shop","item":"https:\/\/truusk.store\/shop\/"},{"@type":"ListItem","position":3,"name":"TRUUSK Tr\u00e4dg\u00e5rdspaviljong 3 x 3 m &#8211; Justerbart Terrasstak &#8211; Aluminiumram &#8211; UPF30+ Solskydd &#8211; Naturtr\u00e4"}]},{"@type":"WebSite","@id":"https:\/\/truusk.store\/sv\/#website","url":"https:\/\/truusk.store\/sv\/","name":"TRUUSK - Hem, Tr\u00e4dg\u00e5rd & Fritid","description":"","publisher":{"@id":"https:\/\/truusk.store\/sv\/#organization"},"potentialAction":[{"@type":"SearchAction","target":{"@type":"EntryPoint","urlTemplate":"https:\/\/truusk.store\/sv\/?s={search_term_string}"},"query-input":{"@type":"PropertyValueSpecification","valueRequired":true,"valueName":"search_term_string"}}],"inLanguage":"sv-SE"},{"@type":"Organization","@id":"https:\/\/truusk.store\/sv\/#organization","name":"TRUUSK - Hem, Tr\u00e4dg\u00e5rd & Fritid","url":"https:\/\/truusk.store\/sv\/","logo":{"@type":"ImageObject","inLanguage":"sv-SE","@id":"https:\/\/truusk.store\/sv\/#\/schema\/logo\/image\/","url":"https:\/\/i0.wp.com\/truusk.store\/wp-content\/uploads\/2026\/03\/cropped-TRUUSK.png?fit=2032%2C917&ssl=1","contentUrl":"https:\/\/i0.wp.com\/truusk.store\/wp-content\/uploads\/2026\/03\/cropped-TRUUSK.png?fit=2032%2C917&ssl=1","width":2032,"height":917,"caption":"TRUUSK - Hem, Tr\u00e4dg\u00e5rd & Fritid"},"image":{"@id":"https:\/\/truusk.store\/sv\/#\/schema\/logo\/image\/"}}]}},"jetpack_sharing_enabled":true,"_links":{"self":[{"href":"https:\/\/truusk.store\/sv\/wp-json\/wp\/v2\/product\/83091","targetHints":{"allow":["GET"]}}],"collection":[{"href":"https:\/\/truusk.store\/sv\/wp-json\/wp\/v2\/product"}],"about":[{"href":"https:\/\/truusk.store\/sv\/wp-json\/wp\/v2\/types\/product"}],"wp:featuredmedia":[{"embeddable":true,"href":"https:\/\/truusk.store\/sv\/wp-json\/wp\/v2\/media\/83082"}],"wp:attachment":[{"href":"https:\/\/truusk.store\/sv\/wp-json\/wp\/v2\/media?parent=83091"}],"wp:term":[{"taxonomy":"product_brand","embeddable":true,"href":"https:\/\/truusk.store\/sv\/wp-json\/wp\/v2\/product_brand?post=83091"},{"taxonomy":"product_cat","embeddable":true,"href":"https:\/\/truusk.store\/sv\/wp-json\/wp\/v2\/product_cat?post=83091"},{"taxonomy":"product_tag","embeddable":true,"href":"https:\/\/truusk.store\/sv\/wp-json\/wp\/v2\/product_tag?post=83091"}],"curies":[{"name":"wp","href":"https:\/\/api.w.org\/{rel}","templated":true}]}}