{"id":83132,"date":"2025-07-11T11:56:19","date_gmt":"2025-07-11T10:56:19","guid":{"rendered":"https:\/\/truusk.store\/product\/avslappningsstol-justerbar-ryggstod-fotstod-roterbar-upp-till-150-kg-stalram-93x100x98cm-svart\/"},"modified":"2026-03-12T09:42:18","modified_gmt":"2026-03-12T08:42:18","slug":"truusk-avslappningsstol-justerbar-ryggstod-fotstod-roterbar-upp-till-150-kg-stalram-93x100x98cm-svart","status":"publish","type":"product","link":"https:\/\/truusk.store\/sv\/produkt\/truusk-avslappningsstol-justerbar-ryggstod-fotstod-roterbar-upp-till-150-kg-stalram-93x100x98cm-svart\/","title":{"rendered":"TRUUSK Avslappningsstol &#8211; Justerbar Ryggst\u00f6d &amp; Fotst\u00f6d &#8211; Roterbar &#8211; Upp Till 150 Kg &#8211; St\u00e5lram &#8211; 93x100x98cm &#8211; Svart"},"content":{"rendered":"<p>TRUUSK relaxstolen kombinerar modern design med o\u00f6vertr\u00e4ffad funktionalitet och passar s\u00f6ml\u00f6st in i alla stilfulla interi\u00f6rer. Den mjuka stoppningen och den justerbara ryggst\u00f6det erbjuder en lyxig avkopplingsupplevelse, medan den roterande basen ger maximal flexibilitet. Oavsett om det \u00e4r efter en l\u00e5ng arbetsdag eller n\u00e4r du tar emot kunder, \u00f6vertygar stolen med sin mjuka stoppning och justerbara ryggst\u00f6d, som f\u00f6renar estetik och lyx.<\/p>\n<p>Beskrivning:<\/p>\n<ul>\n<li> Justerbart ryggst\u00f6d p\u00e5 biostolen upp till 135\u00b0 f\u00f6r optimal avkoppling<\/li>\n<li> Bekv\u00e4mt stoppad med gener\u00f6s sittyta, mjukt huvudst\u00f6d, rygg- och armst\u00f6d<\/li>\n<li> Inbyggd gungfunktion och 360\u00b0 roterande sits p\u00e5 liggstolen erbjuder obegr\u00e4nsad r\u00f6relsefrihet<\/li>\n<li> H\u00f6gkvalitativ, andningsbar tyg\u00f6verdrag, som samtidigt \u00e4r mjuk och l\u00e4tt att reng\u00f6ra<\/li>\n<li> Robust st\u00e5lram garanterar h\u00f6g belastningskapacitet och h\u00e5llbarhet<\/li>\n<li> Enkel sj\u00e4lvmontage med medf\u00f6ljande instruktioner<\/li>\n<\/ul>\n<p> Tekniska data:<\/p>\n<ul>\n<li> F\u00e4rg: Svart<\/li>\n<li> Material: Mikrofiber tyg (100% polyester), skum, st\u00e5l<\/li>\n<li> Totala m\u00e5tt (uppr\u00e4tt): 93L x 100B x 98H cm<\/li>\n<li> Totala m\u00e5tt (liggande): 93L x 164B x 77H cm<\/li>\n<li> M\u00e5tt sits: 57L x 54B x 48H cm, Tjocklek: 12H cm<\/li>\n<li> M\u00e5tt ryggst\u00f6d: 62L x 76B cm, Tjocklek: 27H cm<\/li>\n<li> M\u00e5tt per armst\u00f6d: 55L x 24B cm<\/li>\n<li> B\u00e4rkapacitet: 150 kg<\/li>\n<\/ul>\n<p>Leveransinneh\u00e5ll:<\/p>\n<ul>\n<li> 1 x Relaxstol<\/li>\n<li> 1 x Bruksanvisning<\/li>\n<\/ul>\n","protected":false},"excerpt":{"rendered":"<p>TRUUSK relaxstolen kombinerar modern design med o\u00f6vertr\u00e4ffad funktionalitet och passar s\u00f6ml\u00f6st in i alla stilfulla interi\u00f6rer. Den mjuka stoppningen och&#8230;<\/p>\n","protected":false},"featured_media":83118,"template":"","meta":[],"product_brand":[],"product_cat":[521,946,871,910],"product_tag":[],"class_list":{"0":"post-83132","1":"product","2":"type-product","3":"status-publish","4":"has-post-thumbnail","6":"product_cat-fatolj","7":"product_cat-fernsehsessel","8":"product_cat-hus-hem","9":"product_cat-vardagsrum","11":"first","12":"instock","13":"sale","14":"taxable","15":"shipping-taxable","16":"purchasable","17":"product-type-simple"},"yoast_head":"<!-- This site is optimized with the Yoast SEO plugin v25.4 - https:\/\/yoast.com\/wordpress\/plugins\/seo\/ -->\n<title>TRUUSK Avslappningsstol - Justerbar Ryggst\u00f6d &amp; Fotst\u00f6d - Roterbar - Upp Till 150 Kg - St\u00e5lram - 93x100x98cm - Svart - TRUUSK - Hem, Tr\u00e4dg\u00e5rd &amp; Fritid<\/title>\n<meta name=\"robots\" content=\"index, follow, max-snippet:-1, max-image-preview:large, max-video-preview:-1\" \/>\n<link rel=\"canonical\" href=\"https:\/\/truusk.store\/sv\/produkt\/truusk-avslappningsstol-justerbar-ryggstod-fotstod-roterbar-upp-till-150-kg-stalram-93x100x98cm-svart\/\" \/>\n<meta property=\"og:locale\" content=\"sv_SE\" \/>\n<meta property=\"og:type\" content=\"article\" \/>\n<meta property=\"og:title\" content=\"TRUUSK Avslappningsstol - Justerbar Ryggst\u00f6d &amp; Fotst\u00f6d - Roterbar - Upp Till 150 Kg - St\u00e5lram - 93x100x98cm - Svart - TRUUSK - Hem, Tr\u00e4dg\u00e5rd &amp; Fritid\" \/>\n<meta property=\"og:description\" content=\"TRUUSK relaxstolen kombinerar modern design med o\u00f6vertr\u00e4ffad funktionalitet och passar s\u00f6ml\u00f6st in i alla stilfulla interi\u00f6rer. Den mjuka stoppningen och...\" \/>\n<meta property=\"og:url\" content=\"https:\/\/truusk.store\/sv\/produkt\/truusk-avslappningsstol-justerbar-ryggstod-fotstod-roterbar-upp-till-150-kg-stalram-93x100x98cm-svart\/\" \/>\n<meta property=\"og:site_name\" content=\"TRUUSK - Hem, Tr\u00e4dg\u00e5rd &amp; Fritid\" \/>\n<meta property=\"article:modified_time\" content=\"2026-03-12T08:42:18+00:00\" \/>\n<meta property=\"og:image\" content=\"https:\/\/i0.wp.com\/truusk.se\/wp-content\/uploads\/2025\/07\/avslappningsstol-justerbar-ryggstod-fotstod-roterbar-upp-till-150-kg-stalram-93x100x98cm-svart-1.webp?fit=2000%2C2000&ssl=1\" \/>\n\t<meta property=\"og:image:width\" content=\"2000\" \/>\n\t<meta property=\"og:image:height\" content=\"2000\" \/>\n\t<meta property=\"og:image:type\" content=\"image\/webp\" \/>\n<meta name=\"twitter:card\" content=\"summary_large_image\" \/>\n<meta name=\"twitter:label1\" content=\"Ber\u00e4knad l\u00e4stid\" \/>\n\t<meta name=\"twitter:data1\" content=\"1 minut\" \/>\n<!-- \/ Yoast SEO plugin. -->","yoast_head_json":{"title":"TRUUSK Avslappningsstol - Justerbar Ryggst\u00f6d &amp; Fotst\u00f6d - Roterbar - Upp Till 150 Kg - St\u00e5lram - 93x100x98cm - Svart - TRUUSK - Hem, Tr\u00e4dg\u00e5rd &amp; Fritid","robots":{"index":"index","follow":"follow","max-snippet":"max-snippet:-1","max-image-preview":"max-image-preview:large","max-video-preview":"max-video-preview:-1"},"canonical":"https:\/\/truusk.store\/sv\/produkt\/truusk-avslappningsstol-justerbar-ryggstod-fotstod-roterbar-upp-till-150-kg-stalram-93x100x98cm-svart\/","og_locale":"sv_SE","og_type":"article","og_title":"TRUUSK Avslappningsstol - Justerbar Ryggst\u00f6d &amp; Fotst\u00f6d - Roterbar - Upp Till 150 Kg - St\u00e5lram - 93x100x98cm - Svart - TRUUSK - Hem, Tr\u00e4dg\u00e5rd &amp; Fritid","og_description":"TRUUSK relaxstolen kombinerar modern design med o\u00f6vertr\u00e4ffad funktionalitet och passar s\u00f6ml\u00f6st in i alla stilfulla interi\u00f6rer. Den mjuka stoppningen och...","og_url":"https:\/\/truusk.store\/sv\/produkt\/truusk-avslappningsstol-justerbar-ryggstod-fotstod-roterbar-upp-till-150-kg-stalram-93x100x98cm-svart\/","og_site_name":"TRUUSK - Hem, Tr\u00e4dg\u00e5rd &amp; Fritid","article_modified_time":"2026-03-12T08:42:18+00:00","og_image":[{"width":2000,"height":2000,"url":"https:\/\/i0.wp.com\/truusk.se\/wp-content\/uploads\/2025\/07\/avslappningsstol-justerbar-ryggstod-fotstod-roterbar-upp-till-150-kg-stalram-93x100x98cm-svart-1.webp?fit=2000%2C2000&ssl=1","type":"image\/webp"}],"twitter_card":"summary_large_image","twitter_misc":{"Ber\u00e4knad l\u00e4stid":"1 minut"},"schema":{"@context":"https:\/\/schema.org","@graph":[{"@type":"WebPage","@id":"https:\/\/truusk.store\/sv\/produkt\/truusk-avslappningsstol-justerbar-ryggstod-fotstod-roterbar-upp-till-150-kg-stalram-93x100x98cm-svart\/","url":"https:\/\/truusk.store\/sv\/produkt\/truusk-avslappningsstol-justerbar-ryggstod-fotstod-roterbar-upp-till-150-kg-stalram-93x100x98cm-svart\/","name":"TRUUSK Avslappningsstol - Justerbar Ryggst\u00f6d &amp; Fotst\u00f6d - Roterbar - Upp Till 150 Kg - St\u00e5lram - 93x100x98cm - Svart - TRUUSK - Hem, Tr\u00e4dg\u00e5rd &amp; Fritid","isPartOf":{"@id":"https:\/\/truusk.store\/sv\/#website"},"primaryImageOfPage":{"@id":"https:\/\/truusk.store\/sv\/produkt\/truusk-avslappningsstol-justerbar-ryggstod-fotstod-roterbar-upp-till-150-kg-stalram-93x100x98cm-svart\/#primaryimage"},"image":{"@id":"https:\/\/truusk.store\/sv\/produkt\/truusk-avslappningsstol-justerbar-ryggstod-fotstod-roterbar-upp-till-150-kg-stalram-93x100x98cm-svart\/#primaryimage"},"thumbnailUrl":"https:\/\/i0.wp.com\/truusk.store\/wp-content\/uploads\/2025\/07\/avslappningsstol-justerbar-ryggstod-fotstod-roterbar-upp-till-150-kg-stalram-93x100x98cm-svart-1.webp?fit=2000%2C2000&ssl=1","datePublished":"2025-07-11T10:56:19+00:00","dateModified":"2026-03-12T08:42:18+00:00","breadcrumb":{"@id":"https:\/\/truusk.store\/sv\/produkt\/truusk-avslappningsstol-justerbar-ryggstod-fotstod-roterbar-upp-till-150-kg-stalram-93x100x98cm-svart\/#breadcrumb"},"inLanguage":"sv-SE","potentialAction":[{"@type":"ReadAction","target":["https:\/\/truusk.store\/sv\/produkt\/truusk-avslappningsstol-justerbar-ryggstod-fotstod-roterbar-upp-till-150-kg-stalram-93x100x98cm-svart\/"]}]},{"@type":"ImageObject","inLanguage":"sv-SE","@id":"https:\/\/truusk.store\/sv\/produkt\/truusk-avslappningsstol-justerbar-ryggstod-fotstod-roterbar-upp-till-150-kg-stalram-93x100x98cm-svart\/#primaryimage","url":"https:\/\/i0.wp.com\/truusk.store\/wp-content\/uploads\/2025\/07\/avslappningsstol-justerbar-ryggstod-fotstod-roterbar-upp-till-150-kg-stalram-93x100x98cm-svart-1.webp?fit=2000%2C2000&ssl=1","contentUrl":"https:\/\/i0.wp.com\/truusk.store\/wp-content\/uploads\/2025\/07\/avslappningsstol-justerbar-ryggstod-fotstod-roterbar-upp-till-150-kg-stalram-93x100x98cm-svart-1.webp?fit=2000%2C2000&ssl=1","width":2000,"height":2000},{"@type":"BreadcrumbList","@id":"https:\/\/truusk.store\/sv\/produkt\/truusk-avslappningsstol-justerbar-ryggstod-fotstod-roterbar-upp-till-150-kg-stalram-93x100x98cm-svart\/#breadcrumb","itemListElement":[{"@type":"ListItem","position":1,"name":"Home","item":"https:\/\/truusk.store\/sv\/"},{"@type":"ListItem","position":2,"name":"Shop","item":"https:\/\/truusk.store\/shop\/"},{"@type":"ListItem","position":3,"name":"TRUUSK Avslappningsstol &#8211; Justerbar Ryggst\u00f6d &amp; Fotst\u00f6d &#8211; Roterbar &#8211; Upp Till 150 Kg &#8211; St\u00e5lram &#8211; 93x100x98cm &#8211; Svart"}]},{"@type":"WebSite","@id":"https:\/\/truusk.store\/sv\/#website","url":"https:\/\/truusk.store\/sv\/","name":"TRUUSK - Hem, Tr\u00e4dg\u00e5rd & Fritid","description":"","publisher":{"@id":"https:\/\/truusk.store\/sv\/#organization"},"potentialAction":[{"@type":"SearchAction","target":{"@type":"EntryPoint","urlTemplate":"https:\/\/truusk.store\/sv\/?s={search_term_string}"},"query-input":{"@type":"PropertyValueSpecification","valueRequired":true,"valueName":"search_term_string"}}],"inLanguage":"sv-SE"},{"@type":"Organization","@id":"https:\/\/truusk.store\/sv\/#organization","name":"TRUUSK - Hem, Tr\u00e4dg\u00e5rd & Fritid","url":"https:\/\/truusk.store\/sv\/","logo":{"@type":"ImageObject","inLanguage":"sv-SE","@id":"https:\/\/truusk.store\/sv\/#\/schema\/logo\/image\/","url":"https:\/\/i0.wp.com\/truusk.store\/wp-content\/uploads\/2026\/03\/cropped-TRUUSK.png?fit=2032%2C917&ssl=1","contentUrl":"https:\/\/i0.wp.com\/truusk.store\/wp-content\/uploads\/2026\/03\/cropped-TRUUSK.png?fit=2032%2C917&ssl=1","width":2032,"height":917,"caption":"TRUUSK - Hem, Tr\u00e4dg\u00e5rd & Fritid"},"image":{"@id":"https:\/\/truusk.store\/sv\/#\/schema\/logo\/image\/"}}]}},"jetpack_sharing_enabled":true,"_links":{"self":[{"href":"https:\/\/truusk.store\/sv\/wp-json\/wp\/v2\/product\/83132","targetHints":{"allow":["GET"]}}],"collection":[{"href":"https:\/\/truusk.store\/sv\/wp-json\/wp\/v2\/product"}],"about":[{"href":"https:\/\/truusk.store\/sv\/wp-json\/wp\/v2\/types\/product"}],"wp:featuredmedia":[{"embeddable":true,"href":"https:\/\/truusk.store\/sv\/wp-json\/wp\/v2\/media\/83118"}],"wp:attachment":[{"href":"https:\/\/truusk.store\/sv\/wp-json\/wp\/v2\/media?parent=83132"}],"wp:term":[{"taxonomy":"product_brand","embeddable":true,"href":"https:\/\/truusk.store\/sv\/wp-json\/wp\/v2\/product_brand?post=83132"},{"taxonomy":"product_cat","embeddable":true,"href":"https:\/\/truusk.store\/sv\/wp-json\/wp\/v2\/product_cat?post=83132"},{"taxonomy":"product_tag","embeddable":true,"href":"https:\/\/truusk.store\/sv\/wp-json\/wp\/v2\/product_tag?post=83132"}],"curies":[{"name":"wp","href":"https:\/\/api.w.org\/{rel}","templated":true}]}}