{"id":83167,"date":"2025-07-11T20:32:40","date_gmt":"2025-07-11T19:32:40","guid":{"rendered":"https:\/\/truusk.store\/product\/justerbar-klatterstallning-230-275-cm-utrymmesbesparande-lekcenter-med-hangmatta-gron\/"},"modified":"2026-03-12T09:44:22","modified_gmt":"2026-03-12T08:44:22","slug":"truusk-justerbar-klatterstallning-230-275-cm-utrymmesbesparande-lekcenter-med-hangmatta-gron","status":"publish","type":"product","link":"https:\/\/truusk.store\/sv\/produkt\/truusk-justerbar-klatterstallning-230-275-cm-utrymmesbesparande-lekcenter-med-hangmatta-gron\/","title":{"rendered":"TRUUSK Justerbar Kl\u00e4tterst\u00e4llning 230-275 cm &#8211; Utrymmesbesparande &#8211; Lekcenter med H\u00e4ngmatta &#8211; Gr\u00f6n"},"content":{"rendered":"<p>Uppt\u00e4ck nya h\u00f6jder av lekgl\u00e4dje med TRUUSK takskraptr\u00e4d! Justerbar fr\u00e5n 230 till 275 cm, utnyttjar kattskraptr\u00e4det varje centimeter av ditt utrymme optimalt och erbjuder din innekatt ett sp\u00e4nnande lekparadis. Med en mysig h\u00e4ngmatta, ett katt hus och flera plattformar, ger katttr\u00e4det timmar av underh\u00e5llning och komfort. Den mjuka teddy\u00f6verdraget inbjuder till avkoppling, medan skrapytorna skyddar dina m\u00f6bler. En perfekt tillflyktsort f\u00f6r din katt!<\/p>\n<p>Beskrivning:<\/p>\n<ul>\n<li> H\u00f6jdjusterbar fr\u00e5n 230 till 275 cm, maximerar anv\u00e4ndningen av vertikalt utrymme<\/li>\n<li> Utrymmesbesparande design av katttr\u00e4det passar harmoniskt in i sm\u00e5 utrymmen<\/li>\n<li> Lekcenter med h\u00e4ngmatta, plattformar och katt hus<\/li>\n<li> Mjukt \u00f6verdrag av katttr\u00e4det erbjuder lyx och komfort<\/li>\n<li> Stabil bas och tipp-skydd av kattskraptr\u00e4det garanterar s\u00e4kerhet<\/li>\n<li> Skrapstolpar och lekboll hj\u00e4lper till att skydda dina m\u00f6bler<\/li>\n<li> L\u00e4mplig f\u00f6r 1-2 katter med en vikt upp till 5 kg, montering kr\u00e4vs<\/li>\n<\/ul>\n<p> Tekniska data:<\/p>\n<ul>\n<li> F\u00e4rg: Gr\u00f6n<\/li>\n<li> Material: Sp\u00e5nskiva, polyester, skum, sisal<\/li>\n<li> Totala dimensioner: 55L x 34B x 230-275H cm<\/li>\n<li> Katt husstorlek: 35L x 35B x 30H cm<\/li>\n<li> Husd\u00f6rrstorlek: 18B x 23H cm<\/li>\n<li> H\u00e4ngmattestorlek: \u00d830 x 15H cm<\/li>\n<li> Plattformstorlek: 40\/30L x 24B cm<\/li>\n<li> Basplatta: 55L x 34B cm<\/li>\n<li> B\u00e4rf\u00f6rm\u00e5ga: 10 kg<\/li>\n<\/ul>\n<p> Leveransinneh\u00e5ll:<\/p>\n<ul>\n<li> 1 x Skraptr\u00e4d<\/li>\n<li> 1 x Instruktioner<\/li>\n<\/ul>\n","protected":false},"excerpt":{"rendered":"<p>Uppt\u00e4ck nya h\u00f6jder av lekgl\u00e4dje med TRUUSK takskraptr\u00e4d! Justerbar fr\u00e5n 230 till 275 cm, utnyttjar kattskraptr\u00e4det varje centimeter av ditt&#8230;<\/p>\n","protected":false},"featured_media":83158,"template":"","meta":[],"product_brand":[],"product_cat":[878,588,879],"product_tag":[],"class_list":{"0":"post-83167","1":"product","2":"type-product","3":"status-publish","4":"has-post-thumbnail","6":"product_cat-djurbehov","7":"product_cat-katttillbehor","8":"product_cat-klostrad","10":"first","11":"instock","12":"sale","13":"taxable","14":"shipping-taxable","15":"purchasable","16":"product-type-simple"},"yoast_head":"<!-- This site is optimized with the Yoast SEO plugin v25.4 - https:\/\/yoast.com\/wordpress\/plugins\/seo\/ -->\n<title>TRUUSK Justerbar Kl\u00e4tterst\u00e4llning 230-275 cm - Utrymmesbesparande - Lekcenter med H\u00e4ngmatta - Gr\u00f6n - TRUUSK - Hem, Tr\u00e4dg\u00e5rd &amp; Fritid<\/title>\n<meta name=\"robots\" content=\"index, follow, max-snippet:-1, max-image-preview:large, max-video-preview:-1\" \/>\n<link rel=\"canonical\" href=\"https:\/\/truusk.store\/sv\/produkt\/truusk-justerbar-klatterstallning-230-275-cm-utrymmesbesparande-lekcenter-med-hangmatta-gron\/\" \/>\n<meta property=\"og:locale\" content=\"sv_SE\" \/>\n<meta property=\"og:type\" content=\"article\" \/>\n<meta property=\"og:title\" content=\"TRUUSK Justerbar Kl\u00e4tterst\u00e4llning 230-275 cm - Utrymmesbesparande - Lekcenter med H\u00e4ngmatta - Gr\u00f6n - TRUUSK - Hem, Tr\u00e4dg\u00e5rd &amp; Fritid\" \/>\n<meta property=\"og:description\" content=\"Uppt\u00e4ck nya h\u00f6jder av lekgl\u00e4dje med TRUUSK takskraptr\u00e4d! Justerbar fr\u00e5n 230 till 275 cm, utnyttjar kattskraptr\u00e4det varje centimeter av ditt...\" \/>\n<meta property=\"og:url\" content=\"https:\/\/truusk.store\/sv\/produkt\/truusk-justerbar-klatterstallning-230-275-cm-utrymmesbesparande-lekcenter-med-hangmatta-gron\/\" \/>\n<meta property=\"og:site_name\" content=\"TRUUSK - Hem, Tr\u00e4dg\u00e5rd &amp; Fritid\" \/>\n<meta property=\"article:modified_time\" content=\"2026-03-12T08:44:22+00:00\" \/>\n<meta property=\"og:image\" content=\"https:\/\/i0.wp.com\/truusk.se\/wp-content\/uploads\/2025\/07\/justerbar-klatterstallning-230-275-cm-utrymmesbesparande-lekcenter-med-hangmatta-gron-1.webp?fit=2000%2C2000&ssl=1\" \/>\n\t<meta property=\"og:image:width\" content=\"2000\" \/>\n\t<meta property=\"og:image:height\" content=\"2000\" \/>\n\t<meta property=\"og:image:type\" content=\"image\/webp\" \/>\n<meta name=\"twitter:card\" content=\"summary_large_image\" \/>\n<meta name=\"twitter:label1\" content=\"Ber\u00e4knad l\u00e4stid\" \/>\n\t<meta name=\"twitter:data1\" content=\"1 minut\" \/>\n<!-- \/ Yoast SEO plugin. -->","yoast_head_json":{"title":"TRUUSK Justerbar Kl\u00e4tterst\u00e4llning 230-275 cm - Utrymmesbesparande - Lekcenter med H\u00e4ngmatta - Gr\u00f6n - TRUUSK - Hem, Tr\u00e4dg\u00e5rd &amp; Fritid","robots":{"index":"index","follow":"follow","max-snippet":"max-snippet:-1","max-image-preview":"max-image-preview:large","max-video-preview":"max-video-preview:-1"},"canonical":"https:\/\/truusk.store\/sv\/produkt\/truusk-justerbar-klatterstallning-230-275-cm-utrymmesbesparande-lekcenter-med-hangmatta-gron\/","og_locale":"sv_SE","og_type":"article","og_title":"TRUUSK Justerbar Kl\u00e4tterst\u00e4llning 230-275 cm - Utrymmesbesparande - Lekcenter med H\u00e4ngmatta - Gr\u00f6n - TRUUSK - Hem, Tr\u00e4dg\u00e5rd &amp; Fritid","og_description":"Uppt\u00e4ck nya h\u00f6jder av lekgl\u00e4dje med TRUUSK takskraptr\u00e4d! Justerbar fr\u00e5n 230 till 275 cm, utnyttjar kattskraptr\u00e4det varje centimeter av ditt...","og_url":"https:\/\/truusk.store\/sv\/produkt\/truusk-justerbar-klatterstallning-230-275-cm-utrymmesbesparande-lekcenter-med-hangmatta-gron\/","og_site_name":"TRUUSK - Hem, Tr\u00e4dg\u00e5rd &amp; Fritid","article_modified_time":"2026-03-12T08:44:22+00:00","og_image":[{"width":2000,"height":2000,"url":"https:\/\/i0.wp.com\/truusk.se\/wp-content\/uploads\/2025\/07\/justerbar-klatterstallning-230-275-cm-utrymmesbesparande-lekcenter-med-hangmatta-gron-1.webp?fit=2000%2C2000&ssl=1","type":"image\/webp"}],"twitter_card":"summary_large_image","twitter_misc":{"Ber\u00e4knad l\u00e4stid":"1 minut"},"schema":{"@context":"https:\/\/schema.org","@graph":[{"@type":"WebPage","@id":"https:\/\/truusk.store\/sv\/produkt\/truusk-justerbar-klatterstallning-230-275-cm-utrymmesbesparande-lekcenter-med-hangmatta-gron\/","url":"https:\/\/truusk.store\/sv\/produkt\/truusk-justerbar-klatterstallning-230-275-cm-utrymmesbesparande-lekcenter-med-hangmatta-gron\/","name":"TRUUSK Justerbar Kl\u00e4tterst\u00e4llning 230-275 cm - Utrymmesbesparande - Lekcenter med H\u00e4ngmatta - Gr\u00f6n - TRUUSK - Hem, Tr\u00e4dg\u00e5rd &amp; Fritid","isPartOf":{"@id":"https:\/\/truusk.store\/sv\/#website"},"primaryImageOfPage":{"@id":"https:\/\/truusk.store\/sv\/produkt\/truusk-justerbar-klatterstallning-230-275-cm-utrymmesbesparande-lekcenter-med-hangmatta-gron\/#primaryimage"},"image":{"@id":"https:\/\/truusk.store\/sv\/produkt\/truusk-justerbar-klatterstallning-230-275-cm-utrymmesbesparande-lekcenter-med-hangmatta-gron\/#primaryimage"},"thumbnailUrl":"https:\/\/i0.wp.com\/truusk.store\/wp-content\/uploads\/2025\/07\/justerbar-klatterstallning-230-275-cm-utrymmesbesparande-lekcenter-med-hangmatta-gron-1.webp?fit=2000%2C2000&ssl=1","datePublished":"2025-07-11T19:32:40+00:00","dateModified":"2026-03-12T08:44:22+00:00","breadcrumb":{"@id":"https:\/\/truusk.store\/sv\/produkt\/truusk-justerbar-klatterstallning-230-275-cm-utrymmesbesparande-lekcenter-med-hangmatta-gron\/#breadcrumb"},"inLanguage":"sv-SE","potentialAction":[{"@type":"ReadAction","target":["https:\/\/truusk.store\/sv\/produkt\/truusk-justerbar-klatterstallning-230-275-cm-utrymmesbesparande-lekcenter-med-hangmatta-gron\/"]}]},{"@type":"ImageObject","inLanguage":"sv-SE","@id":"https:\/\/truusk.store\/sv\/produkt\/truusk-justerbar-klatterstallning-230-275-cm-utrymmesbesparande-lekcenter-med-hangmatta-gron\/#primaryimage","url":"https:\/\/i0.wp.com\/truusk.store\/wp-content\/uploads\/2025\/07\/justerbar-klatterstallning-230-275-cm-utrymmesbesparande-lekcenter-med-hangmatta-gron-1.webp?fit=2000%2C2000&ssl=1","contentUrl":"https:\/\/i0.wp.com\/truusk.store\/wp-content\/uploads\/2025\/07\/justerbar-klatterstallning-230-275-cm-utrymmesbesparande-lekcenter-med-hangmatta-gron-1.webp?fit=2000%2C2000&ssl=1","width":2000,"height":2000},{"@type":"BreadcrumbList","@id":"https:\/\/truusk.store\/sv\/produkt\/truusk-justerbar-klatterstallning-230-275-cm-utrymmesbesparande-lekcenter-med-hangmatta-gron\/#breadcrumb","itemListElement":[{"@type":"ListItem","position":1,"name":"Home","item":"https:\/\/truusk.store\/sv\/"},{"@type":"ListItem","position":2,"name":"Shop","item":"https:\/\/truusk.store\/shop\/"},{"@type":"ListItem","position":3,"name":"TRUUSK Justerbar Kl\u00e4tterst\u00e4llning 230-275 cm &#8211; Utrymmesbesparande &#8211; Lekcenter med H\u00e4ngmatta &#8211; Gr\u00f6n"}]},{"@type":"WebSite","@id":"https:\/\/truusk.store\/sv\/#website","url":"https:\/\/truusk.store\/sv\/","name":"TRUUSK - Hem, Tr\u00e4dg\u00e5rd & Fritid","description":"","publisher":{"@id":"https:\/\/truusk.store\/sv\/#organization"},"potentialAction":[{"@type":"SearchAction","target":{"@type":"EntryPoint","urlTemplate":"https:\/\/truusk.store\/sv\/?s={search_term_string}"},"query-input":{"@type":"PropertyValueSpecification","valueRequired":true,"valueName":"search_term_string"}}],"inLanguage":"sv-SE"},{"@type":"Organization","@id":"https:\/\/truusk.store\/sv\/#organization","name":"TRUUSK - Hem, Tr\u00e4dg\u00e5rd & Fritid","url":"https:\/\/truusk.store\/sv\/","logo":{"@type":"ImageObject","inLanguage":"sv-SE","@id":"https:\/\/truusk.store\/sv\/#\/schema\/logo\/image\/","url":"https:\/\/i0.wp.com\/truusk.store\/wp-content\/uploads\/2026\/03\/cropped-TRUUSK.png?fit=2032%2C917&ssl=1","contentUrl":"https:\/\/i0.wp.com\/truusk.store\/wp-content\/uploads\/2026\/03\/cropped-TRUUSK.png?fit=2032%2C917&ssl=1","width":2032,"height":917,"caption":"TRUUSK - Hem, Tr\u00e4dg\u00e5rd & Fritid"},"image":{"@id":"https:\/\/truusk.store\/sv\/#\/schema\/logo\/image\/"}}]}},"jetpack_sharing_enabled":true,"_links":{"self":[{"href":"https:\/\/truusk.store\/sv\/wp-json\/wp\/v2\/product\/83167","targetHints":{"allow":["GET"]}}],"collection":[{"href":"https:\/\/truusk.store\/sv\/wp-json\/wp\/v2\/product"}],"about":[{"href":"https:\/\/truusk.store\/sv\/wp-json\/wp\/v2\/types\/product"}],"wp:featuredmedia":[{"embeddable":true,"href":"https:\/\/truusk.store\/sv\/wp-json\/wp\/v2\/media\/83158"}],"wp:attachment":[{"href":"https:\/\/truusk.store\/sv\/wp-json\/wp\/v2\/media?parent=83167"}],"wp:term":[{"taxonomy":"product_brand","embeddable":true,"href":"https:\/\/truusk.store\/sv\/wp-json\/wp\/v2\/product_brand?post=83167"},{"taxonomy":"product_cat","embeddable":true,"href":"https:\/\/truusk.store\/sv\/wp-json\/wp\/v2\/product_cat?post=83167"},{"taxonomy":"product_tag","embeddable":true,"href":"https:\/\/truusk.store\/sv\/wp-json\/wp\/v2\/product_tag?post=83167"}],"curies":[{"name":"wp","href":"https:\/\/api.w.org\/{rel}","templated":true}]}}