{"id":83187,"date":"2025-07-11T20:36:32","date_gmt":"2025-07-11T19:36:32","guid":{"rendered":"https:\/\/truusk.store\/product\/fotstod-fotpall-hojdjusterbar-0-30-lutningsbar-gra\/"},"modified":"2026-03-12T08:40:45","modified_gmt":"2026-03-12T07:40:45","slug":"truusk-fotstod-och-fotpall-justerbar-hojd-lutningsbar-0-30-gra","status":"publish","type":"product","link":"https:\/\/truusk.store\/sv\/produkt\/truusk-fotstod-och-fotpall-justerbar-hojd-lutningsbar-0-30-gra\/","title":{"rendered":"TRUUSK Fotst\u00f6d och Fotpall &#8211; Justerbar h\u00f6jd, Lutningsbar 0-30\u00b0 &#8211; Gr\u00e5"},"content":{"rendered":"<p>V\u00e5r fotst\u00f6d placeras under skrivbordet och tar mycket lite plats, men erbjuder mycket komfort. 0-30 graders vinkeljustering och trestegs h\u00f6jdjustering av fotst\u00f6det m\u00f6jligg\u00f6r en individuellt optimal anpassning. Texturen p\u00e5 fotst\u00f6det \u00e4r inte bara halkfri, utan har ocks\u00e5 en l\u00e4tt massagefunktion. Ta hand om din h\u00e4lsa och b\u00f6rja med dina f\u00f6tter!<\/p>\n<p>Beskrivning:<\/p>\n<ul>\n<li> Fotst\u00f6d f\u00f6r placering under ett skrivbord erbjuder \u00f6kad komfort vid arbete<\/li>\n<li> Lyft benen f\u00f6r att f\u00f6rb\u00e4ttra h\u00e5llningen och cirkulationen och minska tr\u00f6tthet<\/li>\n<li> 3-stegs h\u00f6jdjusterbar (10 cm, 13 cm, 16,5 cm)<\/li>\n<li> H\u00e5ll benen h\u00f6ga, f\u00f6rb\u00e4ttra h\u00e5llningen och h\u00e5llningen f\u00f6r att minska trycket p\u00e5 nedre ryggen<\/li>\n<li> Fotst\u00f6dets lutningsplattform kan justeras mellan 0 och 30 grader<\/li>\n<li> Yttexturen p\u00e5 fotst\u00f6det kan f\u00f6rhindra halkning<\/li>\n<\/ul>\n<p>Tekniska specifikationer:<\/p>\n<ul>\n<li> F\u00e4rg: Gr\u00e5<\/li>\n<li> Material: Plast<\/li>\n<li> Totala m\u00e5tt: 45L x 34B x 10-16,5H cm<\/li>\n<li> Justerbar h\u00f6jd: 10 cm, 13 cm, 16,5 cm<\/li>\n<li> Justerbar vinkel: 0-30 \u00b0<\/li>\n<li> B\u00e4rkapacitet: 30 kg (inom 4 timmar)<\/li>\n<\/ul>\n<p>Leveransinneh\u00e5ll:<\/p>\n<ul>\n<li> 1 x fotst\u00f6d;<\/li>\n<\/ul>\n","protected":false},"excerpt":{"rendered":"<p>V\u00e5r fotst\u00f6d placeras under skrivbordet och tar mycket lite plats, men erbjuder mycket komfort. 0-30 graders vinkeljustering och trestegs h\u00f6jdjustering&#8230;<\/p>\n","protected":false},"featured_media":83178,"template":"","meta":[],"product_brand":[],"product_cat":[872,871,497],"product_tag":[],"class_list":{"0":"post-83187","1":"product","2":"type-product","3":"status-publish","4":"has-post-thumbnail","6":"product_cat-hemmakontor-arbetsplats","7":"product_cat-hus-hem","8":"product_cat-kontorsmaterial","10":"first","11":"instock","12":"sale","13":"taxable","14":"shipping-taxable","15":"purchasable","16":"product-type-simple"},"yoast_head":"<!-- This site is optimized with the Yoast SEO plugin v25.4 - https:\/\/yoast.com\/wordpress\/plugins\/seo\/ -->\n<title>TRUUSK Fotst\u00f6d och Fotpall - Justerbar h\u00f6jd, Lutningsbar 0-30\u00b0 - Gr\u00e5 - TRUUSK - Hem, Tr\u00e4dg\u00e5rd &amp; Fritid<\/title>\n<meta name=\"robots\" content=\"index, follow, max-snippet:-1, max-image-preview:large, max-video-preview:-1\" \/>\n<link rel=\"canonical\" href=\"https:\/\/truusk.store\/sv\/produkt\/truusk-fotstod-och-fotpall-justerbar-hojd-lutningsbar-0-30-gra\/\" \/>\n<meta property=\"og:locale\" content=\"sv_SE\" \/>\n<meta property=\"og:type\" content=\"article\" \/>\n<meta property=\"og:title\" content=\"TRUUSK Fotst\u00f6d och Fotpall - Justerbar h\u00f6jd, Lutningsbar 0-30\u00b0 - Gr\u00e5 - TRUUSK - Hem, Tr\u00e4dg\u00e5rd &amp; Fritid\" \/>\n<meta property=\"og:description\" content=\"V\u00e5r fotst\u00f6d placeras under skrivbordet och tar mycket lite plats, men erbjuder mycket komfort. 0-30 graders vinkeljustering och trestegs h\u00f6jdjustering...\" \/>\n<meta property=\"og:url\" content=\"https:\/\/truusk.store\/sv\/produkt\/truusk-fotstod-och-fotpall-justerbar-hojd-lutningsbar-0-30-gra\/\" \/>\n<meta property=\"og:site_name\" content=\"TRUUSK - Hem, Tr\u00e4dg\u00e5rd &amp; Fritid\" \/>\n<meta property=\"article:modified_time\" content=\"2026-03-12T07:40:45+00:00\" \/>\n<meta property=\"og:image\" content=\"https:\/\/i0.wp.com\/truusk.se\/wp-content\/uploads\/2025\/07\/fotstod-fotpall-hojdjusterbar-0-30-lutningsbar-gra-1.webp?fit=2000%2C2000&ssl=1\" \/>\n\t<meta property=\"og:image:width\" content=\"2000\" \/>\n\t<meta property=\"og:image:height\" content=\"2000\" \/>\n\t<meta property=\"og:image:type\" content=\"image\/webp\" \/>\n<meta name=\"twitter:card\" content=\"summary_large_image\" \/>\n<meta name=\"twitter:label1\" content=\"Ber\u00e4knad l\u00e4stid\" \/>\n\t<meta name=\"twitter:data1\" content=\"1 minut\" \/>\n<!-- \/ Yoast SEO plugin. -->","yoast_head_json":{"title":"TRUUSK Fotst\u00f6d och Fotpall - Justerbar h\u00f6jd, Lutningsbar 0-30\u00b0 - Gr\u00e5 - TRUUSK - Hem, Tr\u00e4dg\u00e5rd &amp; Fritid","robots":{"index":"index","follow":"follow","max-snippet":"max-snippet:-1","max-image-preview":"max-image-preview:large","max-video-preview":"max-video-preview:-1"},"canonical":"https:\/\/truusk.store\/sv\/produkt\/truusk-fotstod-och-fotpall-justerbar-hojd-lutningsbar-0-30-gra\/","og_locale":"sv_SE","og_type":"article","og_title":"TRUUSK Fotst\u00f6d och Fotpall - Justerbar h\u00f6jd, Lutningsbar 0-30\u00b0 - Gr\u00e5 - TRUUSK - Hem, Tr\u00e4dg\u00e5rd &amp; Fritid","og_description":"V\u00e5r fotst\u00f6d placeras under skrivbordet och tar mycket lite plats, men erbjuder mycket komfort. 0-30 graders vinkeljustering och trestegs h\u00f6jdjustering...","og_url":"https:\/\/truusk.store\/sv\/produkt\/truusk-fotstod-och-fotpall-justerbar-hojd-lutningsbar-0-30-gra\/","og_site_name":"TRUUSK - Hem, Tr\u00e4dg\u00e5rd &amp; Fritid","article_modified_time":"2026-03-12T07:40:45+00:00","og_image":[{"width":2000,"height":2000,"url":"https:\/\/i0.wp.com\/truusk.se\/wp-content\/uploads\/2025\/07\/fotstod-fotpall-hojdjusterbar-0-30-lutningsbar-gra-1.webp?fit=2000%2C2000&ssl=1","type":"image\/webp"}],"twitter_card":"summary_large_image","twitter_misc":{"Ber\u00e4knad l\u00e4stid":"1 minut"},"schema":{"@context":"https:\/\/schema.org","@graph":[{"@type":"WebPage","@id":"https:\/\/truusk.store\/sv\/produkt\/truusk-fotstod-och-fotpall-justerbar-hojd-lutningsbar-0-30-gra\/","url":"https:\/\/truusk.store\/sv\/produkt\/truusk-fotstod-och-fotpall-justerbar-hojd-lutningsbar-0-30-gra\/","name":"TRUUSK Fotst\u00f6d och Fotpall - Justerbar h\u00f6jd, Lutningsbar 0-30\u00b0 - Gr\u00e5 - TRUUSK - Hem, Tr\u00e4dg\u00e5rd &amp; Fritid","isPartOf":{"@id":"https:\/\/truusk.store\/sv\/#website"},"primaryImageOfPage":{"@id":"https:\/\/truusk.store\/sv\/produkt\/truusk-fotstod-och-fotpall-justerbar-hojd-lutningsbar-0-30-gra\/#primaryimage"},"image":{"@id":"https:\/\/truusk.store\/sv\/produkt\/truusk-fotstod-och-fotpall-justerbar-hojd-lutningsbar-0-30-gra\/#primaryimage"},"thumbnailUrl":"https:\/\/i0.wp.com\/truusk.store\/wp-content\/uploads\/2025\/07\/fotstod-fotpall-hojdjusterbar-0-30-lutningsbar-gra-1.webp?fit=2000%2C2000&ssl=1","datePublished":"2025-07-11T19:36:32+00:00","dateModified":"2026-03-12T07:40:45+00:00","breadcrumb":{"@id":"https:\/\/truusk.store\/sv\/produkt\/truusk-fotstod-och-fotpall-justerbar-hojd-lutningsbar-0-30-gra\/#breadcrumb"},"inLanguage":"sv-SE","potentialAction":[{"@type":"ReadAction","target":["https:\/\/truusk.store\/sv\/produkt\/truusk-fotstod-och-fotpall-justerbar-hojd-lutningsbar-0-30-gra\/"]}]},{"@type":"ImageObject","inLanguage":"sv-SE","@id":"https:\/\/truusk.store\/sv\/produkt\/truusk-fotstod-och-fotpall-justerbar-hojd-lutningsbar-0-30-gra\/#primaryimage","url":"https:\/\/i0.wp.com\/truusk.store\/wp-content\/uploads\/2025\/07\/fotstod-fotpall-hojdjusterbar-0-30-lutningsbar-gra-1.webp?fit=2000%2C2000&ssl=1","contentUrl":"https:\/\/i0.wp.com\/truusk.store\/wp-content\/uploads\/2025\/07\/fotstod-fotpall-hojdjusterbar-0-30-lutningsbar-gra-1.webp?fit=2000%2C2000&ssl=1","width":2000,"height":2000},{"@type":"BreadcrumbList","@id":"https:\/\/truusk.store\/sv\/produkt\/truusk-fotstod-och-fotpall-justerbar-hojd-lutningsbar-0-30-gra\/#breadcrumb","itemListElement":[{"@type":"ListItem","position":1,"name":"Home","item":"https:\/\/truusk.store\/sv\/"},{"@type":"ListItem","position":2,"name":"Shop","item":"https:\/\/truusk.store\/shop\/"},{"@type":"ListItem","position":3,"name":"TRUUSK Fotst\u00f6d och Fotpall &#8211; Justerbar h\u00f6jd, Lutningsbar 0-30\u00b0 &#8211; Gr\u00e5"}]},{"@type":"WebSite","@id":"https:\/\/truusk.store\/sv\/#website","url":"https:\/\/truusk.store\/sv\/","name":"TRUUSK - Hem, Tr\u00e4dg\u00e5rd & Fritid","description":"","publisher":{"@id":"https:\/\/truusk.store\/sv\/#organization"},"potentialAction":[{"@type":"SearchAction","target":{"@type":"EntryPoint","urlTemplate":"https:\/\/truusk.store\/sv\/?s={search_term_string}"},"query-input":{"@type":"PropertyValueSpecification","valueRequired":true,"valueName":"search_term_string"}}],"inLanguage":"sv-SE"},{"@type":"Organization","@id":"https:\/\/truusk.store\/sv\/#organization","name":"TRUUSK - Hem, Tr\u00e4dg\u00e5rd & Fritid","url":"https:\/\/truusk.store\/sv\/","logo":{"@type":"ImageObject","inLanguage":"sv-SE","@id":"https:\/\/truusk.store\/sv\/#\/schema\/logo\/image\/","url":"https:\/\/i0.wp.com\/truusk.store\/wp-content\/uploads\/2026\/03\/cropped-TRUUSK.png?fit=2032%2C917&ssl=1","contentUrl":"https:\/\/i0.wp.com\/truusk.store\/wp-content\/uploads\/2026\/03\/cropped-TRUUSK.png?fit=2032%2C917&ssl=1","width":2032,"height":917,"caption":"TRUUSK - Hem, Tr\u00e4dg\u00e5rd & Fritid"},"image":{"@id":"https:\/\/truusk.store\/sv\/#\/schema\/logo\/image\/"}}]}},"jetpack_sharing_enabled":true,"_links":{"self":[{"href":"https:\/\/truusk.store\/sv\/wp-json\/wp\/v2\/product\/83187","targetHints":{"allow":["GET"]}}],"collection":[{"href":"https:\/\/truusk.store\/sv\/wp-json\/wp\/v2\/product"}],"about":[{"href":"https:\/\/truusk.store\/sv\/wp-json\/wp\/v2\/types\/product"}],"wp:featuredmedia":[{"embeddable":true,"href":"https:\/\/truusk.store\/sv\/wp-json\/wp\/v2\/media\/83178"}],"wp:attachment":[{"href":"https:\/\/truusk.store\/sv\/wp-json\/wp\/v2\/media?parent=83187"}],"wp:term":[{"taxonomy":"product_brand","embeddable":true,"href":"https:\/\/truusk.store\/sv\/wp-json\/wp\/v2\/product_brand?post=83187"},{"taxonomy":"product_cat","embeddable":true,"href":"https:\/\/truusk.store\/sv\/wp-json\/wp\/v2\/product_cat?post=83187"},{"taxonomy":"product_tag","embeddable":true,"href":"https:\/\/truusk.store\/sv\/wp-json\/wp\/v2\/product_tag?post=83187"}],"curies":[{"name":"wp","href":"https:\/\/api.w.org\/{rel}","templated":true}]}}