{"id":83245,"date":"2025-07-14T12:09:16","date_gmt":"2025-07-14T11:09:16","guid":{"rendered":"https:\/\/truusk.store\/product\/hundvardstbord-frisorsbord-med-justerbar-arm-forvaringsfack-gummioverdrag-90-x-60-x-76-cm-svart\/"},"modified":"2026-03-12T08:41:17","modified_gmt":"2026-03-12T07:41:17","slug":"truusk-hundvardstbord-frisorsbord-med-justerbar-arm-forvaringsfack-gummioverdrag-90-x-60-x-76-cm-svart","status":"publish","type":"product","link":"https:\/\/truusk.store\/sv\/produkt\/truusk-hundvardstbord-frisorsbord-med-justerbar-arm-forvaringsfack-gummioverdrag-90-x-60-x-76-cm-svart\/","title":{"rendered":"TRUUSK Hundv\u00e5rdstbord &#8211; Fris\u00f6rsbord med justerbar arm &#8211; F\u00f6rvaringsfack &#8211; Gummioverdrag &#8211; 90 x 60 x 76 cm &#8211; Svart"},"content":{"rendered":"<p>Optimera v\u00e5rd av dina favoriter med TRUUSK hundv\u00e5rdstabell! Den justerbara v\u00e5rdarmen fr\u00e5n 15-80 cm, dubbla s\u00e4kerhetslinor och en halkfri, gummerad yta p\u00e5 trimbordet garanterar s\u00e4ker v\u00e5rd. Dessutom erbjuder djurv\u00e5rdstabellen praktiska f\u00f6rvaringsutrymmen. L\u00e4tt att f\u00f6rvara efter anv\u00e4ndning, tack vare de f\u00e4llbara benen. L\u00e4mplig f\u00f6r hundar upp till 40 kg och 80 cm kroppsl\u00e4ngd.<\/p>\n<p>Beskrivning:<\/p>\n<ul>\n<li> Den justerbara v\u00e5rdarmen str\u00e4cker sig fr\u00e5n 15 till 80 cm och inkluderar 2 linor<\/li>\n<li> Gummiytan p\u00e5 trimbordet \u00e4r vattent\u00e4t och halkfri, med aluminiumlegeringskanter<\/li>\n<li> F\u00f6rvaringshyllorna p\u00e5 djurv\u00e5rdstabellen h\u00e5ller praktiskt taget v\u00e5rdredskap redo<\/li>\n<li> F\u00e4llbara ben p\u00e5 hundv\u00e5rdstabellen underl\u00e4ttar f\u00f6rvaring och transport<\/li>\n<li> L\u00e4mplig f\u00f6r hundar upp till 40 kg och 80 cm l\u00e4ngd<\/li>\n<li> Montering kr\u00e4vs<\/li>\n<\/ul>\n<p>Tekniska data:<\/p>\n<ul>\n<li> F\u00e4rg: Svart+Vit<\/li>\n<li> Material: Gummi, St\u00e5l<\/li>\n<li> Totala dimensioner: 90L x 60B x 76H cm<\/li>\n<li> Bordsskiva: 90B x 60T cm<\/li>\n<li> Justerbar arm: 15-80H cm<\/li>\n<li> Fast lina: 47L cm<\/li>\n<li> F\u00f6rvaringsfack: 76L x 32B x 2,5H cm<\/li>\n<li> Maximal belastning: 10 kg (f\u00f6rvaringsfack), 40 kg (hundvikt)<\/li>\n<\/ul>\n<p>Leveransinneh\u00e5ll:<\/p>\n<ul>\n<li> 1 x Hundv\u00e5rdstabell<\/li>\n<li> 1 x Bruksanvisning<\/li>\n<\/ul>\n","protected":false},"excerpt":{"rendered":"<p>Optimera v\u00e5rd av dina favoriter med TRUUSK hundv\u00e5rdstabell! Den justerbara v\u00e5rdarmen fr\u00e5n 15-80 cm, dubbla s\u00e4kerhetslinor och en halkfri, gummerad&#8230;<\/p>\n","protected":false},"featured_media":83236,"template":"","meta":[],"product_brand":[],"product_cat":[878,574,913,914],"product_tag":[],"class_list":{"0":"post-83245","1":"product","2":"type-product","3":"status-publish","4":"has-post-thumbnail","6":"product_cat-djurbehov","7":"product_cat-hundtillbehor","8":"product_cat-hundvard","9":"product_cat-trimmtische","11":"first","12":"instock","13":"sale","14":"taxable","15":"shipping-taxable","16":"purchasable","17":"product-type-simple"},"yoast_head":"<!-- This site is optimized with the Yoast SEO plugin v25.4 - https:\/\/yoast.com\/wordpress\/plugins\/seo\/ -->\n<title>TRUUSK Hundv\u00e5rdstbord - Fris\u00f6rsbord med justerbar arm - F\u00f6rvaringsfack - Gummioverdrag - 90 x 60 x 76 cm - Svart - TRUUSK - Hem, Tr\u00e4dg\u00e5rd &amp; Fritid<\/title>\n<meta name=\"robots\" content=\"index, follow, max-snippet:-1, max-image-preview:large, max-video-preview:-1\" \/>\n<link rel=\"canonical\" href=\"https:\/\/truusk.store\/sv\/produkt\/truusk-hundvardstbord-frisorsbord-med-justerbar-arm-forvaringsfack-gummioverdrag-90-x-60-x-76-cm-svart\/\" \/>\n<meta property=\"og:locale\" content=\"sv_SE\" \/>\n<meta property=\"og:type\" content=\"article\" \/>\n<meta property=\"og:title\" content=\"TRUUSK Hundv\u00e5rdstbord - Fris\u00f6rsbord med justerbar arm - F\u00f6rvaringsfack - Gummioverdrag - 90 x 60 x 76 cm - Svart - TRUUSK - Hem, Tr\u00e4dg\u00e5rd &amp; Fritid\" \/>\n<meta property=\"og:description\" content=\"Optimera v\u00e5rd av dina favoriter med TRUUSK hundv\u00e5rdstabell! Den justerbara v\u00e5rdarmen fr\u00e5n 15-80 cm, dubbla s\u00e4kerhetslinor och en halkfri, gummerad...\" \/>\n<meta property=\"og:url\" content=\"https:\/\/truusk.store\/sv\/produkt\/truusk-hundvardstbord-frisorsbord-med-justerbar-arm-forvaringsfack-gummioverdrag-90-x-60-x-76-cm-svart\/\" \/>\n<meta property=\"og:site_name\" content=\"TRUUSK - Hem, Tr\u00e4dg\u00e5rd &amp; Fritid\" \/>\n<meta property=\"article:modified_time\" content=\"2026-03-12T07:41:17+00:00\" \/>\n<meta property=\"og:image\" content=\"https:\/\/i0.wp.com\/truusk.se\/wp-content\/uploads\/2025\/07\/hundvardstbord-frisorsbord-med-justerbar-arm-forvaringsfack-gummioverdrag-90-x-60-x-76-cm-svart-1.webp?fit=2000%2C2000&ssl=1\" \/>\n\t<meta property=\"og:image:width\" content=\"2000\" \/>\n\t<meta property=\"og:image:height\" content=\"2000\" \/>\n\t<meta property=\"og:image:type\" content=\"image\/webp\" \/>\n<meta name=\"twitter:card\" content=\"summary_large_image\" \/>\n<meta name=\"twitter:label1\" content=\"Ber\u00e4knad l\u00e4stid\" \/>\n\t<meta name=\"twitter:data1\" content=\"1 minut\" \/>\n<!-- \/ Yoast SEO plugin. -->","yoast_head_json":{"title":"TRUUSK Hundv\u00e5rdstbord - Fris\u00f6rsbord med justerbar arm - F\u00f6rvaringsfack - Gummioverdrag - 90 x 60 x 76 cm - Svart - TRUUSK - Hem, Tr\u00e4dg\u00e5rd &amp; Fritid","robots":{"index":"index","follow":"follow","max-snippet":"max-snippet:-1","max-image-preview":"max-image-preview:large","max-video-preview":"max-video-preview:-1"},"canonical":"https:\/\/truusk.store\/sv\/produkt\/truusk-hundvardstbord-frisorsbord-med-justerbar-arm-forvaringsfack-gummioverdrag-90-x-60-x-76-cm-svart\/","og_locale":"sv_SE","og_type":"article","og_title":"TRUUSK Hundv\u00e5rdstbord - Fris\u00f6rsbord med justerbar arm - F\u00f6rvaringsfack - Gummioverdrag - 90 x 60 x 76 cm - Svart - TRUUSK - Hem, Tr\u00e4dg\u00e5rd &amp; Fritid","og_description":"Optimera v\u00e5rd av dina favoriter med TRUUSK hundv\u00e5rdstabell! Den justerbara v\u00e5rdarmen fr\u00e5n 15-80 cm, dubbla s\u00e4kerhetslinor och en halkfri, gummerad...","og_url":"https:\/\/truusk.store\/sv\/produkt\/truusk-hundvardstbord-frisorsbord-med-justerbar-arm-forvaringsfack-gummioverdrag-90-x-60-x-76-cm-svart\/","og_site_name":"TRUUSK - Hem, Tr\u00e4dg\u00e5rd &amp; Fritid","article_modified_time":"2026-03-12T07:41:17+00:00","og_image":[{"width":2000,"height":2000,"url":"https:\/\/i0.wp.com\/truusk.se\/wp-content\/uploads\/2025\/07\/hundvardstbord-frisorsbord-med-justerbar-arm-forvaringsfack-gummioverdrag-90-x-60-x-76-cm-svart-1.webp?fit=2000%2C2000&ssl=1","type":"image\/webp"}],"twitter_card":"summary_large_image","twitter_misc":{"Ber\u00e4knad l\u00e4stid":"1 minut"},"schema":{"@context":"https:\/\/schema.org","@graph":[{"@type":"WebPage","@id":"https:\/\/truusk.store\/sv\/produkt\/truusk-hundvardstbord-frisorsbord-med-justerbar-arm-forvaringsfack-gummioverdrag-90-x-60-x-76-cm-svart\/","url":"https:\/\/truusk.store\/sv\/produkt\/truusk-hundvardstbord-frisorsbord-med-justerbar-arm-forvaringsfack-gummioverdrag-90-x-60-x-76-cm-svart\/","name":"TRUUSK Hundv\u00e5rdstbord - Fris\u00f6rsbord med justerbar arm - F\u00f6rvaringsfack - Gummioverdrag - 90 x 60 x 76 cm - Svart - TRUUSK - Hem, Tr\u00e4dg\u00e5rd &amp; Fritid","isPartOf":{"@id":"https:\/\/truusk.store\/sv\/#website"},"primaryImageOfPage":{"@id":"https:\/\/truusk.store\/sv\/produkt\/truusk-hundvardstbord-frisorsbord-med-justerbar-arm-forvaringsfack-gummioverdrag-90-x-60-x-76-cm-svart\/#primaryimage"},"image":{"@id":"https:\/\/truusk.store\/sv\/produkt\/truusk-hundvardstbord-frisorsbord-med-justerbar-arm-forvaringsfack-gummioverdrag-90-x-60-x-76-cm-svart\/#primaryimage"},"thumbnailUrl":"https:\/\/i0.wp.com\/truusk.store\/wp-content\/uploads\/2025\/07\/hundvardstbord-frisorsbord-med-justerbar-arm-forvaringsfack-gummioverdrag-90-x-60-x-76-cm-svart-1.webp?fit=2000%2C2000&ssl=1","datePublished":"2025-07-14T11:09:16+00:00","dateModified":"2026-03-12T07:41:17+00:00","breadcrumb":{"@id":"https:\/\/truusk.store\/sv\/produkt\/truusk-hundvardstbord-frisorsbord-med-justerbar-arm-forvaringsfack-gummioverdrag-90-x-60-x-76-cm-svart\/#breadcrumb"},"inLanguage":"sv-SE","potentialAction":[{"@type":"ReadAction","target":["https:\/\/truusk.store\/sv\/produkt\/truusk-hundvardstbord-frisorsbord-med-justerbar-arm-forvaringsfack-gummioverdrag-90-x-60-x-76-cm-svart\/"]}]},{"@type":"ImageObject","inLanguage":"sv-SE","@id":"https:\/\/truusk.store\/sv\/produkt\/truusk-hundvardstbord-frisorsbord-med-justerbar-arm-forvaringsfack-gummioverdrag-90-x-60-x-76-cm-svart\/#primaryimage","url":"https:\/\/i0.wp.com\/truusk.store\/wp-content\/uploads\/2025\/07\/hundvardstbord-frisorsbord-med-justerbar-arm-forvaringsfack-gummioverdrag-90-x-60-x-76-cm-svart-1.webp?fit=2000%2C2000&ssl=1","contentUrl":"https:\/\/i0.wp.com\/truusk.store\/wp-content\/uploads\/2025\/07\/hundvardstbord-frisorsbord-med-justerbar-arm-forvaringsfack-gummioverdrag-90-x-60-x-76-cm-svart-1.webp?fit=2000%2C2000&ssl=1","width":2000,"height":2000},{"@type":"BreadcrumbList","@id":"https:\/\/truusk.store\/sv\/produkt\/truusk-hundvardstbord-frisorsbord-med-justerbar-arm-forvaringsfack-gummioverdrag-90-x-60-x-76-cm-svart\/#breadcrumb","itemListElement":[{"@type":"ListItem","position":1,"name":"Home","item":"https:\/\/truusk.store\/sv\/"},{"@type":"ListItem","position":2,"name":"Shop","item":"https:\/\/truusk.store\/shop\/"},{"@type":"ListItem","position":3,"name":"TRUUSK Hundv\u00e5rdstbord &#8211; Fris\u00f6rsbord med justerbar arm &#8211; F\u00f6rvaringsfack &#8211; Gummioverdrag &#8211; 90 x 60 x 76 cm &#8211; Svart"}]},{"@type":"WebSite","@id":"https:\/\/truusk.store\/sv\/#website","url":"https:\/\/truusk.store\/sv\/","name":"TRUUSK - Hem, Tr\u00e4dg\u00e5rd & Fritid","description":"","publisher":{"@id":"https:\/\/truusk.store\/sv\/#organization"},"potentialAction":[{"@type":"SearchAction","target":{"@type":"EntryPoint","urlTemplate":"https:\/\/truusk.store\/sv\/?s={search_term_string}"},"query-input":{"@type":"PropertyValueSpecification","valueRequired":true,"valueName":"search_term_string"}}],"inLanguage":"sv-SE"},{"@type":"Organization","@id":"https:\/\/truusk.store\/sv\/#organization","name":"TRUUSK - Hem, Tr\u00e4dg\u00e5rd & Fritid","url":"https:\/\/truusk.store\/sv\/","logo":{"@type":"ImageObject","inLanguage":"sv-SE","@id":"https:\/\/truusk.store\/sv\/#\/schema\/logo\/image\/","url":"https:\/\/i0.wp.com\/truusk.store\/wp-content\/uploads\/2026\/03\/cropped-TRUUSK.png?fit=2032%2C917&ssl=1","contentUrl":"https:\/\/i0.wp.com\/truusk.store\/wp-content\/uploads\/2026\/03\/cropped-TRUUSK.png?fit=2032%2C917&ssl=1","width":2032,"height":917,"caption":"TRUUSK - Hem, Tr\u00e4dg\u00e5rd & Fritid"},"image":{"@id":"https:\/\/truusk.store\/sv\/#\/schema\/logo\/image\/"}}]}},"jetpack_sharing_enabled":true,"_links":{"self":[{"href":"https:\/\/truusk.store\/sv\/wp-json\/wp\/v2\/product\/83245","targetHints":{"allow":["GET"]}}],"collection":[{"href":"https:\/\/truusk.store\/sv\/wp-json\/wp\/v2\/product"}],"about":[{"href":"https:\/\/truusk.store\/sv\/wp-json\/wp\/v2\/types\/product"}],"wp:featuredmedia":[{"embeddable":true,"href":"https:\/\/truusk.store\/sv\/wp-json\/wp\/v2\/media\/83236"}],"wp:attachment":[{"href":"https:\/\/truusk.store\/sv\/wp-json\/wp\/v2\/media?parent=83245"}],"wp:term":[{"taxonomy":"product_brand","embeddable":true,"href":"https:\/\/truusk.store\/sv\/wp-json\/wp\/v2\/product_brand?post=83245"},{"taxonomy":"product_cat","embeddable":true,"href":"https:\/\/truusk.store\/sv\/wp-json\/wp\/v2\/product_cat?post=83245"},{"taxonomy":"product_tag","embeddable":true,"href":"https:\/\/truusk.store\/sv\/wp-json\/wp\/v2\/product_tag?post=83245"}],"curies":[{"name":"wp","href":"https:\/\/api.w.org\/{rel}","templated":true}]}}