{"id":83255,"date":"2025-07-14T12:10:25","date_gmt":"2025-07-14T11:10:25","guid":{"rendered":"https:\/\/truusk.store\/product\/agility-hundramp-hopfallbar-justerbar-hojd-halkfri-grantra-upp-till-40-kg-173-x-59-x-66-cm-orange-gron\/"},"modified":"2026-03-12T08:41:20","modified_gmt":"2026-03-12T07:41:20","slug":"truusk-agility-hundramp-hopfallbar-justerbar-hojd-halkfri-upp-till-40-kg-orange-gron","status":"publish","type":"product","link":"https:\/\/truusk.store\/sv\/produkt\/truusk-agility-hundramp-hopfallbar-justerbar-hojd-halkfri-upp-till-40-kg-orange-gron\/","title":{"rendered":"TRUUSK Agility Hundramp &#8211; Hopf\u00e4llbar &#8211; Justerbar H\u00f6jd &#8211; Halkfri &#8211; Upp Till 40 Kg &#8211; Orange\/Gr\u00f6n"},"content":{"rendered":"<p>Utveckla din fyrbenta v\u00e4ns fulla potential med TRUUSK hundramp f\u00f6r agilitytr\u00e4ning! Denna justerbara ramp \u00e4r idealisk f\u00f6r alla hundar upp till 40 kg och l\u00e5ter dig anpassa utmaningen individuellt. Den halkfria ytan, A-konstruktionen och s\u00e4kerhetskedjan garanterar en s\u00e4ker och sp\u00e4nnande tr\u00e4ning. Dessutom kan rampen enkelt f\u00e4llas ihop och f\u00f6rvaras.<\/p>\n<p>Beskrivning:<\/p>\n<ul>\n<li> Den justerbara h\u00f6jden passar f\u00f6r olika hundstorlekar och f\u00e4rdighetsniv\u00e5er<\/li>\n<li> A-ramen har en halkfri yta med s\u00e4kerhetsbyglar f\u00f6r s\u00e4kert grepp<\/li>\n<li> F\u00e4llbart design m\u00f6jligg\u00f6r kompakt lagring och enkel b\u00e4rbarhet<\/li>\n<li> Montering \u00e4r snabb och enkel och tar bara 5-10 minuter<\/li>\n<li> St\u00f6djer alla hundar upp till 40 kg f\u00f6r m\u00e5ngsidig anv\u00e4ndning<\/li>\n<\/ul>\n<p>Tekniska data:<\/p>\n<ul>\n<li> F\u00e4rg: Orange+Brun+Gr\u00f6n<\/li>\n<li> Material: Grantr\u00e4<\/li>\n<li> Totala dimensioner: 173B x 59T x 66H cm (l\u00e4gsta)<\/li>\n<li> Enskilt rampsegment: 106B x 59T cm<\/li>\n<li> Maximal h\u00f6jdstorlek: 123B x 59T x 90H cm<\/li>\n<li> Minsta lutningsvinkel: 34\u00b0<\/li>\n<li> Kedjel\u00e4ngd: 109 cm<\/li>\n<li> Maximal belastning: 40 kg<\/li>\n<\/ul>\n<p>Leveransinneh\u00e5ll:<\/p>\n<ul>\n<li> 1 x Agility hundramp<\/li>\n<li> 1 x Handbok<\/li>\n<\/ul>\n","protected":false},"excerpt":{"rendered":"<p>Utveckla din fyrbenta v\u00e4ns fulla potential med TRUUSK hundramp f\u00f6r agilitytr\u00e4ning! Denna justerbara ramp \u00e4r idealisk f\u00f6r alla hundar upp&#8230;<\/p>\n","protected":false},"featured_media":83246,"template":"","meta":[],"product_brand":[],"product_cat":[578,878,574],"product_tag":[],"class_list":{"0":"post-83255","1":"product","2":"type-product","3":"status-publish","4":"has-post-thumbnail","6":"product_cat-agility-set","7":"product_cat-djurbehov","8":"product_cat-hundtillbehor","10":"first","11":"instock","12":"sale","13":"taxable","14":"shipping-taxable","15":"purchasable","16":"product-type-simple"},"yoast_head":"<!-- This site is optimized with the Yoast SEO plugin v25.4 - https:\/\/yoast.com\/wordpress\/plugins\/seo\/ -->\n<title>TRUUSK Agility Hundramp - Hopf\u00e4llbar - Justerbar H\u00f6jd - Halkfri - Upp Till 40 Kg - Orange\/Gr\u00f6n - TRUUSK - Hem, Tr\u00e4dg\u00e5rd &amp; Fritid<\/title>\n<meta name=\"robots\" content=\"index, follow, max-snippet:-1, max-image-preview:large, max-video-preview:-1\" \/>\n<link rel=\"canonical\" href=\"https:\/\/truusk.store\/sv\/produkt\/truusk-agility-hundramp-hopfallbar-justerbar-hojd-halkfri-upp-till-40-kg-orange-gron\/\" \/>\n<meta property=\"og:locale\" content=\"sv_SE\" \/>\n<meta property=\"og:type\" content=\"article\" \/>\n<meta property=\"og:title\" content=\"TRUUSK Agility Hundramp - Hopf\u00e4llbar - Justerbar H\u00f6jd - Halkfri - Upp Till 40 Kg - Orange\/Gr\u00f6n - TRUUSK - Hem, Tr\u00e4dg\u00e5rd &amp; Fritid\" \/>\n<meta property=\"og:description\" content=\"Utveckla din fyrbenta v\u00e4ns fulla potential med TRUUSK hundramp f\u00f6r agilitytr\u00e4ning! Denna justerbara ramp \u00e4r idealisk f\u00f6r alla hundar upp...\" \/>\n<meta property=\"og:url\" content=\"https:\/\/truusk.store\/sv\/produkt\/truusk-agility-hundramp-hopfallbar-justerbar-hojd-halkfri-upp-till-40-kg-orange-gron\/\" \/>\n<meta property=\"og:site_name\" content=\"TRUUSK - Hem, Tr\u00e4dg\u00e5rd &amp; Fritid\" \/>\n<meta property=\"article:modified_time\" content=\"2026-03-12T07:41:20+00:00\" \/>\n<meta property=\"og:image\" content=\"https:\/\/i0.wp.com\/truusk.se\/wp-content\/uploads\/2025\/07\/agility-hundramp-hopfallbar-justerbar-hojd-halkfri-grantra-upp-till-40-kg-173-x-59-x-66-cm-orange-gron-1.webp?fit=2000%2C2000&ssl=1\" \/>\n\t<meta property=\"og:image:width\" content=\"2000\" \/>\n\t<meta property=\"og:image:height\" content=\"2000\" \/>\n\t<meta property=\"og:image:type\" content=\"image\/webp\" \/>\n<meta name=\"twitter:card\" content=\"summary_large_image\" \/>\n<meta name=\"twitter:label1\" content=\"Ber\u00e4knad l\u00e4stid\" \/>\n\t<meta name=\"twitter:data1\" content=\"1 minut\" \/>\n<!-- \/ Yoast SEO plugin. -->","yoast_head_json":{"title":"TRUUSK Agility Hundramp - Hopf\u00e4llbar - Justerbar H\u00f6jd - Halkfri - Upp Till 40 Kg - Orange\/Gr\u00f6n - TRUUSK - Hem, Tr\u00e4dg\u00e5rd &amp; Fritid","robots":{"index":"index","follow":"follow","max-snippet":"max-snippet:-1","max-image-preview":"max-image-preview:large","max-video-preview":"max-video-preview:-1"},"canonical":"https:\/\/truusk.store\/sv\/produkt\/truusk-agility-hundramp-hopfallbar-justerbar-hojd-halkfri-upp-till-40-kg-orange-gron\/","og_locale":"sv_SE","og_type":"article","og_title":"TRUUSK Agility Hundramp - Hopf\u00e4llbar - Justerbar H\u00f6jd - Halkfri - Upp Till 40 Kg - Orange\/Gr\u00f6n - TRUUSK - Hem, Tr\u00e4dg\u00e5rd &amp; Fritid","og_description":"Utveckla din fyrbenta v\u00e4ns fulla potential med TRUUSK hundramp f\u00f6r agilitytr\u00e4ning! Denna justerbara ramp \u00e4r idealisk f\u00f6r alla hundar upp...","og_url":"https:\/\/truusk.store\/sv\/produkt\/truusk-agility-hundramp-hopfallbar-justerbar-hojd-halkfri-upp-till-40-kg-orange-gron\/","og_site_name":"TRUUSK - Hem, Tr\u00e4dg\u00e5rd &amp; Fritid","article_modified_time":"2026-03-12T07:41:20+00:00","og_image":[{"width":2000,"height":2000,"url":"https:\/\/i0.wp.com\/truusk.se\/wp-content\/uploads\/2025\/07\/agility-hundramp-hopfallbar-justerbar-hojd-halkfri-grantra-upp-till-40-kg-173-x-59-x-66-cm-orange-gron-1.webp?fit=2000%2C2000&ssl=1","type":"image\/webp"}],"twitter_card":"summary_large_image","twitter_misc":{"Ber\u00e4knad l\u00e4stid":"1 minut"},"schema":{"@context":"https:\/\/schema.org","@graph":[{"@type":"WebPage","@id":"https:\/\/truusk.store\/sv\/produkt\/truusk-agility-hundramp-hopfallbar-justerbar-hojd-halkfri-upp-till-40-kg-orange-gron\/","url":"https:\/\/truusk.store\/sv\/produkt\/truusk-agility-hundramp-hopfallbar-justerbar-hojd-halkfri-upp-till-40-kg-orange-gron\/","name":"TRUUSK Agility Hundramp - Hopf\u00e4llbar - Justerbar H\u00f6jd - Halkfri - Upp Till 40 Kg - Orange\/Gr\u00f6n - TRUUSK - Hem, Tr\u00e4dg\u00e5rd &amp; Fritid","isPartOf":{"@id":"https:\/\/truusk.store\/sv\/#website"},"primaryImageOfPage":{"@id":"https:\/\/truusk.store\/sv\/produkt\/truusk-agility-hundramp-hopfallbar-justerbar-hojd-halkfri-upp-till-40-kg-orange-gron\/#primaryimage"},"image":{"@id":"https:\/\/truusk.store\/sv\/produkt\/truusk-agility-hundramp-hopfallbar-justerbar-hojd-halkfri-upp-till-40-kg-orange-gron\/#primaryimage"},"thumbnailUrl":"https:\/\/i0.wp.com\/truusk.store\/wp-content\/uploads\/2025\/07\/agility-hundramp-hopfallbar-justerbar-hojd-halkfri-grantra-upp-till-40-kg-173-x-59-x-66-cm-orange-gron-1.webp?fit=2000%2C2000&ssl=1","datePublished":"2025-07-14T11:10:25+00:00","dateModified":"2026-03-12T07:41:20+00:00","breadcrumb":{"@id":"https:\/\/truusk.store\/sv\/produkt\/truusk-agility-hundramp-hopfallbar-justerbar-hojd-halkfri-upp-till-40-kg-orange-gron\/#breadcrumb"},"inLanguage":"sv-SE","potentialAction":[{"@type":"ReadAction","target":["https:\/\/truusk.store\/sv\/produkt\/truusk-agility-hundramp-hopfallbar-justerbar-hojd-halkfri-upp-till-40-kg-orange-gron\/"]}]},{"@type":"ImageObject","inLanguage":"sv-SE","@id":"https:\/\/truusk.store\/sv\/produkt\/truusk-agility-hundramp-hopfallbar-justerbar-hojd-halkfri-upp-till-40-kg-orange-gron\/#primaryimage","url":"https:\/\/i0.wp.com\/truusk.store\/wp-content\/uploads\/2025\/07\/agility-hundramp-hopfallbar-justerbar-hojd-halkfri-grantra-upp-till-40-kg-173-x-59-x-66-cm-orange-gron-1.webp?fit=2000%2C2000&ssl=1","contentUrl":"https:\/\/i0.wp.com\/truusk.store\/wp-content\/uploads\/2025\/07\/agility-hundramp-hopfallbar-justerbar-hojd-halkfri-grantra-upp-till-40-kg-173-x-59-x-66-cm-orange-gron-1.webp?fit=2000%2C2000&ssl=1","width":2000,"height":2000},{"@type":"BreadcrumbList","@id":"https:\/\/truusk.store\/sv\/produkt\/truusk-agility-hundramp-hopfallbar-justerbar-hojd-halkfri-upp-till-40-kg-orange-gron\/#breadcrumb","itemListElement":[{"@type":"ListItem","position":1,"name":"Home","item":"https:\/\/truusk.store\/sv\/"},{"@type":"ListItem","position":2,"name":"Shop","item":"https:\/\/truusk.store\/shop\/"},{"@type":"ListItem","position":3,"name":"TRUUSK Agility Hundramp &#8211; Hopf\u00e4llbar &#8211; Justerbar H\u00f6jd &#8211; Halkfri &#8211; Upp Till 40 Kg &#8211; Orange\/Gr\u00f6n"}]},{"@type":"WebSite","@id":"https:\/\/truusk.store\/sv\/#website","url":"https:\/\/truusk.store\/sv\/","name":"TRUUSK - Hem, Tr\u00e4dg\u00e5rd & Fritid","description":"","publisher":{"@id":"https:\/\/truusk.store\/sv\/#organization"},"potentialAction":[{"@type":"SearchAction","target":{"@type":"EntryPoint","urlTemplate":"https:\/\/truusk.store\/sv\/?s={search_term_string}"},"query-input":{"@type":"PropertyValueSpecification","valueRequired":true,"valueName":"search_term_string"}}],"inLanguage":"sv-SE"},{"@type":"Organization","@id":"https:\/\/truusk.store\/sv\/#organization","name":"TRUUSK - Hem, Tr\u00e4dg\u00e5rd & Fritid","url":"https:\/\/truusk.store\/sv\/","logo":{"@type":"ImageObject","inLanguage":"sv-SE","@id":"https:\/\/truusk.store\/sv\/#\/schema\/logo\/image\/","url":"https:\/\/i0.wp.com\/truusk.store\/wp-content\/uploads\/2026\/03\/cropped-TRUUSK.png?fit=2032%2C917&ssl=1","contentUrl":"https:\/\/i0.wp.com\/truusk.store\/wp-content\/uploads\/2026\/03\/cropped-TRUUSK.png?fit=2032%2C917&ssl=1","width":2032,"height":917,"caption":"TRUUSK - Hem, Tr\u00e4dg\u00e5rd & Fritid"},"image":{"@id":"https:\/\/truusk.store\/sv\/#\/schema\/logo\/image\/"}}]}},"jetpack_sharing_enabled":true,"_links":{"self":[{"href":"https:\/\/truusk.store\/sv\/wp-json\/wp\/v2\/product\/83255","targetHints":{"allow":["GET"]}}],"collection":[{"href":"https:\/\/truusk.store\/sv\/wp-json\/wp\/v2\/product"}],"about":[{"href":"https:\/\/truusk.store\/sv\/wp-json\/wp\/v2\/types\/product"}],"wp:featuredmedia":[{"embeddable":true,"href":"https:\/\/truusk.store\/sv\/wp-json\/wp\/v2\/media\/83246"}],"wp:attachment":[{"href":"https:\/\/truusk.store\/sv\/wp-json\/wp\/v2\/media?parent=83255"}],"wp:term":[{"taxonomy":"product_brand","embeddable":true,"href":"https:\/\/truusk.store\/sv\/wp-json\/wp\/v2\/product_brand?post=83255"},{"taxonomy":"product_cat","embeddable":true,"href":"https:\/\/truusk.store\/sv\/wp-json\/wp\/v2\/product_cat?post=83255"},{"taxonomy":"product_tag","embeddable":true,"href":"https:\/\/truusk.store\/sv\/wp-json\/wp\/v2\/product_tag?post=83255"}],"curies":[{"name":"wp","href":"https:\/\/api.w.org\/{rel}","templated":true}]}}