{"id":83265,"date":"2025-07-14T20:28:54","date_gmt":"2025-07-14T19:28:54","guid":{"rendered":"https:\/\/truusk.store\/product\/tradgardsskap-vaderbestandigt-2-dorrar-med-las-furu-87l-x-465b-x-160h-cm-ljusgul\/"},"modified":"2026-03-12T09:42:27","modified_gmt":"2026-03-12T08:42:27","slug":"truusk-tradgardsskap-vaderbestandigt-2-dorrar-med-las-furu-87l-x-465b-x-160h-cm-ljusgul","status":"publish","type":"product","link":"https:\/\/truusk.store\/sv\/produkt\/truusk-tradgardsskap-vaderbestandigt-2-dorrar-med-las-furu-87l-x-465b-x-160h-cm-ljusgul\/","title":{"rendered":"TRUUSK Tr\u00e4dg\u00e5rdssk\u00e5p &#8211; V\u00e4derbest\u00e4ndigt &#8211; 2 D\u00f6rrar Med L\u00e5s &#8211; Furu &#8211; 87L x 46,5B x 160H cm &#8211; Ljusgul"},"content":{"rendered":"<p>Uppt\u00e4ck det perfekta redskapssk\u00e5pet f\u00f6r din tr\u00e4dg\u00e5rd! Med tre stabila hyllplan erbjuder detta tr\u00e4dg\u00e5rdssk\u00e5p gott om plats f\u00f6r alla dina verktyg och tr\u00e4dg\u00e5rdstillbeh\u00f6r. Tack vare den v\u00e4derbest\u00e4ndiga designen av UV- och fuktighetsskyddat furutr\u00e4 samt ett bitumenbelagt lutande tak, st\u00e5r tr\u00e4dg\u00e5rdssk\u00e5pet emot alla v\u00e4derf\u00f6rh\u00e5llanden. De tv\u00e5 d\u00f6rrarna med praktiskt l\u00e5s ger enkel tillg\u00e5ng. Skapa ordning och skydda dina tr\u00e4dg\u00e5rdsskatter &#8211; stilfullt och p\u00e5litligt!<\/p>\n<p>Beskrivning:<\/p>\n<ul>\n<li> V\u00e4derbest\u00e4ndigt tr\u00e4dg\u00e5rdssk\u00e5p tack vare vattent\u00e4tt bitumentak och f\u00f6rbehandlat tr\u00e4 med naturlig, fukt- och UV-avvisande lasyr<\/li>\n<li> Utomhusf\u00f6rvaring med 2 d\u00f6rrar och l\u00e5s f\u00f6r att s\u00e4kra dina verktyg<\/li>\n<li> Monterad p\u00e5 4 robusta f\u00f6tter f\u00f6r optimalt skydd mot markfuktighet<\/li>\n<li> Tillverkad av furutr\u00e4 f\u00f6r l\u00e5ng livsl\u00e4ngd<\/li>\n<li> Enkel installation tack vare den medf\u00f6ljande, illustrerade monteringsanvisningen<\/li>\n<li> Tr\u00e4redskapssk\u00e5p, l\u00e4mpligt f\u00f6r b\u00e5de utomhus- och inomhusbruk<\/li>\n<\/ul>\n<p>Tekniska data:<\/p>\n<ul>\n<li> F\u00e4rg: Ljusgul<\/li>\n<li> Material: Furutr\u00e4, Grantr\u00e4<\/li>\n<li> Totala dimensioner: 87L x 46,5B x 160H cm<\/li>\n<li> Stor hyllas dimensioner: 76L x 38,5B cm (Tjocklek: 1 cm)<\/li>\n<li> Liten hyllas dimensioner: 48L x 38,5B cm (Tjocklek: 1 cm)<\/li>\n<li> Rekommenderad belastningskapacitet: 15 kg (hylla)<\/li>\n<\/ul>\n<p>Leveransinneh\u00e5ll:<\/p>\n<ul>\n<li> 1 x redskapssk\u00e5p;<\/li>\n<\/ul>\n","protected":false},"excerpt":{"rendered":"<p>Uppt\u00e4ck det perfekta redskapssk\u00e5pet f\u00f6r din tr\u00e4dg\u00e5rd! Med tre stabila hyllplan erbjuder detta tr\u00e4dg\u00e5rdssk\u00e5p gott om plats f\u00f6r alla dina&#8230;<\/p>\n","protected":false},"featured_media":83256,"template":"","meta":[],"product_brand":[],"product_cat":[901,858,437],"product_tag":[],"class_list":{"0":"post-83265","1":"product","2":"type-product","3":"status-publish","4":"has-post-thumbnail","6":"product_cat-ordning-i-tradgarden","7":"product_cat-tradgard-terrass","8":"product_cat-tradgardsskap","10":"first","11":"instock","12":"sale","13":"taxable","14":"shipping-taxable","15":"purchasable","16":"product-type-simple"},"yoast_head":"<!-- This site is optimized with the Yoast SEO plugin v25.4 - https:\/\/yoast.com\/wordpress\/plugins\/seo\/ -->\n<title>TRUUSK Tr\u00e4dg\u00e5rdssk\u00e5p - V\u00e4derbest\u00e4ndigt - 2 D\u00f6rrar Med L\u00e5s - Furu - 87L x 46,5B x 160H cm - Ljusgul - TRUUSK - Hem, Tr\u00e4dg\u00e5rd &amp; Fritid<\/title>\n<meta name=\"robots\" content=\"index, follow, max-snippet:-1, max-image-preview:large, max-video-preview:-1\" \/>\n<link rel=\"canonical\" href=\"https:\/\/truusk.store\/sv\/produkt\/truusk-tradgardsskap-vaderbestandigt-2-dorrar-med-las-furu-87l-x-465b-x-160h-cm-ljusgul\/\" \/>\n<meta property=\"og:locale\" content=\"sv_SE\" \/>\n<meta property=\"og:type\" content=\"article\" \/>\n<meta property=\"og:title\" content=\"TRUUSK Tr\u00e4dg\u00e5rdssk\u00e5p - V\u00e4derbest\u00e4ndigt - 2 D\u00f6rrar Med L\u00e5s - Furu - 87L x 46,5B x 160H cm - Ljusgul - TRUUSK - Hem, Tr\u00e4dg\u00e5rd &amp; Fritid\" \/>\n<meta property=\"og:description\" content=\"Uppt\u00e4ck det perfekta redskapssk\u00e5pet f\u00f6r din tr\u00e4dg\u00e5rd! Med tre stabila hyllplan erbjuder detta tr\u00e4dg\u00e5rdssk\u00e5p gott om plats f\u00f6r alla dina...\" \/>\n<meta property=\"og:url\" content=\"https:\/\/truusk.store\/sv\/produkt\/truusk-tradgardsskap-vaderbestandigt-2-dorrar-med-las-furu-87l-x-465b-x-160h-cm-ljusgul\/\" \/>\n<meta property=\"og:site_name\" content=\"TRUUSK - Hem, Tr\u00e4dg\u00e5rd &amp; Fritid\" \/>\n<meta property=\"article:modified_time\" content=\"2026-03-12T08:42:27+00:00\" \/>\n<meta property=\"og:image\" content=\"https:\/\/i0.wp.com\/truusk.se\/wp-content\/uploads\/2025\/07\/tradgardsskap-vaderbestandigt-2-dorrar-med-las-furu-87l-x-465b-x-160h-cm-ljusgul-1.webp?fit=2000%2C2000&ssl=1\" \/>\n\t<meta property=\"og:image:width\" content=\"2000\" \/>\n\t<meta property=\"og:image:height\" content=\"2000\" \/>\n\t<meta property=\"og:image:type\" content=\"image\/webp\" \/>\n<meta name=\"twitter:card\" content=\"summary_large_image\" \/>\n<meta name=\"twitter:label1\" content=\"Ber\u00e4knad l\u00e4stid\" \/>\n\t<meta name=\"twitter:data1\" content=\"1 minut\" \/>\n<!-- \/ Yoast SEO plugin. -->","yoast_head_json":{"title":"TRUUSK Tr\u00e4dg\u00e5rdssk\u00e5p - V\u00e4derbest\u00e4ndigt - 2 D\u00f6rrar Med L\u00e5s - Furu - 87L x 46,5B x 160H cm - Ljusgul - TRUUSK - Hem, Tr\u00e4dg\u00e5rd &amp; Fritid","robots":{"index":"index","follow":"follow","max-snippet":"max-snippet:-1","max-image-preview":"max-image-preview:large","max-video-preview":"max-video-preview:-1"},"canonical":"https:\/\/truusk.store\/sv\/produkt\/truusk-tradgardsskap-vaderbestandigt-2-dorrar-med-las-furu-87l-x-465b-x-160h-cm-ljusgul\/","og_locale":"sv_SE","og_type":"article","og_title":"TRUUSK Tr\u00e4dg\u00e5rdssk\u00e5p - V\u00e4derbest\u00e4ndigt - 2 D\u00f6rrar Med L\u00e5s - Furu - 87L x 46,5B x 160H cm - Ljusgul - TRUUSK - Hem, Tr\u00e4dg\u00e5rd &amp; Fritid","og_description":"Uppt\u00e4ck det perfekta redskapssk\u00e5pet f\u00f6r din tr\u00e4dg\u00e5rd! Med tre stabila hyllplan erbjuder detta tr\u00e4dg\u00e5rdssk\u00e5p gott om plats f\u00f6r alla dina...","og_url":"https:\/\/truusk.store\/sv\/produkt\/truusk-tradgardsskap-vaderbestandigt-2-dorrar-med-las-furu-87l-x-465b-x-160h-cm-ljusgul\/","og_site_name":"TRUUSK - Hem, Tr\u00e4dg\u00e5rd &amp; Fritid","article_modified_time":"2026-03-12T08:42:27+00:00","og_image":[{"width":2000,"height":2000,"url":"https:\/\/i0.wp.com\/truusk.se\/wp-content\/uploads\/2025\/07\/tradgardsskap-vaderbestandigt-2-dorrar-med-las-furu-87l-x-465b-x-160h-cm-ljusgul-1.webp?fit=2000%2C2000&ssl=1","type":"image\/webp"}],"twitter_card":"summary_large_image","twitter_misc":{"Ber\u00e4knad l\u00e4stid":"1 minut"},"schema":{"@context":"https:\/\/schema.org","@graph":[{"@type":"WebPage","@id":"https:\/\/truusk.store\/sv\/produkt\/truusk-tradgardsskap-vaderbestandigt-2-dorrar-med-las-furu-87l-x-465b-x-160h-cm-ljusgul\/","url":"https:\/\/truusk.store\/sv\/produkt\/truusk-tradgardsskap-vaderbestandigt-2-dorrar-med-las-furu-87l-x-465b-x-160h-cm-ljusgul\/","name":"TRUUSK Tr\u00e4dg\u00e5rdssk\u00e5p - V\u00e4derbest\u00e4ndigt - 2 D\u00f6rrar Med L\u00e5s - Furu - 87L x 46,5B x 160H cm - Ljusgul - TRUUSK - Hem, Tr\u00e4dg\u00e5rd &amp; Fritid","isPartOf":{"@id":"https:\/\/truusk.store\/sv\/#website"},"primaryImageOfPage":{"@id":"https:\/\/truusk.store\/sv\/produkt\/truusk-tradgardsskap-vaderbestandigt-2-dorrar-med-las-furu-87l-x-465b-x-160h-cm-ljusgul\/#primaryimage"},"image":{"@id":"https:\/\/truusk.store\/sv\/produkt\/truusk-tradgardsskap-vaderbestandigt-2-dorrar-med-las-furu-87l-x-465b-x-160h-cm-ljusgul\/#primaryimage"},"thumbnailUrl":"https:\/\/i0.wp.com\/truusk.store\/wp-content\/uploads\/2025\/07\/tradgardsskap-vaderbestandigt-2-dorrar-med-las-furu-87l-x-465b-x-160h-cm-ljusgul-1.webp?fit=2000%2C2000&ssl=1","datePublished":"2025-07-14T19:28:54+00:00","dateModified":"2026-03-12T08:42:27+00:00","breadcrumb":{"@id":"https:\/\/truusk.store\/sv\/produkt\/truusk-tradgardsskap-vaderbestandigt-2-dorrar-med-las-furu-87l-x-465b-x-160h-cm-ljusgul\/#breadcrumb"},"inLanguage":"sv-SE","potentialAction":[{"@type":"ReadAction","target":["https:\/\/truusk.store\/sv\/produkt\/truusk-tradgardsskap-vaderbestandigt-2-dorrar-med-las-furu-87l-x-465b-x-160h-cm-ljusgul\/"]}]},{"@type":"ImageObject","inLanguage":"sv-SE","@id":"https:\/\/truusk.store\/sv\/produkt\/truusk-tradgardsskap-vaderbestandigt-2-dorrar-med-las-furu-87l-x-465b-x-160h-cm-ljusgul\/#primaryimage","url":"https:\/\/i0.wp.com\/truusk.store\/wp-content\/uploads\/2025\/07\/tradgardsskap-vaderbestandigt-2-dorrar-med-las-furu-87l-x-465b-x-160h-cm-ljusgul-1.webp?fit=2000%2C2000&ssl=1","contentUrl":"https:\/\/i0.wp.com\/truusk.store\/wp-content\/uploads\/2025\/07\/tradgardsskap-vaderbestandigt-2-dorrar-med-las-furu-87l-x-465b-x-160h-cm-ljusgul-1.webp?fit=2000%2C2000&ssl=1","width":2000,"height":2000},{"@type":"BreadcrumbList","@id":"https:\/\/truusk.store\/sv\/produkt\/truusk-tradgardsskap-vaderbestandigt-2-dorrar-med-las-furu-87l-x-465b-x-160h-cm-ljusgul\/#breadcrumb","itemListElement":[{"@type":"ListItem","position":1,"name":"Home","item":"https:\/\/truusk.store\/sv\/"},{"@type":"ListItem","position":2,"name":"Shop","item":"https:\/\/truusk.store\/shop\/"},{"@type":"ListItem","position":3,"name":"TRUUSK Tr\u00e4dg\u00e5rdssk\u00e5p &#8211; V\u00e4derbest\u00e4ndigt &#8211; 2 D\u00f6rrar Med L\u00e5s &#8211; Furu &#8211; 87L x 46,5B x 160H cm &#8211; Ljusgul"}]},{"@type":"WebSite","@id":"https:\/\/truusk.store\/sv\/#website","url":"https:\/\/truusk.store\/sv\/","name":"TRUUSK - Hem, Tr\u00e4dg\u00e5rd & Fritid","description":"","publisher":{"@id":"https:\/\/truusk.store\/sv\/#organization"},"potentialAction":[{"@type":"SearchAction","target":{"@type":"EntryPoint","urlTemplate":"https:\/\/truusk.store\/sv\/?s={search_term_string}"},"query-input":{"@type":"PropertyValueSpecification","valueRequired":true,"valueName":"search_term_string"}}],"inLanguage":"sv-SE"},{"@type":"Organization","@id":"https:\/\/truusk.store\/sv\/#organization","name":"TRUUSK - Hem, Tr\u00e4dg\u00e5rd & Fritid","url":"https:\/\/truusk.store\/sv\/","logo":{"@type":"ImageObject","inLanguage":"sv-SE","@id":"https:\/\/truusk.store\/sv\/#\/schema\/logo\/image\/","url":"https:\/\/i0.wp.com\/truusk.store\/wp-content\/uploads\/2026\/03\/cropped-TRUUSK.png?fit=2032%2C917&ssl=1","contentUrl":"https:\/\/i0.wp.com\/truusk.store\/wp-content\/uploads\/2026\/03\/cropped-TRUUSK.png?fit=2032%2C917&ssl=1","width":2032,"height":917,"caption":"TRUUSK - Hem, Tr\u00e4dg\u00e5rd & Fritid"},"image":{"@id":"https:\/\/truusk.store\/sv\/#\/schema\/logo\/image\/"}}]}},"jetpack_sharing_enabled":true,"_links":{"self":[{"href":"https:\/\/truusk.store\/sv\/wp-json\/wp\/v2\/product\/83265","targetHints":{"allow":["GET"]}}],"collection":[{"href":"https:\/\/truusk.store\/sv\/wp-json\/wp\/v2\/product"}],"about":[{"href":"https:\/\/truusk.store\/sv\/wp-json\/wp\/v2\/types\/product"}],"wp:featuredmedia":[{"embeddable":true,"href":"https:\/\/truusk.store\/sv\/wp-json\/wp\/v2\/media\/83256"}],"wp:attachment":[{"href":"https:\/\/truusk.store\/sv\/wp-json\/wp\/v2\/media?parent=83265"}],"wp:term":[{"taxonomy":"product_brand","embeddable":true,"href":"https:\/\/truusk.store\/sv\/wp-json\/wp\/v2\/product_brand?post=83265"},{"taxonomy":"product_cat","embeddable":true,"href":"https:\/\/truusk.store\/sv\/wp-json\/wp\/v2\/product_cat?post=83265"},{"taxonomy":"product_tag","embeddable":true,"href":"https:\/\/truusk.store\/sv\/wp-json\/wp\/v2\/product_tag?post=83265"}],"curies":[{"name":"wp","href":"https:\/\/api.w.org\/{rel}","templated":true}]}}