{"id":83275,"date":"2025-07-14T20:30:57","date_gmt":"2025-07-14T19:30:57","guid":{"rendered":"https:\/\/truusk.store\/product\/klattertrad-justerbar-hojd-225-275-cm-stabil-bas-tippskydd-plyschoverdrag-kramvit\/"},"modified":"2026-03-12T09:44:15","modified_gmt":"2026-03-12T08:44:15","slug":"truusk-kattleksak-klattertrad-med-justerbar-hojd-stabil-bas-tippskydd-plyschoverdrag-kramvit","status":"publish","type":"product","link":"https:\/\/truusk.store\/sv\/produkt\/truusk-kattleksak-klattertrad-med-justerbar-hojd-stabil-bas-tippskydd-plyschoverdrag-kramvit\/","title":{"rendered":"TRUUSK Kattleksak &#8211; Kl\u00e4ttertr\u00e4d med Justerbar H\u00f6jd &#8211; Stabil Bas &#8211; Tippskydd &#8211; Plysch\u00f6verdrag &#8211; Kr\u00e4mvit"},"content":{"rendered":"<p>F\u00f6rb\u00e4ttra din katts lektid med TRUUSK golv till tak kattr\u00e4d! Detta anpassningsbara kattr\u00e4d str\u00e4cker sig fr\u00e5n 225-275cm och passar s\u00f6ml\u00f6st in i alla rum. En stabil bas och tippskydd f\u00f6r kattr\u00e4det garanterar s\u00e4kerhet medan din innekatt utforskar fem mysiga niv\u00e5er, inklusive kl\u00f6spelare som skyddar dina m\u00f6bler. Idealisk f\u00f6r 1-2 katt hush\u00e5ll.<\/p>\n<p>Beskrivning:<\/p>\n<ul>\n<li> Justerbar h\u00f6jd fr\u00e5n 225-275 cm maximerar utrymmet i alla rum<\/li>\n<li> Den mellersta handtagsjusteringen av kattr\u00e4det m\u00f6jligg\u00f6r enkla, stabila konfigurations\u00e4ndringar<\/li>\n<li> Stabil bas f\u00f6r kl\u00f6str\u00e4det med tippskyddssats garanterar katternas s\u00e4kerhet<\/li>\n<li> Flerstegsplattformar med kl\u00f6br\u00e4da underh\u00e5ller och fr\u00e4mjar katternas r\u00f6relse<\/li>\n<li> Mjuk plysch\u00f6verdrag f\u00f6r kattr\u00e4det ger mysig liggplats f\u00f6r katterna<\/li>\n<li> Kompletterar heminredningen och skyddar m\u00f6bler fr\u00e5n repor<\/li>\n<li> Designad f\u00f6r 1-2 katter, varje upp till 5 kg tung<\/li>\n<li> Montering kr\u00e4vs<\/li>\n<\/ul>\n<p> Tekniska data:<\/p>\n<ul>\n<li> F\u00e4rg: Kr\u00e4m vit<\/li>\n<li> Material: Sp\u00e5nskiva, Polyester, Sisal<\/li>\n<li> Totala dimensioner: 42,5L x 26,5B x 225-275H cm<\/li>\n<li> Plattform: 43L x 27B cm<\/li>\n<li> Kl\u00f6spelare: \u00d88,3 cm<\/li>\n<li> Bas: 42,5L x 26,5B cm<\/li>\n<li> \u00d6vre br\u00e4da: \u00d812,5 cm<\/li>\n<li> Maximal belastning: 10 kg<\/li>\n<\/ul>\n<p> Leverans inneh\u00e5ller:<\/p>\n<ul>\n<li> 1 x Kattr\u00e4d<\/li>\n<li> 1 x Handbok<\/li>\n<\/ul>\n","protected":false},"excerpt":{"rendered":"<p>F\u00f6rb\u00e4ttra din katts lektid med TRUUSK golv till tak kattr\u00e4d! Detta anpassningsbara kattr\u00e4d str\u00e4cker sig fr\u00e5n 225-275cm och passar s\u00f6ml\u00f6st&#8230;<\/p>\n","protected":false},"featured_media":83266,"template":"","meta":[],"product_brand":[],"product_cat":[878,588,879],"product_tag":[],"class_list":{"0":"post-83275","1":"product","2":"type-product","3":"status-publish","4":"has-post-thumbnail","6":"product_cat-djurbehov","7":"product_cat-katttillbehor","8":"product_cat-klostrad","10":"first","11":"instock","12":"sale","13":"taxable","14":"shipping-taxable","15":"purchasable","16":"product-type-simple"},"yoast_head":"<!-- This site is optimized with the Yoast SEO plugin v25.4 - https:\/\/yoast.com\/wordpress\/plugins\/seo\/ -->\n<title>TRUUSK Kattleksak - Kl\u00e4ttertr\u00e4d med Justerbar H\u00f6jd - Stabil Bas - Tippskydd - Plysch\u00f6verdrag - Kr\u00e4mvit - TRUUSK - Hem, Tr\u00e4dg\u00e5rd &amp; Fritid<\/title>\n<meta name=\"robots\" content=\"index, follow, max-snippet:-1, max-image-preview:large, max-video-preview:-1\" \/>\n<link rel=\"canonical\" href=\"https:\/\/truusk.store\/sv\/produkt\/truusk-kattleksak-klattertrad-med-justerbar-hojd-stabil-bas-tippskydd-plyschoverdrag-kramvit\/\" \/>\n<meta property=\"og:locale\" content=\"sv_SE\" \/>\n<meta property=\"og:type\" content=\"article\" \/>\n<meta property=\"og:title\" content=\"TRUUSK Kattleksak - Kl\u00e4ttertr\u00e4d med Justerbar H\u00f6jd - Stabil Bas - Tippskydd - Plysch\u00f6verdrag - Kr\u00e4mvit - TRUUSK - Hem, Tr\u00e4dg\u00e5rd &amp; Fritid\" \/>\n<meta property=\"og:description\" content=\"F\u00f6rb\u00e4ttra din katts lektid med TRUUSK golv till tak kattr\u00e4d! Detta anpassningsbara kattr\u00e4d str\u00e4cker sig fr\u00e5n 225-275cm och passar s\u00f6ml\u00f6st...\" \/>\n<meta property=\"og:url\" content=\"https:\/\/truusk.store\/sv\/produkt\/truusk-kattleksak-klattertrad-med-justerbar-hojd-stabil-bas-tippskydd-plyschoverdrag-kramvit\/\" \/>\n<meta property=\"og:site_name\" content=\"TRUUSK - Hem, Tr\u00e4dg\u00e5rd &amp; Fritid\" \/>\n<meta property=\"article:modified_time\" content=\"2026-03-12T08:44:15+00:00\" \/>\n<meta property=\"og:image\" content=\"https:\/\/i0.wp.com\/truusk.se\/wp-content\/uploads\/2025\/07\/klattertrad-justerbar-hojd-225-275-cm-stabil-bas-tippskydd-plyschoverdrag-kramvit-1.webp?fit=2000%2C2000&ssl=1\" \/>\n\t<meta property=\"og:image:width\" content=\"2000\" \/>\n\t<meta property=\"og:image:height\" content=\"2000\" \/>\n\t<meta property=\"og:image:type\" content=\"image\/webp\" \/>\n<meta name=\"twitter:card\" content=\"summary_large_image\" \/>\n<meta name=\"twitter:label1\" content=\"Ber\u00e4knad l\u00e4stid\" \/>\n\t<meta name=\"twitter:data1\" content=\"1 minut\" \/>\n<!-- \/ Yoast SEO plugin. -->","yoast_head_json":{"title":"TRUUSK Kattleksak - Kl\u00e4ttertr\u00e4d med Justerbar H\u00f6jd - Stabil Bas - Tippskydd - Plysch\u00f6verdrag - Kr\u00e4mvit - TRUUSK - Hem, Tr\u00e4dg\u00e5rd &amp; Fritid","robots":{"index":"index","follow":"follow","max-snippet":"max-snippet:-1","max-image-preview":"max-image-preview:large","max-video-preview":"max-video-preview:-1"},"canonical":"https:\/\/truusk.store\/sv\/produkt\/truusk-kattleksak-klattertrad-med-justerbar-hojd-stabil-bas-tippskydd-plyschoverdrag-kramvit\/","og_locale":"sv_SE","og_type":"article","og_title":"TRUUSK Kattleksak - Kl\u00e4ttertr\u00e4d med Justerbar H\u00f6jd - Stabil Bas - Tippskydd - Plysch\u00f6verdrag - Kr\u00e4mvit - TRUUSK - Hem, Tr\u00e4dg\u00e5rd &amp; Fritid","og_description":"F\u00f6rb\u00e4ttra din katts lektid med TRUUSK golv till tak kattr\u00e4d! Detta anpassningsbara kattr\u00e4d str\u00e4cker sig fr\u00e5n 225-275cm och passar s\u00f6ml\u00f6st...","og_url":"https:\/\/truusk.store\/sv\/produkt\/truusk-kattleksak-klattertrad-med-justerbar-hojd-stabil-bas-tippskydd-plyschoverdrag-kramvit\/","og_site_name":"TRUUSK - Hem, Tr\u00e4dg\u00e5rd &amp; Fritid","article_modified_time":"2026-03-12T08:44:15+00:00","og_image":[{"width":2000,"height":2000,"url":"https:\/\/i0.wp.com\/truusk.se\/wp-content\/uploads\/2025\/07\/klattertrad-justerbar-hojd-225-275-cm-stabil-bas-tippskydd-plyschoverdrag-kramvit-1.webp?fit=2000%2C2000&ssl=1","type":"image\/webp"}],"twitter_card":"summary_large_image","twitter_misc":{"Ber\u00e4knad l\u00e4stid":"1 minut"},"schema":{"@context":"https:\/\/schema.org","@graph":[{"@type":"WebPage","@id":"https:\/\/truusk.store\/sv\/produkt\/truusk-kattleksak-klattertrad-med-justerbar-hojd-stabil-bas-tippskydd-plyschoverdrag-kramvit\/","url":"https:\/\/truusk.store\/sv\/produkt\/truusk-kattleksak-klattertrad-med-justerbar-hojd-stabil-bas-tippskydd-plyschoverdrag-kramvit\/","name":"TRUUSK Kattleksak - Kl\u00e4ttertr\u00e4d med Justerbar H\u00f6jd - Stabil Bas - Tippskydd - Plysch\u00f6verdrag - Kr\u00e4mvit - TRUUSK - Hem, Tr\u00e4dg\u00e5rd &amp; Fritid","isPartOf":{"@id":"https:\/\/truusk.store\/sv\/#website"},"primaryImageOfPage":{"@id":"https:\/\/truusk.store\/sv\/produkt\/truusk-kattleksak-klattertrad-med-justerbar-hojd-stabil-bas-tippskydd-plyschoverdrag-kramvit\/#primaryimage"},"image":{"@id":"https:\/\/truusk.store\/sv\/produkt\/truusk-kattleksak-klattertrad-med-justerbar-hojd-stabil-bas-tippskydd-plyschoverdrag-kramvit\/#primaryimage"},"thumbnailUrl":"https:\/\/i0.wp.com\/truusk.store\/wp-content\/uploads\/2025\/07\/klattertrad-justerbar-hojd-225-275-cm-stabil-bas-tippskydd-plyschoverdrag-kramvit-1.webp?fit=2000%2C2000&ssl=1","datePublished":"2025-07-14T19:30:57+00:00","dateModified":"2026-03-12T08:44:15+00:00","breadcrumb":{"@id":"https:\/\/truusk.store\/sv\/produkt\/truusk-kattleksak-klattertrad-med-justerbar-hojd-stabil-bas-tippskydd-plyschoverdrag-kramvit\/#breadcrumb"},"inLanguage":"sv-SE","potentialAction":[{"@type":"ReadAction","target":["https:\/\/truusk.store\/sv\/produkt\/truusk-kattleksak-klattertrad-med-justerbar-hojd-stabil-bas-tippskydd-plyschoverdrag-kramvit\/"]}]},{"@type":"ImageObject","inLanguage":"sv-SE","@id":"https:\/\/truusk.store\/sv\/produkt\/truusk-kattleksak-klattertrad-med-justerbar-hojd-stabil-bas-tippskydd-plyschoverdrag-kramvit\/#primaryimage","url":"https:\/\/i0.wp.com\/truusk.store\/wp-content\/uploads\/2025\/07\/klattertrad-justerbar-hojd-225-275-cm-stabil-bas-tippskydd-plyschoverdrag-kramvit-1.webp?fit=2000%2C2000&ssl=1","contentUrl":"https:\/\/i0.wp.com\/truusk.store\/wp-content\/uploads\/2025\/07\/klattertrad-justerbar-hojd-225-275-cm-stabil-bas-tippskydd-plyschoverdrag-kramvit-1.webp?fit=2000%2C2000&ssl=1","width":2000,"height":2000},{"@type":"BreadcrumbList","@id":"https:\/\/truusk.store\/sv\/produkt\/truusk-kattleksak-klattertrad-med-justerbar-hojd-stabil-bas-tippskydd-plyschoverdrag-kramvit\/#breadcrumb","itemListElement":[{"@type":"ListItem","position":1,"name":"Home","item":"https:\/\/truusk.store\/sv\/"},{"@type":"ListItem","position":2,"name":"Shop","item":"https:\/\/truusk.store\/shop\/"},{"@type":"ListItem","position":3,"name":"TRUUSK Kattleksak &#8211; Kl\u00e4ttertr\u00e4d med Justerbar H\u00f6jd &#8211; Stabil Bas &#8211; Tippskydd &#8211; Plysch\u00f6verdrag &#8211; Kr\u00e4mvit"}]},{"@type":"WebSite","@id":"https:\/\/truusk.store\/sv\/#website","url":"https:\/\/truusk.store\/sv\/","name":"TRUUSK - Hem, Tr\u00e4dg\u00e5rd & Fritid","description":"","publisher":{"@id":"https:\/\/truusk.store\/sv\/#organization"},"potentialAction":[{"@type":"SearchAction","target":{"@type":"EntryPoint","urlTemplate":"https:\/\/truusk.store\/sv\/?s={search_term_string}"},"query-input":{"@type":"PropertyValueSpecification","valueRequired":true,"valueName":"search_term_string"}}],"inLanguage":"sv-SE"},{"@type":"Organization","@id":"https:\/\/truusk.store\/sv\/#organization","name":"TRUUSK - Hem, Tr\u00e4dg\u00e5rd & Fritid","url":"https:\/\/truusk.store\/sv\/","logo":{"@type":"ImageObject","inLanguage":"sv-SE","@id":"https:\/\/truusk.store\/sv\/#\/schema\/logo\/image\/","url":"https:\/\/i0.wp.com\/truusk.store\/wp-content\/uploads\/2026\/03\/cropped-TRUUSK.png?fit=2032%2C917&ssl=1","contentUrl":"https:\/\/i0.wp.com\/truusk.store\/wp-content\/uploads\/2026\/03\/cropped-TRUUSK.png?fit=2032%2C917&ssl=1","width":2032,"height":917,"caption":"TRUUSK - Hem, Tr\u00e4dg\u00e5rd & Fritid"},"image":{"@id":"https:\/\/truusk.store\/sv\/#\/schema\/logo\/image\/"}}]}},"jetpack_sharing_enabled":true,"_links":{"self":[{"href":"https:\/\/truusk.store\/sv\/wp-json\/wp\/v2\/product\/83275","targetHints":{"allow":["GET"]}}],"collection":[{"href":"https:\/\/truusk.store\/sv\/wp-json\/wp\/v2\/product"}],"about":[{"href":"https:\/\/truusk.store\/sv\/wp-json\/wp\/v2\/types\/product"}],"wp:featuredmedia":[{"embeddable":true,"href":"https:\/\/truusk.store\/sv\/wp-json\/wp\/v2\/media\/83266"}],"wp:attachment":[{"href":"https:\/\/truusk.store\/sv\/wp-json\/wp\/v2\/media?parent=83275"}],"wp:term":[{"taxonomy":"product_brand","embeddable":true,"href":"https:\/\/truusk.store\/sv\/wp-json\/wp\/v2\/product_brand?post=83275"},{"taxonomy":"product_cat","embeddable":true,"href":"https:\/\/truusk.store\/sv\/wp-json\/wp\/v2\/product_cat?post=83275"},{"taxonomy":"product_tag","embeddable":true,"href":"https:\/\/truusk.store\/sv\/wp-json\/wp\/v2\/product_tag?post=83275"}],"curies":[{"name":"wp","href":"https:\/\/api.w.org\/{rel}","templated":true}]}}