{"id":83317,"date":"2025-07-15T20:30:42","date_gmt":"2025-07-15T19:30:42","guid":{"rendered":"https:\/\/truusk.store\/product\/valplada-for-hundar-och-valpar-med-justerbara-ingangar-for-stora-och-sma-hundar-196-x-96-x-48-cm-vit\/"},"modified":"2026-03-12T09:43:23","modified_gmt":"2026-03-12T08:43:23","slug":"truusk-valpbur-for-stora-och-sma-hundar-justerbara-ingangar-196-x-96-x-48-cm-vit","status":"publish","type":"product","link":"https:\/\/truusk.store\/sv\/produkt\/truusk-valpbur-for-stora-och-sma-hundar-justerbara-ingangar-196-x-96-x-48-cm-vit\/","title":{"rendered":"TRUUSK Valpbur f\u00f6r Stora och Sm\u00e5 Hundar &#8211; Justerbara Ing\u00e5ngar &#8211; 196 x 96 x 48 cm &#8211; Vit"},"content":{"rendered":"<p>Uppt\u00e4ck komfort och bekv\u00e4mlighet f\u00f6r din fyrbenta v\u00e4n med TRUUSK valpl\u00e5da. Valphagen har justerbara ing\u00e5ngsh\u00f6jder och tv\u00e5 avtagbara paneler, idealiska och s\u00e4kra f\u00f6r modern och hennes valpar. Tillverkad av furu och MDF, erbjuder den ett vindt\u00e4tt utrymme f\u00f6r nyf\u00f6dda valpar och \u00e4r utrustad med halkfria fotdynor, s\u00e5 att den s\u00e4kert stannar p\u00e5 plats. L\u00e4mplig f\u00f6r stora och mindre hundar!<\/p>\n<p>Beskrivning:<\/p>\n<ul>\n<li> Den justerbara ing\u00e5ngsh\u00f6jden p\u00e5 valpl\u00e5dan f\u00f6rhindrar att valpar springer iv\u00e4g<\/li>\n<li> Avtagbara paneler g\u00f6r det enkelt f\u00f6r modern att komma in och ut<\/li>\n<li> Kombinationen av furu och MDF garanterar stabilitet<\/li>\n<li> Det f\u00f6rseglade designet p\u00e5 valphagen erbjuder ett vindt\u00e4tt utrymme f\u00f6r hundar<\/li>\n<li> Montering \u00e4r enkel och snabb<\/li>\n<li> L\u00e4mplig f\u00f6r stora och mindre hundraser<\/li>\n<li> Halkfria fotdynor \u00f6kar s\u00e4kerheten och stabiliteten<\/li>\n<li> Erbjuder en p\u00e5litlig, mysig tillflyktsort f\u00f6r f\u00f6delse och vila<\/li>\n<\/ul>\n<p>Tekniska data:<\/p>\n<ul>\n<li> F\u00e4rg: Vit<\/li>\n<li> Material: Furu, MDF<\/li>\n<li> Totala dimensioner: 196L x 96B x 48H cm<\/li>\n<li> Enskilda panelm\u00e5tt: 96B x 48H cm<\/li>\n<li> Ing\u00e5ngsbredd: 30B cm<\/li>\n<li> Avtagbar d\u00f6rrpanelstorlek: 32B x 25H cm, 32B x 12,5H cm<\/li>\n<\/ul>\n<p>Leveransinneh\u00e5ll:<\/p>\n<ul>\n<li> 1 x Hundvalpl\u00e5da<\/li>\n<li> 1 x Handbok<\/li>\n<\/ul>\n","protected":false},"excerpt":{"rendered":"<p>Uppt\u00e4ck komfort och bekv\u00e4mlighet f\u00f6r din fyrbenta v\u00e4n med TRUUSK valpl\u00e5da. Valphagen har justerbara ing\u00e5ngsh\u00f6jder och tv\u00e5 avtagbara paneler, idealiska&#8230;<\/p>\n","protected":false},"featured_media":83308,"template":"","meta":[],"product_brand":[],"product_cat":[878,948,574],"product_tag":[],"class_list":{"0":"post-83317","1":"product","2":"type-product","3":"status-publish","4":"has-post-thumbnail","6":"product_cat-djurbehov","7":"product_cat-hundgaller-skiljevaggar","8":"product_cat-hundtillbehor","10":"first","11":"instock","12":"sale","13":"taxable","14":"shipping-taxable","15":"purchasable","16":"product-type-simple"},"yoast_head":"<!-- This site is optimized with the Yoast SEO plugin v25.4 - https:\/\/yoast.com\/wordpress\/plugins\/seo\/ -->\n<title>TRUUSK Valpbur f\u00f6r Stora och Sm\u00e5 Hundar - Justerbara Ing\u00e5ngar - 196 x 96 x 48 cm - Vit - TRUUSK - Hem, Tr\u00e4dg\u00e5rd &amp; Fritid<\/title>\n<meta name=\"robots\" content=\"index, follow, max-snippet:-1, max-image-preview:large, max-video-preview:-1\" \/>\n<link rel=\"canonical\" href=\"https:\/\/truusk.store\/sv\/produkt\/truusk-valpbur-for-stora-och-sma-hundar-justerbara-ingangar-196-x-96-x-48-cm-vit\/\" \/>\n<meta property=\"og:locale\" content=\"sv_SE\" \/>\n<meta property=\"og:type\" content=\"article\" \/>\n<meta property=\"og:title\" content=\"TRUUSK Valpbur f\u00f6r Stora och Sm\u00e5 Hundar - Justerbara Ing\u00e5ngar - 196 x 96 x 48 cm - Vit - TRUUSK - Hem, Tr\u00e4dg\u00e5rd &amp; Fritid\" \/>\n<meta property=\"og:description\" content=\"Uppt\u00e4ck komfort och bekv\u00e4mlighet f\u00f6r din fyrbenta v\u00e4n med TRUUSK valpl\u00e5da. Valphagen har justerbara ing\u00e5ngsh\u00f6jder och tv\u00e5 avtagbara paneler, idealiska...\" \/>\n<meta property=\"og:url\" content=\"https:\/\/truusk.store\/sv\/produkt\/truusk-valpbur-for-stora-och-sma-hundar-justerbara-ingangar-196-x-96-x-48-cm-vit\/\" \/>\n<meta property=\"og:site_name\" content=\"TRUUSK - Hem, Tr\u00e4dg\u00e5rd &amp; Fritid\" \/>\n<meta property=\"article:modified_time\" content=\"2026-03-12T08:43:23+00:00\" \/>\n<meta property=\"og:image\" content=\"https:\/\/i0.wp.com\/truusk.se\/wp-content\/uploads\/2025\/07\/valplada-for-hundar-och-valpar-med-justerbara-ingangar-for-stora-och-sma-hundar-196-x-96-x-48-cm-vit-1.webp?fit=2000%2C2000&ssl=1\" \/>\n\t<meta property=\"og:image:width\" content=\"2000\" \/>\n\t<meta property=\"og:image:height\" content=\"2000\" \/>\n\t<meta property=\"og:image:type\" content=\"image\/webp\" \/>\n<meta name=\"twitter:card\" content=\"summary_large_image\" \/>\n<meta name=\"twitter:label1\" content=\"Ber\u00e4knad l\u00e4stid\" \/>\n\t<meta name=\"twitter:data1\" content=\"1 minut\" \/>\n<!-- \/ Yoast SEO plugin. -->","yoast_head_json":{"title":"TRUUSK Valpbur f\u00f6r Stora och Sm\u00e5 Hundar - Justerbara Ing\u00e5ngar - 196 x 96 x 48 cm - Vit - TRUUSK - Hem, Tr\u00e4dg\u00e5rd &amp; Fritid","robots":{"index":"index","follow":"follow","max-snippet":"max-snippet:-1","max-image-preview":"max-image-preview:large","max-video-preview":"max-video-preview:-1"},"canonical":"https:\/\/truusk.store\/sv\/produkt\/truusk-valpbur-for-stora-och-sma-hundar-justerbara-ingangar-196-x-96-x-48-cm-vit\/","og_locale":"sv_SE","og_type":"article","og_title":"TRUUSK Valpbur f\u00f6r Stora och Sm\u00e5 Hundar - Justerbara Ing\u00e5ngar - 196 x 96 x 48 cm - Vit - TRUUSK - Hem, Tr\u00e4dg\u00e5rd &amp; Fritid","og_description":"Uppt\u00e4ck komfort och bekv\u00e4mlighet f\u00f6r din fyrbenta v\u00e4n med TRUUSK valpl\u00e5da. Valphagen har justerbara ing\u00e5ngsh\u00f6jder och tv\u00e5 avtagbara paneler, idealiska...","og_url":"https:\/\/truusk.store\/sv\/produkt\/truusk-valpbur-for-stora-och-sma-hundar-justerbara-ingangar-196-x-96-x-48-cm-vit\/","og_site_name":"TRUUSK - Hem, Tr\u00e4dg\u00e5rd &amp; Fritid","article_modified_time":"2026-03-12T08:43:23+00:00","og_image":[{"width":2000,"height":2000,"url":"https:\/\/i0.wp.com\/truusk.se\/wp-content\/uploads\/2025\/07\/valplada-for-hundar-och-valpar-med-justerbara-ingangar-for-stora-och-sma-hundar-196-x-96-x-48-cm-vit-1.webp?fit=2000%2C2000&ssl=1","type":"image\/webp"}],"twitter_card":"summary_large_image","twitter_misc":{"Ber\u00e4knad l\u00e4stid":"1 minut"},"schema":{"@context":"https:\/\/schema.org","@graph":[{"@type":"WebPage","@id":"https:\/\/truusk.store\/sv\/produkt\/truusk-valpbur-for-stora-och-sma-hundar-justerbara-ingangar-196-x-96-x-48-cm-vit\/","url":"https:\/\/truusk.store\/sv\/produkt\/truusk-valpbur-for-stora-och-sma-hundar-justerbara-ingangar-196-x-96-x-48-cm-vit\/","name":"TRUUSK Valpbur f\u00f6r Stora och Sm\u00e5 Hundar - Justerbara Ing\u00e5ngar - 196 x 96 x 48 cm - Vit - TRUUSK - Hem, Tr\u00e4dg\u00e5rd &amp; Fritid","isPartOf":{"@id":"https:\/\/truusk.store\/sv\/#website"},"primaryImageOfPage":{"@id":"https:\/\/truusk.store\/sv\/produkt\/truusk-valpbur-for-stora-och-sma-hundar-justerbara-ingangar-196-x-96-x-48-cm-vit\/#primaryimage"},"image":{"@id":"https:\/\/truusk.store\/sv\/produkt\/truusk-valpbur-for-stora-och-sma-hundar-justerbara-ingangar-196-x-96-x-48-cm-vit\/#primaryimage"},"thumbnailUrl":"https:\/\/i0.wp.com\/truusk.store\/wp-content\/uploads\/2025\/07\/valplada-for-hundar-och-valpar-med-justerbara-ingangar-for-stora-och-sma-hundar-196-x-96-x-48-cm-vit-1.webp?fit=2000%2C2000&ssl=1","datePublished":"2025-07-15T19:30:42+00:00","dateModified":"2026-03-12T08:43:23+00:00","breadcrumb":{"@id":"https:\/\/truusk.store\/sv\/produkt\/truusk-valpbur-for-stora-och-sma-hundar-justerbara-ingangar-196-x-96-x-48-cm-vit\/#breadcrumb"},"inLanguage":"sv-SE","potentialAction":[{"@type":"ReadAction","target":["https:\/\/truusk.store\/sv\/produkt\/truusk-valpbur-for-stora-och-sma-hundar-justerbara-ingangar-196-x-96-x-48-cm-vit\/"]}]},{"@type":"ImageObject","inLanguage":"sv-SE","@id":"https:\/\/truusk.store\/sv\/produkt\/truusk-valpbur-for-stora-och-sma-hundar-justerbara-ingangar-196-x-96-x-48-cm-vit\/#primaryimage","url":"https:\/\/i0.wp.com\/truusk.store\/wp-content\/uploads\/2025\/07\/valplada-for-hundar-och-valpar-med-justerbara-ingangar-for-stora-och-sma-hundar-196-x-96-x-48-cm-vit-1.webp?fit=2000%2C2000&ssl=1","contentUrl":"https:\/\/i0.wp.com\/truusk.store\/wp-content\/uploads\/2025\/07\/valplada-for-hundar-och-valpar-med-justerbara-ingangar-for-stora-och-sma-hundar-196-x-96-x-48-cm-vit-1.webp?fit=2000%2C2000&ssl=1","width":2000,"height":2000},{"@type":"BreadcrumbList","@id":"https:\/\/truusk.store\/sv\/produkt\/truusk-valpbur-for-stora-och-sma-hundar-justerbara-ingangar-196-x-96-x-48-cm-vit\/#breadcrumb","itemListElement":[{"@type":"ListItem","position":1,"name":"Home","item":"https:\/\/truusk.store\/sv\/"},{"@type":"ListItem","position":2,"name":"Shop","item":"https:\/\/truusk.store\/shop\/"},{"@type":"ListItem","position":3,"name":"TRUUSK Valpbur f\u00f6r Stora och Sm\u00e5 Hundar &#8211; Justerbara Ing\u00e5ngar &#8211; 196 x 96 x 48 cm &#8211; Vit"}]},{"@type":"WebSite","@id":"https:\/\/truusk.store\/sv\/#website","url":"https:\/\/truusk.store\/sv\/","name":"TRUUSK - Hem, Tr\u00e4dg\u00e5rd & Fritid","description":"","publisher":{"@id":"https:\/\/truusk.store\/sv\/#organization"},"potentialAction":[{"@type":"SearchAction","target":{"@type":"EntryPoint","urlTemplate":"https:\/\/truusk.store\/sv\/?s={search_term_string}"},"query-input":{"@type":"PropertyValueSpecification","valueRequired":true,"valueName":"search_term_string"}}],"inLanguage":"sv-SE"},{"@type":"Organization","@id":"https:\/\/truusk.store\/sv\/#organization","name":"TRUUSK - Hem, Tr\u00e4dg\u00e5rd & Fritid","url":"https:\/\/truusk.store\/sv\/","logo":{"@type":"ImageObject","inLanguage":"sv-SE","@id":"https:\/\/truusk.store\/sv\/#\/schema\/logo\/image\/","url":"https:\/\/i0.wp.com\/truusk.store\/wp-content\/uploads\/2026\/03\/cropped-TRUUSK.png?fit=2032%2C917&ssl=1","contentUrl":"https:\/\/i0.wp.com\/truusk.store\/wp-content\/uploads\/2026\/03\/cropped-TRUUSK.png?fit=2032%2C917&ssl=1","width":2032,"height":917,"caption":"TRUUSK - Hem, Tr\u00e4dg\u00e5rd & Fritid"},"image":{"@id":"https:\/\/truusk.store\/sv\/#\/schema\/logo\/image\/"}}]}},"jetpack_sharing_enabled":true,"_links":{"self":[{"href":"https:\/\/truusk.store\/sv\/wp-json\/wp\/v2\/product\/83317","targetHints":{"allow":["GET"]}}],"collection":[{"href":"https:\/\/truusk.store\/sv\/wp-json\/wp\/v2\/product"}],"about":[{"href":"https:\/\/truusk.store\/sv\/wp-json\/wp\/v2\/types\/product"}],"wp:featuredmedia":[{"embeddable":true,"href":"https:\/\/truusk.store\/sv\/wp-json\/wp\/v2\/media\/83308"}],"wp:attachment":[{"href":"https:\/\/truusk.store\/sv\/wp-json\/wp\/v2\/media?parent=83317"}],"wp:term":[{"taxonomy":"product_brand","embeddable":true,"href":"https:\/\/truusk.store\/sv\/wp-json\/wp\/v2\/product_brand?post=83317"},{"taxonomy":"product_cat","embeddable":true,"href":"https:\/\/truusk.store\/sv\/wp-json\/wp\/v2\/product_cat?post=83317"},{"taxonomy":"product_tag","embeddable":true,"href":"https:\/\/truusk.store\/sv\/wp-json\/wp\/v2\/product_tag?post=83317"}],"curies":[{"name":"wp","href":"https:\/\/api.w.org\/{rel}","templated":true}]}}