{"id":83327,"date":"2025-07-16T11:57:01","date_gmt":"2025-07-16T10:57:01","guid":{"rendered":"https:\/\/truusk.store\/product\/verktygsskjul-i-metall-vaderbestandigt-rostfritt-lasbart-240-x-206-x-198-m-teak\/"},"modified":"2026-03-12T09:18:26","modified_gmt":"2026-03-12T08:18:26","slug":"truusk-metall-verktygsskjul-vaderbestandigt-rostfritt-lasbart-240-x-206-x-198-m-teak","status":"publish","type":"product","link":"https:\/\/truusk.store\/sv\/produkt\/truusk-metall-verktygsskjul-vaderbestandigt-rostfritt-lasbart-240-x-206-x-198-m-teak\/","title":{"rendered":"TRUUSK Metall Verktygsskjul &#8211; V\u00e4derbest\u00e4ndigt &amp; Rostfritt &#8211; L\u00e5sbart &#8211; 2,40 x 2,06 x 1,98 m &#8211; Teak"},"content":{"rendered":"<p>Ut\u00f6ka ditt lagringsutrymme och \u00f6ka v\u00e4rdet p\u00e5 din fastighet med den h\u00f6gkvalitativa redskapsboden fr\u00e5n TRUUSK. Skydda dina v\u00e4rdefulla verktyg tack vare det vattent\u00e4ta, galvaniserade taket p\u00e5 tr\u00e4dg\u00e5rdsskjulet. Ventilations\u00f6ppningarna i tr\u00e4dg\u00e5rdsredskapshuset ger ett torrt, luktfritt inomhusklimat. Med en s\u00e4ker l\u00e5smekanism \u00e4r dina verktyg skyddade mot st\u00f6ld. Oavsett om det \u00e4r gr\u00e4sklippare, spadar eller till och med en motorcykel &#8211; h\u00e4r finns plats f\u00f6r allt. G\u00f6r dig redo att skapa stora saker &#8211; med TRUUSK!<\/p>\n<p>Beskrivning:<\/p>\n<ul>\n<li> Rymligt redskapsskjul f\u00f6r tr\u00e4dg\u00e5rdsredskap, gr\u00e4sv\u00e5rdsutrustning eller pooltillbeh\u00f6r<\/li>\n<li> Tillverkad av galvaniserat st\u00e5l och polypropen f\u00f6r att vara v\u00e4derbest\u00e4ndig<\/li>\n<li> Sadeltaket p\u00e5 redskapshuset f\u00f6rhindrar vattenansamlingar<\/li>\n<li> L\u00e5sbara dubbeld\u00f6rrar f\u00f6r att s\u00e4kra dina f\u00f6rem\u00e5l (l\u00e5s ing\u00e5r inte)<\/li>\n<li> Golvet p\u00e5 tr\u00e4dg\u00e5rdsskjulet \u00f6kar stabiliteten<\/li>\n<li> Ventilations\u00f6ppningar f\u00f6r ljus och luftcirkulation<\/li>\n<li> Montering kr\u00e4vs<\/li>\n<li> Obs: L\u00e4s instruktionerna eller titta noggrant p\u00e5 monteringsvideon f\u00f6r att minska monteringstiden<\/li>\n<\/ul>\n<p> Tekniska data:<\/p>\n<ul>\n<li> F\u00e4rg: Teak<\/li>\n<li> Material: Galvaniserat st\u00e5l<\/li>\n<li> Totala dimensioner: 240L x 206B x 198H cm<\/li>\n<li> Inre dimensioner: 221L x 181B cm<\/li>\n<li> Golvarea: 226L x 195B cm, 4,4 m\u00b2<\/li>\n<li> D\u00f6rrdimensioner: 96B x 160H cm<\/li>\n<li> Ventilationsdimensioner: 20B x 8,5H cm<\/li>\n<li> Sn\u00f6last: 30 kg\/m\u00b2<\/li>\n<li> Obs: Kr\u00e4ver minst tre personer f\u00f6r montering p\u00e5 fyra timmar. Bygg inte upp vid stark vind<\/li>\n<\/ul>\n<p>Leveransinneh\u00e5ll:<\/p>\n<ul>\n<li> 1 x Tr\u00e4dg\u00e5rdsskjul<\/li>\n<li> 1 x Handske<\/li>\n<li> 1 x L\u00e5s<\/li>\n<li> 3 x Nycklar<\/li>\n<li> 1 x Handbok<\/li>\n<\/ul>\n","protected":false},"excerpt":{"rendered":"<p>Ut\u00f6ka ditt lagringsutrymme och \u00f6ka v\u00e4rdet p\u00e5 din fastighet med den h\u00f6gkvalitativa redskapsboden fr\u00e5n TRUUSK. Skydda dina v\u00e4rdefulla verktyg tack&#8230;<\/p>\n","protected":false},"featured_media":83318,"template":"","meta":[],"product_brand":[],"product_cat":[901,902,858],"product_tag":[],"class_list":{"0":"post-83327","1":"product","2":"type-product","3":"status-publish","4":"has-post-thumbnail","6":"product_cat-ordning-i-tradgarden","7":"product_cat-redskapsskjul-och-redskapshus","8":"product_cat-tradgard-terrass","10":"first","11":"instock","12":"sale","13":"taxable","14":"shipping-taxable","15":"purchasable","16":"product-type-simple"},"yoast_head":"<!-- This site is optimized with the Yoast SEO plugin v25.4 - https:\/\/yoast.com\/wordpress\/plugins\/seo\/ -->\n<title>TRUUSK Metall Verktygsskjul - V\u00e4derbest\u00e4ndigt &amp; Rostfritt - L\u00e5sbart - 2,40 x 2,06 x 1,98 m - Teak - TRUUSK - Hem, Tr\u00e4dg\u00e5rd &amp; Fritid<\/title>\n<meta name=\"robots\" content=\"index, follow, max-snippet:-1, max-image-preview:large, max-video-preview:-1\" \/>\n<link rel=\"canonical\" href=\"https:\/\/truusk.store\/sv\/produkt\/truusk-metall-verktygsskjul-vaderbestandigt-rostfritt-lasbart-240-x-206-x-198-m-teak\/\" \/>\n<meta property=\"og:locale\" content=\"sv_SE\" \/>\n<meta property=\"og:type\" content=\"article\" \/>\n<meta property=\"og:title\" content=\"TRUUSK Metall Verktygsskjul - V\u00e4derbest\u00e4ndigt &amp; Rostfritt - L\u00e5sbart - 2,40 x 2,06 x 1,98 m - Teak - TRUUSK - Hem, Tr\u00e4dg\u00e5rd &amp; Fritid\" \/>\n<meta property=\"og:description\" content=\"Ut\u00f6ka ditt lagringsutrymme och \u00f6ka v\u00e4rdet p\u00e5 din fastighet med den h\u00f6gkvalitativa redskapsboden fr\u00e5n TRUUSK. Skydda dina v\u00e4rdefulla verktyg tack...\" \/>\n<meta property=\"og:url\" content=\"https:\/\/truusk.store\/sv\/produkt\/truusk-metall-verktygsskjul-vaderbestandigt-rostfritt-lasbart-240-x-206-x-198-m-teak\/\" \/>\n<meta property=\"og:site_name\" content=\"TRUUSK - Hem, Tr\u00e4dg\u00e5rd &amp; Fritid\" \/>\n<meta property=\"article:modified_time\" content=\"2026-03-12T08:18:26+00:00\" \/>\n<meta property=\"og:image\" content=\"https:\/\/i0.wp.com\/truusk.se\/wp-content\/uploads\/2025\/07\/verktygsskjul-i-metall-vaderbestandigt-rostfritt-lasbart-240-x-206-x-198-m-teak-1.webp?fit=2000%2C2000&ssl=1\" \/>\n\t<meta property=\"og:image:width\" content=\"2000\" \/>\n\t<meta property=\"og:image:height\" content=\"2000\" \/>\n\t<meta property=\"og:image:type\" content=\"image\/webp\" \/>\n<meta name=\"twitter:card\" content=\"summary_large_image\" \/>\n<meta name=\"twitter:label1\" content=\"Ber\u00e4knad l\u00e4stid\" \/>\n\t<meta name=\"twitter:data1\" content=\"1 minut\" \/>\n<!-- \/ Yoast SEO plugin. -->","yoast_head_json":{"title":"TRUUSK Metall Verktygsskjul - V\u00e4derbest\u00e4ndigt &amp; Rostfritt - L\u00e5sbart - 2,40 x 2,06 x 1,98 m - Teak - TRUUSK - Hem, Tr\u00e4dg\u00e5rd &amp; Fritid","robots":{"index":"index","follow":"follow","max-snippet":"max-snippet:-1","max-image-preview":"max-image-preview:large","max-video-preview":"max-video-preview:-1"},"canonical":"https:\/\/truusk.store\/sv\/produkt\/truusk-metall-verktygsskjul-vaderbestandigt-rostfritt-lasbart-240-x-206-x-198-m-teak\/","og_locale":"sv_SE","og_type":"article","og_title":"TRUUSK Metall Verktygsskjul - V\u00e4derbest\u00e4ndigt &amp; Rostfritt - L\u00e5sbart - 2,40 x 2,06 x 1,98 m - Teak - TRUUSK - Hem, Tr\u00e4dg\u00e5rd &amp; Fritid","og_description":"Ut\u00f6ka ditt lagringsutrymme och \u00f6ka v\u00e4rdet p\u00e5 din fastighet med den h\u00f6gkvalitativa redskapsboden fr\u00e5n TRUUSK. Skydda dina v\u00e4rdefulla verktyg tack...","og_url":"https:\/\/truusk.store\/sv\/produkt\/truusk-metall-verktygsskjul-vaderbestandigt-rostfritt-lasbart-240-x-206-x-198-m-teak\/","og_site_name":"TRUUSK - Hem, Tr\u00e4dg\u00e5rd &amp; Fritid","article_modified_time":"2026-03-12T08:18:26+00:00","og_image":[{"width":2000,"height":2000,"url":"https:\/\/i0.wp.com\/truusk.se\/wp-content\/uploads\/2025\/07\/verktygsskjul-i-metall-vaderbestandigt-rostfritt-lasbart-240-x-206-x-198-m-teak-1.webp?fit=2000%2C2000&ssl=1","type":"image\/webp"}],"twitter_card":"summary_large_image","twitter_misc":{"Ber\u00e4knad l\u00e4stid":"1 minut"},"schema":{"@context":"https:\/\/schema.org","@graph":[{"@type":"WebPage","@id":"https:\/\/truusk.store\/sv\/produkt\/truusk-metall-verktygsskjul-vaderbestandigt-rostfritt-lasbart-240-x-206-x-198-m-teak\/","url":"https:\/\/truusk.store\/sv\/produkt\/truusk-metall-verktygsskjul-vaderbestandigt-rostfritt-lasbart-240-x-206-x-198-m-teak\/","name":"TRUUSK Metall Verktygsskjul - V\u00e4derbest\u00e4ndigt &amp; Rostfritt - L\u00e5sbart - 2,40 x 2,06 x 1,98 m - Teak - TRUUSK - Hem, Tr\u00e4dg\u00e5rd &amp; Fritid","isPartOf":{"@id":"https:\/\/truusk.store\/sv\/#website"},"primaryImageOfPage":{"@id":"https:\/\/truusk.store\/sv\/produkt\/truusk-metall-verktygsskjul-vaderbestandigt-rostfritt-lasbart-240-x-206-x-198-m-teak\/#primaryimage"},"image":{"@id":"https:\/\/truusk.store\/sv\/produkt\/truusk-metall-verktygsskjul-vaderbestandigt-rostfritt-lasbart-240-x-206-x-198-m-teak\/#primaryimage"},"thumbnailUrl":"https:\/\/i0.wp.com\/truusk.store\/wp-content\/uploads\/2025\/07\/verktygsskjul-i-metall-vaderbestandigt-rostfritt-lasbart-240-x-206-x-198-m-teak-1.webp?fit=2000%2C2000&ssl=1","datePublished":"2025-07-16T10:57:01+00:00","dateModified":"2026-03-12T08:18:26+00:00","breadcrumb":{"@id":"https:\/\/truusk.store\/sv\/produkt\/truusk-metall-verktygsskjul-vaderbestandigt-rostfritt-lasbart-240-x-206-x-198-m-teak\/#breadcrumb"},"inLanguage":"sv-SE","potentialAction":[{"@type":"ReadAction","target":["https:\/\/truusk.store\/sv\/produkt\/truusk-metall-verktygsskjul-vaderbestandigt-rostfritt-lasbart-240-x-206-x-198-m-teak\/"]}]},{"@type":"ImageObject","inLanguage":"sv-SE","@id":"https:\/\/truusk.store\/sv\/produkt\/truusk-metall-verktygsskjul-vaderbestandigt-rostfritt-lasbart-240-x-206-x-198-m-teak\/#primaryimage","url":"https:\/\/i0.wp.com\/truusk.store\/wp-content\/uploads\/2025\/07\/verktygsskjul-i-metall-vaderbestandigt-rostfritt-lasbart-240-x-206-x-198-m-teak-1.webp?fit=2000%2C2000&ssl=1","contentUrl":"https:\/\/i0.wp.com\/truusk.store\/wp-content\/uploads\/2025\/07\/verktygsskjul-i-metall-vaderbestandigt-rostfritt-lasbart-240-x-206-x-198-m-teak-1.webp?fit=2000%2C2000&ssl=1","width":2000,"height":2000},{"@type":"BreadcrumbList","@id":"https:\/\/truusk.store\/sv\/produkt\/truusk-metall-verktygsskjul-vaderbestandigt-rostfritt-lasbart-240-x-206-x-198-m-teak\/#breadcrumb","itemListElement":[{"@type":"ListItem","position":1,"name":"Home","item":"https:\/\/truusk.store\/sv\/"},{"@type":"ListItem","position":2,"name":"Shop","item":"https:\/\/truusk.store\/shop\/"},{"@type":"ListItem","position":3,"name":"TRUUSK Metall Verktygsskjul &#8211; V\u00e4derbest\u00e4ndigt &amp; Rostfritt &#8211; L\u00e5sbart &#8211; 2,40 x 2,06 x 1,98 m &#8211; Teak"}]},{"@type":"WebSite","@id":"https:\/\/truusk.store\/sv\/#website","url":"https:\/\/truusk.store\/sv\/","name":"TRUUSK - Hem, Tr\u00e4dg\u00e5rd & Fritid","description":"","publisher":{"@id":"https:\/\/truusk.store\/sv\/#organization"},"potentialAction":[{"@type":"SearchAction","target":{"@type":"EntryPoint","urlTemplate":"https:\/\/truusk.store\/sv\/?s={search_term_string}"},"query-input":{"@type":"PropertyValueSpecification","valueRequired":true,"valueName":"search_term_string"}}],"inLanguage":"sv-SE"},{"@type":"Organization","@id":"https:\/\/truusk.store\/sv\/#organization","name":"TRUUSK - Hem, Tr\u00e4dg\u00e5rd & Fritid","url":"https:\/\/truusk.store\/sv\/","logo":{"@type":"ImageObject","inLanguage":"sv-SE","@id":"https:\/\/truusk.store\/sv\/#\/schema\/logo\/image\/","url":"https:\/\/i0.wp.com\/truusk.store\/wp-content\/uploads\/2026\/03\/cropped-TRUUSK.png?fit=2032%2C917&ssl=1","contentUrl":"https:\/\/i0.wp.com\/truusk.store\/wp-content\/uploads\/2026\/03\/cropped-TRUUSK.png?fit=2032%2C917&ssl=1","width":2032,"height":917,"caption":"TRUUSK - Hem, Tr\u00e4dg\u00e5rd & Fritid"},"image":{"@id":"https:\/\/truusk.store\/sv\/#\/schema\/logo\/image\/"}}]}},"jetpack_sharing_enabled":true,"_links":{"self":[{"href":"https:\/\/truusk.store\/sv\/wp-json\/wp\/v2\/product\/83327","targetHints":{"allow":["GET"]}}],"collection":[{"href":"https:\/\/truusk.store\/sv\/wp-json\/wp\/v2\/product"}],"about":[{"href":"https:\/\/truusk.store\/sv\/wp-json\/wp\/v2\/types\/product"}],"wp:featuredmedia":[{"embeddable":true,"href":"https:\/\/truusk.store\/sv\/wp-json\/wp\/v2\/media\/83318"}],"wp:attachment":[{"href":"https:\/\/truusk.store\/sv\/wp-json\/wp\/v2\/media?parent=83327"}],"wp:term":[{"taxonomy":"product_brand","embeddable":true,"href":"https:\/\/truusk.store\/sv\/wp-json\/wp\/v2\/product_brand?post=83327"},{"taxonomy":"product_cat","embeddable":true,"href":"https:\/\/truusk.store\/sv\/wp-json\/wp\/v2\/product_cat?post=83327"},{"taxonomy":"product_tag","embeddable":true,"href":"https:\/\/truusk.store\/sv\/wp-json\/wp\/v2\/product_tag?post=83327"}],"curies":[{"name":"wp","href":"https:\/\/api.w.org\/{rel}","templated":true}]}}