{"id":83367,"date":"2025-07-16T20:04:44","date_gmt":"2025-07-16T19:04:44","guid":{"rendered":"https:\/\/truusk.store\/product\/sidobordssats-2-satsbord-o74-o59-cm-marmorutseende-ram-i-guld\/"},"modified":"2026-03-12T09:16:25","modified_gmt":"2026-03-12T08:16:25","slug":"truusk-sidobordssats-2-delar-o74-o59-cm-marmorutseende-guldram-stilfullt-design","status":"publish","type":"product","link":"https:\/\/truusk.store\/sv\/produkt\/truusk-sidobordssats-2-delar-o74-o59-cm-marmorutseende-guldram-stilfullt-design\/","title":{"rendered":"TRUUSK Sidobordssats &#8211; 2 Delar &#8211; \u00d874 &amp; \u00d859 cm &#8211; Marmorutseende &#8211; Guldram &#8211; Stilfullt design"},"content":{"rendered":"<p>Ge ditt vardagsrum en speciell touch med det unika runda soffbordssatsen fr\u00e5n TRUUSK. Dessa stilfulla satellitbord kan flexibelt anv\u00e4ndas i vardagsrummet, sovrummet, studentbostaden eller kontoret. Tack vare de robusta st\u00e5lramarna i guld och de h\u00f6gkvalitativa, vita soffbordsplattorna i marmorutseende, \u00e4r de inte bara stabila utan ocks\u00e5 l\u00e4tta att reng\u00f6ra. Anv\u00e4nd soffborden separat eller tillsammans &#8211; de \u00e4r de perfekta f\u00f6ljeslagarna f\u00f6r avkopplande stunder.<\/p>\n<p>Beskrivning:<\/p>\n<ul>\n<li> Starka och st\u00f6djande st\u00e5lramar med en maximal belastning p\u00e5 15 kg per kaffebord<\/li>\n<li> H\u00e5llbara bordsskivor av sp\u00e5nskiva med skyddande bel\u00e4ggning, l\u00e4tta att reng\u00f6ra<\/li>\n<li> Stapelbara f\u00f6r att spara utrymme eller anv\u00e4ndas oberoende, det mindre bordet passar under det st\u00f6rre bordet<\/li>\n<li> M\u00e5ngsidiga satellitbord som kan fungera som sidobord, soffbord, nattduksbord eller h\u00f6rnbord<\/li>\n<li> Justerbara f\u00f6tter p\u00e5 soffbordet ger stabilitet och skyddar golvet mot repor<\/li>\n<li> Montering kr\u00e4vs<\/li>\n<\/ul>\n<p> Tekniska data:<\/p>\n<ul>\n<li> F\u00e4rg: Vit+Guld<\/li>\n<li> Material: St\u00e5l, Sp\u00e5nskiva<\/li>\n<li> Totala dimensioner: \u00d8 74 x 46,3H cm (stort bord)<\/li>\n<li> Totala dimensioner: \u00d8 59 x 38,5H cm (litet bord)<\/li>\n<li> Tjocklek p\u00e5 bordsskivan: 15 mm<\/li>\n<li> Belastningskapacitet: 15 kg (per bord)<\/li>\n<\/ul>\n<p>Leveransinneh\u00e5ll:<\/p>\n<ul>\n<li> 1 x Stort soffbord<\/li>\n<li> 1 x Litet soffbord<\/li>\n<li> 1 x Instruktioner<\/li>\n<\/ul>\n","protected":false},"excerpt":{"rendered":"<p>Ge ditt vardagsrum en speciell touch med det unika runda soffbordssatsen fr\u00e5n TRUUSK. Dessa stilfulla satellitbord kan flexibelt anv\u00e4ndas i&#8230;<\/p>\n","protected":false},"featured_media":83358,"template":"","meta":[],"product_brand":[],"product_cat":[871,929,910],"product_tag":[],"class_list":{"0":"post-83367","1":"product","2":"type-product","3":"status-publish","4":"has-post-thumbnail","6":"product_cat-hus-hem","7":"product_cat-soffbord","8":"product_cat-vardagsrum","10":"first","11":"instock","12":"sale","13":"taxable","14":"shipping-taxable","15":"purchasable","16":"product-type-simple"},"yoast_head":"<!-- This site is optimized with the Yoast SEO plugin v25.4 - https:\/\/yoast.com\/wordpress\/plugins\/seo\/ -->\n<title>TRUUSK Sidobordssats - 2 Delar - \u00d874 &amp; \u00d859 cm - Marmorutseende - Guldram - Stilfullt design - TRUUSK - Hem, Tr\u00e4dg\u00e5rd &amp; Fritid<\/title>\n<meta name=\"robots\" content=\"index, follow, max-snippet:-1, max-image-preview:large, max-video-preview:-1\" \/>\n<link rel=\"canonical\" href=\"https:\/\/truusk.store\/sv\/produkt\/truusk-sidobordssats-2-delar-o74-o59-cm-marmorutseende-guldram-stilfullt-design\/\" \/>\n<meta property=\"og:locale\" content=\"sv_SE\" \/>\n<meta property=\"og:type\" content=\"article\" \/>\n<meta property=\"og:title\" content=\"TRUUSK Sidobordssats - 2 Delar - \u00d874 &amp; \u00d859 cm - Marmorutseende - Guldram - Stilfullt design - TRUUSK - Hem, Tr\u00e4dg\u00e5rd &amp; Fritid\" \/>\n<meta property=\"og:description\" content=\"Ge ditt vardagsrum en speciell touch med det unika runda soffbordssatsen fr\u00e5n TRUUSK. Dessa stilfulla satellitbord kan flexibelt anv\u00e4ndas i...\" \/>\n<meta property=\"og:url\" content=\"https:\/\/truusk.store\/sv\/produkt\/truusk-sidobordssats-2-delar-o74-o59-cm-marmorutseende-guldram-stilfullt-design\/\" \/>\n<meta property=\"og:site_name\" content=\"TRUUSK - Hem, Tr\u00e4dg\u00e5rd &amp; Fritid\" \/>\n<meta property=\"article:modified_time\" content=\"2026-03-12T08:16:25+00:00\" \/>\n<meta property=\"og:image\" content=\"https:\/\/i0.wp.com\/truusk.se\/wp-content\/uploads\/2025\/07\/sidobordssats-2-satsbord-o74-o59-cm-marmorutseende-ram-i-guld-1.webp?fit=2000%2C2000&ssl=1\" \/>\n\t<meta property=\"og:image:width\" content=\"2000\" \/>\n\t<meta property=\"og:image:height\" content=\"2000\" \/>\n\t<meta property=\"og:image:type\" content=\"image\/webp\" \/>\n<meta name=\"twitter:card\" content=\"summary_large_image\" \/>\n<meta name=\"twitter:label1\" content=\"Ber\u00e4knad l\u00e4stid\" \/>\n\t<meta name=\"twitter:data1\" content=\"1 minut\" \/>\n<!-- \/ Yoast SEO plugin. -->","yoast_head_json":{"title":"TRUUSK Sidobordssats - 2 Delar - \u00d874 &amp; \u00d859 cm - Marmorutseende - Guldram - Stilfullt design - TRUUSK - Hem, Tr\u00e4dg\u00e5rd &amp; Fritid","robots":{"index":"index","follow":"follow","max-snippet":"max-snippet:-1","max-image-preview":"max-image-preview:large","max-video-preview":"max-video-preview:-1"},"canonical":"https:\/\/truusk.store\/sv\/produkt\/truusk-sidobordssats-2-delar-o74-o59-cm-marmorutseende-guldram-stilfullt-design\/","og_locale":"sv_SE","og_type":"article","og_title":"TRUUSK Sidobordssats - 2 Delar - \u00d874 &amp; \u00d859 cm - Marmorutseende - Guldram - Stilfullt design - TRUUSK - Hem, Tr\u00e4dg\u00e5rd &amp; Fritid","og_description":"Ge ditt vardagsrum en speciell touch med det unika runda soffbordssatsen fr\u00e5n TRUUSK. Dessa stilfulla satellitbord kan flexibelt anv\u00e4ndas i...","og_url":"https:\/\/truusk.store\/sv\/produkt\/truusk-sidobordssats-2-delar-o74-o59-cm-marmorutseende-guldram-stilfullt-design\/","og_site_name":"TRUUSK - Hem, Tr\u00e4dg\u00e5rd &amp; Fritid","article_modified_time":"2026-03-12T08:16:25+00:00","og_image":[{"width":2000,"height":2000,"url":"https:\/\/i0.wp.com\/truusk.se\/wp-content\/uploads\/2025\/07\/sidobordssats-2-satsbord-o74-o59-cm-marmorutseende-ram-i-guld-1.webp?fit=2000%2C2000&ssl=1","type":"image\/webp"}],"twitter_card":"summary_large_image","twitter_misc":{"Ber\u00e4knad l\u00e4stid":"1 minut"},"schema":{"@context":"https:\/\/schema.org","@graph":[{"@type":"WebPage","@id":"https:\/\/truusk.store\/sv\/produkt\/truusk-sidobordssats-2-delar-o74-o59-cm-marmorutseende-guldram-stilfullt-design\/","url":"https:\/\/truusk.store\/sv\/produkt\/truusk-sidobordssats-2-delar-o74-o59-cm-marmorutseende-guldram-stilfullt-design\/","name":"TRUUSK Sidobordssats - 2 Delar - \u00d874 &amp; \u00d859 cm - Marmorutseende - Guldram - Stilfullt design - TRUUSK - Hem, Tr\u00e4dg\u00e5rd &amp; Fritid","isPartOf":{"@id":"https:\/\/truusk.store\/sv\/#website"},"primaryImageOfPage":{"@id":"https:\/\/truusk.store\/sv\/produkt\/truusk-sidobordssats-2-delar-o74-o59-cm-marmorutseende-guldram-stilfullt-design\/#primaryimage"},"image":{"@id":"https:\/\/truusk.store\/sv\/produkt\/truusk-sidobordssats-2-delar-o74-o59-cm-marmorutseende-guldram-stilfullt-design\/#primaryimage"},"thumbnailUrl":"https:\/\/i0.wp.com\/truusk.store\/wp-content\/uploads\/2025\/07\/sidobordssats-2-satsbord-o74-o59-cm-marmorutseende-ram-i-guld-1.webp?fit=2000%2C2000&ssl=1","datePublished":"2025-07-16T19:04:44+00:00","dateModified":"2026-03-12T08:16:25+00:00","breadcrumb":{"@id":"https:\/\/truusk.store\/sv\/produkt\/truusk-sidobordssats-2-delar-o74-o59-cm-marmorutseende-guldram-stilfullt-design\/#breadcrumb"},"inLanguage":"sv-SE","potentialAction":[{"@type":"ReadAction","target":["https:\/\/truusk.store\/sv\/produkt\/truusk-sidobordssats-2-delar-o74-o59-cm-marmorutseende-guldram-stilfullt-design\/"]}]},{"@type":"ImageObject","inLanguage":"sv-SE","@id":"https:\/\/truusk.store\/sv\/produkt\/truusk-sidobordssats-2-delar-o74-o59-cm-marmorutseende-guldram-stilfullt-design\/#primaryimage","url":"https:\/\/i0.wp.com\/truusk.store\/wp-content\/uploads\/2025\/07\/sidobordssats-2-satsbord-o74-o59-cm-marmorutseende-ram-i-guld-1.webp?fit=2000%2C2000&ssl=1","contentUrl":"https:\/\/i0.wp.com\/truusk.store\/wp-content\/uploads\/2025\/07\/sidobordssats-2-satsbord-o74-o59-cm-marmorutseende-ram-i-guld-1.webp?fit=2000%2C2000&ssl=1","width":2000,"height":2000},{"@type":"BreadcrumbList","@id":"https:\/\/truusk.store\/sv\/produkt\/truusk-sidobordssats-2-delar-o74-o59-cm-marmorutseende-guldram-stilfullt-design\/#breadcrumb","itemListElement":[{"@type":"ListItem","position":1,"name":"Home","item":"https:\/\/truusk.store\/sv\/"},{"@type":"ListItem","position":2,"name":"Shop","item":"https:\/\/truusk.store\/shop\/"},{"@type":"ListItem","position":3,"name":"TRUUSK Sidobordssats &#8211; 2 Delar &#8211; \u00d874 &amp; \u00d859 cm &#8211; Marmorutseende &#8211; Guldram &#8211; Stilfullt design"}]},{"@type":"WebSite","@id":"https:\/\/truusk.store\/sv\/#website","url":"https:\/\/truusk.store\/sv\/","name":"TRUUSK - Hem, Tr\u00e4dg\u00e5rd & Fritid","description":"","publisher":{"@id":"https:\/\/truusk.store\/sv\/#organization"},"potentialAction":[{"@type":"SearchAction","target":{"@type":"EntryPoint","urlTemplate":"https:\/\/truusk.store\/sv\/?s={search_term_string}"},"query-input":{"@type":"PropertyValueSpecification","valueRequired":true,"valueName":"search_term_string"}}],"inLanguage":"sv-SE"},{"@type":"Organization","@id":"https:\/\/truusk.store\/sv\/#organization","name":"TRUUSK - Hem, Tr\u00e4dg\u00e5rd & Fritid","url":"https:\/\/truusk.store\/sv\/","logo":{"@type":"ImageObject","inLanguage":"sv-SE","@id":"https:\/\/truusk.store\/sv\/#\/schema\/logo\/image\/","url":"https:\/\/i0.wp.com\/truusk.store\/wp-content\/uploads\/2026\/03\/cropped-TRUUSK.png?fit=2032%2C917&ssl=1","contentUrl":"https:\/\/i0.wp.com\/truusk.store\/wp-content\/uploads\/2026\/03\/cropped-TRUUSK.png?fit=2032%2C917&ssl=1","width":2032,"height":917,"caption":"TRUUSK - Hem, Tr\u00e4dg\u00e5rd & Fritid"},"image":{"@id":"https:\/\/truusk.store\/sv\/#\/schema\/logo\/image\/"}}]}},"jetpack_sharing_enabled":true,"_links":{"self":[{"href":"https:\/\/truusk.store\/sv\/wp-json\/wp\/v2\/product\/83367","targetHints":{"allow":["GET"]}}],"collection":[{"href":"https:\/\/truusk.store\/sv\/wp-json\/wp\/v2\/product"}],"about":[{"href":"https:\/\/truusk.store\/sv\/wp-json\/wp\/v2\/types\/product"}],"wp:featuredmedia":[{"embeddable":true,"href":"https:\/\/truusk.store\/sv\/wp-json\/wp\/v2\/media\/83358"}],"wp:attachment":[{"href":"https:\/\/truusk.store\/sv\/wp-json\/wp\/v2\/media?parent=83367"}],"wp:term":[{"taxonomy":"product_brand","embeddable":true,"href":"https:\/\/truusk.store\/sv\/wp-json\/wp\/v2\/product_brand?post=83367"},{"taxonomy":"product_cat","embeddable":true,"href":"https:\/\/truusk.store\/sv\/wp-json\/wp\/v2\/product_cat?post=83367"},{"taxonomy":"product_tag","embeddable":true,"href":"https:\/\/truusk.store\/sv\/wp-json\/wp\/v2\/product_tag?post=83367"}],"curies":[{"name":"wp","href":"https:\/\/api.w.org\/{rel}","templated":true}]}}