{"id":83377,"date":"2025-07-17T12:20:43","date_gmt":"2025-07-17T11:20:43","guid":{"rendered":"https:\/\/truusk.store\/product\/vadderad-bank-med-forvaring-sittpuff-kashmirlook-upp-till-120-kg-naturlig-traram-95-x-38-x-45-cm-bla\/"},"modified":"2026-03-12T09:27:38","modified_gmt":"2026-03-12T08:27:38","slug":"truusk-vadderad-bank-med-forvaring-sittpuff-i-kashmirlook-naturlig-traram-upp-till-120-kg-95-x-38-x-45-cm-bla","status":"publish","type":"product","link":"https:\/\/truusk.store\/sv\/produkt\/truusk-vadderad-bank-med-forvaring-sittpuff-i-kashmirlook-naturlig-traram-upp-till-120-kg-95-x-38-x-45-cm-bla\/","title":{"rendered":"TRUUSK Vadderad B\u00e4nk Med F\u00f6rvaring &#8211; Sittpuff i Kashmirlook &#8211; Naturlig Tr\u00e4ram &#8211; Upp Till 120 Kg &#8211; 95 x 38 x 45 cm &#8211; Bl\u00e5"},"content":{"rendered":"<p>Ge ditt hem b\u00e5de extra f\u00f6rvaringsutrymme och en dekorativ accent med den stiliga TRUUSK b\u00e4nken. Denna eleganta m\u00f6bel passar in i olika inredningsstilar och erbjuder en bekv\u00e4m sittplats f\u00f6r dig och dina g\u00e4ster. Under sittytan finns ett praktiskt f\u00f6rvaringsutrymme f\u00f6r alla de saker som annars inte hittar en plats, som extra filtar eller handdukar. Med TRUUSK stoppade b\u00e4nk f\u00f6rvandlar du ditt hem till ett riktigt hem.<\/p>\n<p>Beskrivning:<\/p>\n<ul>\n<li> Anv\u00e4nd sittpuffen som skob\u00e4nk, s\u00e4ngb\u00e4nk eller helt enkelt som extra sittplats<\/li>\n<li> Denna eleganta s\u00e4ngb\u00e4nk ger varje rum en tilltalande accent<\/li>\n<li> G\u00f6m vardagsf\u00f6rem\u00e5l diskret under sittytan och skapa ordning i ditt hem<\/li>\n<li> Njut av h\u00f6g sittkomfort tack vare tjock stoppning och elegant kl\u00e4dsel i kashmirlook<\/li>\n<li> Benen p\u00e5 den stoppade b\u00e4nken av massivt gummitr\u00e4 garanterar h\u00f6g stabilitet och h\u00e5llbarhet<\/li>\n<li> Integrerade golvskydd f\u00f6rhindrar repor p\u00e5 k\u00e4nsliga underlag<\/li>\n<li> Enkel montering<\/li>\n<\/ul>\n<p> Tekniska data:<\/p>\n<ul>\n<li> F\u00e4rg: Bl\u00e5<\/li>\n<li> Material: Polyester, skum, gummitr\u00e4<\/li>\n<li> Totala dimensioner: 95B x 38T x 45H cm<\/li>\n<li> Hyllplan: 85B x 28T x 20H cm<\/li>\n<li> Benh\u00f6jd: 20 cm<\/li>\n<li> Belastningskapacitet: 120 kg<\/li>\n<\/ul>\n<p>Leveransinneh\u00e5ll:<\/p>\n<ul>\n<li> 1 x b\u00e4nk<\/li>\n<li> 1 x handbok<\/li>\n<\/ul>\n","protected":false},"excerpt":{"rendered":"<p>Ge ditt hem b\u00e5de extra f\u00f6rvaringsutrymme och en dekorativ accent med den stiliga TRUUSK b\u00e4nken. Denna eleganta m\u00f6bel passar in&#8230;<\/p>\n","protected":false},"featured_media":83368,"template":"","meta":[],"product_brand":[],"product_cat":[871,944,910],"product_tag":[],"class_list":{"0":"post-83377","1":"product","2":"type-product","3":"status-publish","4":"has-post-thumbnail","6":"product_cat-hus-hem","7":"product_cat-pallar-fotpallar","8":"product_cat-vardagsrum","10":"first","11":"instock","12":"sale","13":"taxable","14":"shipping-taxable","15":"purchasable","16":"product-type-simple"},"yoast_head":"<!-- This site is optimized with the Yoast SEO plugin v25.4 - https:\/\/yoast.com\/wordpress\/plugins\/seo\/ -->\n<title>TRUUSK Vadderad B\u00e4nk Med F\u00f6rvaring - Sittpuff i Kashmirlook - Naturlig Tr\u00e4ram - Upp Till 120 Kg - 95 x 38 x 45 cm - Bl\u00e5 - TRUUSK - Hem, Tr\u00e4dg\u00e5rd &amp; Fritid<\/title>\n<meta name=\"robots\" content=\"index, follow, max-snippet:-1, max-image-preview:large, max-video-preview:-1\" \/>\n<link rel=\"canonical\" href=\"https:\/\/truusk.store\/sv\/produkt\/truusk-vadderad-bank-med-forvaring-sittpuff-i-kashmirlook-naturlig-traram-upp-till-120-kg-95-x-38-x-45-cm-bla\/\" \/>\n<meta property=\"og:locale\" content=\"sv_SE\" \/>\n<meta property=\"og:type\" content=\"article\" \/>\n<meta property=\"og:title\" content=\"TRUUSK Vadderad B\u00e4nk Med F\u00f6rvaring - Sittpuff i Kashmirlook - Naturlig Tr\u00e4ram - Upp Till 120 Kg - 95 x 38 x 45 cm - Bl\u00e5 - TRUUSK - Hem, Tr\u00e4dg\u00e5rd &amp; Fritid\" \/>\n<meta property=\"og:description\" content=\"Ge ditt hem b\u00e5de extra f\u00f6rvaringsutrymme och en dekorativ accent med den stiliga TRUUSK b\u00e4nken. Denna eleganta m\u00f6bel passar in...\" \/>\n<meta property=\"og:url\" content=\"https:\/\/truusk.store\/sv\/produkt\/truusk-vadderad-bank-med-forvaring-sittpuff-i-kashmirlook-naturlig-traram-upp-till-120-kg-95-x-38-x-45-cm-bla\/\" \/>\n<meta property=\"og:site_name\" content=\"TRUUSK - Hem, Tr\u00e4dg\u00e5rd &amp; Fritid\" \/>\n<meta property=\"article:modified_time\" content=\"2026-03-12T08:27:38+00:00\" \/>\n<meta property=\"og:image\" content=\"https:\/\/i0.wp.com\/truusk.se\/wp-content\/uploads\/2025\/07\/vadderad-bank-med-forvaring-sittpuff-kashmirlook-upp-till-120-kg-naturlig-traram-95-x-38-x-45-cm-bla-1.webp?fit=2000%2C2000&ssl=1\" \/>\n\t<meta property=\"og:image:width\" content=\"2000\" \/>\n\t<meta property=\"og:image:height\" content=\"2000\" \/>\n\t<meta property=\"og:image:type\" content=\"image\/webp\" \/>\n<meta name=\"twitter:card\" content=\"summary_large_image\" \/>\n<meta name=\"twitter:label1\" content=\"Ber\u00e4knad l\u00e4stid\" \/>\n\t<meta name=\"twitter:data1\" content=\"1 minut\" \/>\n<!-- \/ Yoast SEO plugin. -->","yoast_head_json":{"title":"TRUUSK Vadderad B\u00e4nk Med F\u00f6rvaring - Sittpuff i Kashmirlook - Naturlig Tr\u00e4ram - Upp Till 120 Kg - 95 x 38 x 45 cm - Bl\u00e5 - TRUUSK - Hem, Tr\u00e4dg\u00e5rd &amp; Fritid","robots":{"index":"index","follow":"follow","max-snippet":"max-snippet:-1","max-image-preview":"max-image-preview:large","max-video-preview":"max-video-preview:-1"},"canonical":"https:\/\/truusk.store\/sv\/produkt\/truusk-vadderad-bank-med-forvaring-sittpuff-i-kashmirlook-naturlig-traram-upp-till-120-kg-95-x-38-x-45-cm-bla\/","og_locale":"sv_SE","og_type":"article","og_title":"TRUUSK Vadderad B\u00e4nk Med F\u00f6rvaring - Sittpuff i Kashmirlook - Naturlig Tr\u00e4ram - Upp Till 120 Kg - 95 x 38 x 45 cm - Bl\u00e5 - TRUUSK - Hem, Tr\u00e4dg\u00e5rd &amp; Fritid","og_description":"Ge ditt hem b\u00e5de extra f\u00f6rvaringsutrymme och en dekorativ accent med den stiliga TRUUSK b\u00e4nken. Denna eleganta m\u00f6bel passar in...","og_url":"https:\/\/truusk.store\/sv\/produkt\/truusk-vadderad-bank-med-forvaring-sittpuff-i-kashmirlook-naturlig-traram-upp-till-120-kg-95-x-38-x-45-cm-bla\/","og_site_name":"TRUUSK - Hem, Tr\u00e4dg\u00e5rd &amp; Fritid","article_modified_time":"2026-03-12T08:27:38+00:00","og_image":[{"width":2000,"height":2000,"url":"https:\/\/i0.wp.com\/truusk.se\/wp-content\/uploads\/2025\/07\/vadderad-bank-med-forvaring-sittpuff-kashmirlook-upp-till-120-kg-naturlig-traram-95-x-38-x-45-cm-bla-1.webp?fit=2000%2C2000&ssl=1","type":"image\/webp"}],"twitter_card":"summary_large_image","twitter_misc":{"Ber\u00e4knad l\u00e4stid":"1 minut"},"schema":{"@context":"https:\/\/schema.org","@graph":[{"@type":"WebPage","@id":"https:\/\/truusk.store\/sv\/produkt\/truusk-vadderad-bank-med-forvaring-sittpuff-i-kashmirlook-naturlig-traram-upp-till-120-kg-95-x-38-x-45-cm-bla\/","url":"https:\/\/truusk.store\/sv\/produkt\/truusk-vadderad-bank-med-forvaring-sittpuff-i-kashmirlook-naturlig-traram-upp-till-120-kg-95-x-38-x-45-cm-bla\/","name":"TRUUSK Vadderad B\u00e4nk Med F\u00f6rvaring - Sittpuff i Kashmirlook - Naturlig Tr\u00e4ram - Upp Till 120 Kg - 95 x 38 x 45 cm - Bl\u00e5 - TRUUSK - Hem, Tr\u00e4dg\u00e5rd &amp; Fritid","isPartOf":{"@id":"https:\/\/truusk.store\/sv\/#website"},"primaryImageOfPage":{"@id":"https:\/\/truusk.store\/sv\/produkt\/truusk-vadderad-bank-med-forvaring-sittpuff-i-kashmirlook-naturlig-traram-upp-till-120-kg-95-x-38-x-45-cm-bla\/#primaryimage"},"image":{"@id":"https:\/\/truusk.store\/sv\/produkt\/truusk-vadderad-bank-med-forvaring-sittpuff-i-kashmirlook-naturlig-traram-upp-till-120-kg-95-x-38-x-45-cm-bla\/#primaryimage"},"thumbnailUrl":"https:\/\/i0.wp.com\/truusk.store\/wp-content\/uploads\/2025\/07\/vadderad-bank-med-forvaring-sittpuff-kashmirlook-upp-till-120-kg-naturlig-traram-95-x-38-x-45-cm-bla-1.webp?fit=2000%2C2000&ssl=1","datePublished":"2025-07-17T11:20:43+00:00","dateModified":"2026-03-12T08:27:38+00:00","breadcrumb":{"@id":"https:\/\/truusk.store\/sv\/produkt\/truusk-vadderad-bank-med-forvaring-sittpuff-i-kashmirlook-naturlig-traram-upp-till-120-kg-95-x-38-x-45-cm-bla\/#breadcrumb"},"inLanguage":"sv-SE","potentialAction":[{"@type":"ReadAction","target":["https:\/\/truusk.store\/sv\/produkt\/truusk-vadderad-bank-med-forvaring-sittpuff-i-kashmirlook-naturlig-traram-upp-till-120-kg-95-x-38-x-45-cm-bla\/"]}]},{"@type":"ImageObject","inLanguage":"sv-SE","@id":"https:\/\/truusk.store\/sv\/produkt\/truusk-vadderad-bank-med-forvaring-sittpuff-i-kashmirlook-naturlig-traram-upp-till-120-kg-95-x-38-x-45-cm-bla\/#primaryimage","url":"https:\/\/i0.wp.com\/truusk.store\/wp-content\/uploads\/2025\/07\/vadderad-bank-med-forvaring-sittpuff-kashmirlook-upp-till-120-kg-naturlig-traram-95-x-38-x-45-cm-bla-1.webp?fit=2000%2C2000&ssl=1","contentUrl":"https:\/\/i0.wp.com\/truusk.store\/wp-content\/uploads\/2025\/07\/vadderad-bank-med-forvaring-sittpuff-kashmirlook-upp-till-120-kg-naturlig-traram-95-x-38-x-45-cm-bla-1.webp?fit=2000%2C2000&ssl=1","width":2000,"height":2000},{"@type":"BreadcrumbList","@id":"https:\/\/truusk.store\/sv\/produkt\/truusk-vadderad-bank-med-forvaring-sittpuff-i-kashmirlook-naturlig-traram-upp-till-120-kg-95-x-38-x-45-cm-bla\/#breadcrumb","itemListElement":[{"@type":"ListItem","position":1,"name":"Home","item":"https:\/\/truusk.store\/sv\/"},{"@type":"ListItem","position":2,"name":"Shop","item":"https:\/\/truusk.store\/shop\/"},{"@type":"ListItem","position":3,"name":"TRUUSK Vadderad B\u00e4nk Med F\u00f6rvaring &#8211; Sittpuff i Kashmirlook &#8211; Naturlig Tr\u00e4ram &#8211; Upp Till 120 Kg &#8211; 95 x 38 x 45 cm &#8211; Bl\u00e5"}]},{"@type":"WebSite","@id":"https:\/\/truusk.store\/sv\/#website","url":"https:\/\/truusk.store\/sv\/","name":"TRUUSK - Hem, Tr\u00e4dg\u00e5rd & Fritid","description":"","publisher":{"@id":"https:\/\/truusk.store\/sv\/#organization"},"potentialAction":[{"@type":"SearchAction","target":{"@type":"EntryPoint","urlTemplate":"https:\/\/truusk.store\/sv\/?s={search_term_string}"},"query-input":{"@type":"PropertyValueSpecification","valueRequired":true,"valueName":"search_term_string"}}],"inLanguage":"sv-SE"},{"@type":"Organization","@id":"https:\/\/truusk.store\/sv\/#organization","name":"TRUUSK - Hem, Tr\u00e4dg\u00e5rd & Fritid","url":"https:\/\/truusk.store\/sv\/","logo":{"@type":"ImageObject","inLanguage":"sv-SE","@id":"https:\/\/truusk.store\/sv\/#\/schema\/logo\/image\/","url":"https:\/\/i0.wp.com\/truusk.store\/wp-content\/uploads\/2026\/03\/cropped-TRUUSK.png?fit=2032%2C917&ssl=1","contentUrl":"https:\/\/i0.wp.com\/truusk.store\/wp-content\/uploads\/2026\/03\/cropped-TRUUSK.png?fit=2032%2C917&ssl=1","width":2032,"height":917,"caption":"TRUUSK - Hem, Tr\u00e4dg\u00e5rd & Fritid"},"image":{"@id":"https:\/\/truusk.store\/sv\/#\/schema\/logo\/image\/"}}]}},"jetpack_sharing_enabled":true,"_links":{"self":[{"href":"https:\/\/truusk.store\/sv\/wp-json\/wp\/v2\/product\/83377","targetHints":{"allow":["GET"]}}],"collection":[{"href":"https:\/\/truusk.store\/sv\/wp-json\/wp\/v2\/product"}],"about":[{"href":"https:\/\/truusk.store\/sv\/wp-json\/wp\/v2\/types\/product"}],"wp:featuredmedia":[{"embeddable":true,"href":"https:\/\/truusk.store\/sv\/wp-json\/wp\/v2\/media\/83368"}],"wp:attachment":[{"href":"https:\/\/truusk.store\/sv\/wp-json\/wp\/v2\/media?parent=83377"}],"wp:term":[{"taxonomy":"product_brand","embeddable":true,"href":"https:\/\/truusk.store\/sv\/wp-json\/wp\/v2\/product_brand?post=83377"},{"taxonomy":"product_cat","embeddable":true,"href":"https:\/\/truusk.store\/sv\/wp-json\/wp\/v2\/product_cat?post=83377"},{"taxonomy":"product_tag","embeddable":true,"href":"https:\/\/truusk.store\/sv\/wp-json\/wp\/v2\/product_tag?post=83377"}],"curies":[{"name":"wp","href":"https:\/\/api.w.org\/{rel}","templated":true}]}}