{"id":83390,"date":"2025-07-17T12:24:52","date_gmt":"2025-07-17T11:24:52","guid":{"rendered":"https:\/\/truusk.store\/product\/6-delad-rumsavdelare-vikbar-insynsskydd-insynsskyddsvagg-for-vardagsrum-sovrum-hemmakontor-natur\/"},"modified":"2026-03-12T09:39:35","modified_gmt":"2026-03-12T08:39:35","slug":"truusk-6-delad-rumsavdelare-vikbar-insynsskydd-for-vardagsrum-sovrum-hemmakontor-natur-praktiskt-och-stilrent","status":"publish","type":"product","link":"https:\/\/truusk.store\/sv\/produkt\/truusk-6-delad-rumsavdelare-vikbar-insynsskydd-for-vardagsrum-sovrum-hemmakontor-natur-praktiskt-och-stilrent\/","title":{"rendered":"TRUUSK 6-delad Rumsavdelare &#8211; Vikbar Insynsskydd &#8211; F\u00f6r Vardagsrum, Sovrum, Hemmakontor &#8211; Natur &#8211; Praktiskt och Stilrent"},"content":{"rendered":"<p>G\u00f6r om dina utrymmen med rumsavdelaren fr\u00e5n TRUUSK. Polypropylenmaterialet ger mer privatliv och h\u00e5llbarhet \u00e4n traditionella pappersfibrer. Den mobila skiljev\u00e4ggen kombinerar stil och funktionalitet med en elegant, sexdelad vikdesign och 15 metallg\u00e5ngj\u00e4rn. Den sv\u00e4ngda ramen av furutr\u00e4 och polypropylenv\u00e4ven ger denna hopf\u00e4llbara rumsavdelare en elegant touch.<\/p>\n<p>Beskrivning:<\/p>\n<ul>\n<li> Har ett v\u00e4vm\u00f6nster med en elegant, v\u00e4lvd topp<\/li>\n<li> Skapa privata omr\u00e5den eller anv\u00e4nd det som en dekorativ bakgrund i vilket rum som helst<\/li>\n<li> Ramen av massivt furutr\u00e4 ger starkt st\u00f6d<\/li>\n<li> Polypropylen garanterar h\u00e5llbarhet<\/li>\n<li> Sexdelad vikdesign med 15 metallg\u00e5ngj\u00e4rn m\u00f6jligg\u00f6r enkel f\u00f6rvaring<\/li>\n<li> En l\u00e4tt konstruktion underl\u00e4ttar omplacering<\/li>\n<li> Ingen montering kr\u00e4vs<\/li>\n<\/ul>\n<p> Tekniska specifikationer:<\/p>\n<ul>\n<li> F\u00e4rg: Naturtr\u00e4<\/li>\n<li> Material: Polypropylen, furutr\u00e4<\/li>\n<li> Totala dimensioner: 240B x 1,6T x 170H cm<\/li>\n<li> Vikta dimensioner: 40B x 12,5T x 170H cm<\/li>\n<li> Storlek p\u00e5 enskild panel: 40B x 1,6T x 170H cm<\/li>\n<li> Fotens h\u00f6jd: 6,5 cm<\/li>\n<\/ul>\n<p>Leveransinneh\u00e5ll:<\/p>\n<ul>\n<li> 1 x Rumsavdelare<\/li>\n<li> 1 x Bruksanvisning<\/li>\n<\/ul>\n","protected":false},"excerpt":{"rendered":"<p>G\u00f6r om dina utrymmen med rumsavdelaren fr\u00e5n TRUUSK. Polypropylenmaterialet ger mer privatliv och h\u00e5llbarhet \u00e4n traditionella pappersfibrer. Den mobila skiljev\u00e4ggen&#8230;<\/p>\n","protected":false},"featured_media":83378,"template":"","meta":[],"product_brand":[],"product_cat":[962,871,1018],"product_tag":[],"class_list":{"0":"post-83390","1":"product","2":"type-product","3":"status-publish","4":"has-post-thumbnail","6":"product_cat-dekoration","7":"product_cat-hus-hem","8":"product_cat-rumsdelare-paravent","10":"first","11":"instock","12":"sale","13":"taxable","14":"shipping-taxable","15":"purchasable","16":"product-type-simple"},"yoast_head":"<!-- This site is optimized with the Yoast SEO plugin v25.4 - https:\/\/yoast.com\/wordpress\/plugins\/seo\/ -->\n<title>TRUUSK 6-delad Rumsavdelare - Vikbar Insynsskydd - F\u00f6r Vardagsrum, Sovrum, Hemmakontor - Natur - Praktiskt och Stilrent - TRUUSK - Hem, Tr\u00e4dg\u00e5rd &amp; Fritid<\/title>\n<meta name=\"robots\" content=\"index, follow, max-snippet:-1, max-image-preview:large, max-video-preview:-1\" \/>\n<link rel=\"canonical\" href=\"https:\/\/truusk.store\/sv\/produkt\/truusk-6-delad-rumsavdelare-vikbar-insynsskydd-for-vardagsrum-sovrum-hemmakontor-natur-praktiskt-och-stilrent\/\" \/>\n<meta property=\"og:locale\" content=\"sv_SE\" \/>\n<meta property=\"og:type\" content=\"article\" \/>\n<meta property=\"og:title\" content=\"TRUUSK 6-delad Rumsavdelare - Vikbar Insynsskydd - F\u00f6r Vardagsrum, Sovrum, Hemmakontor - Natur - Praktiskt och Stilrent - TRUUSK - Hem, Tr\u00e4dg\u00e5rd &amp; Fritid\" \/>\n<meta property=\"og:description\" content=\"G\u00f6r om dina utrymmen med rumsavdelaren fr\u00e5n TRUUSK. Polypropylenmaterialet ger mer privatliv och h\u00e5llbarhet \u00e4n traditionella pappersfibrer. Den mobila skiljev\u00e4ggen...\" \/>\n<meta property=\"og:url\" content=\"https:\/\/truusk.store\/sv\/produkt\/truusk-6-delad-rumsavdelare-vikbar-insynsskydd-for-vardagsrum-sovrum-hemmakontor-natur-praktiskt-och-stilrent\/\" \/>\n<meta property=\"og:site_name\" content=\"TRUUSK - Hem, Tr\u00e4dg\u00e5rd &amp; Fritid\" \/>\n<meta property=\"article:modified_time\" content=\"2026-03-12T08:39:35+00:00\" \/>\n<meta property=\"og:image\" content=\"https:\/\/i0.wp.com\/truusk.se\/wp-content\/uploads\/2025\/07\/6-delad-rumsavdelare-vikbar-insynsskydd-insynsskyddsvagg-for-vardagsrum-sovrum-hemmakontor-natur-1.webp?fit=2000%2C2000&ssl=1\" \/>\n\t<meta property=\"og:image:width\" content=\"2000\" \/>\n\t<meta property=\"og:image:height\" content=\"2000\" \/>\n\t<meta property=\"og:image:type\" content=\"image\/webp\" \/>\n<meta name=\"twitter:card\" content=\"summary_large_image\" \/>\n<meta name=\"twitter:label1\" content=\"Ber\u00e4knad l\u00e4stid\" \/>\n\t<meta name=\"twitter:data1\" content=\"1 minut\" \/>\n<!-- \/ Yoast SEO plugin. -->","yoast_head_json":{"title":"TRUUSK 6-delad Rumsavdelare - Vikbar Insynsskydd - F\u00f6r Vardagsrum, Sovrum, Hemmakontor - Natur - Praktiskt och Stilrent - TRUUSK - Hem, Tr\u00e4dg\u00e5rd &amp; Fritid","robots":{"index":"index","follow":"follow","max-snippet":"max-snippet:-1","max-image-preview":"max-image-preview:large","max-video-preview":"max-video-preview:-1"},"canonical":"https:\/\/truusk.store\/sv\/produkt\/truusk-6-delad-rumsavdelare-vikbar-insynsskydd-for-vardagsrum-sovrum-hemmakontor-natur-praktiskt-och-stilrent\/","og_locale":"sv_SE","og_type":"article","og_title":"TRUUSK 6-delad Rumsavdelare - Vikbar Insynsskydd - F\u00f6r Vardagsrum, Sovrum, Hemmakontor - Natur - Praktiskt och Stilrent - TRUUSK - Hem, Tr\u00e4dg\u00e5rd &amp; Fritid","og_description":"G\u00f6r om dina utrymmen med rumsavdelaren fr\u00e5n TRUUSK. Polypropylenmaterialet ger mer privatliv och h\u00e5llbarhet \u00e4n traditionella pappersfibrer. Den mobila skiljev\u00e4ggen...","og_url":"https:\/\/truusk.store\/sv\/produkt\/truusk-6-delad-rumsavdelare-vikbar-insynsskydd-for-vardagsrum-sovrum-hemmakontor-natur-praktiskt-och-stilrent\/","og_site_name":"TRUUSK - Hem, Tr\u00e4dg\u00e5rd &amp; Fritid","article_modified_time":"2026-03-12T08:39:35+00:00","og_image":[{"width":2000,"height":2000,"url":"https:\/\/i0.wp.com\/truusk.se\/wp-content\/uploads\/2025\/07\/6-delad-rumsavdelare-vikbar-insynsskydd-insynsskyddsvagg-for-vardagsrum-sovrum-hemmakontor-natur-1.webp?fit=2000%2C2000&ssl=1","type":"image\/webp"}],"twitter_card":"summary_large_image","twitter_misc":{"Ber\u00e4knad l\u00e4stid":"1 minut"},"schema":{"@context":"https:\/\/schema.org","@graph":[{"@type":"WebPage","@id":"https:\/\/truusk.store\/sv\/produkt\/truusk-6-delad-rumsavdelare-vikbar-insynsskydd-for-vardagsrum-sovrum-hemmakontor-natur-praktiskt-och-stilrent\/","url":"https:\/\/truusk.store\/sv\/produkt\/truusk-6-delad-rumsavdelare-vikbar-insynsskydd-for-vardagsrum-sovrum-hemmakontor-natur-praktiskt-och-stilrent\/","name":"TRUUSK 6-delad Rumsavdelare - Vikbar Insynsskydd - F\u00f6r Vardagsrum, Sovrum, Hemmakontor - Natur - Praktiskt och Stilrent - TRUUSK - Hem, Tr\u00e4dg\u00e5rd &amp; Fritid","isPartOf":{"@id":"https:\/\/truusk.store\/sv\/#website"},"primaryImageOfPage":{"@id":"https:\/\/truusk.store\/sv\/produkt\/truusk-6-delad-rumsavdelare-vikbar-insynsskydd-for-vardagsrum-sovrum-hemmakontor-natur-praktiskt-och-stilrent\/#primaryimage"},"image":{"@id":"https:\/\/truusk.store\/sv\/produkt\/truusk-6-delad-rumsavdelare-vikbar-insynsskydd-for-vardagsrum-sovrum-hemmakontor-natur-praktiskt-och-stilrent\/#primaryimage"},"thumbnailUrl":"https:\/\/i0.wp.com\/truusk.store\/wp-content\/uploads\/2025\/07\/6-delad-rumsavdelare-vikbar-insynsskydd-insynsskyddsvagg-for-vardagsrum-sovrum-hemmakontor-natur-1.webp?fit=2000%2C2000&ssl=1","datePublished":"2025-07-17T11:24:52+00:00","dateModified":"2026-03-12T08:39:35+00:00","breadcrumb":{"@id":"https:\/\/truusk.store\/sv\/produkt\/truusk-6-delad-rumsavdelare-vikbar-insynsskydd-for-vardagsrum-sovrum-hemmakontor-natur-praktiskt-och-stilrent\/#breadcrumb"},"inLanguage":"sv-SE","potentialAction":[{"@type":"ReadAction","target":["https:\/\/truusk.store\/sv\/produkt\/truusk-6-delad-rumsavdelare-vikbar-insynsskydd-for-vardagsrum-sovrum-hemmakontor-natur-praktiskt-och-stilrent\/"]}]},{"@type":"ImageObject","inLanguage":"sv-SE","@id":"https:\/\/truusk.store\/sv\/produkt\/truusk-6-delad-rumsavdelare-vikbar-insynsskydd-for-vardagsrum-sovrum-hemmakontor-natur-praktiskt-och-stilrent\/#primaryimage","url":"https:\/\/i0.wp.com\/truusk.store\/wp-content\/uploads\/2025\/07\/6-delad-rumsavdelare-vikbar-insynsskydd-insynsskyddsvagg-for-vardagsrum-sovrum-hemmakontor-natur-1.webp?fit=2000%2C2000&ssl=1","contentUrl":"https:\/\/i0.wp.com\/truusk.store\/wp-content\/uploads\/2025\/07\/6-delad-rumsavdelare-vikbar-insynsskydd-insynsskyddsvagg-for-vardagsrum-sovrum-hemmakontor-natur-1.webp?fit=2000%2C2000&ssl=1","width":2000,"height":2000},{"@type":"BreadcrumbList","@id":"https:\/\/truusk.store\/sv\/produkt\/truusk-6-delad-rumsavdelare-vikbar-insynsskydd-for-vardagsrum-sovrum-hemmakontor-natur-praktiskt-och-stilrent\/#breadcrumb","itemListElement":[{"@type":"ListItem","position":1,"name":"Home","item":"https:\/\/truusk.store\/sv\/"},{"@type":"ListItem","position":2,"name":"Shop","item":"https:\/\/truusk.store\/shop\/"},{"@type":"ListItem","position":3,"name":"TRUUSK 6-delad Rumsavdelare &#8211; Vikbar Insynsskydd &#8211; F\u00f6r Vardagsrum, Sovrum, Hemmakontor &#8211; Natur &#8211; Praktiskt och Stilrent"}]},{"@type":"WebSite","@id":"https:\/\/truusk.store\/sv\/#website","url":"https:\/\/truusk.store\/sv\/","name":"TRUUSK - Hem, Tr\u00e4dg\u00e5rd & Fritid","description":"","publisher":{"@id":"https:\/\/truusk.store\/sv\/#organization"},"potentialAction":[{"@type":"SearchAction","target":{"@type":"EntryPoint","urlTemplate":"https:\/\/truusk.store\/sv\/?s={search_term_string}"},"query-input":{"@type":"PropertyValueSpecification","valueRequired":true,"valueName":"search_term_string"}}],"inLanguage":"sv-SE"},{"@type":"Organization","@id":"https:\/\/truusk.store\/sv\/#organization","name":"TRUUSK - Hem, Tr\u00e4dg\u00e5rd & Fritid","url":"https:\/\/truusk.store\/sv\/","logo":{"@type":"ImageObject","inLanguage":"sv-SE","@id":"https:\/\/truusk.store\/sv\/#\/schema\/logo\/image\/","url":"https:\/\/i0.wp.com\/truusk.store\/wp-content\/uploads\/2026\/03\/cropped-TRUUSK.png?fit=2032%2C917&ssl=1","contentUrl":"https:\/\/i0.wp.com\/truusk.store\/wp-content\/uploads\/2026\/03\/cropped-TRUUSK.png?fit=2032%2C917&ssl=1","width":2032,"height":917,"caption":"TRUUSK - Hem, Tr\u00e4dg\u00e5rd & Fritid"},"image":{"@id":"https:\/\/truusk.store\/sv\/#\/schema\/logo\/image\/"}}]}},"jetpack_sharing_enabled":true,"_links":{"self":[{"href":"https:\/\/truusk.store\/sv\/wp-json\/wp\/v2\/product\/83390","targetHints":{"allow":["GET"]}}],"collection":[{"href":"https:\/\/truusk.store\/sv\/wp-json\/wp\/v2\/product"}],"about":[{"href":"https:\/\/truusk.store\/sv\/wp-json\/wp\/v2\/types\/product"}],"wp:featuredmedia":[{"embeddable":true,"href":"https:\/\/truusk.store\/sv\/wp-json\/wp\/v2\/media\/83378"}],"wp:attachment":[{"href":"https:\/\/truusk.store\/sv\/wp-json\/wp\/v2\/media?parent=83390"}],"wp:term":[{"taxonomy":"product_brand","embeddable":true,"href":"https:\/\/truusk.store\/sv\/wp-json\/wp\/v2\/product_brand?post=83390"},{"taxonomy":"product_cat","embeddable":true,"href":"https:\/\/truusk.store\/sv\/wp-json\/wp\/v2\/product_cat?post=83390"},{"taxonomy":"product_tag","embeddable":true,"href":"https:\/\/truusk.store\/sv\/wp-json\/wp\/v2\/product_tag?post=83390"}],"curies":[{"name":"wp","href":"https:\/\/api.w.org\/{rel}","templated":true}]}}